{"id":8320,"date":"2025-03-21T01:23:37","date_gmt":"2025-03-21T01:23:37","guid":{"rendered":"https:\/\/jinhuaceramic.com\/?post_type=product&#038;p=8320"},"modified":"2025-03-21T01:23:38","modified_gmt":"2025-03-21T01:23:38","slug":"commercial-dinnerware-wholesale","status":"publish","type":"product","link":"https:\/\/jinhuaceramic.com\/de\/product\/commercial-dinnerware-wholesale\/","title":{"rendered":"Grau kommerzielle Geschirr Gro\u00dfhandel, Catering Supplies Geschirr"},"content":{"rendered":"<div class=\"wp-block-columns is-layout-flex wp-container-core-columns-is-layout-9d6595d7 wp-block-columns-is-layout-flex\">\n<div class=\"wp-block-column is-layout-flow wp-block-column-is-layout-flow\">\n<h3 class=\"wp-block-heading\">Premium Kommerzielles Essgeschirr Gro\u00dfhandel Eigenschaften:<\/h3>\n\n\n\n<ul class=\"wp-block-list\">\n<li><strong>Elegantes Design:<\/strong> Das Design dieses Gro\u00dfhandelsgeschirrs ist schlicht und elegant, und die grau-blaue Farbe ist zur\u00fcckhaltend und friedlich. Die Glasur des Geschirrs ist nicht einfarbig, sondern hat eine subtile Textur und Farbtiefe Variation.<\/li>\n\n\n\n<li><strong>Hochwertiges Material:<\/strong> Unsere Gastronomiebedarf Geschirr in loser Sch\u00fcttung sind aus hochreinen nat\u00fcrlichen keramischen Ton Hochtemperatur gebrannt, und daher sind langlebig, nicht verschlei\u00dffest, und besitzen eine lange Lebensdauer. Sie k\u00f6nnen f\u00fcr hohe und niedrige Temperaturen verwendet werden, und es ist sicher, sie in der Mikrowelle, \u00d6fen, Friteusen und K\u00fchlschr\u00e4nke zu verwenden.<\/li>\n\n\n\n<li><strong>Mehrteiliges Set:<\/strong> Dieses kommerzielle Geschirr im Gro\u00dfhandel gibt es in verschiedenen Teller- und Sch\u00fcsselgr\u00f6\u00dfen f\u00fcr den t\u00e4glichen Bedarf von Familienessen und Banketten. Sie k\u00f6nnen zu Hause und auch in Gesch\u00e4ftsr\u00e4umen wie Restaurants und Hotels verwendet werden.<\/li>\n\n\n\n<li><strong>Leicht zu reinigen: <\/strong>Diese Gastronomiebedarf Geschirr in loser Sch\u00fcttung besitzen eine glatte Glasur, Flecken werden nicht leicht verlassen, und leicht zu reinigen. Gleichzeitig kann dieses Geschirr auch in der Sp\u00fclmaschine gereinigt werden, was dem Benutzer Zeit und Energie spart.<\/li>\n<\/ul>\n<\/div>\n\n\n\n<div class=\"wp-block-column is-layout-flow wp-block-column-is-layout-flow\">\n<figure class=\"wp-block-image size-full\"><img fetchpriority=\"high\" decoding=\"async\" width=\"1200\" height=\"1200\" src=\"https:\/\/jinhuaceramic.com\/wp-content\/uploads\/2025\/03\/High-End-Wholesale-Dinnerware-Custom-Tableware-Ceramic-Dinner-Service-7.webp\" alt=\"Grau kommerziellen Geschirr Gro\u00dfhandel, Catering Supplies Geschirr-1\" class=\"wp-image-8326\" srcset=\"https:\/\/jinhuaceramic.com\/wp-content\/uploads\/2025\/03\/High-End-Wholesale-Dinnerware-Custom-Tableware-Ceramic-Dinner-Service-7.webp 1200w, https:\/\/jinhuaceramic.com\/wp-content\/uploads\/2025\/03\/High-End-Wholesale-Dinnerware-Custom-Tableware-Ceramic-Dinner-Service-7-300x300.webp 300w, https:\/\/jinhuaceramic.com\/wp-content\/uploads\/2025\/03\/High-End-Wholesale-Dinnerware-Custom-Tableware-Ceramic-Dinner-Service-7-150x150.webp 150w, https:\/\/jinhuaceramic.com\/wp-content\/uploads\/2025\/03\/High-End-Wholesale-Dinnerware-Custom-Tableware-Ceramic-Dinner-Service-7-768x768.webp 768w, https:\/\/jinhuaceramic.com\/wp-content\/uploads\/2025\/03\/High-End-Wholesale-Dinnerware-Custom-Tableware-Ceramic-Dinner-Service-7-12x12.webp 12w, https:\/\/jinhuaceramic.com\/wp-content\/uploads\/2025\/03\/High-End-Wholesale-Dinnerware-Custom-Tableware-Ceramic-Dinner-Service-7-285x285.webp 285w, https:\/\/jinhuaceramic.com\/wp-content\/uploads\/2025\/03\/High-End-Wholesale-Dinnerware-Custom-Tableware-Ceramic-Dinner-Service-7-270x270.webp 270w, https:\/\/jinhuaceramic.com\/wp-content\/uploads\/2025\/03\/High-End-Wholesale-Dinnerware-Custom-Tableware-Ceramic-Dinner-Service-7-540x540.webp 540w, https:\/\/jinhuaceramic.com\/wp-content\/uploads\/2025\/03\/High-End-Wholesale-Dinnerware-Custom-Tableware-Ceramic-Dinner-Service-7-660x660.webp 660w\" sizes=\"(max-width: 1200px) 100vw, 1200px\" \/><\/figure>\n<\/div>\n<\/div>","protected":false},"excerpt":{"rendered":"<p>Willkommen zum Kauf Catering liefert Geschirr in loser Sch\u00fcttung. Diese kommerziellen Geschirr Gro\u00dfhandel sind ideal f\u00fcr den t\u00e4glichen Essen, wie sie sind langlebig, haben ein besonderes Aussehen, mehrteilige Set, und leicht zu reinigen. Die Kombination aus besonderem Aussehen und guter Verwendbarkeit kann das Esserlebnis des Gastes angenehmer machen und dem Esstisch ein nat\u00fcrliches und pers\u00f6nliches Ambiente verleihen.<\/p>","protected":false},"featured_media":8323,"comment_status":"closed","ping_status":"closed","template":"","meta":{"_acf_changed":false},"product_brand":[],"product_cat":[83,54],"product_tag":[],"class_list":{"0":"post-8320","1":"product","2":"type-product","3":"status-publish","4":"has-post-thumbnail","6":"product_cat-wholesale-dinnerware-sets","7":"product_cat-tableware-wholesale","9":"first","10":"instock","11":"shipping-taxable","12":"product-type-simple"},"acf":[],"_links":{"self":[{"href":"https:\/\/jinhuaceramic.com\/de\/wp-json\/wp\/v2\/product\/8320","targetHints":{"allow":["GET"]}}],"collection":[{"href":"https:\/\/jinhuaceramic.com\/de\/wp-json\/wp\/v2\/product"}],"about":[{"href":"https:\/\/jinhuaceramic.com\/de\/wp-json\/wp\/v2\/types\/product"}],"replies":[{"embeddable":true,"href":"https:\/\/jinhuaceramic.com\/de\/wp-json\/wp\/v2\/comments?post=8320"}],"version-history":[{"count":0,"href":"https:\/\/jinhuaceramic.com\/de\/wp-json\/wp\/v2\/product\/8320\/revisions"}],"wp:featuredmedia":[{"embeddable":true,"href":"https:\/\/jinhuaceramic.com\/de\/wp-json\/wp\/v2\/media\/8323"}],"wp:attachment":[{"href":"https:\/\/jinhuaceramic.com\/de\/wp-json\/wp\/v2\/media?parent=8320"}],"wp:term":[{"taxonomy":"product_brand","embeddable":true,"href":"https:\/\/jinhuaceramic.com\/de\/wp-json\/wp\/v2\/product_brand?post=8320"},{"taxonomy":"product_cat","embeddable":true,"href":"https:\/\/jinhuaceramic.com\/de\/wp-json\/wp\/v2\/product_cat?post=8320"},{"taxonomy":"product_tag","embeddable":true,"href":"https:\/\/jinhuaceramic.com\/de\/wp-json\/wp\/v2\/product_tag?post=8320"}],"curies":[{"name":"wp","href":"https:\/\/api.w.org\/{rel}","templated":true}]}}