{"id":8330,"date":"2025-03-20T10:28:44","date_gmt":"2025-03-20T10:28:44","guid":{"rendered":"https:\/\/jinhuaceramic.com\/?post_type=product&#038;p=8330"},"modified":"2025-03-20T10:28:45","modified_gmt":"2025-03-20T10:28:45","slug":"wholesale-white-dinnerware","status":"publish","type":"product","link":"https:\/\/jinhuaceramic.com\/de\/product\/wholesale-white-dinnerware\/","title":{"rendered":"Gro\u00dfhandel wei\u00dfes Geschirr, Gold Rim Teller und Schalen Bulk"},"content":{"rendered":"<div class=\"wp-block-columns is-layout-flex wp-container-core-columns-is-layout-9d6595d7 wp-block-columns-is-layout-flex\">\n<div class=\"wp-block-column is-layout-flow wp-block-column-is-layout-flow\">\n<h3 class=\"wp-block-heading\">Premium-Gro\u00dfhandel wei\u00dfes Essgeschirr Eigenschaften:<\/h3>\n\n\n\n<ul class=\"wp-block-list\">\n<li><strong>Modernes Design: <\/strong>Diese Gro\u00dfhandel wei\u00df Geschirr sind stilvoll und modern, und die saubere wei\u00dfe Farbe ist zeitlos und klassisch elegant, die Lebensmittel Farbe bringen kann. Es gibt eine d\u00fcnne Goldlinie Band um den Rand jedes Geschirr, die eine Eleganz und subtilen Luxus hinzuf\u00fcgt.<\/li>\n\n\n\n<li><strong>Sicher und langlebig: <\/strong>Diese Teller und Sch\u00fcsseln mit Goldrand bestehen aus nat\u00fcrlichen Materialien, sind frei von giftigen Chemikalien und k\u00f6nnen beim Servieren von Speisen sicher verwendet werden. Dieses Geschirr ist hoch gebrannt, stark und robust, schwer zu splittern und zu kratzen, und langlebig als Servierobjekt.<\/li>\n\n\n\n<li><strong>Starke Praktikabilit\u00e4t: <\/strong>Diese wei\u00dfen Geschirrsets f\u00fcr den Gro\u00dfhandel umfassen Teller und Sch\u00fcsseln in verschiedenen Gr\u00f6\u00dfen f\u00fcr die unterschiedlichen Bed\u00fcrfnisse der t\u00e4glichen Mahlzeiten. Keramiksch\u00fcsseln f\u00fcr M\u00fcsli, Obst, Suppe und Reis, gro\u00dfe Teller f\u00fcr die Hauptgerichte wie Steak und Pasta und kleine Teller f\u00fcr Beilagen.<\/li>\n\n\n\n<li><strong>Breite Anwendbarkeit: <\/strong>Diese stilvollen und modernen Teller und Sch\u00fcsseln eignen sich perfekt f\u00fcr jede Situation, ob f\u00fcr die t\u00e4glichen Mahlzeiten oder die Bewirtung von G\u00e4sten. Sie k\u00f6nnen f\u00fcr den t\u00e4glichen Gebrauch im Haushalt oder zum Servieren in edlen Restaurants oder Hotels verwendet werden.<\/li>\n<\/ul>\n<\/div>\n\n\n\n<div class=\"wp-block-column is-layout-flow wp-block-column-is-layout-flow\">\n<figure class=\"wp-block-image size-full\"><img fetchpriority=\"high\" decoding=\"async\" width=\"2000\" height=\"2000\" src=\"https:\/\/jinhuaceramic.com\/wp-content\/uploads\/2025\/03\/Modern-White-Wholesale-Tableware-Custom-Cereal-Bowl-And-Dinner-Plates-2.webp\" alt=\"Gro\u00dfhandel wei\u00dfes Geschirr, Gold Rim Platten und Schalen Bulk-3\" class=\"wp-image-8331\" srcset=\"https:\/\/jinhuaceramic.com\/wp-content\/uploads\/2025\/03\/Modern-White-Wholesale-Tableware-Custom-Cereal-Bowl-And-Dinner-Plates-2.webp 2000w, https:\/\/jinhuaceramic.com\/wp-content\/uploads\/2025\/03\/Modern-White-Wholesale-Tableware-Custom-Cereal-Bowl-And-Dinner-Plates-2-300x300.webp 300w, https:\/\/jinhuaceramic.com\/wp-content\/uploads\/2025\/03\/Modern-White-Wholesale-Tableware-Custom-Cereal-Bowl-And-Dinner-Plates-2-150x150.webp 150w, https:\/\/jinhuaceramic.com\/wp-content\/uploads\/2025\/03\/Modern-White-Wholesale-Tableware-Custom-Cereal-Bowl-And-Dinner-Plates-2-768x768.webp 768w, https:\/\/jinhuaceramic.com\/wp-content\/uploads\/2025\/03\/Modern-White-Wholesale-Tableware-Custom-Cereal-Bowl-And-Dinner-Plates-2-12x12.webp 12w, https:\/\/jinhuaceramic.com\/wp-content\/uploads\/2025\/03\/Modern-White-Wholesale-Tableware-Custom-Cereal-Bowl-And-Dinner-Plates-2-285x285.webp 285w, https:\/\/jinhuaceramic.com\/wp-content\/uploads\/2025\/03\/Modern-White-Wholesale-Tableware-Custom-Cereal-Bowl-And-Dinner-Plates-2-1600x1600.webp 1600w, https:\/\/jinhuaceramic.com\/wp-content\/uploads\/2025\/03\/Modern-White-Wholesale-Tableware-Custom-Cereal-Bowl-And-Dinner-Plates-2-270x270.webp 270w, https:\/\/jinhuaceramic.com\/wp-content\/uploads\/2025\/03\/Modern-White-Wholesale-Tableware-Custom-Cereal-Bowl-And-Dinner-Plates-2-540x540.webp 540w, https:\/\/jinhuaceramic.com\/wp-content\/uploads\/2025\/03\/Modern-White-Wholesale-Tableware-Custom-Cereal-Bowl-And-Dinner-Plates-2-660x660.webp 660w\" sizes=\"(max-width: 2000px) 100vw, 2000px\" \/><\/figure>\n<\/div>\n<\/div>","protected":false},"excerpt":{"rendered":"<p>Willkommen zum Kauf von Tellern und Sch\u00fcsseln in gro\u00dfen Mengen. Diese Gro\u00dfhandel wei\u00dfe Geschirr-Sets mit Goldrand bieten moderne Design Sensibilit\u00e4ten zusammen mit ausgezeichneter Funktionalit\u00e4t. Der knackig wei\u00dfe Hintergrund mit zartem Goldrand ist stilvoll und kann den Essbereich erg\u00e4nzen.<\/p>","protected":false},"featured_media":8332,"comment_status":"closed","ping_status":"closed","template":"","meta":{"_acf_changed":false},"product_brand":[],"product_cat":[83,54],"product_tag":[],"class_list":{"0":"post-8330","1":"product","2":"type-product","3":"status-publish","4":"has-post-thumbnail","6":"product_cat-wholesale-dinnerware-sets","7":"product_cat-tableware-wholesale","9":"first","10":"instock","11":"shipping-taxable","12":"product-type-simple"},"acf":[],"_links":{"self":[{"href":"https:\/\/jinhuaceramic.com\/de\/wp-json\/wp\/v2\/product\/8330","targetHints":{"allow":["GET"]}}],"collection":[{"href":"https:\/\/jinhuaceramic.com\/de\/wp-json\/wp\/v2\/product"}],"about":[{"href":"https:\/\/jinhuaceramic.com\/de\/wp-json\/wp\/v2\/types\/product"}],"replies":[{"embeddable":true,"href":"https:\/\/jinhuaceramic.com\/de\/wp-json\/wp\/v2\/comments?post=8330"}],"version-history":[{"count":0,"href":"https:\/\/jinhuaceramic.com\/de\/wp-json\/wp\/v2\/product\/8330\/revisions"}],"wp:featuredmedia":[{"embeddable":true,"href":"https:\/\/jinhuaceramic.com\/de\/wp-json\/wp\/v2\/media\/8332"}],"wp:attachment":[{"href":"https:\/\/jinhuaceramic.com\/de\/wp-json\/wp\/v2\/media?parent=8330"}],"wp:term":[{"taxonomy":"product_brand","embeddable":true,"href":"https:\/\/jinhuaceramic.com\/de\/wp-json\/wp\/v2\/product_brand?post=8330"},{"taxonomy":"product_cat","embeddable":true,"href":"https:\/\/jinhuaceramic.com\/de\/wp-json\/wp\/v2\/product_cat?post=8330"},{"taxonomy":"product_tag","embeddable":true,"href":"https:\/\/jinhuaceramic.com\/de\/wp-json\/wp\/v2\/product_tag?post=8330"}],"curies":[{"name":"wp","href":"https:\/\/api.w.org\/{rel}","templated":true}]}}