{"id":8351,"date":"2025-03-22T08:24:33","date_gmt":"2025-03-22T08:24:33","guid":{"rendered":"https:\/\/jinhuaceramic.com\/?post_type=product&#038;p=8351"},"modified":"2025-03-22T08:24:34","modified_gmt":"2025-03-22T08:24:34","slug":"restaurant-dinnerware-wholesale","status":"publish","type":"product","link":"https:\/\/jinhuaceramic.com\/de\/product\/restaurant-dinnerware-wholesale\/","title":{"rendered":"Restaurant Geschirr Gro\u00dfhandel, Matte Gr\u00fcn Geschirr Bulk"},"content":{"rendered":"<div class=\"wp-block-columns is-layout-flex wp-container-core-columns-is-layout-9d6595d7 wp-block-columns-is-layout-flex\">\n<div class=\"wp-block-column is-layout-flow wp-block-column-is-layout-flow\">\n<h3 class=\"wp-block-heading\">Premium Matte Gr\u00fcn Restaurant Geschirr Gro\u00dfhandel Merkmale:<\/h3>\n\n\n\n<ul class=\"wp-block-list\">\n<li><strong>Elegantes Design: <\/strong>Dieses Restaurantgeschirr im Gro\u00dfhandel hat einen matten, dunkelgr\u00fcnen Farbton, der nicht zu knallig oder zu viel ist und ein warmes und einladendes Esserlebnis bietet. Schwach gewellte R\u00e4nder und der subtile k\u00f6rnige Farbverlauf der Glasur verleihen dem Geschirr einen Hauch von handwerklicher Raffinesse.<\/li>\n\n\n\n<li><strong>Hochwertiges Material:<\/strong> Dieses Keramikgeschirr in gro\u00dfen Mengen ist aus nat\u00fcrlicher und ungiftiger Hochtemperaturkeramik gebrannt. Sie sind stark genug, um hei\u00dfen Speisen standzuhalten, haben eine gute Hitzebest\u00e4ndigkeit und k\u00f6nnen sicher in Hochtemperaturumgebungen wie Mikrowellenherden und \u00d6fen verwendet werden.<\/li>\n\n\n\n<li><strong>Starke Praktikabilit\u00e4t: <\/strong>Diese matten Restaurantgeschirre f\u00fcr den Gro\u00dfhandel werden mit Esstellern und Suppensch\u00fcsseln in verschiedenen Gr\u00f6\u00dfen geliefert. Diese Gro\u00dfhandel Teller und Schalen halten mit den t\u00e4glichen Anforderungen ohne unordentlich erscheinen.<\/li>\n\n\n\n<li><strong>Aufmerksamkeit f\u00fcr Details: <\/strong>Die Textur dieses Keramikgeschirrs in loser Sch\u00fcttung ist extrem dick, was dem Geschirr mehr Festigkeit verleiht, die Wahrscheinlichkeit verringert, dass das Geschirr zerbricht, und die Qualit\u00e4t des Geschirrs verbessert. Die Glasur des Geschirrs ist schlicht und glatt, was nicht nur gut aussieht, sondern auch leicht zu reinigen ist.<\/li>\n<\/ul>\n<\/div>\n\n\n\n<div class=\"wp-block-column is-layout-flow wp-block-column-is-layout-flow\">\n<figure class=\"wp-block-image size-full\"><img fetchpriority=\"high\" decoding=\"async\" width=\"2000\" height=\"2000\" src=\"https:\/\/jinhuaceramic.com\/wp-content\/uploads\/2025\/03\/Matte-Green-Wholesale-Dinnerware-Custom-Tableware-Bulk-Ceramic-Plates-6.webp\" alt=\"Restaurant Geschirr Gro\u00dfhandel, Matte Gr\u00fcn Geschirr Bulk-3\" class=\"wp-image-8356\" srcset=\"https:\/\/jinhuaceramic.com\/wp-content\/uploads\/2025\/03\/Matte-Green-Wholesale-Dinnerware-Custom-Tableware-Bulk-Ceramic-Plates-6.webp 2000w, https:\/\/jinhuaceramic.com\/wp-content\/uploads\/2025\/03\/Matte-Green-Wholesale-Dinnerware-Custom-Tableware-Bulk-Ceramic-Plates-6-300x300.webp 300w, https:\/\/jinhuaceramic.com\/wp-content\/uploads\/2025\/03\/Matte-Green-Wholesale-Dinnerware-Custom-Tableware-Bulk-Ceramic-Plates-6-150x150.webp 150w, https:\/\/jinhuaceramic.com\/wp-content\/uploads\/2025\/03\/Matte-Green-Wholesale-Dinnerware-Custom-Tableware-Bulk-Ceramic-Plates-6-768x768.webp 768w, https:\/\/jinhuaceramic.com\/wp-content\/uploads\/2025\/03\/Matte-Green-Wholesale-Dinnerware-Custom-Tableware-Bulk-Ceramic-Plates-6-12x12.webp 12w, https:\/\/jinhuaceramic.com\/wp-content\/uploads\/2025\/03\/Matte-Green-Wholesale-Dinnerware-Custom-Tableware-Bulk-Ceramic-Plates-6-285x285.webp 285w, https:\/\/jinhuaceramic.com\/wp-content\/uploads\/2025\/03\/Matte-Green-Wholesale-Dinnerware-Custom-Tableware-Bulk-Ceramic-Plates-6-1600x1600.webp 1600w, https:\/\/jinhuaceramic.com\/wp-content\/uploads\/2025\/03\/Matte-Green-Wholesale-Dinnerware-Custom-Tableware-Bulk-Ceramic-Plates-6-270x270.webp 270w, https:\/\/jinhuaceramic.com\/wp-content\/uploads\/2025\/03\/Matte-Green-Wholesale-Dinnerware-Custom-Tableware-Bulk-Ceramic-Plates-6-540x540.webp 540w, https:\/\/jinhuaceramic.com\/wp-content\/uploads\/2025\/03\/Matte-Green-Wholesale-Dinnerware-Custom-Tableware-Bulk-Ceramic-Plates-6-660x660.webp 660w\" sizes=\"(max-width: 2000px) 100vw, 2000px\" \/><\/figure>\n<\/div>\n<\/div>","protected":false},"excerpt":{"rendered":"<p>Willkommen zum Kauf von Keramikgeschirr in gro\u00dfen Mengen. Unser mattgr\u00fcnes Restaurantgeschirr im Gro\u00dfhandel zeichnet sich durch ein einfaches, aber elegantes Design aus und ist f\u00fcr verschiedene Einrichtungsstile erh\u00e4ltlich. Das Teller- und Sch\u00fcsselset ist f\u00fcr den t\u00e4glichen Gebrauch beim Essen erh\u00e4ltlich. Es eignet sich f\u00fcr die t\u00e4gliche Familie Abendessen oder unterhaltsame G\u00e4ste und kann die Verwendung von verschiedenen Gelegenheiten zu erf\u00fcllen.<\/p>","protected":false},"featured_media":8353,"comment_status":"closed","ping_status":"closed","template":"","meta":{"_acf_changed":false},"product_brand":[],"product_cat":[83,54],"product_tag":[],"class_list":{"0":"post-8351","1":"product","2":"type-product","3":"status-publish","4":"has-post-thumbnail","6":"product_cat-wholesale-dinnerware-sets","7":"product_cat-tableware-wholesale","9":"first","10":"instock","11":"shipping-taxable","12":"product-type-simple"},"acf":[],"_links":{"self":[{"href":"https:\/\/jinhuaceramic.com\/de\/wp-json\/wp\/v2\/product\/8351","targetHints":{"allow":["GET"]}}],"collection":[{"href":"https:\/\/jinhuaceramic.com\/de\/wp-json\/wp\/v2\/product"}],"about":[{"href":"https:\/\/jinhuaceramic.com\/de\/wp-json\/wp\/v2\/types\/product"}],"replies":[{"embeddable":true,"href":"https:\/\/jinhuaceramic.com\/de\/wp-json\/wp\/v2\/comments?post=8351"}],"version-history":[{"count":0,"href":"https:\/\/jinhuaceramic.com\/de\/wp-json\/wp\/v2\/product\/8351\/revisions"}],"wp:featuredmedia":[{"embeddable":true,"href":"https:\/\/jinhuaceramic.com\/de\/wp-json\/wp\/v2\/media\/8353"}],"wp:attachment":[{"href":"https:\/\/jinhuaceramic.com\/de\/wp-json\/wp\/v2\/media?parent=8351"}],"wp:term":[{"taxonomy":"product_brand","embeddable":true,"href":"https:\/\/jinhuaceramic.com\/de\/wp-json\/wp\/v2\/product_brand?post=8351"},{"taxonomy":"product_cat","embeddable":true,"href":"https:\/\/jinhuaceramic.com\/de\/wp-json\/wp\/v2\/product_cat?post=8351"},{"taxonomy":"product_tag","embeddable":true,"href":"https:\/\/jinhuaceramic.com\/de\/wp-json\/wp\/v2\/product_tag?post=8351"}],"curies":[{"name":"wp","href":"https:\/\/api.w.org\/{rel}","templated":true}]}}