{"id":8361,"date":"2025-03-22T08:13:32","date_gmt":"2025-03-22T08:13:32","guid":{"rendered":"https:\/\/jinhuaceramic.com\/?post_type=product&#038;p=8361"},"modified":"2025-03-22T08:13:35","modified_gmt":"2025-03-22T08:13:35","slug":"crockery-wholesale","status":"publish","type":"product","link":"https:\/\/jinhuaceramic.com\/de\/product\/crockery-wholesale\/","title":{"rendered":"Zweifarbiges Geschirr Gro\u00dfhandel, benutzerdefinierte keramische Abendessen-Sets"},"content":{"rendered":"<div class=\"wp-block-columns is-layout-flex wp-container-core-columns-is-layout-9d6595d7 wp-block-columns-is-layout-flex\">\n<div class=\"wp-block-column is-layout-flow wp-block-column-is-layout-flow\">\n<h3 class=\"wp-block-heading\">Premium Two-Tone Geschirr Gro\u00dfhandel Merkmale:<\/h3>\n\n\n\n<ul class=\"wp-block-list\">\n<li><strong>Stilvolle Farbanpassung: <\/strong>Diese Geschirrsets f\u00fcr den Gro\u00dfhandel sind au\u00dfen beige und innen hellgr\u00fcn, dicker geschichtet als eine einzige Farbe, und genau das verleiht ihnen einen weichen, frischen Eindruck. Braune Linien entlang des Randes jedes Tellers und jeder Sch\u00fcssel verleihen der hellen Gesamtfarbe einen Hauch von W\u00e4rme und erdiger Farbe, und das macht sie raffiniert.<\/li>\n\n\n\n<li><strong>Langlebiges Material: <\/strong>Diese benutzerdefinierten Keramik-Geschirrsets sind aus hochwertigem, haltbarem Keramikmaterial hergestellt, das robust und langlebig ist und den Kratzern und dem Abrieb bei regelm\u00e4\u00dfigem Gebrauch standh\u00e4lt und auch \u00fcber einen langen Zeitraum hinweg haltbar bleibt.<\/li>\n\n\n\n<li><strong>Starke Praktikabilit\u00e4t: <\/strong>Unser zweifarbiges Geschirr im Gro\u00dfhandel hat zwei Gr\u00f6\u00dfen von Tellern und zwei Gr\u00f6\u00dfen von Sch\u00fcsseln, so dass Sie die entsprechenden T\u00f6pfe f\u00fcr verschiedene Kategorien von Gerichten w\u00e4hlen k\u00f6nnen, um mehr verschiedene Mahlzeiten zu befriedigen. Der gro\u00dfe Teller kann f\u00fcr Hauptgerichte verwendet werden, der kleine Teller f\u00fcr Beilagen, die gro\u00dfe Sch\u00fcssel f\u00fcr Salat oder Nudeln und die kleine Sch\u00fcssel f\u00fcr Suppe, Reis, M\u00fcsli, etc.<\/li>\n\n\n\n<li><strong>Leicht zu reinigen: <\/strong>Diese individuell gestalteten Keramikgeschirre haben eine seidenglatte Oberfl\u00e4che, die keine Flecken und Essensreste zur\u00fcckh\u00e4lt. Sie sind daher leicht zu reinigen und sp\u00fclmaschinenfest.<\/li>\n<\/ul>\n<\/div>\n\n\n\n<div class=\"wp-block-column is-layout-flow wp-block-column-is-layout-flow\">\n<figure class=\"wp-block-image size-full\"><img fetchpriority=\"high\" decoding=\"async\" width=\"800\" height=\"800\" src=\"https:\/\/jinhuaceramic.com\/wp-content\/uploads\/2025\/03\/Two-Tone-Custom-Crockery-Set-Wholesale-Tableware-Dinner-Plates-And-Bowls-6.webp\" alt=\"Zweifarbiges Geschirr Gro\u00dfhandel, benutzerdefinierte keramische Abendessen Sets-1\" class=\"wp-image-8366\" srcset=\"https:\/\/jinhuaceramic.com\/wp-content\/uploads\/2025\/03\/Two-Tone-Custom-Crockery-Set-Wholesale-Tableware-Dinner-Plates-And-Bowls-6.webp 800w, https:\/\/jinhuaceramic.com\/wp-content\/uploads\/2025\/03\/Two-Tone-Custom-Crockery-Set-Wholesale-Tableware-Dinner-Plates-And-Bowls-6-300x300.webp 300w, https:\/\/jinhuaceramic.com\/wp-content\/uploads\/2025\/03\/Two-Tone-Custom-Crockery-Set-Wholesale-Tableware-Dinner-Plates-And-Bowls-6-150x150.webp 150w, https:\/\/jinhuaceramic.com\/wp-content\/uploads\/2025\/03\/Two-Tone-Custom-Crockery-Set-Wholesale-Tableware-Dinner-Plates-And-Bowls-6-768x768.webp 768w, https:\/\/jinhuaceramic.com\/wp-content\/uploads\/2025\/03\/Two-Tone-Custom-Crockery-Set-Wholesale-Tableware-Dinner-Plates-And-Bowls-6-12x12.webp 12w, https:\/\/jinhuaceramic.com\/wp-content\/uploads\/2025\/03\/Two-Tone-Custom-Crockery-Set-Wholesale-Tableware-Dinner-Plates-And-Bowls-6-285x285.webp 285w, https:\/\/jinhuaceramic.com\/wp-content\/uploads\/2025\/03\/Two-Tone-Custom-Crockery-Set-Wholesale-Tableware-Dinner-Plates-And-Bowls-6-270x270.webp 270w, https:\/\/jinhuaceramic.com\/wp-content\/uploads\/2025\/03\/Two-Tone-Custom-Crockery-Set-Wholesale-Tableware-Dinner-Plates-And-Bowls-6-540x540.webp 540w, https:\/\/jinhuaceramic.com\/wp-content\/uploads\/2025\/03\/Two-Tone-Custom-Crockery-Set-Wholesale-Tableware-Dinner-Plates-And-Bowls-6-660x660.webp 660w\" sizes=\"(max-width: 800px) 100vw, 800px\" \/><\/figure>\n<\/div>\n<\/div>","protected":false},"excerpt":{"rendered":"<p>Willkommen bei kundenspezifischen Keramik-Geschirrsets in gro\u00dfen Mengen. Unsere trendige Geschirr-Gro\u00dfhandelskollektion ist beliebt f\u00fcr ihre Funktionalit\u00e4t und Sch\u00f6nheit. Mit mehreren Gr\u00f6\u00dfen von Tellern und Sch\u00fcsseln k\u00f6nnen die verschiedenen Bed\u00fcrfnisse des Essens erf\u00fcllt werden, und das saubere zweifarbige Design passt bequem zu jeder Tischordnung. Die Haltbarkeit und die einfache Reinigung von Keramik machen es au\u00dferdem f\u00fcr den t\u00e4glichen Gebrauch geeignet.<\/p>","protected":false},"featured_media":8365,"comment_status":"closed","ping_status":"closed","template":"","meta":{"_acf_changed":false},"product_brand":[],"product_cat":[83,54],"product_tag":[],"class_list":{"0":"post-8361","1":"product","2":"type-product","3":"status-publish","4":"has-post-thumbnail","6":"product_cat-wholesale-dinnerware-sets","7":"product_cat-tableware-wholesale","9":"first","10":"instock","11":"shipping-taxable","12":"product-type-simple"},"acf":[],"_links":{"self":[{"href":"https:\/\/jinhuaceramic.com\/de\/wp-json\/wp\/v2\/product\/8361","targetHints":{"allow":["GET"]}}],"collection":[{"href":"https:\/\/jinhuaceramic.com\/de\/wp-json\/wp\/v2\/product"}],"about":[{"href":"https:\/\/jinhuaceramic.com\/de\/wp-json\/wp\/v2\/types\/product"}],"replies":[{"embeddable":true,"href":"https:\/\/jinhuaceramic.com\/de\/wp-json\/wp\/v2\/comments?post=8361"}],"version-history":[{"count":0,"href":"https:\/\/jinhuaceramic.com\/de\/wp-json\/wp\/v2\/product\/8361\/revisions"}],"wp:featuredmedia":[{"embeddable":true,"href":"https:\/\/jinhuaceramic.com\/de\/wp-json\/wp\/v2\/media\/8365"}],"wp:attachment":[{"href":"https:\/\/jinhuaceramic.com\/de\/wp-json\/wp\/v2\/media?parent=8361"}],"wp:term":[{"taxonomy":"product_brand","embeddable":true,"href":"https:\/\/jinhuaceramic.com\/de\/wp-json\/wp\/v2\/product_brand?post=8361"},{"taxonomy":"product_cat","embeddable":true,"href":"https:\/\/jinhuaceramic.com\/de\/wp-json\/wp\/v2\/product_cat?post=8361"},{"taxonomy":"product_tag","embeddable":true,"href":"https:\/\/jinhuaceramic.com\/de\/wp-json\/wp\/v2\/product_tag?post=8361"}],"curies":[{"name":"wp","href":"https:\/\/api.w.org\/{rel}","templated":true}]}}