{"id":8376,"date":"2025-03-25T09:17:27","date_gmt":"2025-03-25T09:17:27","guid":{"rendered":"https:\/\/jinhuaceramic.com\/?post_type=product&#038;p=8376"},"modified":"2025-03-25T09:17:28","modified_gmt":"2025-03-25T09:17:28","slug":"bulk-crockery","status":"publish","type":"product","link":"https:\/\/jinhuaceramic.com\/de\/product\/bulk-crockery\/","title":{"rendered":"Reaktive Glasur Grau Massengeschirr f\u00fcr Restaurant &amp; Hochzeit"},"content":{"rendered":"<div class=\"wp-block-columns is-layout-flex wp-container-core-columns-is-layout-9d6595d7 wp-block-columns-is-layout-flex\">\n<div class=\"wp-block-column is-layout-flow wp-block-column-is-layout-flow\">\n<h3 class=\"wp-block-heading\">Premium Bulk-Geschirr Merkmale:<\/h3>\n\n\n\n<ul class=\"wp-block-list\">\n<li><strong>Modernes Design: <\/strong>Grau ist die vorherrschende Farbe dieses Gro\u00dfgeschirrs, und es gibt verschiedene Graut\u00f6ne, die f\u00fcr einen einzigartigen Struktureffekt sorgen. Diese mehrschichtige graue Farbe verleiht dem Geschirr ein beruhigendes, strukturiertes Aussehen. Die schwarzen Zierlinien an den R\u00e4ndern betonen das Profil des Geschirrs und lassen es modern und trendy aussehen.<\/li>\n\n\n\n<li><strong>Materielle Sicherheit: <\/strong>Der nat\u00fcrliche Ton ist in der Produktion dieses Gro\u00dfhandelsgeschirrsets verwendet, und es gibt professionelle Technik in den Herstellungsprozess beteiligt, so dass es keine sch\u00e4dlichen Material und ist sicher und zuverl\u00e4ssig zu verwenden. Es wird keine chemische Reaktion mit Lebensmitteln zu produzieren und ist in der Lage, die urspr\u00fcngliche Lebensmittelgeschmack zu behalten.<\/li>\n\n\n\n<li><strong>Langlebigkeit: <\/strong>Dieses Massengeschirr von h\u00f6chster Qualit\u00e4t ist langlebig und verschlei\u00dffest. Wenn sie gut genutzt und gepflegt werden, z. B. durch Vermeidung von Zusammenst\u00f6\u00dfen, abrupter K\u00e4lte und Hitze, k\u00f6nnen sie sehr lange genutzt werden.<\/li>\n\n\n\n<li><strong>Vielseitigkeit: <\/strong>Diese Geschirrsets f\u00fcr den Gro\u00dfhandel bestehen aus Keramiktellern und -sch\u00fcsseln in verschiedenen Gr\u00f6\u00dfen f\u00fcr spezifische Essensbed\u00fcrfnisse und k\u00f6nnen bei jeder Gelegenheit verwendet werden, ob bei einem formellen Abendessen oder einem normalen Mittagessen. Sie sind sicher in der Mikrowelle, im Ofen, in der Friteuse, in der Sp\u00fclmaschine und im K\u00fchlschrank zu verwenden.<\/li>\n<\/ul>\n<\/div>\n\n\n\n<div class=\"wp-block-column is-layout-flow wp-block-column-is-layout-flow\">\n<figure class=\"wp-block-image size-full\"><img fetchpriority=\"high\" decoding=\"async\" width=\"2000\" height=\"2000\" src=\"https:\/\/jinhuaceramic.com\/wp-content\/uploads\/2025\/03\/High-End-Custom-Tableware-Set-Dinner-Services-Wholesale-Ceramic-Plates-3.webp\" alt=\"High-End-Geschirr-Set,-Geschirr-Gro\u00dfhandel-Keramik-Teller\" class=\"wp-image-8378\" srcset=\"https:\/\/jinhuaceramic.com\/wp-content\/uploads\/2025\/03\/High-End-Custom-Tableware-Set-Dinner-Services-Wholesale-Ceramic-Plates-3.webp 2000w, https:\/\/jinhuaceramic.com\/wp-content\/uploads\/2025\/03\/High-End-Custom-Tableware-Set-Dinner-Services-Wholesale-Ceramic-Plates-3-300x300.webp 300w, https:\/\/jinhuaceramic.com\/wp-content\/uploads\/2025\/03\/High-End-Custom-Tableware-Set-Dinner-Services-Wholesale-Ceramic-Plates-3-150x150.webp 150w, https:\/\/jinhuaceramic.com\/wp-content\/uploads\/2025\/03\/High-End-Custom-Tableware-Set-Dinner-Services-Wholesale-Ceramic-Plates-3-768x768.webp 768w, https:\/\/jinhuaceramic.com\/wp-content\/uploads\/2025\/03\/High-End-Custom-Tableware-Set-Dinner-Services-Wholesale-Ceramic-Plates-3-12x12.webp 12w, https:\/\/jinhuaceramic.com\/wp-content\/uploads\/2025\/03\/High-End-Custom-Tableware-Set-Dinner-Services-Wholesale-Ceramic-Plates-3-285x285.webp 285w, https:\/\/jinhuaceramic.com\/wp-content\/uploads\/2025\/03\/High-End-Custom-Tableware-Set-Dinner-Services-Wholesale-Ceramic-Plates-3-1600x1600.webp 1600w, https:\/\/jinhuaceramic.com\/wp-content\/uploads\/2025\/03\/High-End-Custom-Tableware-Set-Dinner-Services-Wholesale-Ceramic-Plates-3-270x270.webp 270w, https:\/\/jinhuaceramic.com\/wp-content\/uploads\/2025\/03\/High-End-Custom-Tableware-Set-Dinner-Services-Wholesale-Ceramic-Plates-3-540x540.webp 540w, https:\/\/jinhuaceramic.com\/wp-content\/uploads\/2025\/03\/High-End-Custom-Tableware-Set-Dinner-Services-Wholesale-Ceramic-Plates-3-660x660.webp 660w\" sizes=\"(max-width: 2000px) 100vw, 2000px\" \/><\/figure>\n<\/div>\n<\/div>","protected":false},"excerpt":{"rendered":"<p>Willkommen im Gro\u00dfhandel Geschirr-Sets zu kaufen. Diese Bulk-Geschirr-Sets sind haupts\u00e4chlich in exquisiten und bunten gr\u00e4ulichen Farben, mit einzigartiger Textur und dunklen Kanten, die neu und k\u00fcnstlerisch sind. Das keramische Material ist verschlei\u00dffest und ungiftig, und die Kombination von Teller und Sch\u00fcssel erf\u00fcllt die Nachfrage der t\u00e4glichen Mahlzeiten, sowohl die Praktikabilit\u00e4t und besonderen \u00e4sthetischen Wert, ob Familie Mahlzeit oder formale Bankett, kann es die Nachfrage zu befriedigen.<\/p>","protected":false},"featured_media":8382,"comment_status":"closed","ping_status":"closed","template":"","meta":{"_acf_changed":false},"product_brand":[],"product_cat":[83,54],"product_tag":[],"class_list":{"0":"post-8376","1":"product","2":"type-product","3":"status-publish","4":"has-post-thumbnail","6":"product_cat-wholesale-dinnerware-sets","7":"product_cat-tableware-wholesale","9":"first","10":"instock","11":"shipping-taxable","12":"product-type-simple"},"acf":[],"_links":{"self":[{"href":"https:\/\/jinhuaceramic.com\/de\/wp-json\/wp\/v2\/product\/8376","targetHints":{"allow":["GET"]}}],"collection":[{"href":"https:\/\/jinhuaceramic.com\/de\/wp-json\/wp\/v2\/product"}],"about":[{"href":"https:\/\/jinhuaceramic.com\/de\/wp-json\/wp\/v2\/types\/product"}],"replies":[{"embeddable":true,"href":"https:\/\/jinhuaceramic.com\/de\/wp-json\/wp\/v2\/comments?post=8376"}],"version-history":[{"count":0,"href":"https:\/\/jinhuaceramic.com\/de\/wp-json\/wp\/v2\/product\/8376\/revisions"}],"wp:featuredmedia":[{"embeddable":true,"href":"https:\/\/jinhuaceramic.com\/de\/wp-json\/wp\/v2\/media\/8382"}],"wp:attachment":[{"href":"https:\/\/jinhuaceramic.com\/de\/wp-json\/wp\/v2\/media?parent=8376"}],"wp:term":[{"taxonomy":"product_brand","embeddable":true,"href":"https:\/\/jinhuaceramic.com\/de\/wp-json\/wp\/v2\/product_brand?post=8376"},{"taxonomy":"product_cat","embeddable":true,"href":"https:\/\/jinhuaceramic.com\/de\/wp-json\/wp\/v2\/product_cat?post=8376"},{"taxonomy":"product_tag","embeddable":true,"href":"https:\/\/jinhuaceramic.com\/de\/wp-json\/wp\/v2\/product_tag?post=8376"}],"curies":[{"name":"wp","href":"https:\/\/api.w.org\/{rel}","templated":true}]}}