{"id":8410,"date":"2025-03-27T09:00:59","date_gmt":"2025-03-27T09:00:59","guid":{"rendered":"https:\/\/jinhuaceramic.com\/?post_type=product&#038;p=8410"},"modified":"2025-03-27T09:01:01","modified_gmt":"2025-03-27T09:01:01","slug":"custom-dinnerware-set","status":"publish","type":"product","link":"https:\/\/jinhuaceramic.com\/de\/product\/custom-dinnerware-set\/","title":{"rendered":"Kundenspezifisches Geschirr f\u00fcr 4, modernes Steingutgeschirr Gro\u00dfhandel"},"content":{"rendered":"<div class=\"wp-block-columns is-layout-flex wp-container-core-columns-is-layout-9d6595d7 wp-block-columns-is-layout-flex\">\n<div class=\"wp-block-column is-layout-flow wp-block-column-is-layout-flow\">\n<h3 class=\"wp-block-heading\">Premium Custom-Geschirr-Set Merkmale:<\/h3>\n\n\n\n<ul class=\"wp-block-list\">\n<li>Naiv gemischte Farben: Dieses Geschirr im Gro\u00dfhandel besitzt ein sehr eigenartiges mehrfarbiges Design. Der obere Teil der Teller und Sch\u00fcsseln und der \u00e4u\u00dfere Deckel der Tassen ist dunkelgr\u00fcn, der mittlere Teil der Teller und Sch\u00fcsseln ist beige, und der \u00e4u\u00dfere Deckel der Teller und Sch\u00fcsseln und der innere Deckel der Tassen ist schwarz, und dadurch sind alle Geschirrsets einzigartig, w\u00e4hrend sie im Einklang mit der Gesamtkoordination bleiben.<\/li>\n\n\n\n<li><strong>Einzigartiges Streifendesign: <\/strong>Die schwarz-gr\u00fcnen Teile dieser individuellen Geschirrsets sind nicht langweilig, sondern mit einem hellgr\u00fcnen Streifenmuster mit handgemalter Oberfl\u00e4che verziert, das dem Geschirr eine optische Schichtung und Raffinesse verleiht und es nicht mehr langweilig macht.<\/li>\n\n\n\n<li><strong>Langlebiges Steingut:<\/strong> Die Art von Geschirr Gro\u00dfhandel, die von feiner Qualit\u00e4t Steingut hergestellt wird. Als st\u00e4rker und h\u00e4rter als normale Keramik, Steinzeug entwickelt auch angemessenen Widerstand gegen St\u00f6\u00dfe, Kratzer und Chipping, so dass diese S\u00e4tze von Geschirr werden nutzbar f\u00fcr immer und widerstehen.<\/li>\n\n\n\n<li><strong>Gute Praktikabilit\u00e4t: <\/strong>Diese individuellen Geschirrsets umfassen Sch\u00fcsseln, Teller und Tassen in verschiedenen Gr\u00f6\u00dfen, die unterschiedliche Speisen aufnehmen und die Rolle verschiedener Mahlzeiten spielen k\u00f6nnen. Sie sind sehr geeignet f\u00fcr Familienessen oder den Empfang von G\u00e4sten.<\/li>\n<\/ul>\n<\/div>\n\n\n\n<div class=\"wp-block-column is-layout-flow wp-block-column-is-layout-flow\">\n<figure class=\"wp-block-image size-full\"><img fetchpriority=\"high\" decoding=\"async\" width=\"800\" height=\"800\" src=\"https:\/\/jinhuaceramic.com\/wp-content\/uploads\/2025\/03\/Modern-Stoneware-Tableware-Sets-Wholesale-Dinnerware-Service-For-4-2.webp\" alt=\"individuelles-geschirr-set-f\u00fcr-4-modernes-steinzeug-geschirr-grosshandel-1\" class=\"wp-image-8411\" srcset=\"https:\/\/jinhuaceramic.com\/wp-content\/uploads\/2025\/03\/Modern-Stoneware-Tableware-Sets-Wholesale-Dinnerware-Service-For-4-2.webp 800w, https:\/\/jinhuaceramic.com\/wp-content\/uploads\/2025\/03\/Modern-Stoneware-Tableware-Sets-Wholesale-Dinnerware-Service-For-4-2-300x300.webp 300w, https:\/\/jinhuaceramic.com\/wp-content\/uploads\/2025\/03\/Modern-Stoneware-Tableware-Sets-Wholesale-Dinnerware-Service-For-4-2-150x150.webp 150w, https:\/\/jinhuaceramic.com\/wp-content\/uploads\/2025\/03\/Modern-Stoneware-Tableware-Sets-Wholesale-Dinnerware-Service-For-4-2-768x768.webp 768w, https:\/\/jinhuaceramic.com\/wp-content\/uploads\/2025\/03\/Modern-Stoneware-Tableware-Sets-Wholesale-Dinnerware-Service-For-4-2-12x12.webp 12w, https:\/\/jinhuaceramic.com\/wp-content\/uploads\/2025\/03\/Modern-Stoneware-Tableware-Sets-Wholesale-Dinnerware-Service-For-4-2-285x285.webp 285w, https:\/\/jinhuaceramic.com\/wp-content\/uploads\/2025\/03\/Modern-Stoneware-Tableware-Sets-Wholesale-Dinnerware-Service-For-4-2-270x270.webp 270w, https:\/\/jinhuaceramic.com\/wp-content\/uploads\/2025\/03\/Modern-Stoneware-Tableware-Sets-Wholesale-Dinnerware-Service-For-4-2-540x540.webp 540w, https:\/\/jinhuaceramic.com\/wp-content\/uploads\/2025\/03\/Modern-Stoneware-Tableware-Sets-Wholesale-Dinnerware-Service-For-4-2-660x660.webp 660w\" sizes=\"(max-width: 800px) 100vw, 800px\" \/><\/figure>\n<\/div>\n<\/div>","protected":false},"excerpt":{"rendered":"<p>Willkommen in unserer benutzerdefinierten Geschirr-Set zu kaufen. Diese Geschirr Gro\u00dfhandel sind einzigartig gestaltet und funktional. Die zweite Farbkombination von dunkelgr\u00fcn und beige ist elegant und modern; unterschiedlich gro\u00dfe Schalen, Tassen und Teller erf\u00fcllen die Anforderungen der t\u00e4glichen Mahlzeiten und verschiedene Di\u00e4ten; das Steingut Material ist haltbar und langlebig, so dass diese S\u00e4tze von Geschirr sind geeignet f\u00fcr den privaten Gebrauch und formelle Anl\u00e4sse.<\/p>","protected":false},"featured_media":8415,"comment_status":"closed","ping_status":"closed","template":"","meta":{"_acf_changed":false},"product_brand":[],"product_cat":[83,54],"product_tag":[],"class_list":{"0":"post-8410","1":"product","2":"type-product","3":"status-publish","4":"has-post-thumbnail","6":"product_cat-wholesale-dinnerware-sets","7":"product_cat-tableware-wholesale","9":"first","10":"instock","11":"shipping-taxable","12":"product-type-simple"},"acf":[],"_links":{"self":[{"href":"https:\/\/jinhuaceramic.com\/de\/wp-json\/wp\/v2\/product\/8410","targetHints":{"allow":["GET"]}}],"collection":[{"href":"https:\/\/jinhuaceramic.com\/de\/wp-json\/wp\/v2\/product"}],"about":[{"href":"https:\/\/jinhuaceramic.com\/de\/wp-json\/wp\/v2\/types\/product"}],"replies":[{"embeddable":true,"href":"https:\/\/jinhuaceramic.com\/de\/wp-json\/wp\/v2\/comments?post=8410"}],"version-history":[{"count":0,"href":"https:\/\/jinhuaceramic.com\/de\/wp-json\/wp\/v2\/product\/8410\/revisions"}],"wp:featuredmedia":[{"embeddable":true,"href":"https:\/\/jinhuaceramic.com\/de\/wp-json\/wp\/v2\/media\/8415"}],"wp:attachment":[{"href":"https:\/\/jinhuaceramic.com\/de\/wp-json\/wp\/v2\/media?parent=8410"}],"wp:term":[{"taxonomy":"product_brand","embeddable":true,"href":"https:\/\/jinhuaceramic.com\/de\/wp-json\/wp\/v2\/product_brand?post=8410"},{"taxonomy":"product_cat","embeddable":true,"href":"https:\/\/jinhuaceramic.com\/de\/wp-json\/wp\/v2\/product_cat?post=8410"},{"taxonomy":"product_tag","embeddable":true,"href":"https:\/\/jinhuaceramic.com\/de\/wp-json\/wp\/v2\/product_tag?post=8410"}],"curies":[{"name":"wp","href":"https:\/\/api.w.org\/{rel}","templated":true}]}}