{"id":8419,"date":"2025-03-27T09:41:48","date_gmt":"2025-03-27T09:41:48","guid":{"rendered":"https:\/\/jinhuaceramic.com\/?post_type=product&#038;p=8419"},"modified":"2025-03-27T09:42:15","modified_gmt":"2025-03-27T09:42:15","slug":"customized-dinner-set","status":"publish","type":"product","link":"https:\/\/jinhuaceramic.com\/de\/product\/customized-dinner-set\/","title":{"rendered":"Individuelles Tafelservice mit spiralf\u00f6rmiger Textur, keramischen Tellern und Sch\u00fcsseln Gro\u00dfhandel"},"content":{"rendered":"<div class=\"wp-block-columns is-layout-flex wp-container-core-columns-is-layout-9d6595d7 wp-block-columns-is-layout-flex\">\n<div class=\"wp-block-column is-layout-flow wp-block-column-is-layout-flow\">\n<h3 class=\"wp-block-heading\">Premium Customized Dinner Set Merkmale:<\/h3>\n\n\n\n<ul class=\"wp-block-list\">\n<li><strong>Exklusives Spiralmuster:<\/strong> Das spiralf\u00f6rmige Muster der individuell gestalteten Geschirrsets ist exklusiv, und das Design der konzentrischen Kreise weitet sich von der Mitte aus nach au\u00dfen, was dem Geschirr ein Gef\u00fchl von Dynamik und Interesse verleiht, das traditionelle Geschirr aufbricht und den Esstisch neu belebt.<\/li>\n\n\n\n<li><strong>Friedlicher Farbton:<\/strong> Die keramischen Teller und Sch\u00fcsseln Gro\u00dfhandel sind in einer hellblauen Farbe, die es friedlich, trendy und elegant macht produziert. Der Rand des Geschirrs ist mit einem schmalen Rand von dunkelblau, die um den Rand des Geschirrs l\u00e4uft geschm\u00fcckt und macht es elegant.<\/li>\n\n\n\n<li><strong>Hochwertiges keramisches Material:<\/strong> Hochwertige Keramikteller und -sch\u00fcsseln im Gro\u00dfhandel haben eine gute W\u00e4rmespeicherung und Hitzebest\u00e4ndigkeit, k\u00f6nnen die Temperatur der Speisen l\u00e4nger halten, und die Kunden k\u00f6nnen hei\u00dfe Speisen bequemer essen. Die Oberfl\u00e4che von Keramik ist rein und glatt.<\/li>\n\n\n\n<li><strong>Hohe Praxistauglichkeit:<\/strong> Die ma\u00dfgeschneiderten Geschirrsets umfassen 5,9-Zoll-Schalen, 8-Zoll-Teller und 10-Zoll-Teller. Die 5,9-Zoll-Schalen sind f\u00fcr M\u00fcsli-, Suppen- oder Reissch\u00fcsseln usw. erh\u00e4ltlich, die 8-Zoll-Teller f\u00fcr Beilagen wie Salate und die 10-Zoll-Teller f\u00fcr Hauptgerichte wie Steaks, die die t\u00e4glichen Mahlzeiten und die unterschiedlichen Anforderungen an Lebensmittel erf\u00fcllen.<\/li>\n<\/ul>\n<\/div>\n\n\n\n<div class=\"wp-block-column is-layout-flow wp-block-column-is-layout-flow\">\n<figure class=\"wp-block-image size-full\"><img fetchpriority=\"high\" decoding=\"async\" width=\"1000\" height=\"1000\" src=\"https:\/\/jinhuaceramic.com\/wp-content\/uploads\/2025\/03\/Custom-Tableware-With-Spiral-Texture-Ceramic-Dinner-Plates-Wholesale-3.webp\" alt=\"kundenindividuelles-geschirr-mit-spiralstruktur-keramik-teller-und-bwls-grosshandel-1\" class=\"wp-image-8421\" srcset=\"https:\/\/jinhuaceramic.com\/wp-content\/uploads\/2025\/03\/Custom-Tableware-With-Spiral-Texture-Ceramic-Dinner-Plates-Wholesale-3.webp 1000w, https:\/\/jinhuaceramic.com\/wp-content\/uploads\/2025\/03\/Custom-Tableware-With-Spiral-Texture-Ceramic-Dinner-Plates-Wholesale-3-300x300.webp 300w, https:\/\/jinhuaceramic.com\/wp-content\/uploads\/2025\/03\/Custom-Tableware-With-Spiral-Texture-Ceramic-Dinner-Plates-Wholesale-3-150x150.webp 150w, https:\/\/jinhuaceramic.com\/wp-content\/uploads\/2025\/03\/Custom-Tableware-With-Spiral-Texture-Ceramic-Dinner-Plates-Wholesale-3-768x768.webp 768w, https:\/\/jinhuaceramic.com\/wp-content\/uploads\/2025\/03\/Custom-Tableware-With-Spiral-Texture-Ceramic-Dinner-Plates-Wholesale-3-12x12.webp 12w, https:\/\/jinhuaceramic.com\/wp-content\/uploads\/2025\/03\/Custom-Tableware-With-Spiral-Texture-Ceramic-Dinner-Plates-Wholesale-3-285x285.webp 285w, https:\/\/jinhuaceramic.com\/wp-content\/uploads\/2025\/03\/Custom-Tableware-With-Spiral-Texture-Ceramic-Dinner-Plates-Wholesale-3-270x270.webp 270w, https:\/\/jinhuaceramic.com\/wp-content\/uploads\/2025\/03\/Custom-Tableware-With-Spiral-Texture-Ceramic-Dinner-Plates-Wholesale-3-540x540.webp 540w, https:\/\/jinhuaceramic.com\/wp-content\/uploads\/2025\/03\/Custom-Tableware-With-Spiral-Texture-Ceramic-Dinner-Plates-Wholesale-3-660x660.webp 660w\" sizes=\"(max-width: 1000px) 100vw, 1000px\" \/><\/figure>\n<\/div>\n<\/div>","protected":false},"excerpt":{"rendered":"<p>Bestellen Sie unser individuelles Tafelset. Diese hellblauen, spiralf\u00f6rmig gemusterten Keramikteller und -sch\u00fcsseln sind im Gro\u00dfhandel schlicht, aber modern und passen zu jeder Art von Wohnkultur. Die Keramik ist nicht zerbrechlich, und die Schalen und Teller sind sehr wiederverwendbar, ob f\u00fcr formale Abendessen oder einen Snack. Durch die Kombination von Funktionalit\u00e4t und Sch\u00f6nheit hat dieses Geschirr das Potenzial, das Esserlebnis des Benutzers erheblich zu verbessern.<\/p>","protected":false},"featured_media":8422,"comment_status":"closed","ping_status":"closed","template":"","meta":{"_acf_changed":false},"product_brand":[],"product_cat":[83,54],"product_tag":[],"class_list":{"0":"post-8419","1":"product","2":"type-product","3":"status-publish","4":"has-post-thumbnail","6":"product_cat-wholesale-dinnerware-sets","7":"product_cat-tableware-wholesale","9":"first","10":"instock","11":"shipping-taxable","12":"product-type-simple"},"acf":[],"_links":{"self":[{"href":"https:\/\/jinhuaceramic.com\/de\/wp-json\/wp\/v2\/product\/8419","targetHints":{"allow":["GET"]}}],"collection":[{"href":"https:\/\/jinhuaceramic.com\/de\/wp-json\/wp\/v2\/product"}],"about":[{"href":"https:\/\/jinhuaceramic.com\/de\/wp-json\/wp\/v2\/types\/product"}],"replies":[{"embeddable":true,"href":"https:\/\/jinhuaceramic.com\/de\/wp-json\/wp\/v2\/comments?post=8419"}],"version-history":[{"count":0,"href":"https:\/\/jinhuaceramic.com\/de\/wp-json\/wp\/v2\/product\/8419\/revisions"}],"wp:featuredmedia":[{"embeddable":true,"href":"https:\/\/jinhuaceramic.com\/de\/wp-json\/wp\/v2\/media\/8422"}],"wp:attachment":[{"href":"https:\/\/jinhuaceramic.com\/de\/wp-json\/wp\/v2\/media?parent=8419"}],"wp:term":[{"taxonomy":"product_brand","embeddable":true,"href":"https:\/\/jinhuaceramic.com\/de\/wp-json\/wp\/v2\/product_brand?post=8419"},{"taxonomy":"product_cat","embeddable":true,"href":"https:\/\/jinhuaceramic.com\/de\/wp-json\/wp\/v2\/product_cat?post=8419"},{"taxonomy":"product_tag","embeddable":true,"href":"https:\/\/jinhuaceramic.com\/de\/wp-json\/wp\/v2\/product_tag?post=8419"}],"curies":[{"name":"wp","href":"https:\/\/api.w.org\/{rel}","templated":true}]}}