{"id":8435,"date":"2025-03-29T02:14:42","date_gmt":"2025-03-29T02:14:42","guid":{"rendered":"https:\/\/jinhuaceramic.com\/?post_type=product&#038;p=8435"},"modified":"2025-03-29T02:14:43","modified_gmt":"2025-03-29T02:14:43","slug":"ceramic-dinner-set-wholesale","status":"publish","type":"product","link":"https:\/\/jinhuaceramic.com\/de\/product\/ceramic-dinner-set-wholesale\/","title":{"rendered":"Fine Ceramic Dinner Set Gro\u00dfhandel, wei\u00dfe Platte Sch\u00fcssel Tasse Bulk"},"content":{"rendered":"<div class=\"wp-block-columns is-layout-flex wp-container-core-columns-is-layout-9d6595d7 wp-block-columns-is-layout-flex\">\n<div class=\"wp-block-column is-layout-flow wp-block-column-is-layout-flow\">\n<h3 class=\"wp-block-heading\">Premium Ceramic Dinner Set Gro\u00dfhandel Eigenschaften:<\/h3>\n\n\n\n<ul class=\"wp-block-list\">\n<li><strong>Einfache Form:<\/strong> Die Form dieses keramischen Tafelservices ist im Allgemeinen pr\u00e4gnant und elegant. Die Teller sind klassisch rund, die R\u00e4nder der Keramikschalen sind leicht gebogen, mit einem Gef\u00fchl der Schichtung, und die Keramiktassen sind in der Mitte geschwollen und am Boden zusammengezogen, mit einem starken Design Sinn.<\/li>\n\n\n\n<li><strong>Elegantes Design:<\/strong> Diese Geschirrsets f\u00fcr den Gro\u00dfhandel haben ein subtiles Farbverlaufsmuster. Der allm\u00e4hliche \u00dcbergang von der beigen Mitte zum braunen Rand sorgt f\u00fcr einen mehrschichtigen visuellen Effekt. Einige erhabene konzentrische Kreismuster sind auf den R\u00e4ndern des Geschirrs vorhanden, die dem Geschirr eine elegante Note verleihen.<\/li>\n\n\n\n<li><strong>Hochwertiges Material: <\/strong>Dieses Keramikgeschirr ist aus hochwertigem Keramikmaterial hergestellt, das bei hohen Temperaturen gebrannt wird. Sie sind stark und langlebig, und kann Verschlei\u00df, Chipping und Kratzer auf einer t\u00e4glichen Basis zu widerstehen, so dass sie langlebig sind.<\/li>\n\n\n\n<li><strong>Vollst\u00e4ndiger Satz: <\/strong>Diese Geschirrsets f\u00fcr den Gro\u00dfhandel enthalten 4 Essteller, 4 Salatteller, 4 Sch\u00fcsseln und 4 Becher. Das 16-teilige Set ist f\u00fcr den t\u00e4glichen Bedarf einer vierk\u00f6pfigen Familie und f\u00fcr kleine Anl\u00e4sse geeignet.<\/li>\n<\/ul>\n<\/div>\n\n\n\n<div class=\"wp-block-column is-layout-flow wp-block-column-is-layout-flow\">\n<figure class=\"wp-block-image size-full\"><img fetchpriority=\"high\" decoding=\"async\" width=\"1000\" height=\"1000\" src=\"https:\/\/jinhuaceramic.com\/wp-content\/uploads\/2025\/03\/Fine-China-Tableware-Sets-Wholesale-Dinnerware-Set-Service-For-4.webp\" alt=\"Feine keramische Abendessen Set Gro\u00dfhandel, wei\u00dfe Platte Sch\u00fcssel Tasse Bulk-5\" class=\"wp-image-8440\" srcset=\"https:\/\/jinhuaceramic.com\/wp-content\/uploads\/2025\/03\/Fine-China-Tableware-Sets-Wholesale-Dinnerware-Set-Service-For-4.webp 1000w, https:\/\/jinhuaceramic.com\/wp-content\/uploads\/2025\/03\/Fine-China-Tableware-Sets-Wholesale-Dinnerware-Set-Service-For-4-300x300.webp 300w, https:\/\/jinhuaceramic.com\/wp-content\/uploads\/2025\/03\/Fine-China-Tableware-Sets-Wholesale-Dinnerware-Set-Service-For-4-150x150.webp 150w, https:\/\/jinhuaceramic.com\/wp-content\/uploads\/2025\/03\/Fine-China-Tableware-Sets-Wholesale-Dinnerware-Set-Service-For-4-768x768.webp 768w, https:\/\/jinhuaceramic.com\/wp-content\/uploads\/2025\/03\/Fine-China-Tableware-Sets-Wholesale-Dinnerware-Set-Service-For-4-12x12.webp 12w, https:\/\/jinhuaceramic.com\/wp-content\/uploads\/2025\/03\/Fine-China-Tableware-Sets-Wholesale-Dinnerware-Set-Service-For-4-285x285.webp 285w, https:\/\/jinhuaceramic.com\/wp-content\/uploads\/2025\/03\/Fine-China-Tableware-Sets-Wholesale-Dinnerware-Set-Service-For-4-270x270.webp 270w, https:\/\/jinhuaceramic.com\/wp-content\/uploads\/2025\/03\/Fine-China-Tableware-Sets-Wholesale-Dinnerware-Set-Service-For-4-540x540.webp 540w, https:\/\/jinhuaceramic.com\/wp-content\/uploads\/2025\/03\/Fine-China-Tableware-Sets-Wholesale-Dinnerware-Set-Service-For-4-660x660.webp 660w\" sizes=\"(max-width: 1000px) 100vw, 1000px\" \/><\/figure>\n<\/div>\n<\/div>","protected":false},"excerpt":{"rendered":"<p>Willkommen zum Kauf Gro\u00dfhandel Geschirr f\u00fcr Restaurant. Dieses keramische Tafelservice Gro\u00dfhandel ist beliebt f\u00fcr seine einfache und elegante Design. Die neutralen Farbt\u00f6ne mit Farbverlauf sind vielseitig und passen zu verschiedenen Wohnstilen. Das keramische Material ist robust und langlebig, geeignet f\u00fcr das t\u00e4gliche Essen.<\/p>","protected":false},"featured_media":8438,"comment_status":"closed","ping_status":"closed","template":"","meta":{"_acf_changed":false},"product_brand":[],"product_cat":[83,54],"product_tag":[],"class_list":{"0":"post-8435","1":"product","2":"type-product","3":"status-publish","4":"has-post-thumbnail","6":"product_cat-wholesale-dinnerware-sets","7":"product_cat-tableware-wholesale","9":"first","10":"instock","11":"shipping-taxable","12":"product-type-simple"},"acf":[],"_links":{"self":[{"href":"https:\/\/jinhuaceramic.com\/de\/wp-json\/wp\/v2\/product\/8435","targetHints":{"allow":["GET"]}}],"collection":[{"href":"https:\/\/jinhuaceramic.com\/de\/wp-json\/wp\/v2\/product"}],"about":[{"href":"https:\/\/jinhuaceramic.com\/de\/wp-json\/wp\/v2\/types\/product"}],"replies":[{"embeddable":true,"href":"https:\/\/jinhuaceramic.com\/de\/wp-json\/wp\/v2\/comments?post=8435"}],"version-history":[{"count":0,"href":"https:\/\/jinhuaceramic.com\/de\/wp-json\/wp\/v2\/product\/8435\/revisions"}],"wp:featuredmedia":[{"embeddable":true,"href":"https:\/\/jinhuaceramic.com\/de\/wp-json\/wp\/v2\/media\/8438"}],"wp:attachment":[{"href":"https:\/\/jinhuaceramic.com\/de\/wp-json\/wp\/v2\/media?parent=8435"}],"wp:term":[{"taxonomy":"product_brand","embeddable":true,"href":"https:\/\/jinhuaceramic.com\/de\/wp-json\/wp\/v2\/product_brand?post=8435"},{"taxonomy":"product_cat","embeddable":true,"href":"https:\/\/jinhuaceramic.com\/de\/wp-json\/wp\/v2\/product_cat?post=8435"},{"taxonomy":"product_tag","embeddable":true,"href":"https:\/\/jinhuaceramic.com\/de\/wp-json\/wp\/v2\/product_tag?post=8435"}],"curies":[{"name":"wp","href":"https:\/\/api.w.org\/{rel}","templated":true}]}}