{"id":8447,"date":"2025-04-03T07:55:46","date_gmt":"2025-04-03T07:55:46","guid":{"rendered":"https:\/\/jinhuaceramic.com\/?post_type=product&#038;p=8447"},"modified":"2025-04-03T07:55:47","modified_gmt":"2025-04-03T07:55:47","slug":"dinnerware-in-bulk","status":"publish","type":"product","link":"https:\/\/jinhuaceramic.com\/de\/product\/dinnerware-in-bulk\/","title":{"rendered":"Reaktive Glasur Geschirr in Bulk, Gro\u00dfhandel keramischen Geschirr"},"content":{"rendered":"<div class=\"wp-block-columns is-layout-flex wp-container-core-columns-is-layout-9d6595d7 wp-block-columns-is-layout-flex\">\n<div class=\"wp-block-column is-layout-flow wp-block-column-is-layout-flow\">\n<h3 class=\"wp-block-heading\">Hochwertiges Geschirr mit reaktiver Glasur in Gro\u00dfmengen Eigenschaften:<\/h3>\n\n\n\n<ul class=\"wp-block-list\">\n<li><strong>Moderne und schlichte Form:<\/strong> Die Gesamtform dieses ma\u00dfgefertigten Geschirrs in Gro\u00dfmengen ist schlicht und modern, mit einer sanften Rundung. Die Teller haben keine regul\u00e4re Kreisform, sondern eine unregelm\u00e4\u00dfige Kreisform, und die Schalen sind leicht eckig. Durch diese schlichte Form passen sie zu verschiedenen Tischdekorationen.<\/li>\n\n\n\n<li><strong>Sanfte T\u00f6ne: <\/strong>Dieses Geschirr in Gro\u00dfpackung ist in einem hellen Blau gehalten, das beruhigend und wohltuend f\u00fcr die Augen ist, und hat eine weiche, unregelm\u00e4\u00dfige Textur. Die Textur, die durch die reaktive Glasur entsteht, verleiht dem Geschirr einen handgefertigten Charakter. Ein goldener Rand umgibt das Geschirr und verleiht dem hellen Blau einen Hauch von Klasse und Eleganz.<\/li>\n\n\n\n<li><strong>Hochwertige Materialien:<\/strong> Diese im Gro\u00dfhandel erh\u00e4ltlichen Keramikgeschirre werden bei hohen Temperaturen gebrannt, sind sehr hart und robust, verschlei\u00dffest und bruchsicher. Sie haben eine lange Lebensdauer. Sie werden im t\u00e4glichen Gebrauch nicht so leicht durch Messer und Gabeln zerkratzt und sehen immer sch\u00f6n aus.<\/li>\n\n\n\n<li><strong>Breite Praktikabilit\u00e4t:<\/strong> Dieses Keramikgeschirr f\u00fcr den Gro\u00dfhandel umfasst Keramikteller und -sch\u00fcsseln in verschiedenen Gr\u00f6\u00dfen, um den unterschiedlichen Anforderungen des t\u00e4glichen Essens gerecht zu werden. Es eignet sich sehr gut f\u00fcr die t\u00e4glichen Mahlzeiten oder f\u00fcr G\u00e4ste bei Festessen und kann sowohl in einfachen Haushalten als auch in Unternehmen wie gehobenen Restaurants verwendet werden.<\/li>\n<\/ul>\n<\/div>\n\n\n\n<div class=\"wp-block-column is-layout-flow wp-block-column-is-layout-flow\">\n<figure class=\"wp-block-image size-full\"><img fetchpriority=\"high\" decoding=\"async\" width=\"2000\" height=\"2000\" src=\"https:\/\/jinhuaceramic.com\/wp-content\/uploads\/2025\/03\/Reactive-Glaze-Dinnerware-Set-Wholesale-Custom-Ceramic-Tableware-Set-4.webp\" alt=\"reaktives-glasiertes-geschirr-im-gro\u00dfhandel-keramik-geschirr-1\" class=\"wp-image-8450\" srcset=\"https:\/\/jinhuaceramic.com\/wp-content\/uploads\/2025\/03\/Reactive-Glaze-Dinnerware-Set-Wholesale-Custom-Ceramic-Tableware-Set-4.webp 2000w, https:\/\/jinhuaceramic.com\/wp-content\/uploads\/2025\/03\/Reactive-Glaze-Dinnerware-Set-Wholesale-Custom-Ceramic-Tableware-Set-4-300x300.webp 300w, https:\/\/jinhuaceramic.com\/wp-content\/uploads\/2025\/03\/Reactive-Glaze-Dinnerware-Set-Wholesale-Custom-Ceramic-Tableware-Set-4-150x150.webp 150w, https:\/\/jinhuaceramic.com\/wp-content\/uploads\/2025\/03\/Reactive-Glaze-Dinnerware-Set-Wholesale-Custom-Ceramic-Tableware-Set-4-768x768.webp 768w, https:\/\/jinhuaceramic.com\/wp-content\/uploads\/2025\/03\/Reactive-Glaze-Dinnerware-Set-Wholesale-Custom-Ceramic-Tableware-Set-4-12x12.webp 12w, https:\/\/jinhuaceramic.com\/wp-content\/uploads\/2025\/03\/Reactive-Glaze-Dinnerware-Set-Wholesale-Custom-Ceramic-Tableware-Set-4-285x285.webp 285w, https:\/\/jinhuaceramic.com\/wp-content\/uploads\/2025\/03\/Reactive-Glaze-Dinnerware-Set-Wholesale-Custom-Ceramic-Tableware-Set-4-1600x1600.webp 1600w, https:\/\/jinhuaceramic.com\/wp-content\/uploads\/2025\/03\/Reactive-Glaze-Dinnerware-Set-Wholesale-Custom-Ceramic-Tableware-Set-4-270x270.webp 270w, https:\/\/jinhuaceramic.com\/wp-content\/uploads\/2025\/03\/Reactive-Glaze-Dinnerware-Set-Wholesale-Custom-Ceramic-Tableware-Set-4-540x540.webp 540w, https:\/\/jinhuaceramic.com\/wp-content\/uploads\/2025\/03\/Reactive-Glaze-Dinnerware-Set-Wholesale-Custom-Ceramic-Tableware-Set-4-660x660.webp 660w\" sizes=\"(max-width: 2000px) 100vw, 2000px\" \/><\/figure>\n<\/div>\n<\/div>","protected":false},"excerpt":{"rendered":"<p>Willkommen bei Gro\u00dfhandels-Keramikgeschirr. Dieses Geschirr in Gro\u00dfpackungen ist modisch und schlicht im Design und eignet sich ideal, um den Esstisch optisch aufzuwerten. Die Keramik ist unbedenklich, robust und langlebig. Diese Geschirrsets sind modisch und funktional zugleich und eignen sich ideal, um die Freude am Essen zu steigern. Sie sind ideal f\u00fcr Menschen, die ein gutes Leben suchen.<\/p>","protected":false},"featured_media":8449,"comment_status":"closed","ping_status":"closed","template":"","meta":{"_acf_changed":false},"product_brand":[],"product_cat":[83,54],"product_tag":[],"class_list":{"0":"post-8447","1":"product","2":"type-product","3":"status-publish","4":"has-post-thumbnail","6":"product_cat-wholesale-dinnerware-sets","7":"product_cat-tableware-wholesale","9":"first","10":"instock","11":"shipping-taxable","12":"product-type-simple"},"acf":[],"_links":{"self":[{"href":"https:\/\/jinhuaceramic.com\/de\/wp-json\/wp\/v2\/product\/8447","targetHints":{"allow":["GET"]}}],"collection":[{"href":"https:\/\/jinhuaceramic.com\/de\/wp-json\/wp\/v2\/product"}],"about":[{"href":"https:\/\/jinhuaceramic.com\/de\/wp-json\/wp\/v2\/types\/product"}],"replies":[{"embeddable":true,"href":"https:\/\/jinhuaceramic.com\/de\/wp-json\/wp\/v2\/comments?post=8447"}],"version-history":[{"count":0,"href":"https:\/\/jinhuaceramic.com\/de\/wp-json\/wp\/v2\/product\/8447\/revisions"}],"wp:featuredmedia":[{"embeddable":true,"href":"https:\/\/jinhuaceramic.com\/de\/wp-json\/wp\/v2\/media\/8449"}],"wp:attachment":[{"href":"https:\/\/jinhuaceramic.com\/de\/wp-json\/wp\/v2\/media?parent=8447"}],"wp:term":[{"taxonomy":"product_brand","embeddable":true,"href":"https:\/\/jinhuaceramic.com\/de\/wp-json\/wp\/v2\/product_brand?post=8447"},{"taxonomy":"product_cat","embeddable":true,"href":"https:\/\/jinhuaceramic.com\/de\/wp-json\/wp\/v2\/product_cat?post=8447"},{"taxonomy":"product_tag","embeddable":true,"href":"https:\/\/jinhuaceramic.com\/de\/wp-json\/wp\/v2\/product_tag?post=8447"}],"curies":[{"name":"wp","href":"https:\/\/api.w.org\/{rel}","templated":true}]}}