{"id":8456,"date":"2025-04-03T07:14:50","date_gmt":"2025-04-03T07:14:50","guid":{"rendered":"https:\/\/jinhuaceramic.com\/?post_type=product&#038;p=8456"},"modified":"2025-04-03T07:14:52","modified_gmt":"2025-04-03T07:14:52","slug":"wholesale-tableware-supplies","status":"publish","type":"product","link":"https:\/\/jinhuaceramic.com\/de\/product\/wholesale-tableware-supplies\/","title":{"rendered":"Matte Black Gro\u00dfhandel Geschirr liefert, benutzerdefinierte Teller und Schalen"},"content":{"rendered":"<div class=\"wp-block-columns is-layout-flex wp-container-core-columns-is-layout-9d6595d7 wp-block-columns-is-layout-flex\">\n<div class=\"wp-block-column is-layout-flow wp-block-column-is-layout-flow\">\n<h3 class=\"wp-block-heading\">Premium mattschwarzes Gro\u00dfhandelsgeschirr liefert Eigenschaften:<\/h3>\n\n\n\n<ul class=\"wp-block-list\">\n<li><strong>Modernes Design:<\/strong> Das Gro\u00dfhandelsgeschirr zeichnet sich durch eine einfache runde Form und einen zeitlosen und universellen mattschwarzen Farbton aus, der eine einfache, moderne, elegante und sogar leicht kalte Tischatmosph\u00e4re schaffen kann.<\/li>\n\n\n\n<li><strong>Hochwertiges Material:<\/strong> Diese robusten, ma\u00dfgefertigten Teller und Schalen werden bei hohen Temperaturen gebrannt, um ihnen neben der Stabilit\u00e4t auch eine gewisse H\u00e4rte zu verleihen. Sie sind hitzebest\u00e4ndig und k\u00f6nnen zum Servieren hei\u00dfer Speisen verwendet werden. Die glasierte Oberfl\u00e4che ist weniger anf\u00e4llig f\u00fcr Flecken, einfach zu reinigen und sp\u00fclmaschinenfest.<\/li>\n\n\n\n<li><strong>Vielfalt der Farben:<\/strong> Diese ma\u00dfgefertigten Teller und Schalen sind in zahlreichen Farben erh\u00e4ltlich, z. B. in stabilem Schwarz, elegantem Hellblau, Vintage-Braun und aufger\u00e4umtem Wei\u00df. Die Kunden k\u00f6nnen ihre Wunschfarben w\u00e4hlen oder sich an den Stil ihrer Wohnungseinrichtung anpassen. Wir als Lieferant k\u00f6nnen auch andere Farben nach Bedarf kreieren.<\/li>\n\n\n\n<li><strong>Starke Praktikabilit\u00e4t:<\/strong> Zu diesem Gro\u00dfhandelsgeschirr geh\u00f6ren auch zwei Gr\u00f6\u00dfen von Keramiktellern und -sch\u00fcsseln, die eine Vielzahl von allt\u00e4glichen Essensbed\u00fcrfnissen abdecken. Der gro\u00dfe Teller ist ideal f\u00fcr Hauptgerichte, der kleine Teller ist ideal f\u00fcr Nebengerichte wie Salate und Snacks, und die Sch\u00fcssel ist ideal f\u00fcr Reis, Suppe, M\u00fcsli, etc.<\/li>\n<\/ul>\n<\/div>\n\n\n\n<div class=\"wp-block-column is-layout-flow wp-block-column-is-layout-flow\">\n<figure class=\"wp-block-image size-full\"><img fetchpriority=\"high\" decoding=\"async\" width=\"1000\" height=\"1000\" src=\"https:\/\/jinhuaceramic.com\/wp-content\/uploads\/2025\/03\/Matte-Black-Tableware-Set-Wholesale-Custom-Ceramic-Dinner-Plates-Bowls-5.webp\" alt=\"mattschwarze-gro\u00dfhandel-geschirr-lieferungen-individuelle-teller-und-schalen-1\" class=\"wp-image-8460\" srcset=\"https:\/\/jinhuaceramic.com\/wp-content\/uploads\/2025\/03\/Matte-Black-Tableware-Set-Wholesale-Custom-Ceramic-Dinner-Plates-Bowls-5.webp 1000w, https:\/\/jinhuaceramic.com\/wp-content\/uploads\/2025\/03\/Matte-Black-Tableware-Set-Wholesale-Custom-Ceramic-Dinner-Plates-Bowls-5-300x300.webp 300w, https:\/\/jinhuaceramic.com\/wp-content\/uploads\/2025\/03\/Matte-Black-Tableware-Set-Wholesale-Custom-Ceramic-Dinner-Plates-Bowls-5-150x150.webp 150w, https:\/\/jinhuaceramic.com\/wp-content\/uploads\/2025\/03\/Matte-Black-Tableware-Set-Wholesale-Custom-Ceramic-Dinner-Plates-Bowls-5-768x768.webp 768w, https:\/\/jinhuaceramic.com\/wp-content\/uploads\/2025\/03\/Matte-Black-Tableware-Set-Wholesale-Custom-Ceramic-Dinner-Plates-Bowls-5-12x12.webp 12w, https:\/\/jinhuaceramic.com\/wp-content\/uploads\/2025\/03\/Matte-Black-Tableware-Set-Wholesale-Custom-Ceramic-Dinner-Plates-Bowls-5-285x285.webp 285w, https:\/\/jinhuaceramic.com\/wp-content\/uploads\/2025\/03\/Matte-Black-Tableware-Set-Wholesale-Custom-Ceramic-Dinner-Plates-Bowls-5-270x270.webp 270w, https:\/\/jinhuaceramic.com\/wp-content\/uploads\/2025\/03\/Matte-Black-Tableware-Set-Wholesale-Custom-Ceramic-Dinner-Plates-Bowls-5-540x540.webp 540w, https:\/\/jinhuaceramic.com\/wp-content\/uploads\/2025\/03\/Matte-Black-Tableware-Set-Wholesale-Custom-Ceramic-Dinner-Plates-Bowls-5-660x660.webp 660w\" sizes=\"(max-width: 1000px) 100vw, 1000px\" \/><\/figure>\n<\/div>\n<\/div>\n\n\n\n<p><\/p>","protected":false},"excerpt":{"rendered":"<p>Willkommen im Gro\u00dfhandel Geschirr Lieferungen zu kaufen. Diese benutzerdefinierten Teller und Schalen haben eine schlichte Form und eine hochwertige, mattschwarze Farbe. Der Satz von Tellern und Schalen ist f\u00fcr das Servieren von Lebensmitteln verschiedener Arten verwendet, und das Material der Keramik ist hart, hitzebest\u00e4ndig und reinigbar. Durch die Kombination von Funktionalit\u00e4t und \u00c4sthetik k\u00f6nnen diese Tischsets das Esserlebnis des Benutzers verbessern.<\/p>","protected":false},"featured_media":8462,"comment_status":"closed","ping_status":"closed","template":"","meta":{"_acf_changed":false},"product_brand":[],"product_cat":[83,54],"product_tag":[],"class_list":{"0":"post-8456","1":"product","2":"type-product","3":"status-publish","4":"has-post-thumbnail","6":"product_cat-wholesale-dinnerware-sets","7":"product_cat-tableware-wholesale","9":"first","10":"instock","11":"shipping-taxable","12":"product-type-simple"},"acf":[],"_links":{"self":[{"href":"https:\/\/jinhuaceramic.com\/de\/wp-json\/wp\/v2\/product\/8456","targetHints":{"allow":["GET"]}}],"collection":[{"href":"https:\/\/jinhuaceramic.com\/de\/wp-json\/wp\/v2\/product"}],"about":[{"href":"https:\/\/jinhuaceramic.com\/de\/wp-json\/wp\/v2\/types\/product"}],"replies":[{"embeddable":true,"href":"https:\/\/jinhuaceramic.com\/de\/wp-json\/wp\/v2\/comments?post=8456"}],"version-history":[{"count":0,"href":"https:\/\/jinhuaceramic.com\/de\/wp-json\/wp\/v2\/product\/8456\/revisions"}],"wp:featuredmedia":[{"embeddable":true,"href":"https:\/\/jinhuaceramic.com\/de\/wp-json\/wp\/v2\/media\/8462"}],"wp:attachment":[{"href":"https:\/\/jinhuaceramic.com\/de\/wp-json\/wp\/v2\/media?parent=8456"}],"wp:term":[{"taxonomy":"product_brand","embeddable":true,"href":"https:\/\/jinhuaceramic.com\/de\/wp-json\/wp\/v2\/product_brand?post=8456"},{"taxonomy":"product_cat","embeddable":true,"href":"https:\/\/jinhuaceramic.com\/de\/wp-json\/wp\/v2\/product_cat?post=8456"},{"taxonomy":"product_tag","embeddable":true,"href":"https:\/\/jinhuaceramic.com\/de\/wp-json\/wp\/v2\/product_tag?post=8456"}],"curies":[{"name":"wp","href":"https:\/\/api.w.org\/{rel}","templated":true}]}}