{"id":8478,"date":"2025-04-03T06:35:56","date_gmt":"2025-04-03T06:35:56","guid":{"rendered":"https:\/\/jinhuaceramic.com\/?post_type=product&#038;p=8478"},"modified":"2025-04-03T06:35:58","modified_gmt":"2025-04-03T06:35:58","slug":"china-tableware-sets-wholesale","status":"publish","type":"product","link":"https:\/\/jinhuaceramic.com\/de\/product\/china-tableware-sets-wholesale\/","title":{"rendered":"Feines China-Geschirr Sets Gro\u00dfhandel, benutzerdefinierte Geschirr in Bulk"},"content":{"rendered":"<div class=\"wp-block-columns is-layout-flex wp-container-core-columns-is-layout-9d6595d7 wp-block-columns-is-layout-flex\">\n<div class=\"wp-block-column is-layout-flow wp-block-column-is-layout-flow\">\n<h3 class=\"wp-block-heading\">Premium Fine China Geschirr Sets Eigenschaften:<\/h3>\n\n\n\n<ul class=\"wp-block-list\">\n<li><strong>Elegantes Design:<\/strong> Das Auff\u00e4lligste an diesen Porzellangeschirrsets sind die verzierten B\u00e4nder, die aus kurzen blauen vertikalen Streifen in mehreren Reihen als Randmerkmal bestehen. Die kurzen blauen vertikalen Striche sind unregelm\u00e4\u00dfig mit unterschiedlichen L\u00e4ngen und L\u00fccken, so dass sie wie ein handgefertigtes Produkt wirken. Die Kombination von Blau und Wei\u00df ist rein und nat\u00fcrlich und schafft eine einfache und frische Atmosph\u00e4re beim Essen.<\/li>\n\n\n\n<li><strong>Langlebiges Material:<\/strong> Diese Porzellangeschirrsets f\u00fcr den Gro\u00dfhandel sind aus hochwertigem, bei hoher Temperatur gebranntem Keramikmaterial hergestellt. Sie sind nicht leicht zu brechen und zu verschlei\u00dfen, da sie robust und langlebig sind. Bei t\u00e4glichem Gebrauch k\u00f6nnen sie ihre urspr\u00fcngliche Form lange Zeit beibehalten.<\/li>\n\n\n\n<li><strong>Sicherheit und Gesundheit: <\/strong>Dieses hochwertige, ma\u00dfgeschneiderte Geschirr enth\u00e4lt w\u00e4hrend des Brennvorgangs keine sch\u00e4dlichen Chemikalien und setzt bei der Verwendung keine giftigen Stoffe frei. Sie sind sicher f\u00fcr den Kontakt mit Lebensmitteln und entsprechen den Anforderungen einer gesunden Ern\u00e4hrung.<\/li>\n\n\n\n<li><strong>Vielseitig: <\/strong>Dieses ma\u00dfgeschneiderte Geschirr in Gro\u00dfpackungen enth\u00e4lt zwei Gr\u00f6\u00dfen von Tellern, Sch\u00fcsseln und Tassen f\u00fcr unterschiedliche Essensbed\u00fcrfnisse: gro\u00dfe Teller f\u00fcr Hauptgerichte, kleine Teller f\u00fcr Beilagen oder Snacks, Sch\u00fcsseln f\u00fcr Suppe, Brei oder M\u00fcsli und Tassen f\u00fcr Getr\u00e4nke wie Kaffee, Tee oder Milch.<\/li>\n<\/ul>\n<\/div>\n\n\n\n<div class=\"wp-block-column is-layout-flow wp-block-column-is-layout-flow\">\n<figure class=\"wp-block-image size-full\"><img fetchpriority=\"high\" decoding=\"async\" width=\"1024\" height=\"1024\" src=\"https:\/\/jinhuaceramic.com\/wp-content\/uploads\/2025\/04\/Fine-China-Tableware-Sets-Wholesale-Custom-Dinnerware-In-Bulk-6.webp\" alt=\"feines-porzellan-geschirr-sets-gro\u00dfhandel-individuelles-geschirr-in-bulk-1\" class=\"wp-image-8483\" srcset=\"https:\/\/jinhuaceramic.com\/wp-content\/uploads\/2025\/04\/Fine-China-Tableware-Sets-Wholesale-Custom-Dinnerware-In-Bulk-6.webp 1024w, https:\/\/jinhuaceramic.com\/wp-content\/uploads\/2025\/04\/Fine-China-Tableware-Sets-Wholesale-Custom-Dinnerware-In-Bulk-6-300x300.webp 300w, https:\/\/jinhuaceramic.com\/wp-content\/uploads\/2025\/04\/Fine-China-Tableware-Sets-Wholesale-Custom-Dinnerware-In-Bulk-6-150x150.webp 150w, https:\/\/jinhuaceramic.com\/wp-content\/uploads\/2025\/04\/Fine-China-Tableware-Sets-Wholesale-Custom-Dinnerware-In-Bulk-6-768x768.webp 768w, https:\/\/jinhuaceramic.com\/wp-content\/uploads\/2025\/04\/Fine-China-Tableware-Sets-Wholesale-Custom-Dinnerware-In-Bulk-6-12x12.webp 12w, https:\/\/jinhuaceramic.com\/wp-content\/uploads\/2025\/04\/Fine-China-Tableware-Sets-Wholesale-Custom-Dinnerware-In-Bulk-6-285x285.webp 285w, https:\/\/jinhuaceramic.com\/wp-content\/uploads\/2025\/04\/Fine-China-Tableware-Sets-Wholesale-Custom-Dinnerware-In-Bulk-6-270x270.webp 270w, https:\/\/jinhuaceramic.com\/wp-content\/uploads\/2025\/04\/Fine-China-Tableware-Sets-Wholesale-Custom-Dinnerware-In-Bulk-6-540x540.webp 540w, https:\/\/jinhuaceramic.com\/wp-content\/uploads\/2025\/04\/Fine-China-Tableware-Sets-Wholesale-Custom-Dinnerware-In-Bulk-6-660x660.webp 660w\" sizes=\"(max-width: 1024px) 100vw, 1024px\" \/><\/figure>\n<\/div>\n<\/div>","protected":false},"excerpt":{"rendered":"<p>Willkommen zum Kauf unseres ma\u00dfgeschneiderten Geschirrs in gro\u00dfen Mengen. Diese Geschirr-Sets aus feinem Porzellan sind elegant gestaltet und passen zu jedem Einrichtungsstil; sie umfassen Teller, Sch\u00fcsseln und Tassen f\u00fcr verschiedene Essbed\u00fcrfnisse und sind aus langlebigen und sicheren Materialien hergestellt. Sie sind nicht nur h\u00fcbsch, sondern auch funktionell und f\u00fcr den t\u00e4glichen Gebrauch sowie f\u00fcr besondere Anl\u00e4sse geeignet.<\/p>","protected":false},"featured_media":8482,"comment_status":"closed","ping_status":"closed","template":"","meta":{"_acf_changed":false},"product_brand":[],"product_cat":[83,54],"product_tag":[],"class_list":{"0":"post-8478","1":"product","2":"type-product","3":"status-publish","4":"has-post-thumbnail","6":"product_cat-wholesale-dinnerware-sets","7":"product_cat-tableware-wholesale","9":"first","10":"instock","11":"shipping-taxable","12":"product-type-simple"},"acf":[],"_links":{"self":[{"href":"https:\/\/jinhuaceramic.com\/de\/wp-json\/wp\/v2\/product\/8478","targetHints":{"allow":["GET"]}}],"collection":[{"href":"https:\/\/jinhuaceramic.com\/de\/wp-json\/wp\/v2\/product"}],"about":[{"href":"https:\/\/jinhuaceramic.com\/de\/wp-json\/wp\/v2\/types\/product"}],"replies":[{"embeddable":true,"href":"https:\/\/jinhuaceramic.com\/de\/wp-json\/wp\/v2\/comments?post=8478"}],"version-history":[{"count":0,"href":"https:\/\/jinhuaceramic.com\/de\/wp-json\/wp\/v2\/product\/8478\/revisions"}],"wp:featuredmedia":[{"embeddable":true,"href":"https:\/\/jinhuaceramic.com\/de\/wp-json\/wp\/v2\/media\/8482"}],"wp:attachment":[{"href":"https:\/\/jinhuaceramic.com\/de\/wp-json\/wp\/v2\/media?parent=8478"}],"wp:term":[{"taxonomy":"product_brand","embeddable":true,"href":"https:\/\/jinhuaceramic.com\/de\/wp-json\/wp\/v2\/product_brand?post=8478"},{"taxonomy":"product_cat","embeddable":true,"href":"https:\/\/jinhuaceramic.com\/de\/wp-json\/wp\/v2\/product_cat?post=8478"},{"taxonomy":"product_tag","embeddable":true,"href":"https:\/\/jinhuaceramic.com\/de\/wp-json\/wp\/v2\/product_tag?post=8478"}],"curies":[{"name":"wp","href":"https:\/\/api.w.org\/{rel}","templated":true}]}}