{"id":8518,"date":"2025-04-08T02:28:31","date_gmt":"2025-04-08T02:28:31","guid":{"rendered":"https:\/\/jinhuaceramic.com\/?post_type=product&#038;p=8518"},"modified":"2025-04-08T02:28:32","modified_gmt":"2025-04-08T02:28:32","slug":"wholesale-dinner-sets","status":"publish","type":"product","link":"https:\/\/jinhuaceramic.com\/de\/product\/wholesale-dinner-sets\/","title":{"rendered":"Minimalistische wei\u00dfe Gro\u00dfhandelssets, Premium Teller &amp; Sch\u00fcssel"},"content":{"rendered":"<div class=\"wp-block-columns is-layout-flex wp-container-core-columns-is-layout-9d6595d7 wp-block-columns-is-layout-flex\">\n<div class=\"wp-block-column is-layout-flow wp-block-column-is-layout-flow\">\n<h3 class=\"wp-block-heading\">Premium Gro\u00dfhandel Abendessen Sets Eigenschaften:<\/h3>\n\n\n\n<ul class=\"wp-block-list\">\n<li><strong>Sanftes Beige:<\/strong> Diese Gro\u00dfhandelsgeschirre sind in einem sanften Beigeton gehalten, einer warmen und neutralen Farbe, und passen zu jeder Tischgestaltung. Diese beige Geschirr kann eine gem\u00fctliche und beruhigende Atmosph\u00e4re zu schaffen und verbessern das Vergn\u00fcgen des Essens.<\/li>\n\n\n\n<li><strong>Einfache Form: <\/strong>Der gesamte Stil dieser kommerziellen Geschirrsets Bulk ist sehr einfach, ohne komplexe Muster oder Dekoration, was einen modernen und frischen Look bietet. Eine weitere Besonderheit ist der geschwungene, flache Tellerrand, der den Teller leichter und liebenswerter macht.<\/li>\n\n\n\n<li><strong>Langlebiges Steingut: <\/strong>Diese Gro\u00dfhandel Abendessen setzt sich aus der hohen Qualit\u00e4t Steingut Material, ein bisschen hart und dick Material, sehr langlebig, weniger zerbrechlich und Verschlei\u00df anf\u00e4llig und langlebig.<\/li>\n\n\n\n<li><strong>Starke Praktikabilit\u00e4t: <\/strong>Diese kommerziellen Geschirrsets bestehen aus 8 M\u00fcslischalen, 8 Esstellern und 8 Salattellern, die f\u00fcr den t\u00e4glichen Bedarf von 8 Personen verwendet werden k\u00f6nnen. Dieses Geschirr eignet sich f\u00fcr den t\u00e4glichen Bedarf und f\u00fcr Dinnerpartys oder Familienessen.<\/li>\n<\/ul>\n<\/div>\n\n\n\n<div class=\"wp-block-column is-layout-flow wp-block-column-is-layout-flow\">\n<figure class=\"wp-block-image size-full\"><img fetchpriority=\"high\" decoding=\"async\" width=\"1000\" height=\"1000\" src=\"https:\/\/jinhuaceramic.com\/wp-content\/uploads\/2025\/04\/Stoneware-Custom-Tableware-Set-Wholesale-Dinnerware-Set-Service-For-8-4.webp\" alt=\"Minimalistisches wei\u00dfes Gro\u00dfhandelsgeschirr, Premium Teller &amp; Sch\u00fcssel-1\" class=\"wp-image-8521\" srcset=\"https:\/\/jinhuaceramic.com\/wp-content\/uploads\/2025\/04\/Stoneware-Custom-Tableware-Set-Wholesale-Dinnerware-Set-Service-For-8-4.webp 1000w, https:\/\/jinhuaceramic.com\/wp-content\/uploads\/2025\/04\/Stoneware-Custom-Tableware-Set-Wholesale-Dinnerware-Set-Service-For-8-4-300x300.webp 300w, https:\/\/jinhuaceramic.com\/wp-content\/uploads\/2025\/04\/Stoneware-Custom-Tableware-Set-Wholesale-Dinnerware-Set-Service-For-8-4-150x150.webp 150w, https:\/\/jinhuaceramic.com\/wp-content\/uploads\/2025\/04\/Stoneware-Custom-Tableware-Set-Wholesale-Dinnerware-Set-Service-For-8-4-768x768.webp 768w, https:\/\/jinhuaceramic.com\/wp-content\/uploads\/2025\/04\/Stoneware-Custom-Tableware-Set-Wholesale-Dinnerware-Set-Service-For-8-4-12x12.webp 12w, https:\/\/jinhuaceramic.com\/wp-content\/uploads\/2025\/04\/Stoneware-Custom-Tableware-Set-Wholesale-Dinnerware-Set-Service-For-8-4-285x285.webp 285w, https:\/\/jinhuaceramic.com\/wp-content\/uploads\/2025\/04\/Stoneware-Custom-Tableware-Set-Wholesale-Dinnerware-Set-Service-For-8-4-270x270.webp 270w, https:\/\/jinhuaceramic.com\/wp-content\/uploads\/2025\/04\/Stoneware-Custom-Tableware-Set-Wholesale-Dinnerware-Set-Service-For-8-4-540x540.webp 540w, https:\/\/jinhuaceramic.com\/wp-content\/uploads\/2025\/04\/Stoneware-Custom-Tableware-Set-Wholesale-Dinnerware-Set-Service-For-8-4-660x660.webp 660w\" sizes=\"(max-width: 1000px) 100vw, 1000px\" \/><\/figure>\n<\/div>\n<\/div>","protected":false},"excerpt":{"rendered":"<p>Willkommen zum Kauf Gro\u00dfhandel Abendessen setzt. Unsere wei\u00dfen kommerziellen Geschirr-Sets bulk sind einfach im Design und die gem\u00fctliche, warme weiche beige Farbe leicht mit jedem Esstisch Einstellung. Die Kombination von Funktion und \u00c4sthetik, k\u00f6nnen diese Gro\u00dfhandel Abendessen Geschirr setzt sowohl die Rolle der t\u00e4glichen Essen und besonderen Anlass dienen zu spielen.<\/p>","protected":false},"featured_media":8520,"comment_status":"closed","ping_status":"closed","template":"","meta":{"_acf_changed":false},"product_brand":[],"product_cat":[83,54],"product_tag":[],"class_list":{"0":"post-8518","1":"product","2":"type-product","3":"status-publish","4":"has-post-thumbnail","6":"product_cat-wholesale-dinnerware-sets","7":"product_cat-tableware-wholesale","9":"first","10":"instock","11":"shipping-taxable","12":"product-type-simple"},"acf":[],"_links":{"self":[{"href":"https:\/\/jinhuaceramic.com\/de\/wp-json\/wp\/v2\/product\/8518","targetHints":{"allow":["GET"]}}],"collection":[{"href":"https:\/\/jinhuaceramic.com\/de\/wp-json\/wp\/v2\/product"}],"about":[{"href":"https:\/\/jinhuaceramic.com\/de\/wp-json\/wp\/v2\/types\/product"}],"replies":[{"embeddable":true,"href":"https:\/\/jinhuaceramic.com\/de\/wp-json\/wp\/v2\/comments?post=8518"}],"version-history":[{"count":0,"href":"https:\/\/jinhuaceramic.com\/de\/wp-json\/wp\/v2\/product\/8518\/revisions"}],"wp:featuredmedia":[{"embeddable":true,"href":"https:\/\/jinhuaceramic.com\/de\/wp-json\/wp\/v2\/media\/8520"}],"wp:attachment":[{"href":"https:\/\/jinhuaceramic.com\/de\/wp-json\/wp\/v2\/media?parent=8518"}],"wp:term":[{"taxonomy":"product_brand","embeddable":true,"href":"https:\/\/jinhuaceramic.com\/de\/wp-json\/wp\/v2\/product_brand?post=8518"},{"taxonomy":"product_cat","embeddable":true,"href":"https:\/\/jinhuaceramic.com\/de\/wp-json\/wp\/v2\/product_cat?post=8518"},{"taxonomy":"product_tag","embeddable":true,"href":"https:\/\/jinhuaceramic.com\/de\/wp-json\/wp\/v2\/product_tag?post=8518"}],"curies":[{"name":"wp","href":"https:\/\/api.w.org\/{rel}","templated":true}]}}