{"id":8529,"date":"2025-04-08T02:18:07","date_gmt":"2025-04-08T02:18:07","guid":{"rendered":"https:\/\/jinhuaceramic.com\/?post_type=product&#038;p=8529"},"modified":"2025-04-08T02:18:08","modified_gmt":"2025-04-08T02:18:08","slug":"wholesale-china-dinnerware-sets","status":"publish","type":"product","link":"https:\/\/jinhuaceramic.com\/de\/product\/wholesale-china-dinnerware-sets\/","title":{"rendered":"Himmelblau Gro\u00dfhandel China Geschirr Sets, Teller &amp; Schalen Bulk"},"content":{"rendered":"<div class=\"wp-block-columns is-layout-flex wp-container-core-columns-is-layout-9d6595d7 wp-block-columns-is-layout-flex\">\n<div class=\"wp-block-column is-layout-flow wp-block-column-is-layout-flow\">\n<h3 class=\"wp-block-heading\">Premium Gro\u00dfhandel China Geschirr Sets Eigenschaften:<\/h3>\n\n\n\n<ul class=\"wp-block-list\">\n<li><strong>Elegantes Design: <\/strong>Die blaue Farbe des Gro\u00dfhandelsporzellangeschirrs ist ruhig und erfrischend und verleiht dem Tisch Gelassenheit. Der braune Rand bildet die Umrandung des Geschirrs und verleiht dem Geschirr einen Hauch von Eleganz.<\/li>\n\n\n\n<li><strong>Hochwertiges keramisches Material: <\/strong>Diese Gro\u00dfhandelssets f\u00fcr Teller und Schalen werden aus hochwertigem Keramikmaterial hergestellt, das bei hohen Temperaturen gebrannt wird, was sie robust und widerstandsf\u00e4hig macht. Sie widerstehen hohen Temperaturen und k\u00f6nnen im Ofen oder in der Mikrowelle verwendet werden.<\/li>\n\n\n\n<li><strong>Kombination von Tellern und Schalen: <\/strong>Diese Gro\u00dfhandelsgeschirrsets bestehen aus einer Keramiksch\u00fcssel und zwei unterschiedlichen Tellern, die f\u00fcr verschiedene Speisen geeignet sind. Sie eignen sich sowohl f\u00fcr regelm\u00e4\u00dfige Mahlzeiten als auch f\u00fcr besondere Anl\u00e4sse wie Treffen mit Freunden oder der Familie.<\/li>\n\n\n\n<li><strong>Leicht zu reinigen: <\/strong>Diese Keramikteller und -sch\u00fcsseln im Gro\u00dfhandel haben eine glatte Glasur, die nicht so leicht Flecken bekommt und sich leicht reinigen l\u00e4sst. Au\u00dferdem sind sie sp\u00fclmaschinenfest, was Zeit und M\u00fche spart.<\/li>\n<\/ul>\n<\/div>\n\n\n\n<div class=\"wp-block-column is-layout-flow wp-block-column-is-layout-flow\">\n<figure class=\"wp-block-image size-full\"><img fetchpriority=\"high\" decoding=\"async\" width=\"2000\" height=\"2000\" src=\"https:\/\/jinhuaceramic.com\/wp-content\/uploads\/2025\/04\/Sky-Blue-Tableware-Set-Wholesale-Custom-Ceramic-Bowls-Dinner-Plate-4.webp\" alt=\"Himmelblau Gro\u00dfhandel China Geschirr Sets, Teller &amp; Schalen Bulk-1\" class=\"wp-image-8532\" srcset=\"https:\/\/jinhuaceramic.com\/wp-content\/uploads\/2025\/04\/Sky-Blue-Tableware-Set-Wholesale-Custom-Ceramic-Bowls-Dinner-Plate-4.webp 2000w, https:\/\/jinhuaceramic.com\/wp-content\/uploads\/2025\/04\/Sky-Blue-Tableware-Set-Wholesale-Custom-Ceramic-Bowls-Dinner-Plate-4-300x300.webp 300w, https:\/\/jinhuaceramic.com\/wp-content\/uploads\/2025\/04\/Sky-Blue-Tableware-Set-Wholesale-Custom-Ceramic-Bowls-Dinner-Plate-4-150x150.webp 150w, https:\/\/jinhuaceramic.com\/wp-content\/uploads\/2025\/04\/Sky-Blue-Tableware-Set-Wholesale-Custom-Ceramic-Bowls-Dinner-Plate-4-768x768.webp 768w, https:\/\/jinhuaceramic.com\/wp-content\/uploads\/2025\/04\/Sky-Blue-Tableware-Set-Wholesale-Custom-Ceramic-Bowls-Dinner-Plate-4-12x12.webp 12w, https:\/\/jinhuaceramic.com\/wp-content\/uploads\/2025\/04\/Sky-Blue-Tableware-Set-Wholesale-Custom-Ceramic-Bowls-Dinner-Plate-4-285x285.webp 285w, https:\/\/jinhuaceramic.com\/wp-content\/uploads\/2025\/04\/Sky-Blue-Tableware-Set-Wholesale-Custom-Ceramic-Bowls-Dinner-Plate-4-1600x1600.webp 1600w, https:\/\/jinhuaceramic.com\/wp-content\/uploads\/2025\/04\/Sky-Blue-Tableware-Set-Wholesale-Custom-Ceramic-Bowls-Dinner-Plate-4-270x270.webp 270w, https:\/\/jinhuaceramic.com\/wp-content\/uploads\/2025\/04\/Sky-Blue-Tableware-Set-Wholesale-Custom-Ceramic-Bowls-Dinner-Plate-4-540x540.webp 540w, https:\/\/jinhuaceramic.com\/wp-content\/uploads\/2025\/04\/Sky-Blue-Tableware-Set-Wholesale-Custom-Ceramic-Bowls-Dinner-Plate-4-660x660.webp 660w\" sizes=\"(max-width: 2000px) 100vw, 2000px\" \/><\/figure>\n<\/div>\n<\/div>","protected":false},"excerpt":{"rendered":"<p>Willkommen zum Kauf Teller und Schalen Gro\u00dfhandel gesetzt. Diese himmelblauen Gro\u00dfhandel Porzellangeschirr-Sets sind im Stil der minimalistischen und eleganten Stil, begleitet von Funktionalit\u00e4t und Sch\u00f6nheit gefertigt. Diese Reihe von Geschirr haben die oberste Priorit\u00e4t der Menschen, die Individualit\u00e4t und eine hohe Lebensqualit\u00e4t zu verfolgen gewesen.<\/p>","protected":false},"featured_media":8531,"comment_status":"closed","ping_status":"closed","template":"","meta":{"_acf_changed":false},"product_brand":[],"product_cat":[83,54],"product_tag":[],"class_list":{"0":"post-8529","1":"product","2":"type-product","3":"status-publish","4":"has-post-thumbnail","6":"product_cat-wholesale-dinnerware-sets","7":"product_cat-tableware-wholesale","9":"first","10":"instock","11":"shipping-taxable","12":"product-type-simple"},"acf":[],"_links":{"self":[{"href":"https:\/\/jinhuaceramic.com\/de\/wp-json\/wp\/v2\/product\/8529","targetHints":{"allow":["GET"]}}],"collection":[{"href":"https:\/\/jinhuaceramic.com\/de\/wp-json\/wp\/v2\/product"}],"about":[{"href":"https:\/\/jinhuaceramic.com\/de\/wp-json\/wp\/v2\/types\/product"}],"replies":[{"embeddable":true,"href":"https:\/\/jinhuaceramic.com\/de\/wp-json\/wp\/v2\/comments?post=8529"}],"version-history":[{"count":0,"href":"https:\/\/jinhuaceramic.com\/de\/wp-json\/wp\/v2\/product\/8529\/revisions"}],"wp:featuredmedia":[{"embeddable":true,"href":"https:\/\/jinhuaceramic.com\/de\/wp-json\/wp\/v2\/media\/8531"}],"wp:attachment":[{"href":"https:\/\/jinhuaceramic.com\/de\/wp-json\/wp\/v2\/media?parent=8529"}],"wp:term":[{"taxonomy":"product_brand","embeddable":true,"href":"https:\/\/jinhuaceramic.com\/de\/wp-json\/wp\/v2\/product_brand?post=8529"},{"taxonomy":"product_cat","embeddable":true,"href":"https:\/\/jinhuaceramic.com\/de\/wp-json\/wp\/v2\/product_cat?post=8529"},{"taxonomy":"product_tag","embeddable":true,"href":"https:\/\/jinhuaceramic.com\/de\/wp-json\/wp\/v2\/product_tag?post=8529"}],"curies":[{"name":"wp","href":"https:\/\/api.w.org\/{rel}","templated":true}]}}