{"id":8552,"date":"2025-04-11T02:03:47","date_gmt":"2025-04-11T02:03:47","guid":{"rendered":"https:\/\/jinhuaceramic.com\/?post_type=product&#038;p=8552"},"modified":"2025-04-11T02:03:49","modified_gmt":"2025-04-11T02:03:49","slug":"wholesale-crockery-for-restaurant","status":"publish","type":"product","link":"https:\/\/jinhuaceramic.com\/de\/product\/wholesale-crockery-for-restaurant\/","title":{"rendered":"Gro\u00dfhandel Geschirr f\u00fcr Restaurant, Fine China Tableware Sets"},"content":{"rendered":"<div class=\"wp-block-columns is-layout-flex wp-container-core-columns-is-layout-9d6595d7 wp-block-columns-is-layout-flex\">\n<div class=\"wp-block-column is-layout-flow wp-block-column-is-layout-flow\">\n<h3 class=\"wp-block-heading\">Premium-Gro\u00dfhandel Geschirr f\u00fcr Restaurant Features:<\/h3>\n\n\n\n<ul class=\"wp-block-list\">\n<li><strong>Modernes Design:<\/strong> Unser Gro\u00dfhandelsgeschirr f\u00fcr Restaurants hat eine blaue Farbe, die nicht einfarbig ist, sondern eine Gruppe von Schattierungen mit einer etwas k\u00f6rnigen Textur, die sehr elegant und raffiniert aussieht. Der Rand des Geschirrs ist in Braun gehalten, was dem Geschirr ein wenig Eleganz verleiht.<\/li>\n\n\n\n<li><strong>Strapazierf\u00e4higes Steingut:<\/strong> Dieses feine Porzellangeschirr im Gro\u00dfhandel f\u00fchlt sich warm an und hat eine gewisse Schwere, so dass der Einzelne es als edel und hochwertig empfindet. Es ist haltbarer als gew\u00f6hnliche Keramik, bricht nicht leicht und kann jahrelang verwendet werden.<\/li>\n\n\n\n<li><strong>Hohe Praktikabilit\u00e4t:<\/strong> Dieses Gro\u00dfhandelsgeschirr f\u00fcr Restaurants umfasst Teller und Sch\u00fcsseln in verschiedenen Gr\u00f6\u00dfen, die in ihrem Design gut aufeinander abgestimmt sind und f\u00fcr den Service einer ganzen Mahlzeit verwendet werden k\u00f6nnen. Ob Fr\u00fchst\u00fcck, Mittag- oder Abendessen, dieses Geschirrset kann verwendet werden.<\/li>\n\n\n\n<li><strong>Breite Anwendbarkeit: <\/strong>Diese feinen Porzellangeschirrsets f\u00fcr den Gro\u00dfhandel sind nicht nur f\u00fcr den Hausgebrauch geeignet, sondern auch f\u00fcr Speiselokale, Bankette und so weiter. Sie k\u00f6nnen die Mahlzeiten angenehmer machen und einen guten Eindruck bei den G\u00e4sten hinterlassen.<\/li>\n<\/ul>\n<\/div>\n\n\n\n<div class=\"wp-block-column is-layout-flow wp-block-column-is-layout-flow\">\n<figure class=\"wp-block-image size-full\"><img fetchpriority=\"high\" decoding=\"async\" width=\"2000\" height=\"2000\" src=\"https:\/\/jinhuaceramic.com\/wp-content\/uploads\/2025\/04\/Modern-Fine-China-Tableware-Wholesale-Custom-Dinnerware-Set-4.webp\" alt=\"Gro\u00dfhandel Geschirr f\u00fcr Restaurant, feines China-Geschirr Sets-1\" class=\"wp-image-8556\" srcset=\"https:\/\/jinhuaceramic.com\/wp-content\/uploads\/2025\/04\/Modern-Fine-China-Tableware-Wholesale-Custom-Dinnerware-Set-4.webp 2000w, https:\/\/jinhuaceramic.com\/wp-content\/uploads\/2025\/04\/Modern-Fine-China-Tableware-Wholesale-Custom-Dinnerware-Set-4-300x300.webp 300w, https:\/\/jinhuaceramic.com\/wp-content\/uploads\/2025\/04\/Modern-Fine-China-Tableware-Wholesale-Custom-Dinnerware-Set-4-150x150.webp 150w, https:\/\/jinhuaceramic.com\/wp-content\/uploads\/2025\/04\/Modern-Fine-China-Tableware-Wholesale-Custom-Dinnerware-Set-4-768x768.webp 768w, https:\/\/jinhuaceramic.com\/wp-content\/uploads\/2025\/04\/Modern-Fine-China-Tableware-Wholesale-Custom-Dinnerware-Set-4-12x12.webp 12w, https:\/\/jinhuaceramic.com\/wp-content\/uploads\/2025\/04\/Modern-Fine-China-Tableware-Wholesale-Custom-Dinnerware-Set-4-285x285.webp 285w, https:\/\/jinhuaceramic.com\/wp-content\/uploads\/2025\/04\/Modern-Fine-China-Tableware-Wholesale-Custom-Dinnerware-Set-4-1600x1600.webp 1600w, https:\/\/jinhuaceramic.com\/wp-content\/uploads\/2025\/04\/Modern-Fine-China-Tableware-Wholesale-Custom-Dinnerware-Set-4-270x270.webp 270w, https:\/\/jinhuaceramic.com\/wp-content\/uploads\/2025\/04\/Modern-Fine-China-Tableware-Wholesale-Custom-Dinnerware-Set-4-540x540.webp 540w, https:\/\/jinhuaceramic.com\/wp-content\/uploads\/2025\/04\/Modern-Fine-China-Tableware-Wholesale-Custom-Dinnerware-Set-4-660x660.webp 660w\" sizes=\"(max-width: 2000px) 100vw, 2000px\" \/><\/figure>\n<\/div>\n<\/div>","protected":false},"excerpt":{"rendered":"<p>Willkommen zum Kauf Gro\u00dfhandel Geschirr f\u00fcr Restaurant. Diese feinen Porzellangeschirr-Sets Gro\u00dfhandel sind eine beliebte Wahl f\u00fcr ihre sch\u00f6ne moderne Design, raffinierte braune Rand Dekoration, koordinierte Design von Tellern und Schalen, und hochwertige Materialien, die f\u00fcr alle Gelegenheiten geeignet sind.<\/p>","protected":false},"featured_media":8558,"comment_status":"closed","ping_status":"closed","template":"","meta":{"_acf_changed":false},"product_brand":[],"product_cat":[83,54],"product_tag":[],"class_list":{"0":"post-8552","1":"product","2":"type-product","3":"status-publish","4":"has-post-thumbnail","6":"product_cat-wholesale-dinnerware-sets","7":"product_cat-tableware-wholesale","9":"first","10":"instock","11":"shipping-taxable","12":"product-type-simple"},"acf":[],"_links":{"self":[{"href":"https:\/\/jinhuaceramic.com\/de\/wp-json\/wp\/v2\/product\/8552","targetHints":{"allow":["GET"]}}],"collection":[{"href":"https:\/\/jinhuaceramic.com\/de\/wp-json\/wp\/v2\/product"}],"about":[{"href":"https:\/\/jinhuaceramic.com\/de\/wp-json\/wp\/v2\/types\/product"}],"replies":[{"embeddable":true,"href":"https:\/\/jinhuaceramic.com\/de\/wp-json\/wp\/v2\/comments?post=8552"}],"version-history":[{"count":0,"href":"https:\/\/jinhuaceramic.com\/de\/wp-json\/wp\/v2\/product\/8552\/revisions"}],"wp:featuredmedia":[{"embeddable":true,"href":"https:\/\/jinhuaceramic.com\/de\/wp-json\/wp\/v2\/media\/8558"}],"wp:attachment":[{"href":"https:\/\/jinhuaceramic.com\/de\/wp-json\/wp\/v2\/media?parent=8552"}],"wp:term":[{"taxonomy":"product_brand","embeddable":true,"href":"https:\/\/jinhuaceramic.com\/de\/wp-json\/wp\/v2\/product_brand?post=8552"},{"taxonomy":"product_cat","embeddable":true,"href":"https:\/\/jinhuaceramic.com\/de\/wp-json\/wp\/v2\/product_cat?post=8552"},{"taxonomy":"product_tag","embeddable":true,"href":"https:\/\/jinhuaceramic.com\/de\/wp-json\/wp\/v2\/product_tag?post=8552"}],"curies":[{"name":"wp","href":"https:\/\/api.w.org\/{rel}","templated":true}]}}