{"id":8563,"date":"2025-04-11T02:12:50","date_gmt":"2025-04-11T02:12:50","guid":{"rendered":"https:\/\/jinhuaceramic.com\/?post_type=product&#038;p=8563"},"modified":"2025-04-11T02:12:51","modified_gmt":"2025-04-11T02:12:51","slug":"china-bakeware-wholesale","status":"publish","type":"product","link":"https:\/\/jinhuaceramic.com\/de\/product\/china-bakeware-wholesale\/","title":{"rendered":"China Backformen Gro\u00dfhandel, 3-St\u00fcck benutzerdefinierte Backform Set Bulk"},"content":{"rendered":"<div class=\"wp-block-columns is-layout-flex wp-container-core-columns-is-layout-9d6595d7 wp-block-columns-is-layout-flex\">\n<div class=\"wp-block-column is-layout-flow wp-block-column-is-layout-flow\">\n<h3 class=\"wp-block-heading\">Premium China Backformen Gro\u00dfhandel Eigenschaften:<\/h3>\n\n\n\n<ul class=\"wp-block-list\">\n<li><strong>Frische Farben: <\/strong>Diese Backformen aus Porzellan haben eine himmelblaue Au\u00dfenseite und eine wei\u00dfe Innenseite. Die Farben sind sehr vielseitig und leicht zu kombinieren mit vielen verschiedenen K\u00fcchendekor, und die Farben geben den Menschen ein Gef\u00fchl von Frische und Komfort.<\/li>\n\n\n\n<li><strong>Einzigartige Form: <\/strong>Das gewellte Design dieses Backformen-Sets ist neu und einzigartig. Im Gegensatz zu gew\u00f6hnlichen, regul\u00e4ren Backformen haben diese Backformen mit gewelltem Rand die F\u00e4higkeit, der K\u00fcche einen Sinn f\u00fcr Mode zu geben und dekorativer auszusehen, wenn sie Gerichte servieren, wodurch die Sch\u00f6nheit der Gerichte verbessert wird.<\/li>\n\n\n\n<li><strong>Hochwertiges Material: <\/strong>Diese hochwertigen Backformen aus Porzellan sorgen f\u00fcr eine gleichm\u00e4\u00dfige Erw\u00e4rmung der Speisen w\u00e4hrend des Backvorgangs, vermeiden partielle Verbrennungen oder Untergaren und gew\u00e4hrleisten den Backeffekt und den Geschmack der Speisen.<\/li>\n\n\n\n<li><strong>Verschiedene Gr\u00f6\u00dfen: <\/strong>Diese Kollektion von Backformen in drei Gr\u00f6\u00dfen eignet sich f\u00fcr verschiedene Backanforderungen. Die kleine Backform ist f\u00fcr kleine Mengen von Lebensmitteln, die gro\u00dfe Backform ist f\u00fcr das Backen von gro\u00dfen Mengen von Zutaten, wie ganze H\u00e4hnchen und gro\u00dfe St\u00fccke von Gem\u00fcse.<\/li>\n<\/ul>\n<\/div>\n\n\n\n<div class=\"wp-block-column is-layout-flow wp-block-column-is-layout-flow\">\n<figure class=\"wp-block-image size-full\"><img fetchpriority=\"high\" decoding=\"async\" width=\"1001\" height=\"1001\" src=\"https:\/\/jinhuaceramic.com\/wp-content\/uploads\/2025\/04\/3-Piece-Custom-Bakeware-Set-Wholesale-Baking-Dishes-In-Bulk-4.webp\" alt=\"China Backformen Gro\u00dfhandel, 3-teiliges individuelles Backformenset Gro\u00dfpackung-1\" class=\"wp-image-8566\" srcset=\"https:\/\/jinhuaceramic.com\/wp-content\/uploads\/2025\/04\/3-Piece-Custom-Bakeware-Set-Wholesale-Baking-Dishes-In-Bulk-4.webp 1001w, https:\/\/jinhuaceramic.com\/wp-content\/uploads\/2025\/04\/3-Piece-Custom-Bakeware-Set-Wholesale-Baking-Dishes-In-Bulk-4-300x300.webp 300w, https:\/\/jinhuaceramic.com\/wp-content\/uploads\/2025\/04\/3-Piece-Custom-Bakeware-Set-Wholesale-Baking-Dishes-In-Bulk-4-150x150.webp 150w, https:\/\/jinhuaceramic.com\/wp-content\/uploads\/2025\/04\/3-Piece-Custom-Bakeware-Set-Wholesale-Baking-Dishes-In-Bulk-4-768x768.webp 768w, https:\/\/jinhuaceramic.com\/wp-content\/uploads\/2025\/04\/3-Piece-Custom-Bakeware-Set-Wholesale-Baking-Dishes-In-Bulk-4-12x12.webp 12w, https:\/\/jinhuaceramic.com\/wp-content\/uploads\/2025\/04\/3-Piece-Custom-Bakeware-Set-Wholesale-Baking-Dishes-In-Bulk-4-285x285.webp 285w, https:\/\/jinhuaceramic.com\/wp-content\/uploads\/2025\/04\/3-Piece-Custom-Bakeware-Set-Wholesale-Baking-Dishes-In-Bulk-4-270x270.webp 270w, https:\/\/jinhuaceramic.com\/wp-content\/uploads\/2025\/04\/3-Piece-Custom-Bakeware-Set-Wholesale-Baking-Dishes-In-Bulk-4-540x540.webp 540w, https:\/\/jinhuaceramic.com\/wp-content\/uploads\/2025\/04\/3-Piece-Custom-Bakeware-Set-Wholesale-Baking-Dishes-In-Bulk-4-660x660.webp 660w\" sizes=\"(max-width: 1001px) 100vw, 1001px\" \/><\/figure>\n<\/div>\n<\/div>","protected":false},"excerpt":{"rendered":"<p>Willkommen zum Kauf von Porzellan Backformen Gro\u00dfhandel. Unsere benutzerdefinierte Backform Set bulk ist sch\u00f6n und praktisch mit einzigartigen gewellten Kanten und neue Farben, eine k\u00fcnstlerische Atmosph\u00e4re in die K\u00fcche und Esstisch. Mehrere Gr\u00f6\u00dfenkombinationen k\u00f6nnen verschiedene Kochbed\u00fcrfnisse erf\u00fcllen.<\/p>","protected":false},"featured_media":8565,"comment_status":"closed","ping_status":"closed","template":"","meta":{"_acf_changed":false},"product_brand":[],"product_cat":[53],"product_tag":[71],"class_list":{"0":"post-8563","1":"product","2":"type-product","3":"status-publish","4":"has-post-thumbnail","6":"product_cat-bakeware-in-bulk","7":"product_tag-wholesale-baking-pans","9":"first","10":"instock","11":"shipping-taxable","12":"product-type-simple"},"acf":[],"_links":{"self":[{"href":"https:\/\/jinhuaceramic.com\/de\/wp-json\/wp\/v2\/product\/8563","targetHints":{"allow":["GET"]}}],"collection":[{"href":"https:\/\/jinhuaceramic.com\/de\/wp-json\/wp\/v2\/product"}],"about":[{"href":"https:\/\/jinhuaceramic.com\/de\/wp-json\/wp\/v2\/types\/product"}],"replies":[{"embeddable":true,"href":"https:\/\/jinhuaceramic.com\/de\/wp-json\/wp\/v2\/comments?post=8563"}],"version-history":[{"count":0,"href":"https:\/\/jinhuaceramic.com\/de\/wp-json\/wp\/v2\/product\/8563\/revisions"}],"wp:featuredmedia":[{"embeddable":true,"href":"https:\/\/jinhuaceramic.com\/de\/wp-json\/wp\/v2\/media\/8565"}],"wp:attachment":[{"href":"https:\/\/jinhuaceramic.com\/de\/wp-json\/wp\/v2\/media?parent=8563"}],"wp:term":[{"taxonomy":"product_brand","embeddable":true,"href":"https:\/\/jinhuaceramic.com\/de\/wp-json\/wp\/v2\/product_brand?post=8563"},{"taxonomy":"product_cat","embeddable":true,"href":"https:\/\/jinhuaceramic.com\/de\/wp-json\/wp\/v2\/product_cat?post=8563"},{"taxonomy":"product_tag","embeddable":true,"href":"https:\/\/jinhuaceramic.com\/de\/wp-json\/wp\/v2\/product_tag?post=8563"}],"curies":[{"name":"wp","href":"https:\/\/api.w.org\/{rel}","templated":true}]}}