{"id":8572,"date":"2025-04-11T01:54:35","date_gmt":"2025-04-11T01:54:35","guid":{"rendered":"https:\/\/jinhuaceramic.com\/?post_type=product&#038;p=8572"},"modified":"2025-04-11T01:54:37","modified_gmt":"2025-04-11T01:54:37","slug":"chinese-crockery-wholesale","status":"publish","type":"product","link":"https:\/\/jinhuaceramic.com\/de\/product\/chinese-crockery-wholesale\/","title":{"rendered":"Gl\u00e4nzend wei\u00dfes chinesisches Geschirr Gro\u00dfhandel mit Goldrand"},"content":{"rendered":"<div class=\"wp-block-columns is-layout-flex wp-container-core-columns-is-layout-9d6595d7 wp-block-columns-is-layout-flex\">\n<div class=\"wp-block-column is-layout-flow wp-block-column-is-layout-flow\">\n<h3 class=\"wp-block-heading\">Premium Chinese Crockery Gro\u00dfhandel Merkmale:<\/h3>\n\n\n\n<ul class=\"wp-block-list\">\n<li><strong>Elegantes Design: <\/strong>Die Oberfl\u00e4che dieser chinesischen Geschirrsets ist nicht glatt, sondern leicht uneben, was sie einzigartig und hochwertig macht. Diese Tafelsets sind gl\u00e4nzend wei\u00df mit zarten Goldrandlinien, die zeitlos schlicht sind und sich f\u00fcr Restaurants oder Wohnumgebungen mit gemischten Dekorthemen eignen.<\/li>\n\n\n\n<li><strong>Hochwertiges Material: <\/strong>Dieses hochwertige wei\u00dfe Steingutgeschirr ist nach dem Brennen bei hohen Temperaturen chemisch stabil, laugt keine Giftstoffe aus und kommt nicht direkt mit Lebensmitteln in Ber\u00fchrung, so dass es sicher und zuverl\u00e4ssig ist und eine gesunde Ern\u00e4hrung gew\u00e4hrleistet.<\/li>\n\n\n\n<li><strong>Breite Anwendbarkeit: <\/strong>Diese chinesischen Geschirrsets f\u00fcr den Gro\u00dfhandel umfassen Sch\u00fcsseln und Teller in verschiedenen Gr\u00f6\u00dfen, um den unterschiedlichen Bed\u00fcrfnissen beim Essen gerecht zu werden. Mit einheitlichen T\u00f6nen und Stilen kann das Geschirr frei kombiniert werden, egal ob es sich um t\u00e4gliche Familienmahlzeiten oder formelle Abendessen zur Bewirtung von G\u00e4sten handelt, es ist sehr gut geeignet, um verschiedene Plattierungseffekte zu erzielen.<\/li>\n\n\n\n<li><strong>Einfach zu pflegen: <\/strong>Diese wei\u00dfen Gro\u00dfhandelsgeschirrsets haben eine glatte Glasur, nehmen nicht so leicht \u00d6lflecken, Speisereste usw. auf, absorbieren nicht so leicht Ger\u00fcche und sind leicht zu reinigen. Gleichzeitig k\u00f6nnen sie in der Geschirrsp\u00fclmaschine gereinigt werden, was die M\u00fche der manuellen Reinigung verringert.<\/li>\n<\/ul>\n<\/div>\n\n\n\n<div class=\"wp-block-column is-layout-flow wp-block-column-is-layout-flow\">\n<figure class=\"wp-block-image size-full\"><img fetchpriority=\"high\" decoding=\"async\" width=\"2000\" height=\"2000\" src=\"https:\/\/jinhuaceramic.com\/wp-content\/uploads\/2025\/04\/High-End-Stoneware-Dinnerware-Set-Custom-Tableware-Wholesale-4.webp\" alt=\"Gl\u00e4nzendes wei\u00dfes chinesisches Geschirr Gro\u00dfhandel mit Goldrand-1\" class=\"wp-image-8575\" srcset=\"https:\/\/jinhuaceramic.com\/wp-content\/uploads\/2025\/04\/High-End-Stoneware-Dinnerware-Set-Custom-Tableware-Wholesale-4.webp 2000w, https:\/\/jinhuaceramic.com\/wp-content\/uploads\/2025\/04\/High-End-Stoneware-Dinnerware-Set-Custom-Tableware-Wholesale-4-300x300.webp 300w, https:\/\/jinhuaceramic.com\/wp-content\/uploads\/2025\/04\/High-End-Stoneware-Dinnerware-Set-Custom-Tableware-Wholesale-4-150x150.webp 150w, https:\/\/jinhuaceramic.com\/wp-content\/uploads\/2025\/04\/High-End-Stoneware-Dinnerware-Set-Custom-Tableware-Wholesale-4-768x768.webp 768w, https:\/\/jinhuaceramic.com\/wp-content\/uploads\/2025\/04\/High-End-Stoneware-Dinnerware-Set-Custom-Tableware-Wholesale-4-12x12.webp 12w, https:\/\/jinhuaceramic.com\/wp-content\/uploads\/2025\/04\/High-End-Stoneware-Dinnerware-Set-Custom-Tableware-Wholesale-4-285x285.webp 285w, https:\/\/jinhuaceramic.com\/wp-content\/uploads\/2025\/04\/High-End-Stoneware-Dinnerware-Set-Custom-Tableware-Wholesale-4-1600x1600.webp 1600w, https:\/\/jinhuaceramic.com\/wp-content\/uploads\/2025\/04\/High-End-Stoneware-Dinnerware-Set-Custom-Tableware-Wholesale-4-270x270.webp 270w, https:\/\/jinhuaceramic.com\/wp-content\/uploads\/2025\/04\/High-End-Stoneware-Dinnerware-Set-Custom-Tableware-Wholesale-4-540x540.webp 540w, https:\/\/jinhuaceramic.com\/wp-content\/uploads\/2025\/04\/High-End-Stoneware-Dinnerware-Set-Custom-Tableware-Wholesale-4-660x660.webp 660w\" sizes=\"(max-width: 2000px) 100vw, 2000px\" \/><\/figure>\n<\/div>\n<\/div>\n\n\n\n<p><\/p>","protected":false},"excerpt":{"rendered":"<p>Willkommen zum Kauf Gro\u00dfhandel wei\u00df Geschirr-Sets. Diese modisch gestalteten und aus hochwertigem Steingut gefertigten chinesischen Geschirrsets sind einfach zu benutzen und wartungsarm. Sie sind attraktiv und funktional, ideal, um Ihr Esserlebnis zu verbessern.<\/p>","protected":false},"featured_media":8576,"comment_status":"closed","ping_status":"closed","template":"","meta":{"_acf_changed":false},"product_brand":[],"product_cat":[83,54],"product_tag":[],"class_list":{"0":"post-8572","1":"product","2":"type-product","3":"status-publish","4":"has-post-thumbnail","6":"product_cat-wholesale-dinnerware-sets","7":"product_cat-tableware-wholesale","9":"first","10":"instock","11":"shipping-taxable","12":"product-type-simple"},"acf":[],"_links":{"self":[{"href":"https:\/\/jinhuaceramic.com\/de\/wp-json\/wp\/v2\/product\/8572","targetHints":{"allow":["GET"]}}],"collection":[{"href":"https:\/\/jinhuaceramic.com\/de\/wp-json\/wp\/v2\/product"}],"about":[{"href":"https:\/\/jinhuaceramic.com\/de\/wp-json\/wp\/v2\/types\/product"}],"replies":[{"embeddable":true,"href":"https:\/\/jinhuaceramic.com\/de\/wp-json\/wp\/v2\/comments?post=8572"}],"version-history":[{"count":0,"href":"https:\/\/jinhuaceramic.com\/de\/wp-json\/wp\/v2\/product\/8572\/revisions"}],"wp:featuredmedia":[{"embeddable":true,"href":"https:\/\/jinhuaceramic.com\/de\/wp-json\/wp\/v2\/media\/8576"}],"wp:attachment":[{"href":"https:\/\/jinhuaceramic.com\/de\/wp-json\/wp\/v2\/media?parent=8572"}],"wp:term":[{"taxonomy":"product_brand","embeddable":true,"href":"https:\/\/jinhuaceramic.com\/de\/wp-json\/wp\/v2\/product_brand?post=8572"},{"taxonomy":"product_cat","embeddable":true,"href":"https:\/\/jinhuaceramic.com\/de\/wp-json\/wp\/v2\/product_cat?post=8572"},{"taxonomy":"product_tag","embeddable":true,"href":"https:\/\/jinhuaceramic.com\/de\/wp-json\/wp\/v2\/product_tag?post=8572"}],"curies":[{"name":"wp","href":"https:\/\/api.w.org\/{rel}","templated":true}]}}