{"id":8655,"date":"2025-04-16T03:47:31","date_gmt":"2025-04-16T03:47:31","guid":{"rendered":"https:\/\/jinhuaceramic.com\/?post_type=product&#038;p=8655"},"modified":"2025-04-16T03:47:33","modified_gmt":"2025-04-16T03:47:33","slug":"bulk-dinnerware-wholesale","status":"publish","type":"product","link":"https:\/\/jinhuaceramic.com\/de\/product\/bulk-dinnerware-wholesale\/","title":{"rendered":"Rustikale Bulk-Geschirr Gro\u00dfhandel, ma\u00dfgeschneiderte Geschirr-Set"},"content":{"rendered":"<div class=\"wp-block-columns is-layout-flex wp-container-core-columns-is-layout-9d6595d7 wp-block-columns-is-layout-flex\">\n<div class=\"wp-block-column is-layout-flow wp-block-column-is-layout-flow\">\n<h3 class=\"wp-block-heading\">Premium Bulk Essgeschirr Gro\u00dfhandel Merkmale:<\/h3>\n\n\n\n<ul class=\"wp-block-list\">\n<li><strong>Rustikaler Stil: <\/strong>Diese Bulk-Geschirr Gro\u00dfhandel sind entworfen, um rustikal und elegant sein. Das warme Hellgrau mit braunen Paspeln an den R\u00e4ndern ist elegant und vielseitig. Die leicht holprige Textur auf der Oberfl\u00e4che des Geschirrs gibt dem Geschirr einen Hauch von Retro und handgemachtes Aussehen, so dass es rustikal aussehen.<\/li>\n\n\n\n<li><strong>Hochwertiges keramisches Material:<\/strong> Diese individuell angefertigten Geschirrsets bestehen aus nat\u00fcrlichem keramischem Ton, der bei hohen Temperaturen gebrannt wird, eine gute Hitzebest\u00e4ndigkeit aufweist und sicher f\u00fcr die Aufbewahrung verschiedener hei\u00dfer Speisen ist. Keramikgeschirr ist haltbar, nicht leicht zerkratzbar und zerbrechlich, und hat eine lange Lebensdauer.<\/li>\n\n\n\n<li><strong>Praktikabilit\u00e4t: <\/strong>Diese Bulk-Geschirr Gro\u00dfhandel geh\u00f6ren verschiedene Gr\u00f6\u00dfen von Schalen und Teller, um eine Vielzahl von t\u00e4glichen Mahlzeiten Bed\u00fcrfnisse zu erf\u00fcllen, ob es zu Hause gekocht oder G\u00e4ste zu unterhalten, k\u00f6nnen sie leicht mit ihm zu bew\u00e4ltigen.<\/li>\n\n\n\n<li><strong>Verbessern Sie das Essenserlebnis: <\/strong>Diese hochwertigen, ma\u00dfgefertigten Geschirrsets sind strukturiert, vermitteln ein feines haptisches Erlebnis und erh\u00f6hen den Esskomfort. Das sch\u00f6ne und luxuri\u00f6se Aussehen kann das Ambiente und die Rituale beim Essen verbessern und die Freude am Essen steigern.<\/li>\n<\/ul>\n<\/div>\n\n\n\n<div class=\"wp-block-column is-layout-flow wp-block-column-is-layout-flow\">\n<figure class=\"wp-block-image size-full\"><img fetchpriority=\"high\" decoding=\"async\" width=\"2000\" height=\"2000\" src=\"https:\/\/jinhuaceramic.com\/wp-content\/uploads\/2025\/04\/Rustic-Dinner-Crockery-Set-Wholesale-Custom-Tableware-In-Bulk-8.webp\" alt=\"Rustikale Bulk-Geschirr Gro\u00dfhandel, benutzerdefinierte gemacht Geschirr Set-1\" class=\"wp-image-8662\" srcset=\"https:\/\/jinhuaceramic.com\/wp-content\/uploads\/2025\/04\/Rustic-Dinner-Crockery-Set-Wholesale-Custom-Tableware-In-Bulk-8.webp 2000w, https:\/\/jinhuaceramic.com\/wp-content\/uploads\/2025\/04\/Rustic-Dinner-Crockery-Set-Wholesale-Custom-Tableware-In-Bulk-8-300x300.webp 300w, https:\/\/jinhuaceramic.com\/wp-content\/uploads\/2025\/04\/Rustic-Dinner-Crockery-Set-Wholesale-Custom-Tableware-In-Bulk-8-150x150.webp 150w, https:\/\/jinhuaceramic.com\/wp-content\/uploads\/2025\/04\/Rustic-Dinner-Crockery-Set-Wholesale-Custom-Tableware-In-Bulk-8-768x768.webp 768w, https:\/\/jinhuaceramic.com\/wp-content\/uploads\/2025\/04\/Rustic-Dinner-Crockery-Set-Wholesale-Custom-Tableware-In-Bulk-8-12x12.webp 12w, https:\/\/jinhuaceramic.com\/wp-content\/uploads\/2025\/04\/Rustic-Dinner-Crockery-Set-Wholesale-Custom-Tableware-In-Bulk-8-285x285.webp 285w, https:\/\/jinhuaceramic.com\/wp-content\/uploads\/2025\/04\/Rustic-Dinner-Crockery-Set-Wholesale-Custom-Tableware-In-Bulk-8-1600x1600.webp 1600w, https:\/\/jinhuaceramic.com\/wp-content\/uploads\/2025\/04\/Rustic-Dinner-Crockery-Set-Wholesale-Custom-Tableware-In-Bulk-8-270x270.webp 270w, https:\/\/jinhuaceramic.com\/wp-content\/uploads\/2025\/04\/Rustic-Dinner-Crockery-Set-Wholesale-Custom-Tableware-In-Bulk-8-540x540.webp 540w, https:\/\/jinhuaceramic.com\/wp-content\/uploads\/2025\/04\/Rustic-Dinner-Crockery-Set-Wholesale-Custom-Tableware-In-Bulk-8-660x660.webp 660w\" sizes=\"(max-width: 2000px) 100vw, 2000px\" \/><\/figure>\n<\/div>\n<\/div>","protected":false},"excerpt":{"rendered":"<p>Willkommen in der Bulk-Geschirr Gro\u00dfhandel zu kaufen. Diese rustikalen, ma\u00dfgeschneiderten Geschirrsets haben ein sch\u00f6nes Aussehen, sicheres und haltbares Keramikmaterial und mehrere Gr\u00f6\u00dfen von Geschirr. Sie k\u00f6nnen nicht nur den t\u00e4glichen Essensbedarf der Menschen erf\u00fcllen, sondern auch eine warme, gem\u00fctliche und elegante Essensatmosph\u00e4re und ein besseres Esserlebnis bieten.<\/p>","protected":false},"featured_media":8663,"comment_status":"closed","ping_status":"closed","template":"","meta":{"_acf_changed":false},"product_brand":[],"product_cat":[83,54],"product_tag":[],"class_list":{"0":"post-8655","1":"product","2":"type-product","3":"status-publish","4":"has-post-thumbnail","6":"product_cat-wholesale-dinnerware-sets","7":"product_cat-tableware-wholesale","9":"first","10":"instock","11":"shipping-taxable","12":"product-type-simple"},"acf":[],"_links":{"self":[{"href":"https:\/\/jinhuaceramic.com\/de\/wp-json\/wp\/v2\/product\/8655","targetHints":{"allow":["GET"]}}],"collection":[{"href":"https:\/\/jinhuaceramic.com\/de\/wp-json\/wp\/v2\/product"}],"about":[{"href":"https:\/\/jinhuaceramic.com\/de\/wp-json\/wp\/v2\/types\/product"}],"replies":[{"embeddable":true,"href":"https:\/\/jinhuaceramic.com\/de\/wp-json\/wp\/v2\/comments?post=8655"}],"version-history":[{"count":0,"href":"https:\/\/jinhuaceramic.com\/de\/wp-json\/wp\/v2\/product\/8655\/revisions"}],"wp:featuredmedia":[{"embeddable":true,"href":"https:\/\/jinhuaceramic.com\/de\/wp-json\/wp\/v2\/media\/8663"}],"wp:attachment":[{"href":"https:\/\/jinhuaceramic.com\/de\/wp-json\/wp\/v2\/media?parent=8655"}],"wp:term":[{"taxonomy":"product_brand","embeddable":true,"href":"https:\/\/jinhuaceramic.com\/de\/wp-json\/wp\/v2\/product_brand?post=8655"},{"taxonomy":"product_cat","embeddable":true,"href":"https:\/\/jinhuaceramic.com\/de\/wp-json\/wp\/v2\/product_cat?post=8655"},{"taxonomy":"product_tag","embeddable":true,"href":"https:\/\/jinhuaceramic.com\/de\/wp-json\/wp\/v2\/product_tag?post=8655"}],"curies":[{"name":"wp","href":"https:\/\/api.w.org\/{rel}","templated":true}]}}