{"id":8672,"date":"2025-04-18T03:04:51","date_gmt":"2025-04-18T03:04:51","guid":{"rendered":"https:\/\/jinhuaceramic.com\/?post_type=product&#038;p=8672"},"modified":"2025-04-18T03:04:53","modified_gmt":"2025-04-18T03:04:53","slug":"wholesale-bathroom-accessory-set-2","status":"publish","type":"product","link":"https:\/\/jinhuaceramic.com\/de\/product\/wholesale-bathroom-accessory-set-2\/","title":{"rendered":"Beige Gro\u00dfhandel Badezimmer-Zubeh\u00f6r-Set, benutzerdefinierte Badezimmer-Set"},"content":{"rendered":"<div class=\"wp-block-columns is-layout-flex wp-container-core-columns-is-layout-9d6595d7 wp-block-columns-is-layout-flex\">\n<div class=\"wp-block-column is-layout-flow wp-block-column-is-layout-flow\">\n<h3 class=\"wp-block-heading\">Premium-Gro\u00dfhandel Badezimmer-Zubeh\u00f6r-Set Eigenschaften:<\/h3>\n\n\n\n<ul class=\"wp-block-list\">\n<li><strong>Elegantes Design: <\/strong>Das Design dieses Gro\u00dfhandels-Badezimmerzubeh\u00f6rsets hat ein klares, aber elegantes Design. Die warme beige Farbe und die runde Form sind flexibel und warm, und k\u00f6nnen leicht in jedes Badezimmer Design integriert werden. Die feine gesprenkelte Oberfl\u00e4chentextur verleiht dem Badzubeh\u00f6r einen Hauch von Eleganz.<\/li>\n\n\n\n<li><strong>Hochwertiges Material: <\/strong>Hochwertiges keramisches Material, das bei hoher Temperatur gebrannt wird, wird f\u00fcr die Herstellung unserer kundenspezifischen Badezimmer-Sets verwendet. So hat es eine gro\u00dfe Best\u00e4ndigkeit gegen Korrosion sowie Abrieb, kann es Erosion Aktion in feuchten Bad Bedingungen widerstehen, und verformt oder bricht nicht leicht.<\/li>\n\n\n\n<li><strong>Vollst\u00e4ndiger Satz: <\/strong>Diese Gro\u00dfhandels-Badezimmerzubeh\u00f6r-Sets umfassen einen Seifenspender, einen Mundwasserbecher, ein Glas und eine Seifenschale, die den Aufbewahrungs- und Nutzungsbedarf des t\u00e4glichen Badezimmerbedarfs decken k\u00f6nnen. Der Seifenspender Pumpe ist gro\u00df im Bereich und bequem zu dr\u00fccken.<\/li>\n\n\n\n<li><strong>Leicht zu reinigen: <\/strong>Diese individuellen Badezimmer-Sets aus Keramik haben eine glatte Oberfl\u00e4che, die nicht so leicht verschmutzt und sehr leicht zu reinigen ist - einfach mit einem feuchten Tuch abwischen. Keramisches Material kann nicht leicht in Bakterien gez\u00fcchtet werden, die Badartikel sauber halten k\u00f6nnen.<\/li>\n<\/ul>\n<\/div>\n\n\n\n<div class=\"wp-block-column is-layout-flow wp-block-column-is-layout-flow\">\n<figure class=\"wp-block-image size-full\"><img fetchpriority=\"high\" decoding=\"async\" width=\"1600\" height=\"1600\" src=\"https:\/\/jinhuaceramic.com\/wp-content\/uploads\/2025\/04\/Beige-Custom-Bathroom-Accessories-Set-Bathroom-Supplies-Wholesale-5.webp\" alt=\"Beige Gro\u00dfhandel Badezimmer-Zubeh\u00f6r-Set, benutzerdefinierte Badezimmer-Set-1\" class=\"wp-image-8676\" srcset=\"https:\/\/jinhuaceramic.com\/wp-content\/uploads\/2025\/04\/Beige-Custom-Bathroom-Accessories-Set-Bathroom-Supplies-Wholesale-5.webp 1600w, https:\/\/jinhuaceramic.com\/wp-content\/uploads\/2025\/04\/Beige-Custom-Bathroom-Accessories-Set-Bathroom-Supplies-Wholesale-5-300x300.webp 300w, https:\/\/jinhuaceramic.com\/wp-content\/uploads\/2025\/04\/Beige-Custom-Bathroom-Accessories-Set-Bathroom-Supplies-Wholesale-5-150x150.webp 150w, https:\/\/jinhuaceramic.com\/wp-content\/uploads\/2025\/04\/Beige-Custom-Bathroom-Accessories-Set-Bathroom-Supplies-Wholesale-5-768x768.webp 768w, https:\/\/jinhuaceramic.com\/wp-content\/uploads\/2025\/04\/Beige-Custom-Bathroom-Accessories-Set-Bathroom-Supplies-Wholesale-5-12x12.webp 12w, https:\/\/jinhuaceramic.com\/wp-content\/uploads\/2025\/04\/Beige-Custom-Bathroom-Accessories-Set-Bathroom-Supplies-Wholesale-5-285x285.webp 285w, https:\/\/jinhuaceramic.com\/wp-content\/uploads\/2025\/04\/Beige-Custom-Bathroom-Accessories-Set-Bathroom-Supplies-Wholesale-5-270x270.webp 270w, https:\/\/jinhuaceramic.com\/wp-content\/uploads\/2025\/04\/Beige-Custom-Bathroom-Accessories-Set-Bathroom-Supplies-Wholesale-5-540x540.webp 540w, https:\/\/jinhuaceramic.com\/wp-content\/uploads\/2025\/04\/Beige-Custom-Bathroom-Accessories-Set-Bathroom-Supplies-Wholesale-5-660x660.webp 660w\" sizes=\"(max-width: 1600px) 100vw, 1600px\" \/><\/figure>\n<\/div>\n<\/div>","protected":false},"excerpt":{"rendered":"<p>Willkommen im Gro\u00dfhandel Bad-Accessoire-Sets zu kaufen. Unsere beige benutzerdefinierte Bad-Sets sind einfach und elegant im Design, langlebig in Keramik-Material, mit komplettem Zubeh\u00f6r und leicht zu reinigen.<\/p>","protected":false},"featured_media":8678,"comment_status":"closed","ping_status":"closed","template":"","meta":{"_acf_changed":false},"product_brand":[],"product_cat":[51],"product_tag":[74],"class_list":{"0":"post-8672","1":"product","2":"type-product","3":"status-publish","4":"has-post-thumbnail","6":"product_cat-bathroom-accessories-wholesale","7":"product_tag-ceramic-bath-accessories-wholesale","9":"first","10":"instock","11":"shipping-taxable","12":"product-type-simple"},"acf":[],"_links":{"self":[{"href":"https:\/\/jinhuaceramic.com\/de\/wp-json\/wp\/v2\/product\/8672","targetHints":{"allow":["GET"]}}],"collection":[{"href":"https:\/\/jinhuaceramic.com\/de\/wp-json\/wp\/v2\/product"}],"about":[{"href":"https:\/\/jinhuaceramic.com\/de\/wp-json\/wp\/v2\/types\/product"}],"replies":[{"embeddable":true,"href":"https:\/\/jinhuaceramic.com\/de\/wp-json\/wp\/v2\/comments?post=8672"}],"version-history":[{"count":0,"href":"https:\/\/jinhuaceramic.com\/de\/wp-json\/wp\/v2\/product\/8672\/revisions"}],"wp:featuredmedia":[{"embeddable":true,"href":"https:\/\/jinhuaceramic.com\/de\/wp-json\/wp\/v2\/media\/8678"}],"wp:attachment":[{"href":"https:\/\/jinhuaceramic.com\/de\/wp-json\/wp\/v2\/media?parent=8672"}],"wp:term":[{"taxonomy":"product_brand","embeddable":true,"href":"https:\/\/jinhuaceramic.com\/de\/wp-json\/wp\/v2\/product_brand?post=8672"},{"taxonomy":"product_cat","embeddable":true,"href":"https:\/\/jinhuaceramic.com\/de\/wp-json\/wp\/v2\/product_cat?post=8672"},{"taxonomy":"product_tag","embeddable":true,"href":"https:\/\/jinhuaceramic.com\/de\/wp-json\/wp\/v2\/product_tag?post=8672"}],"curies":[{"name":"wp","href":"https:\/\/api.w.org\/{rel}","templated":true}]}}