{"id":8683,"date":"2025-04-18T02:30:42","date_gmt":"2025-04-18T02:30:42","guid":{"rendered":"https:\/\/jinhuaceramic.com\/?post_type=product&#038;p=8683"},"modified":"2025-04-18T02:30:44","modified_gmt":"2025-04-18T02:30:44","slug":"asian-dinnerware-wholesale","status":"publish","type":"product","link":"https:\/\/jinhuaceramic.com\/de\/product\/asian-dinnerware-wholesale\/","title":{"rendered":"Olivgr\u00fcnes asiatisches Geschirr Gro\u00dfhandel, Teller und Sch\u00fcssel Bulk"},"content":{"rendered":"<div class=\"wp-block-columns is-layout-flex wp-container-core-columns-is-layout-9d6595d7 wp-block-columns-is-layout-flex\">\n<div class=\"wp-block-column is-layout-flow wp-block-column-is-layout-flow\">\n<h3 class=\"wp-block-heading\">Premium Asian Dinnerware Gro\u00dfhandel Eigenschaften:<\/h3>\n\n\n\n<ul class=\"wp-block-list\">\n<li><strong>Dunkelgr\u00fcner Farbton: <\/strong>Diese asiatischen Geschirr Gro\u00dfhandel haben eine tiefe, nat\u00fcrliche gr\u00fcne Farbe, die ein Gef\u00fchl der Ruhe und Energie auf den Esstisch bringen k\u00f6nnte und erheblich verbessern die Sch\u00f6nheit der Speisesaal Umwelt.<\/li>\n\n\n\n<li><strong>Exquisites Erscheinungsbild:<\/strong> Der subtile Farbunterschied auf der Oberfl\u00e4che dieser losen Teller und Schalen verleiht ihnen ein Finish, das an handgefertigtes Geschirr erinnert, das trotz seines rustikalen Aussehens eine gewisse Eleganz besitzt. Dieses Geschirr ist mit einer dunkelbraunen Paspel versehen, die den Rand des Geschirrs einfasst und es eleganter erscheinen l\u00e4sst.<\/li>\n\n\n\n<li><strong>Hochwertiges Material: <\/strong>Diese olivgr\u00fcne asiatische Geschirr Gro\u00dfhandel sind mit Hochtemperatur gebrannt hochwertige keramische Material mit einer gewissen H\u00e4rte hergestellt und sind nicht leicht gebrochen oder zerkratzt. Sie sind ungiftig und sicher, haben eine gute Hitzebest\u00e4ndigkeit und k\u00f6nnen verwendet werden, um hei\u00dfe Speisen ohne Sorge zu halten.<\/li>\n\n\n\n<li><strong>Praktikabilit\u00e4t: <\/strong>Dieses Set aus Tellern und Sch\u00fcsseln umfasst eine M\u00fcslischale, einen Salatteller und einen Essteller, die alle Speisen abdecken. Sie werden f\u00fcr die t\u00e4glichen Familienmahlzeiten oder auch f\u00fcr die Bewirtung von Besuchern verwendet.<\/li>\n<\/ul>\n<\/div>\n\n\n\n<div class=\"wp-block-column is-layout-flow wp-block-column-is-layout-flow\">\n<figure class=\"wp-block-image size-full\"><img fetchpriority=\"high\" decoding=\"async\" width=\"1280\" height=\"1280\" src=\"https:\/\/jinhuaceramic.com\/wp-content\/uploads\/2025\/04\/High-End-Green-Dinnerware-Set-Custom-Ceramic-Dinner-Tableware-Set.webp\" alt=\"Olivgr\u00fcnes asiatisches Essgeschirr Gro\u00dfhandel, Teller und Sch\u00fcssel Bulk-8\" class=\"wp-image-8691\" srcset=\"https:\/\/jinhuaceramic.com\/wp-content\/uploads\/2025\/04\/High-End-Green-Dinnerware-Set-Custom-Ceramic-Dinner-Tableware-Set.webp 1280w, https:\/\/jinhuaceramic.com\/wp-content\/uploads\/2025\/04\/High-End-Green-Dinnerware-Set-Custom-Ceramic-Dinner-Tableware-Set-300x300.webp 300w, https:\/\/jinhuaceramic.com\/wp-content\/uploads\/2025\/04\/High-End-Green-Dinnerware-Set-Custom-Ceramic-Dinner-Tableware-Set-150x150.webp 150w, https:\/\/jinhuaceramic.com\/wp-content\/uploads\/2025\/04\/High-End-Green-Dinnerware-Set-Custom-Ceramic-Dinner-Tableware-Set-768x768.webp 768w, https:\/\/jinhuaceramic.com\/wp-content\/uploads\/2025\/04\/High-End-Green-Dinnerware-Set-Custom-Ceramic-Dinner-Tableware-Set-12x12.webp 12w, https:\/\/jinhuaceramic.com\/wp-content\/uploads\/2025\/04\/High-End-Green-Dinnerware-Set-Custom-Ceramic-Dinner-Tableware-Set-285x285.webp 285w, https:\/\/jinhuaceramic.com\/wp-content\/uploads\/2025\/04\/High-End-Green-Dinnerware-Set-Custom-Ceramic-Dinner-Tableware-Set-270x270.webp 270w, https:\/\/jinhuaceramic.com\/wp-content\/uploads\/2025\/04\/High-End-Green-Dinnerware-Set-Custom-Ceramic-Dinner-Tableware-Set-540x540.webp 540w, https:\/\/jinhuaceramic.com\/wp-content\/uploads\/2025\/04\/High-End-Green-Dinnerware-Set-Custom-Ceramic-Dinner-Tableware-Set-660x660.webp 660w\" sizes=\"(max-width: 1280px) 100vw, 1280px\" \/><\/figure>\n<\/div>\n<\/div>","protected":false},"excerpt":{"rendered":"<p>Willkommen zum Kauf gro\u00dfer Mengen von Tellern und Schalen. Unsere olivgr\u00fcne asiatische Geschirr Gro\u00dfhandel hat einzigartige Farben, exquisite Rand-Designs, praktische Geschirr-Kombinationen, Haltbarkeit und Sicherheit von Materialien, die effektiv das Vergn\u00fcgen des Essens verbessern k\u00f6nnen.<\/p>","protected":false},"featured_media":8690,"comment_status":"closed","ping_status":"closed","template":"","meta":{"_acf_changed":false},"product_brand":[],"product_cat":[83,54],"product_tag":[],"class_list":{"0":"post-8683","1":"product","2":"type-product","3":"status-publish","4":"has-post-thumbnail","6":"product_cat-wholesale-dinnerware-sets","7":"product_cat-tableware-wholesale","9":"first","10":"instock","11":"shipping-taxable","12":"product-type-simple"},"acf":[],"_links":{"self":[{"href":"https:\/\/jinhuaceramic.com\/de\/wp-json\/wp\/v2\/product\/8683","targetHints":{"allow":["GET"]}}],"collection":[{"href":"https:\/\/jinhuaceramic.com\/de\/wp-json\/wp\/v2\/product"}],"about":[{"href":"https:\/\/jinhuaceramic.com\/de\/wp-json\/wp\/v2\/types\/product"}],"replies":[{"embeddable":true,"href":"https:\/\/jinhuaceramic.com\/de\/wp-json\/wp\/v2\/comments?post=8683"}],"version-history":[{"count":0,"href":"https:\/\/jinhuaceramic.com\/de\/wp-json\/wp\/v2\/product\/8683\/revisions"}],"wp:featuredmedia":[{"embeddable":true,"href":"https:\/\/jinhuaceramic.com\/de\/wp-json\/wp\/v2\/media\/8690"}],"wp:attachment":[{"href":"https:\/\/jinhuaceramic.com\/de\/wp-json\/wp\/v2\/media?parent=8683"}],"wp:term":[{"taxonomy":"product_brand","embeddable":true,"href":"https:\/\/jinhuaceramic.com\/de\/wp-json\/wp\/v2\/product_brand?post=8683"},{"taxonomy":"product_cat","embeddable":true,"href":"https:\/\/jinhuaceramic.com\/de\/wp-json\/wp\/v2\/product_cat?post=8683"},{"taxonomy":"product_tag","embeddable":true,"href":"https:\/\/jinhuaceramic.com\/de\/wp-json\/wp\/v2\/product_tag?post=8683"}],"curies":[{"name":"wp","href":"https:\/\/api.w.org\/{rel}","templated":true}]}}