{"id":8700,"date":"2025-04-18T09:49:09","date_gmt":"2025-04-18T09:49:09","guid":{"rendered":"https:\/\/jinhuaceramic.com\/?post_type=product&#038;p=8700"},"modified":"2025-04-18T09:49:11","modified_gmt":"2025-04-18T09:49:11","slug":"wholesale-bath-set","status":"publish","type":"product","link":"https:\/\/jinhuaceramic.com\/de\/product\/wholesale-bath-set\/","title":{"rendered":"Gro\u00dfhandel Bad Set Bad-Accessoires mit gepr\u00e4gten Bl\u00e4ttern"},"content":{"rendered":"<div class=\"wp-block-columns is-layout-flex wp-container-core-columns-is-layout-9d6595d7 wp-block-columns-is-layout-flex\">\n<div class=\"wp-block-column is-layout-flow wp-block-column-is-layout-flow\">\n<h3 class=\"wp-block-heading\">Premium Wholesale Bath Set\u00a0Features:<\/h3>\n\n\n\n<ul class=\"wp-block-list\">\n<li><strong>Elegantes Design: <\/strong>These white wholesale bath sets are simple and elegant, and can be easily added to bathroom decor of most types. The surface of the bathroom accessories is made with embossed Leaves patterns, which breaks the dull effect of the white color and provides a creative and luxurious look.<\/li>\n\n\n\n<li><strong>Langlebiges Material: <\/strong>All these bulk bathroom accessories are made from wear-resistant, corrosion-resistant, hard, and durable ceramic material and are not prone to damage due to repeated use.<\/li>\n\n\n\n<li><strong>Praktikabilit\u00e4t: <\/strong>This wholesale bath set contains a soap dispenser, toothbrush holder, lid and soap jar, and soap dish. The soap bottle is used to dispense hand soap, shower gel or shampoo, etc. Toothbrush holder&#8217;s dividers are able to hold multiple toothbrushes at the same time, which is handy and hygienic. Storage jar is utilized to keep little things such as cotton pads and cotton balls.<\/li>\n\n\n\n<li><strong>Leicht zu reinigen: <\/strong>These bulk bathroom accessories made of ceramic are smooth in texture and hard to stain. They are easy to clean by wiping with a damp cloth.<\/li>\n<\/ul>\n<\/div>\n\n\n\n<div class=\"wp-block-column is-layout-flow wp-block-column-is-layout-flow\">\n<figure class=\"wp-block-image size-full\"><img fetchpriority=\"high\" decoding=\"async\" width=\"1600\" height=\"1600\" src=\"https:\/\/jinhuaceramic.com\/wp-content\/uploads\/2025\/04\/Custom-Bathroom-Set-With-Embossed-Leaves-Bathroom-Accessories-Wholesale-5.webp\" alt=\"Wholesale Bath Set Bathroom Accessories With Embossed Leaves-1\" class=\"wp-image-8704\" srcset=\"https:\/\/jinhuaceramic.com\/wp-content\/uploads\/2025\/04\/Custom-Bathroom-Set-With-Embossed-Leaves-Bathroom-Accessories-Wholesale-5.webp 1600w, https:\/\/jinhuaceramic.com\/wp-content\/uploads\/2025\/04\/Custom-Bathroom-Set-With-Embossed-Leaves-Bathroom-Accessories-Wholesale-5-300x300.webp 300w, https:\/\/jinhuaceramic.com\/wp-content\/uploads\/2025\/04\/Custom-Bathroom-Set-With-Embossed-Leaves-Bathroom-Accessories-Wholesale-5-150x150.webp 150w, https:\/\/jinhuaceramic.com\/wp-content\/uploads\/2025\/04\/Custom-Bathroom-Set-With-Embossed-Leaves-Bathroom-Accessories-Wholesale-5-768x768.webp 768w, https:\/\/jinhuaceramic.com\/wp-content\/uploads\/2025\/04\/Custom-Bathroom-Set-With-Embossed-Leaves-Bathroom-Accessories-Wholesale-5-12x12.webp 12w, https:\/\/jinhuaceramic.com\/wp-content\/uploads\/2025\/04\/Custom-Bathroom-Set-With-Embossed-Leaves-Bathroom-Accessories-Wholesale-5-285x285.webp 285w, https:\/\/jinhuaceramic.com\/wp-content\/uploads\/2025\/04\/Custom-Bathroom-Set-With-Embossed-Leaves-Bathroom-Accessories-Wholesale-5-270x270.webp 270w, https:\/\/jinhuaceramic.com\/wp-content\/uploads\/2025\/04\/Custom-Bathroom-Set-With-Embossed-Leaves-Bathroom-Accessories-Wholesale-5-540x540.webp 540w, https:\/\/jinhuaceramic.com\/wp-content\/uploads\/2025\/04\/Custom-Bathroom-Set-With-Embossed-Leaves-Bathroom-Accessories-Wholesale-5-660x660.webp 660w\" sizes=\"(max-width: 1600px) 100vw, 1600px\" \/><\/figure>\n<\/div>\n<\/div>","protected":false},"excerpt":{"rendered":"<p>Welcome to purchase wholesale bath sets. Our bulk bathroom accessories have beautiful relief design, hard and durable ceramic material, and multifunctional bathroom accessories. They are both beautiful and practical, making them very practical decoration and storage solutions in the bathroom.<\/p>","protected":false},"featured_media":8705,"comment_status":"closed","ping_status":"closed","template":"","meta":{"_acf_changed":false},"product_brand":[],"product_cat":[51],"product_tag":[74],"class_list":{"0":"post-8700","1":"product","2":"type-product","3":"status-publish","4":"has-post-thumbnail","6":"product_cat-bathroom-accessories-wholesale","7":"product_tag-ceramic-bath-accessories-wholesale","9":"first","10":"instock","11":"shipping-taxable","12":"product-type-simple"},"acf":[],"_links":{"self":[{"href":"https:\/\/jinhuaceramic.com\/de\/wp-json\/wp\/v2\/product\/8700","targetHints":{"allow":["GET"]}}],"collection":[{"href":"https:\/\/jinhuaceramic.com\/de\/wp-json\/wp\/v2\/product"}],"about":[{"href":"https:\/\/jinhuaceramic.com\/de\/wp-json\/wp\/v2\/types\/product"}],"replies":[{"embeddable":true,"href":"https:\/\/jinhuaceramic.com\/de\/wp-json\/wp\/v2\/comments?post=8700"}],"version-history":[{"count":0,"href":"https:\/\/jinhuaceramic.com\/de\/wp-json\/wp\/v2\/product\/8700\/revisions"}],"wp:featuredmedia":[{"embeddable":true,"href":"https:\/\/jinhuaceramic.com\/de\/wp-json\/wp\/v2\/media\/8705"}],"wp:attachment":[{"href":"https:\/\/jinhuaceramic.com\/de\/wp-json\/wp\/v2\/media?parent=8700"}],"wp:term":[{"taxonomy":"product_brand","embeddable":true,"href":"https:\/\/jinhuaceramic.com\/de\/wp-json\/wp\/v2\/product_brand?post=8700"},{"taxonomy":"product_cat","embeddable":true,"href":"https:\/\/jinhuaceramic.com\/de\/wp-json\/wp\/v2\/product_cat?post=8700"},{"taxonomy":"product_tag","embeddable":true,"href":"https:\/\/jinhuaceramic.com\/de\/wp-json\/wp\/v2\/product_tag?post=8700"}],"curies":[{"name":"wp","href":"https:\/\/api.w.org\/{rel}","templated":true}]}}