{"id":8734,"date":"2025-04-21T09:58:18","date_gmt":"2025-04-21T09:58:18","guid":{"rendered":"https:\/\/jinhuaceramic.com\/?post_type=product&#038;p=8734"},"modified":"2025-04-21T09:58:20","modified_gmt":"2025-04-21T09:58:20","slug":"bulk-wedding-tableware","status":"publish","type":"product","link":"https:\/\/jinhuaceramic.com\/de\/product\/bulk-wedding-tableware\/","title":{"rendered":"Gepr\u00e4gte Textur Bulk Hochzeitsgeschirr, Restaurant Versorgung Geschirr"},"content":{"rendered":"<div class=\"wp-block-columns is-layout-flex wp-container-core-columns-is-layout-9d6595d7 wp-block-columns-is-layout-flex\">\n<div class=\"wp-block-column is-layout-flow wp-block-column-is-layout-flow\">\n<h3 class=\"wp-block-heading\">Premium Bulk Hochzeitsgeschirr Eigenschaften:<\/h3>\n\n\n\n<ul class=\"wp-block-list\">\n<li><strong>Einzigartige gepr\u00e4gte Textur: <\/strong>Die Oberfl\u00e4che dieser gro\u00dfen Hochzeitsgeschirrsets hat klare und regelm\u00e4\u00dfig gepr\u00e4gte vertikale Linien. Diese Textur erh\u00f6ht nicht nur die visuelle Schichtung und Sch\u00f6nheit, sondern auch die Haptik, wirkt rutschhemmend und verbessert das sensorische Erlebnis beim Essen.<\/li>\n\n\n\n<li><strong>Zarter Bronze-Rand: <\/strong>Die R\u00e4nder dieser Gro\u00dfhandelsgeschirrsets f\u00fcr die Gastronomie sind mit zarter Bronze verziert. Die Metallr\u00e4nder verleihen der insgesamt wei\u00dfen Keramik ihren unauff\u00e4lligen Luxus und ihre Eleganz, vermeiden die Stumpfheit, die reines Wei\u00df erzeugt, und unterstreichen das elegante Temperament der Keramik.<\/li>\n\n\n\n<li><strong>Hochwertiges Material:<\/strong> Dieses Hochzeitsgeschirr besteht aus hochwertigem Keramikmaterial, das bei hohen Temperaturen gebrannt wird. Es ist robust, kratzfest und bruchsicher. Sie sind hoch- und niedertemperaturbest\u00e4ndig und k\u00f6nnen sicher in der Mikrowelle, im Ofen, in der Fritteuse, im K\u00fchlschrank und in der Sp\u00fclmaschine verwendet werden.<\/li>\n\n\n\n<li><strong>Starke Praktikabilit\u00e4t: <\/strong>Diese Gro\u00dfhandelsrestaurant-Versorgungsgeschirr-Sets umfassen eine Keramiksuppensch\u00fcssel, M\u00fcsli oder Reis und zwei Teller in verschiedenen Gr\u00f6\u00dfen, die je nach den verschiedenen Portionen von Lebensmitteln ausgew\u00e4hlt werden k\u00f6nnen, um verschiedene t\u00e4gliche Essensbed\u00fcrfnisse zu erf\u00fcllen.<\/li>\n<\/ul>\n<\/div>\n\n\n\n<div class=\"wp-block-column is-layout-flow wp-block-column-is-layout-flow\">\n<figure class=\"wp-block-image size-full\"><img fetchpriority=\"high\" decoding=\"async\" width=\"1500\" height=\"1500\" src=\"https:\/\/jinhuaceramic.com\/wp-content\/uploads\/2025\/04\/White-Dinnerware-Set-With-Embossed-Texture-Wholesale-Tableware-Custom-7.webp\" alt=\"Gepr\u00e4gte Textur Bulk Hochzeitsgeschirr, Restaurant Versorgung Geschirr-1\" class=\"wp-image-8725\" srcset=\"https:\/\/jinhuaceramic.com\/wp-content\/uploads\/2025\/04\/White-Dinnerware-Set-With-Embossed-Texture-Wholesale-Tableware-Custom-7.webp 1500w, https:\/\/jinhuaceramic.com\/wp-content\/uploads\/2025\/04\/White-Dinnerware-Set-With-Embossed-Texture-Wholesale-Tableware-Custom-7-300x300.webp 300w, https:\/\/jinhuaceramic.com\/wp-content\/uploads\/2025\/04\/White-Dinnerware-Set-With-Embossed-Texture-Wholesale-Tableware-Custom-7-150x150.webp 150w, https:\/\/jinhuaceramic.com\/wp-content\/uploads\/2025\/04\/White-Dinnerware-Set-With-Embossed-Texture-Wholesale-Tableware-Custom-7-768x768.webp 768w, https:\/\/jinhuaceramic.com\/wp-content\/uploads\/2025\/04\/White-Dinnerware-Set-With-Embossed-Texture-Wholesale-Tableware-Custom-7-12x12.webp 12w, https:\/\/jinhuaceramic.com\/wp-content\/uploads\/2025\/04\/White-Dinnerware-Set-With-Embossed-Texture-Wholesale-Tableware-Custom-7-285x285.webp 285w, https:\/\/jinhuaceramic.com\/wp-content\/uploads\/2025\/04\/White-Dinnerware-Set-With-Embossed-Texture-Wholesale-Tableware-Custom-7-270x270.webp 270w, https:\/\/jinhuaceramic.com\/wp-content\/uploads\/2025\/04\/White-Dinnerware-Set-With-Embossed-Texture-Wholesale-Tableware-Custom-7-540x540.webp 540w, https:\/\/jinhuaceramic.com\/wp-content\/uploads\/2025\/04\/White-Dinnerware-Set-With-Embossed-Texture-Wholesale-Tableware-Custom-7-660x660.webp 660w\" sizes=\"(max-width: 1500px) 100vw, 1500px\" \/><\/figure>\n<\/div>\n<\/div>","protected":false},"excerpt":{"rendered":"<p>Willkommen zu kaufen bulk Hochzeit Geschirr. Diese Gro\u00dfhandel Restaurant Versorgung Geschirr-Sets verf\u00fcgen \u00fcber ein elegantes Design, geeignet f\u00fcr K\u00fcchendekoration von verschiedenen Stilen. Das Keramikmaterial ist sicher und langlebig, und die Kombination von mehreren Geschirr ist praktisch. Dieses Geschirr kann nicht nur den t\u00e4glichen Essensbedarf decken, sondern auch eine warme Essensatmosph\u00e4re schaffen und das Ritual und den Genuss des Essens verbessern.<\/p>","protected":false},"featured_media":8723,"comment_status":"closed","ping_status":"closed","template":"","meta":{"_acf_changed":false},"product_brand":[],"product_cat":[83,54],"product_tag":[],"class_list":{"0":"post-8734","1":"product","2":"type-product","3":"status-publish","4":"has-post-thumbnail","6":"product_cat-wholesale-dinnerware-sets","7":"product_cat-tableware-wholesale","9":"first","10":"instock","11":"shipping-taxable","12":"product-type-simple"},"acf":[],"_links":{"self":[{"href":"https:\/\/jinhuaceramic.com\/de\/wp-json\/wp\/v2\/product\/8734","targetHints":{"allow":["GET"]}}],"collection":[{"href":"https:\/\/jinhuaceramic.com\/de\/wp-json\/wp\/v2\/product"}],"about":[{"href":"https:\/\/jinhuaceramic.com\/de\/wp-json\/wp\/v2\/types\/product"}],"replies":[{"embeddable":true,"href":"https:\/\/jinhuaceramic.com\/de\/wp-json\/wp\/v2\/comments?post=8734"}],"version-history":[{"count":0,"href":"https:\/\/jinhuaceramic.com\/de\/wp-json\/wp\/v2\/product\/8734\/revisions"}],"wp:featuredmedia":[{"embeddable":true,"href":"https:\/\/jinhuaceramic.com\/de\/wp-json\/wp\/v2\/media\/8723"}],"wp:attachment":[{"href":"https:\/\/jinhuaceramic.com\/de\/wp-json\/wp\/v2\/media?parent=8734"}],"wp:term":[{"taxonomy":"product_brand","embeddable":true,"href":"https:\/\/jinhuaceramic.com\/de\/wp-json\/wp\/v2\/product_brand?post=8734"},{"taxonomy":"product_cat","embeddable":true,"href":"https:\/\/jinhuaceramic.com\/de\/wp-json\/wp\/v2\/product_cat?post=8734"},{"taxonomy":"product_tag","embeddable":true,"href":"https:\/\/jinhuaceramic.com\/de\/wp-json\/wp\/v2\/product_tag?post=8734"}],"curies":[{"name":"wp","href":"https:\/\/api.w.org\/{rel}","templated":true}]}}