{"id":8802,"date":"2025-04-24T02:11:14","date_gmt":"2025-04-24T02:11:14","guid":{"rendered":"https:\/\/jinhuaceramic.com\/?post_type=product&#038;p=8802"},"modified":"2025-04-24T02:11:15","modified_gmt":"2025-04-24T02:11:15","slug":"ceramic-plates-bulk","status":"publish","type":"product","link":"https:\/\/jinhuaceramic.com\/de\/product\/ceramic-plates-bulk\/","title":{"rendered":"Hohe Fu\u00df keramischen Platten Bulk, Catering servieren Gerichte Gro\u00dfhandel"},"content":{"rendered":"<div class=\"wp-block-columns is-layout-flex wp-container-core-columns-is-layout-9d6595d7 wp-block-columns-is-layout-flex\">\n<div class=\"wp-block-column is-layout-flow wp-block-column-is-layout-flow\">\n<h3 class=\"wp-block-heading\">Premium High Foot Ceramic Plates Bulk Eigenschaften:<\/h3>\n\n\n\n<ul class=\"wp-block-list\">\n<li><strong>Einzigartiges High-Leg-Design:<\/strong> Das auff\u00e4lligste Merkmal dieser Keramikteller in loser Sch\u00fcttung ist ihr hohes Fu\u00dfdesign. Die erh\u00f6hten Teller wirken dreidimensionaler und k\u00fcnstlerischer, was zum Gesamtambiente des Esstisches beitragen kann und die servierten Speisen edler erscheinen l\u00e4sst.<\/li>\n\n\n\n<li><strong>Elegante Form:<\/strong> Diese Servierschalen f\u00fcr den Gro\u00dfhandel haben einen gestreckten Bogen, der sich nahtlos mit den konisch zulaufenden hohen F\u00fc\u00dfen darunter verbindet. Die gesamte Form ist gro\u00dfartig und anmutig mit einem Gef\u00fchl der Modernit\u00e4t, aber immer noch mit der Zur\u00fcckhaltung und Zen der orientalischen \u00c4sthetik.<\/li>\n\n\n\n<li><strong>Verschiedene Farben und Gr\u00f6\u00dfen: <\/strong>Diese gro\u00dfen Keramikteller gibt es in zwei raffinierten Farben, einem rustikalen Beige und einem tiefen, strukturierten Rotbraun, und in vier verschiedenen Gr\u00f6\u00dfen und Formen, die sich jeweils leicht unterscheiden, um zu verschiedenen Gerichten zu passen.<\/li>\n\n\n\n<li><strong>Hochwertiges keramisches Material: <\/strong>Diese Catering-Geschirr Gro\u00dfhandel sind aus nat\u00fcrlichen harmlosen keramischen Ton bei hohen Temperaturen gebrannt, enthalten keine metallischen Substanzen wie Blei, und kann sicher in Kontakt mit Lebensmitteln sein. Zugleich ist die Oberfl\u00e4che der Keramikplatten glatt und leicht zu reinigen.<\/li>\n<\/ul>\n<\/div>\n\n\n\n<div class=\"wp-block-column is-layout-flow wp-block-column-is-layout-flow\">\n<figure class=\"wp-block-image size-full\"><img fetchpriority=\"high\" decoding=\"async\" width=\"800\" height=\"800\" src=\"https:\/\/jinhuaceramic.com\/wp-content\/uploads\/2025\/04\/High-Leg-Custom-Dinner-Plates-Ceramic-Serving-Dish-Wholesale-9.webp\" alt=\"Hohe Fu\u00df keramischen Platten Bulk, Catering servieren Gerichte Gro\u00dfhandel-2\" class=\"wp-image-8810\" srcset=\"https:\/\/jinhuaceramic.com\/wp-content\/uploads\/2025\/04\/High-Leg-Custom-Dinner-Plates-Ceramic-Serving-Dish-Wholesale-9.webp 800w, https:\/\/jinhuaceramic.com\/wp-content\/uploads\/2025\/04\/High-Leg-Custom-Dinner-Plates-Ceramic-Serving-Dish-Wholesale-9-300x300.webp 300w, https:\/\/jinhuaceramic.com\/wp-content\/uploads\/2025\/04\/High-Leg-Custom-Dinner-Plates-Ceramic-Serving-Dish-Wholesale-9-150x150.webp 150w, https:\/\/jinhuaceramic.com\/wp-content\/uploads\/2025\/04\/High-Leg-Custom-Dinner-Plates-Ceramic-Serving-Dish-Wholesale-9-768x768.webp 768w, https:\/\/jinhuaceramic.com\/wp-content\/uploads\/2025\/04\/High-Leg-Custom-Dinner-Plates-Ceramic-Serving-Dish-Wholesale-9-12x12.webp 12w, https:\/\/jinhuaceramic.com\/wp-content\/uploads\/2025\/04\/High-Leg-Custom-Dinner-Plates-Ceramic-Serving-Dish-Wholesale-9-285x285.webp 285w, https:\/\/jinhuaceramic.com\/wp-content\/uploads\/2025\/04\/High-Leg-Custom-Dinner-Plates-Ceramic-Serving-Dish-Wholesale-9-270x270.webp 270w, https:\/\/jinhuaceramic.com\/wp-content\/uploads\/2025\/04\/High-Leg-Custom-Dinner-Plates-Ceramic-Serving-Dish-Wholesale-9-540x540.webp 540w, https:\/\/jinhuaceramic.com\/wp-content\/uploads\/2025\/04\/High-Leg-Custom-Dinner-Plates-Ceramic-Serving-Dish-Wholesale-9-660x660.webp 660w\" sizes=\"(max-width: 800px) 100vw, 800px\" \/><\/figure>\n<\/div>\n<\/div>","protected":false},"excerpt":{"rendered":"<p>Willkommen zum Kauf Catering servieren Gerichte Gro\u00dfhandel. Diese High-Fu\u00df Keramikplatten lose sind weithin beliebt bei den Verbrauchern f\u00fcr ihre einzigartige High-Fu\u00df-Design, elegante Form, verschiedene Farben und Gr\u00f6\u00dfen, und sicher und langlebig Keramikmaterial.<\/p>","protected":false},"featured_media":8809,"comment_status":"closed","ping_status":"closed","template":"","meta":{"_acf_changed":false},"product_brand":[],"product_cat":[84,54],"product_tag":[76],"class_list":{"0":"post-8802","1":"product","2":"type-product","3":"status-publish","4":"has-post-thumbnail","6":"product_cat-wholesale-ceramic-plates","7":"product_cat-tableware-wholesale","8":"product_tag-dinner-plates-bulk","10":"first","11":"instock","12":"shipping-taxable","13":"product-type-simple"},"acf":[],"_links":{"self":[{"href":"https:\/\/jinhuaceramic.com\/de\/wp-json\/wp\/v2\/product\/8802","targetHints":{"allow":["GET"]}}],"collection":[{"href":"https:\/\/jinhuaceramic.com\/de\/wp-json\/wp\/v2\/product"}],"about":[{"href":"https:\/\/jinhuaceramic.com\/de\/wp-json\/wp\/v2\/types\/product"}],"replies":[{"embeddable":true,"href":"https:\/\/jinhuaceramic.com\/de\/wp-json\/wp\/v2\/comments?post=8802"}],"version-history":[{"count":0,"href":"https:\/\/jinhuaceramic.com\/de\/wp-json\/wp\/v2\/product\/8802\/revisions"}],"wp:featuredmedia":[{"embeddable":true,"href":"https:\/\/jinhuaceramic.com\/de\/wp-json\/wp\/v2\/media\/8809"}],"wp:attachment":[{"href":"https:\/\/jinhuaceramic.com\/de\/wp-json\/wp\/v2\/media?parent=8802"}],"wp:term":[{"taxonomy":"product_brand","embeddable":true,"href":"https:\/\/jinhuaceramic.com\/de\/wp-json\/wp\/v2\/product_brand?post=8802"},{"taxonomy":"product_cat","embeddable":true,"href":"https:\/\/jinhuaceramic.com\/de\/wp-json\/wp\/v2\/product_cat?post=8802"},{"taxonomy":"product_tag","embeddable":true,"href":"https:\/\/jinhuaceramic.com\/de\/wp-json\/wp\/v2\/product_tag?post=8802"}],"curies":[{"name":"wp","href":"https:\/\/api.w.org\/{rel}","templated":true}]}}