{"id":8815,"date":"2025-04-24T01:46:43","date_gmt":"2025-04-24T01:46:43","guid":{"rendered":"https:\/\/jinhuaceramic.com\/?post_type=product&#038;p=8815"},"modified":"2025-04-24T01:46:45","modified_gmt":"2025-04-24T01:46:45","slug":"bulk-dinnerware-sets","status":"publish","type":"product","link":"https:\/\/jinhuaceramic.com\/de\/product\/bulk-dinnerware-sets\/","title":{"rendered":"Gl\u00e4nzend blau Bulk Geschirr Sets, Gro\u00dfhandel solide Farbe Geschirr"},"content":{"rendered":"<div class=\"wp-block-columns is-layout-flex wp-container-core-columns-is-layout-9d6595d7 wp-block-columns-is-layout-flex\">\n<div class=\"wp-block-column is-layout-flow wp-block-column-is-layout-flow\">\n<h3 class=\"wp-block-heading\">Premium Bulk-Geschirrsets Merkmale:<\/h3>\n\n\n\n<ul class=\"wp-block-list\">\n<li><strong>Einzigartige reaktive Glasur:<\/strong> F\u00fcr diese Geschirrsets werden reaktive Glasuren verwendet, die w\u00e4hrend des Brennvorgangs unvorhersehbare Farb- und Texturver\u00e4nderungen hervorrufen. Das Ergebnis ist, dass die blaue Farbe jedes Geschirrs verschiedene Schattierungen aufweist, voller k\u00fcnstlerischem Sinn und ohne die Monotonie der industriellen Massenproduktion.<\/li>\n\n\n\n<li><strong>Modernes Design: <\/strong>Die Designs dieser farbigen Geschirrsets f\u00fcr den Gro\u00dfhandel sind modern und elegant. Der Rand des Geschirrs ist mit einem d\u00fcnnen hellbraunen Rand ges\u00e4umt, der dem ruhigen Blau einen Hauch von Luxus und Eleganz verleiht und den Stil aufwertet.<\/li>\n\n\n\n<li><strong>Sicheres Material: <\/strong>Die aus nat\u00fcrlichem, ungiftigem Keramik-Ton im Hochbrandverfahren hergestellten Geschirrsets enthalten weder Blei noch andere Metalle und k\u00f6nnen gefahrlos mit Lebensmitteln in Ber\u00fchrung kommen.<\/li>\n\n\n\n<li><strong>Vollst\u00e4ndiger Satz: <\/strong>Diese farbigen Geschirrsets f\u00fcr den Gro\u00dfhandel umfassen eine Sch\u00fcssel aus Keramik und zwei Teller, einen kleinen und einen gro\u00dfen, und sind \u00e4u\u00dferst praktisch. Man kann ein M\u00fcsli, eine Suppe oder Reis direkt aus der Keramiksch\u00fcssel essen, der kleine Teller ist f\u00fcr Snacks, Salat und andere Beilagen geeignet, w\u00e4hrend der gro\u00dfe Teller f\u00fcr Hauptgerichte wie Steak geeignet ist.<\/li>\n<\/ul>\n<\/div>\n\n\n\n<div class=\"wp-block-column is-layout-flow wp-block-column-is-layout-flow\">\n<figure class=\"wp-block-image size-full\"><img fetchpriority=\"high\" decoding=\"async\" width=\"1600\" height=\"1600\" src=\"https:\/\/jinhuaceramic.com\/wp-content\/uploads\/2025\/04\/Custom-Dinnerware-With-Reactive-Glaze-Wholesale-Tableware-In-Bulk-4.webp\" alt=\"Gl\u00e4nzend blau Bulk Geschirr Sets, Gro\u00dfhandel solide Farbe Geschirr-1\" class=\"wp-image-8818\" srcset=\"https:\/\/jinhuaceramic.com\/wp-content\/uploads\/2025\/04\/Custom-Dinnerware-With-Reactive-Glaze-Wholesale-Tableware-In-Bulk-4.webp 1600w, https:\/\/jinhuaceramic.com\/wp-content\/uploads\/2025\/04\/Custom-Dinnerware-With-Reactive-Glaze-Wholesale-Tableware-In-Bulk-4-300x300.webp 300w, https:\/\/jinhuaceramic.com\/wp-content\/uploads\/2025\/04\/Custom-Dinnerware-With-Reactive-Glaze-Wholesale-Tableware-In-Bulk-4-150x150.webp 150w, https:\/\/jinhuaceramic.com\/wp-content\/uploads\/2025\/04\/Custom-Dinnerware-With-Reactive-Glaze-Wholesale-Tableware-In-Bulk-4-768x768.webp 768w, https:\/\/jinhuaceramic.com\/wp-content\/uploads\/2025\/04\/Custom-Dinnerware-With-Reactive-Glaze-Wholesale-Tableware-In-Bulk-4-12x12.webp 12w, https:\/\/jinhuaceramic.com\/wp-content\/uploads\/2025\/04\/Custom-Dinnerware-With-Reactive-Glaze-Wholesale-Tableware-In-Bulk-4-285x285.webp 285w, https:\/\/jinhuaceramic.com\/wp-content\/uploads\/2025\/04\/Custom-Dinnerware-With-Reactive-Glaze-Wholesale-Tableware-In-Bulk-4-270x270.webp 270w, https:\/\/jinhuaceramic.com\/wp-content\/uploads\/2025\/04\/Custom-Dinnerware-With-Reactive-Glaze-Wholesale-Tableware-In-Bulk-4-540x540.webp 540w, https:\/\/jinhuaceramic.com\/wp-content\/uploads\/2025\/04\/Custom-Dinnerware-With-Reactive-Glaze-Wholesale-Tableware-In-Bulk-4-660x660.webp 660w\" sizes=\"(max-width: 1600px) 100vw, 1600px\" \/><\/figure>\n<\/div>\n<\/div>","protected":false},"excerpt":{"rendered":"<p>Willkommen zum Kauf Gro\u00dfhandel Farbe Geschirr. Diese Bulk-Geschirr-Sets umarmen moderne und stilvolle Design, gelten eine reaktive Glasur jedes St\u00fcck einzigartig zu machen, und zur gleichen Zeit, ist die Keramik-K\u00f6rper sicher und langlebig, und die Kombination von mehreren St\u00fccken von Geschirr ist sehr praktisch.<\/p>","protected":false},"featured_media":8821,"comment_status":"closed","ping_status":"closed","template":"","meta":{"_acf_changed":false},"product_brand":[],"product_cat":[83,54],"product_tag":[],"class_list":{"0":"post-8815","1":"product","2":"type-product","3":"status-publish","4":"has-post-thumbnail","6":"product_cat-wholesale-dinnerware-sets","7":"product_cat-tableware-wholesale","9":"first","10":"instock","11":"shipping-taxable","12":"product-type-simple"},"acf":[],"_links":{"self":[{"href":"https:\/\/jinhuaceramic.com\/de\/wp-json\/wp\/v2\/product\/8815","targetHints":{"allow":["GET"]}}],"collection":[{"href":"https:\/\/jinhuaceramic.com\/de\/wp-json\/wp\/v2\/product"}],"about":[{"href":"https:\/\/jinhuaceramic.com\/de\/wp-json\/wp\/v2\/types\/product"}],"replies":[{"embeddable":true,"href":"https:\/\/jinhuaceramic.com\/de\/wp-json\/wp\/v2\/comments?post=8815"}],"version-history":[{"count":0,"href":"https:\/\/jinhuaceramic.com\/de\/wp-json\/wp\/v2\/product\/8815\/revisions"}],"wp:featuredmedia":[{"embeddable":true,"href":"https:\/\/jinhuaceramic.com\/de\/wp-json\/wp\/v2\/media\/8821"}],"wp:attachment":[{"href":"https:\/\/jinhuaceramic.com\/de\/wp-json\/wp\/v2\/media?parent=8815"}],"wp:term":[{"taxonomy":"product_brand","embeddable":true,"href":"https:\/\/jinhuaceramic.com\/de\/wp-json\/wp\/v2\/product_brand?post=8815"},{"taxonomy":"product_cat","embeddable":true,"href":"https:\/\/jinhuaceramic.com\/de\/wp-json\/wp\/v2\/product_cat?post=8815"},{"taxonomy":"product_tag","embeddable":true,"href":"https:\/\/jinhuaceramic.com\/de\/wp-json\/wp\/v2\/product_tag?post=8815"}],"curies":[{"name":"wp","href":"https:\/\/api.w.org\/{rel}","templated":true}]}}