{"id":8837,"date":"2025-04-25T01:39:44","date_gmt":"2025-04-25T01:39:44","guid":{"rendered":"https:\/\/jinhuaceramic.com\/?post_type=product&#038;p=8837"},"modified":"2025-04-25T01:39:45","modified_gmt":"2025-04-25T01:39:45","slug":"wholesale-ceramic-plates-and-bowls","status":"publish","type":"product","link":"https:\/\/jinhuaceramic.com\/de\/product\/wholesale-ceramic-plates-and-bowls\/","title":{"rendered":"Gro\u00dfhandel Keramik Teller und Schalen, kommerzielle Geschirr Bulk"},"content":{"rendered":"<div class=\"wp-block-columns is-layout-flex wp-container-core-columns-is-layout-9d6595d7 wp-block-columns-is-layout-flex\">\n<div class=\"wp-block-column is-layout-flow wp-block-column-is-layout-flow\">\n<h3 class=\"wp-block-heading\">Premium-Gro\u00dfhandel Keramik-Teller und Schalen Eigenschaften:<\/h3>\n\n\n\n<ul class=\"wp-block-list\">\n<li><strong>Eine Vielzahl von weichen Farbkombinationen: <\/strong>Diese Gro\u00dfhandels-Keramikteller und -sch\u00fcsseln kommen in neuen Beige-, Teal- und Braunsch\u00fcsseln mit Pastellfarben. Die hellen und neuen Farben ziehen nicht nur die Aufmerksamkeit auf sich und akzentuieren, sondern schaffen auch interessante und einzigartige Gef\u00fchle in der Umgebung und schaffen eine warme und anregende Umgebung.<\/li>\n\n\n\n<li><strong>Rustikale gesprenkelte Textur: <\/strong>Der Gro\u00dfteil dieses handels\u00fcblichen Geschirrs ist auf der Oberfl\u00e4che mit winzigen dunklen Flecken gesprenkelt. Diese sind nicht in einem geordneten Muster angeordnet, sondern stehen wahllos herum, was ein Gef\u00fchl von Handlichkeit und L\u00e4ndlichkeit vermittelt, das durch die Stapelung des Geschirrs noch verst\u00e4rkt wird.<\/li>\n\n\n\n<li><strong>Hochwertiges keramisches Material:<\/strong> Unsere Gro\u00dfhandels-Keramikteller und -schalen werden aus hochwertiger Keramik hergestellt, bei hoher Temperatur gebrannt und sind nicht leicht zerbrechlich oder zerkratzbar. Sie sind mikrowellengeeignet, ofenfest, sp\u00fclmaschinenfest und k\u00fchlschranksicher.<\/li>\n\n\n\n<li><strong>Verschiedene Arten von Geschirr:<\/strong> Dieses gewerbliche Gro\u00dfgeschirr umfasst zwei Teller und Sch\u00fcsseln in verschiedenen Gr\u00f6\u00dfen, um den unterschiedlichen Anforderungen des t\u00e4glichen Essens gerecht zu werden. Die Keramiksch\u00fcsseln haben eine vern\u00fcnftige Gr\u00f6\u00dfe und eine breite \u00d6ffnung f\u00fcr einen einfachen Zugang zu den Speisen. Die verschiedenen Geschirrteile k\u00f6nnen zur einfachen Aufbewahrung gestapelt werden und sparen Platz im Schrank.<\/li>\n<\/ul>\n<\/div>\n\n\n\n<div class=\"wp-block-column is-layout-flow wp-block-column-is-layout-flow\">\n<figure class=\"wp-block-image size-full\"><img fetchpriority=\"high\" decoding=\"async\" width=\"1600\" height=\"1600\" src=\"https:\/\/jinhuaceramic.com\/wp-content\/uploads\/2025\/04\/Custom-Tableware-Sets-in-Various-Colors-Wholesale-Ceramic-Plate-and-Bowl-7.webp\" alt=\"Gro\u00dfhandel Keramik-Teller und Schalen, kommerzielle Geschirr Bulk-1\" class=\"wp-image-8843\" srcset=\"https:\/\/jinhuaceramic.com\/wp-content\/uploads\/2025\/04\/Custom-Tableware-Sets-in-Various-Colors-Wholesale-Ceramic-Plate-and-Bowl-7.webp 1600w, https:\/\/jinhuaceramic.com\/wp-content\/uploads\/2025\/04\/Custom-Tableware-Sets-in-Various-Colors-Wholesale-Ceramic-Plate-and-Bowl-7-300x300.webp 300w, https:\/\/jinhuaceramic.com\/wp-content\/uploads\/2025\/04\/Custom-Tableware-Sets-in-Various-Colors-Wholesale-Ceramic-Plate-and-Bowl-7-150x150.webp 150w, https:\/\/jinhuaceramic.com\/wp-content\/uploads\/2025\/04\/Custom-Tableware-Sets-in-Various-Colors-Wholesale-Ceramic-Plate-and-Bowl-7-768x768.webp 768w, https:\/\/jinhuaceramic.com\/wp-content\/uploads\/2025\/04\/Custom-Tableware-Sets-in-Various-Colors-Wholesale-Ceramic-Plate-and-Bowl-7-12x12.webp 12w, https:\/\/jinhuaceramic.com\/wp-content\/uploads\/2025\/04\/Custom-Tableware-Sets-in-Various-Colors-Wholesale-Ceramic-Plate-and-Bowl-7-285x285.webp 285w, https:\/\/jinhuaceramic.com\/wp-content\/uploads\/2025\/04\/Custom-Tableware-Sets-in-Various-Colors-Wholesale-Ceramic-Plate-and-Bowl-7-270x270.webp 270w, https:\/\/jinhuaceramic.com\/wp-content\/uploads\/2025\/04\/Custom-Tableware-Sets-in-Various-Colors-Wholesale-Ceramic-Plate-and-Bowl-7-540x540.webp 540w, https:\/\/jinhuaceramic.com\/wp-content\/uploads\/2025\/04\/Custom-Tableware-Sets-in-Various-Colors-Wholesale-Ceramic-Plate-and-Bowl-7-660x660.webp 660w\" sizes=\"(max-width: 1600px) 100vw, 1600px\" \/><\/figure>\n<\/div>\n<\/div>","protected":false},"excerpt":{"rendered":"<p>Willkommen zum Kauf von kommerziellem Geschirr in gro\u00dfen Mengen. Unsere hellen Gro\u00dfhandelskeramikteller und -schalen haben einen einzigartigen Stil, der modern und l\u00e4ndlich ist. Mit haltbarem Keramikmaterial und verschiedenen Formen von Geschirr sind diese Tischsets nicht nur optisch ansprechend, sondern auch funktional und bieten ein nat\u00fcrliches, modernes und dynamisches Gef\u00fchl f\u00fcr den Esstisch.<\/p>","protected":false},"featured_media":8840,"comment_status":"closed","ping_status":"closed","template":"","meta":{"_acf_changed":false},"product_brand":[],"product_cat":[83,54],"product_tag":[],"class_list":{"0":"post-8837","1":"product","2":"type-product","3":"status-publish","4":"has-post-thumbnail","6":"product_cat-wholesale-dinnerware-sets","7":"product_cat-tableware-wholesale","9":"first","10":"instock","11":"shipping-taxable","12":"product-type-simple"},"acf":[],"_links":{"self":[{"href":"https:\/\/jinhuaceramic.com\/de\/wp-json\/wp\/v2\/product\/8837","targetHints":{"allow":["GET"]}}],"collection":[{"href":"https:\/\/jinhuaceramic.com\/de\/wp-json\/wp\/v2\/product"}],"about":[{"href":"https:\/\/jinhuaceramic.com\/de\/wp-json\/wp\/v2\/types\/product"}],"replies":[{"embeddable":true,"href":"https:\/\/jinhuaceramic.com\/de\/wp-json\/wp\/v2\/comments?post=8837"}],"version-history":[{"count":0,"href":"https:\/\/jinhuaceramic.com\/de\/wp-json\/wp\/v2\/product\/8837\/revisions"}],"wp:featuredmedia":[{"embeddable":true,"href":"https:\/\/jinhuaceramic.com\/de\/wp-json\/wp\/v2\/media\/8840"}],"wp:attachment":[{"href":"https:\/\/jinhuaceramic.com\/de\/wp-json\/wp\/v2\/media?parent=8837"}],"wp:term":[{"taxonomy":"product_brand","embeddable":true,"href":"https:\/\/jinhuaceramic.com\/de\/wp-json\/wp\/v2\/product_brand?post=8837"},{"taxonomy":"product_cat","embeddable":true,"href":"https:\/\/jinhuaceramic.com\/de\/wp-json\/wp\/v2\/product_cat?post=8837"},{"taxonomy":"product_tag","embeddable":true,"href":"https:\/\/jinhuaceramic.com\/de\/wp-json\/wp\/v2\/product_tag?post=8837"}],"curies":[{"name":"wp","href":"https:\/\/api.w.org\/{rel}","templated":true}]}}