{"id":8862,"date":"2025-04-28T08:17:45","date_gmt":"2025-04-28T08:17:45","guid":{"rendered":"https:\/\/jinhuaceramic.com\/?post_type=product&#038;p=8862"},"modified":"2025-04-28T08:17:46","modified_gmt":"2025-04-28T08:17:46","slug":"custom-dinner-set","status":"publish","type":"product","link":"https:\/\/jinhuaceramic.com\/de\/product\/custom-dinner-set\/","title":{"rendered":"Custom Dinner Set, Bubble Keramik Teller und Sch\u00fcsseln Gro\u00dfhandel"},"content":{"rendered":"<div class=\"wp-block-columns is-layout-flex wp-container-core-columns-is-layout-9d6595d7 wp-block-columns-is-layout-flex\">\n<div class=\"wp-block-column is-layout-flow wp-block-column-is-layout-flow\">\n<h3 class=\"wp-block-heading\">Premium Custom Dinner Set Merkmale:<\/h3>\n\n\n\n<ul class=\"wp-block-list\">\n<li><strong>Kontrastreiches Farbdesign: <\/strong>Das ma\u00dfgeschneiderte Tafelset zeichnet sich durch ein kontrastreiches Farbdesign aus, das sich innen und au\u00dfen abhebt. Die Innenseite der Teller und Sch\u00fcsseln ist in zartem Aquablau gehalten, w\u00e4hrend die Au\u00dfenseite in geheimnisvollem Schwarz gehalten ist, mit einem verzierten Bronzering entlang der R\u00e4nder, der dem Geschirr einen modernen und modischen Look verleiht.<\/li>\n\n\n\n<li><strong>Spezielle Blasentextur: <\/strong>Die Innenseite dieser Keramikteller und -schalen im Gro\u00dfhandel ist aquablau mit einer speziellen, rauen Blasenstruktur, die einen schillernden Effekt erzeugt, der dem Geschirr einen lebendigen, organischen Charakter verleiht.<\/li>\n\n\n\n<li><strong>Strapazierf\u00e4higes Steingut: <\/strong>Diese Keramikteller und -schalen aus dem Gro\u00dfhandel sind aus Steinzeug gefertigt und f\u00fchlen sich warm, gem\u00fctlich und angenehm an. Sie sind haltbarer und dicker als gew\u00f6hnliches Keramikgeschirr, nutzen sich nicht so schnell ab und k\u00f6nnen jahrzehntelang verwendet werden.<\/li>\n\n\n\n<li><strong>Vollst\u00e4ndiger Satz:<\/strong> Diese benutzerdefinierten Dinner-Sets bestehen aus einer ganzen Keramiksch\u00fcssel, einem Becher und zwei Tellern in verschiedenen Gr\u00f6\u00dfen. Die Keramikschale kann f\u00fcr Suppe, M\u00fcsli und Reis verwendet werden, der Seitenteller kann f\u00fcr Beilagen verwendet werden, der gro\u00dfe Teller kann f\u00fcr Hauptgerichte verwendet werden, und der Becher kann f\u00fcr Wasser, Milch oder Getr\u00e4nke verwendet werden.<\/li>\n<\/ul>\n<\/div>\n\n\n\n<div class=\"wp-block-column is-layout-flow wp-block-column-is-layout-flow\">\n<figure class=\"wp-block-image size-full\"><img fetchpriority=\"high\" decoding=\"async\" width=\"1500\" height=\"1500\" src=\"https:\/\/jinhuaceramic.com\/wp-content\/uploads\/2025\/04\/Wholesale-Bubble-Dinnerware-Set-Custom-Ceramic-Plate-and-Bowl-in-Bulk-3.webp\" alt=\"custom-dinner-set-bubble-ceramic-plate-and-bowl-wholesale-1\" class=\"wp-image-8864\" srcset=\"https:\/\/jinhuaceramic.com\/wp-content\/uploads\/2025\/04\/Wholesale-Bubble-Dinnerware-Set-Custom-Ceramic-Plate-and-Bowl-in-Bulk-3.webp 1500w, https:\/\/jinhuaceramic.com\/wp-content\/uploads\/2025\/04\/Wholesale-Bubble-Dinnerware-Set-Custom-Ceramic-Plate-and-Bowl-in-Bulk-3-300x300.webp 300w, https:\/\/jinhuaceramic.com\/wp-content\/uploads\/2025\/04\/Wholesale-Bubble-Dinnerware-Set-Custom-Ceramic-Plate-and-Bowl-in-Bulk-3-150x150.webp 150w, https:\/\/jinhuaceramic.com\/wp-content\/uploads\/2025\/04\/Wholesale-Bubble-Dinnerware-Set-Custom-Ceramic-Plate-and-Bowl-in-Bulk-3-768x768.webp 768w, https:\/\/jinhuaceramic.com\/wp-content\/uploads\/2025\/04\/Wholesale-Bubble-Dinnerware-Set-Custom-Ceramic-Plate-and-Bowl-in-Bulk-3-12x12.webp 12w, https:\/\/jinhuaceramic.com\/wp-content\/uploads\/2025\/04\/Wholesale-Bubble-Dinnerware-Set-Custom-Ceramic-Plate-and-Bowl-in-Bulk-3-285x285.webp 285w, https:\/\/jinhuaceramic.com\/wp-content\/uploads\/2025\/04\/Wholesale-Bubble-Dinnerware-Set-Custom-Ceramic-Plate-and-Bowl-in-Bulk-3-270x270.webp 270w, https:\/\/jinhuaceramic.com\/wp-content\/uploads\/2025\/04\/Wholesale-Bubble-Dinnerware-Set-Custom-Ceramic-Plate-and-Bowl-in-Bulk-3-540x540.webp 540w, https:\/\/jinhuaceramic.com\/wp-content\/uploads\/2025\/04\/Wholesale-Bubble-Dinnerware-Set-Custom-Ceramic-Plate-and-Bowl-in-Bulk-3-660x660.webp 660w\" sizes=\"(max-width: 1500px) 100vw, 1500px\" \/><\/figure>\n<\/div>\n<\/div>","protected":false},"excerpt":{"rendered":"<p>Willkommen zum Kauf unserer benutzerdefinierten Dinner-Set. Zu den Vorteilen dieser Gro\u00dfhandelskeramikteller und -sch\u00fcsseln geh\u00f6ren das zweifarbige Muster, die einzigartige Blasenstruktur, die langlebige Steinzeugkonstruktion und das komplette Set-Design, das die ideale Kombination aus Sch\u00f6nheit und Zweckm\u00e4\u00dfigkeit darstellt. Diese Tafelsets k\u00f6nnen einen modischen und lebendigen Tisch zu schaffen, so dass das Abendessen rituell und angenehm.<\/p>","protected":false},"featured_media":8863,"comment_status":"closed","ping_status":"closed","template":"","meta":{"_acf_changed":false},"product_brand":[],"product_cat":[83,54],"product_tag":[],"class_list":{"0":"post-8862","1":"product","2":"type-product","3":"status-publish","4":"has-post-thumbnail","6":"product_cat-wholesale-dinnerware-sets","7":"product_cat-tableware-wholesale","9":"first","10":"instock","11":"shipping-taxable","12":"product-type-simple"},"acf":[],"_links":{"self":[{"href":"https:\/\/jinhuaceramic.com\/de\/wp-json\/wp\/v2\/product\/8862","targetHints":{"allow":["GET"]}}],"collection":[{"href":"https:\/\/jinhuaceramic.com\/de\/wp-json\/wp\/v2\/product"}],"about":[{"href":"https:\/\/jinhuaceramic.com\/de\/wp-json\/wp\/v2\/types\/product"}],"replies":[{"embeddable":true,"href":"https:\/\/jinhuaceramic.com\/de\/wp-json\/wp\/v2\/comments?post=8862"}],"version-history":[{"count":0,"href":"https:\/\/jinhuaceramic.com\/de\/wp-json\/wp\/v2\/product\/8862\/revisions"}],"wp:featuredmedia":[{"embeddable":true,"href":"https:\/\/jinhuaceramic.com\/de\/wp-json\/wp\/v2\/media\/8863"}],"wp:attachment":[{"href":"https:\/\/jinhuaceramic.com\/de\/wp-json\/wp\/v2\/media?parent=8862"}],"wp:term":[{"taxonomy":"product_brand","embeddable":true,"href":"https:\/\/jinhuaceramic.com\/de\/wp-json\/wp\/v2\/product_brand?post=8862"},{"taxonomy":"product_cat","embeddable":true,"href":"https:\/\/jinhuaceramic.com\/de\/wp-json\/wp\/v2\/product_cat?post=8862"},{"taxonomy":"product_tag","embeddable":true,"href":"https:\/\/jinhuaceramic.com\/de\/wp-json\/wp\/v2\/product_tag?post=8862"}],"curies":[{"name":"wp","href":"https:\/\/api.w.org\/{rel}","templated":true}]}}