{"id":8892,"date":"2025-05-05T09:34:40","date_gmt":"2025-05-05T09:34:40","guid":{"rendered":"https:\/\/jinhuaceramic.com\/?post_type=product&#038;p=8892"},"modified":"2025-05-05T09:34:42","modified_gmt":"2025-05-05T09:34:42","slug":"custom-plates-and-bowls","status":"publish","type":"product","link":"https:\/\/jinhuaceramic.com\/de\/product\/custom-plates-and-bowls\/","title":{"rendered":"Benutzerdefinierte Teller und Schalen, Luxus-Keramik-Dinner-Set Gro\u00dfhandel"},"content":{"rendered":"<div class=\"wp-block-columns is-layout-flex wp-container-core-columns-is-layout-9d6595d7 wp-block-columns-is-layout-flex\">\n<div class=\"wp-block-column is-layout-flow wp-block-column-is-layout-flow\">\n<h3 class=\"wp-block-heading\">Premium Custom Teller und Schalen Merkmale:<\/h3>\n\n\n\n<ul class=\"wp-block-list\">\n<li><strong>Elegantes Design: <\/strong>Diese ma\u00dfgefertigten Teller und Schalen sind mit hellbraunen, strahlenden Wassertropfentexturen \u00fcberzogen. Die Teller strahlen von der Mitte aus, aber die Schalen und Tassen strahlen von unten nach oben, ein sonnenstrahlartiges Design im Kontrast zum gr\u00fcnen Rand. Das gesamte Erscheinungsbild ist von Reichtum und Harmonie gepr\u00e4gt.<\/li>\n\n\n\n<li><strong>Hochwertiges Material: <\/strong>Das hochwertige Keramikgeschirr im Gro\u00dfhandel ist langlebig, hart, weniger verschlei\u00dfanf\u00e4llig und sehr hitzebest\u00e4ndig. Sie sind mikrowellen-, backofen-, k\u00fchlschrank- und sp\u00fclmaschinenfest.<\/li>\n\n\n\n<li><strong>Vollst\u00e4ndiger Satz: <\/strong>Das Gro\u00dfhandels-Keramikgeschirr umfasst Teller, Sch\u00fcsseln und Tassen f\u00fcr verschiedene Essensbed\u00fcrfnisse. Teller sind zum Beispiel perfekt f\u00fcr Haupt- und Beilagengerichte, Sch\u00fcsseln f\u00fcr Suppen und Grundnahrungsmittel und Tassen f\u00fcr Getr\u00e4nke wie Kaffee, Tee und mehr.<\/li>\n\n\n\n<li><strong>Perfektes Geschenk: <\/strong>Die praktischen und sch\u00f6nen Teller und Schalen sind ideale Geschenke f\u00fcr eine Hochzeit oder eine Wohnungseinweihung, um die guten W\u00fcnsche des Schenkers zu \u00fcbermitteln.<\/li>\n<\/ul>\n<\/div>\n\n\n\n<div class=\"wp-block-column is-layout-flow wp-block-column-is-layout-flow\">\n<figure class=\"wp-block-image size-full\"><img fetchpriority=\"high\" decoding=\"async\" width=\"1600\" height=\"1591\" src=\"https:\/\/jinhuaceramic.com\/wp-content\/uploads\/2025\/05\/Luxury-Tableware-Set-Wholesale-Custom-Ceramic-Dinner-Bowl-And-Plate-3.webp\" alt=\"teller-und-schalen-luxus-geschirr-set-grosshandel-1\" class=\"wp-image-8894\" srcset=\"https:\/\/jinhuaceramic.com\/wp-content\/uploads\/2025\/05\/Luxury-Tableware-Set-Wholesale-Custom-Ceramic-Dinner-Bowl-And-Plate-3.webp 1600w, https:\/\/jinhuaceramic.com\/wp-content\/uploads\/2025\/05\/Luxury-Tableware-Set-Wholesale-Custom-Ceramic-Dinner-Bowl-And-Plate-3-300x298.webp 300w, https:\/\/jinhuaceramic.com\/wp-content\/uploads\/2025\/05\/Luxury-Tableware-Set-Wholesale-Custom-Ceramic-Dinner-Bowl-And-Plate-3-150x150.webp 150w, https:\/\/jinhuaceramic.com\/wp-content\/uploads\/2025\/05\/Luxury-Tableware-Set-Wholesale-Custom-Ceramic-Dinner-Bowl-And-Plate-3-768x764.webp 768w, https:\/\/jinhuaceramic.com\/wp-content\/uploads\/2025\/05\/Luxury-Tableware-Set-Wholesale-Custom-Ceramic-Dinner-Bowl-And-Plate-3-12x12.webp 12w, https:\/\/jinhuaceramic.com\/wp-content\/uploads\/2025\/05\/Luxury-Tableware-Set-Wholesale-Custom-Ceramic-Dinner-Bowl-And-Plate-3-285x283.webp 285w, https:\/\/jinhuaceramic.com\/wp-content\/uploads\/2025\/05\/Luxury-Tableware-Set-Wholesale-Custom-Ceramic-Dinner-Bowl-And-Plate-3-660x656.webp 660w\" sizes=\"(max-width: 1600px) 100vw, 1600px\" \/><\/figure>\n<\/div>\n<\/div>","protected":false},"excerpt":{"rendered":"<p>Willkommen zum Kauf unserer kundenspezifischen Teller und Sch\u00fcsseln. Das keramische Essgeschirr Gro\u00dfhandel ist gut dekoriert und kompatibel mit verschiedenen Esstisch Muster. Das keramische Material ist stark und haltbar. Die Teller, Sch\u00fcsseln und Tassen sind alle funktional und erf\u00fcllen verschiedene Arten von Essensanforderungen. Sie sind sowohl f\u00fcr den pers\u00f6nlichen Gebrauch als auch f\u00fcr die Bewirtung von G\u00e4sten geeignet.<\/p>","protected":false},"featured_media":8897,"comment_status":"closed","ping_status":"closed","template":"","meta":{"_acf_changed":false},"product_brand":[],"product_cat":[83,54],"product_tag":[],"class_list":{"0":"post-8892","1":"product","2":"type-product","3":"status-publish","4":"has-post-thumbnail","6":"product_cat-wholesale-dinnerware-sets","7":"product_cat-tableware-wholesale","9":"first","10":"instock","11":"shipping-taxable","12":"product-type-simple"},"acf":[],"_links":{"self":[{"href":"https:\/\/jinhuaceramic.com\/de\/wp-json\/wp\/v2\/product\/8892","targetHints":{"allow":["GET"]}}],"collection":[{"href":"https:\/\/jinhuaceramic.com\/de\/wp-json\/wp\/v2\/product"}],"about":[{"href":"https:\/\/jinhuaceramic.com\/de\/wp-json\/wp\/v2\/types\/product"}],"replies":[{"embeddable":true,"href":"https:\/\/jinhuaceramic.com\/de\/wp-json\/wp\/v2\/comments?post=8892"}],"version-history":[{"count":0,"href":"https:\/\/jinhuaceramic.com\/de\/wp-json\/wp\/v2\/product\/8892\/revisions"}],"wp:featuredmedia":[{"embeddable":true,"href":"https:\/\/jinhuaceramic.com\/de\/wp-json\/wp\/v2\/media\/8897"}],"wp:attachment":[{"href":"https:\/\/jinhuaceramic.com\/de\/wp-json\/wp\/v2\/media?parent=8892"}],"wp:term":[{"taxonomy":"product_brand","embeddable":true,"href":"https:\/\/jinhuaceramic.com\/de\/wp-json\/wp\/v2\/product_brand?post=8892"},{"taxonomy":"product_cat","embeddable":true,"href":"https:\/\/jinhuaceramic.com\/de\/wp-json\/wp\/v2\/product_cat?post=8892"},{"taxonomy":"product_tag","embeddable":true,"href":"https:\/\/jinhuaceramic.com\/de\/wp-json\/wp\/v2\/product_tag?post=8892"}],"curies":[{"name":"wp","href":"https:\/\/api.w.org\/{rel}","templated":true}]}}