{"id":8901,"date":"2025-05-05T08:54:24","date_gmt":"2025-05-05T08:54:24","guid":{"rendered":"https:\/\/jinhuaceramic.com\/?post_type=product&#038;p=8901"},"modified":"2025-05-05T08:54:25","modified_gmt":"2025-05-05T08:54:25","slug":"customized-dinnerware","status":"publish","type":"product","link":"https:\/\/jinhuaceramic.com\/de\/product\/customized-dinnerware\/","title":{"rendered":"Ma\u00dfgeschneidertes Geschirr f\u00fcr 4, japanisches Geschirr im Gro\u00dfhandel"},"content":{"rendered":"<div class=\"wp-block-columns is-layout-flex wp-container-core-columns-is-layout-9d6595d7 wp-block-columns-is-layout-flex\">\n<div class=\"wp-block-column is-layout-flow wp-block-column-is-layout-flow\">\n<h3 class=\"wp-block-heading\">Individuelles Premium-Geschirr Merkmale:<\/h3>\n\n\n\n<ul class=\"wp-block-list\">\n<li><strong>Japanischer Stil: <\/strong>Diese ma\u00dfgeschneiderten Geschirrsets sind meist in Hellgrau gehalten, mit vertikal gestreiften Zierb\u00e4ndern und braunen Ringf\u00fc\u00dfen, die eine sehr starke japanische Retro-Atmosph\u00e4re ausstrahlen. Sie k\u00f6nnen dem Esstisch eine k\u00fcnstlerische Note verleihen und passen zu den meisten Wohnstilen, wie z. B. modern und retro.<\/li>\n\n\n\n<li><strong>Sicherheit und Gesundheit: <\/strong>Dieses Premium-Keramikgeschirr f\u00fcr den Gro\u00dfhandel wird aus nat\u00fcrlichen Mineralien hergestellt und bei hohen Temperaturen ohne Zusatz von giftigen Chemikalien gebrannt. Beim Kochen werden keine giftigen Chemikalien freigesetzt, so dass sie sicher und gesund f\u00fcr die Aufbewahrung von Lebensmitteln sind.<\/li>\n\n\n\n<li><strong>Flexibilit\u00e4t: <\/strong>Diese ma\u00dfgeschneiderten Geschirrsets bestehen aus 6,75-Zoll-Schalen, 8,5-Zoll-Tellern und 11-Zoll-Tellern, die f\u00fcr den t\u00e4glichen Bedarf zum Fr\u00fchst\u00fcck, Mittag- oder Abendessen verwendet werden k\u00f6nnen. Sie eignen sich nicht nur f\u00fcr den Hausgebrauch, sondern auch hervorragend f\u00fcr die gehobene Gastronomie.<\/li>\n\n\n\n<li><strong>Leicht zu reinigen: <\/strong>An diesem glatten japanischen Keramikgeschirr k\u00f6nnen Flecken nur schwer haften. Sie lassen sich leicht mit der Hand oder in der Sp\u00fclmaschine reinigen, was den Aufwand und die Zeitkosten f\u00fcr die Reinigung nach dem Essen reduziert.<\/li>\n<\/ul>\n<\/div>\n\n\n\n<div class=\"wp-block-column is-layout-flow wp-block-column-is-layout-flow\">\n<figure class=\"wp-block-image size-full\"><img fetchpriority=\"high\" decoding=\"async\" width=\"2560\" height=\"2560\" src=\"https:\/\/jinhuaceramic.com\/wp-content\/uploads\/2025\/05\/Japanese-Dinnerware-Set-Custom-Tableware-Dinner-Service-For-4-7.webp\" alt=\"kundenspezifisches-geschirr-f\u00fcr-4-japanisches-geschirr-gro\u00dfhandel-1\" class=\"wp-image-8907\" srcset=\"https:\/\/jinhuaceramic.com\/wp-content\/uploads\/2025\/05\/Japanese-Dinnerware-Set-Custom-Tableware-Dinner-Service-For-4-7.webp 2560w, https:\/\/jinhuaceramic.com\/wp-content\/uploads\/2025\/05\/Japanese-Dinnerware-Set-Custom-Tableware-Dinner-Service-For-4-7-300x300.webp 300w, https:\/\/jinhuaceramic.com\/wp-content\/uploads\/2025\/05\/Japanese-Dinnerware-Set-Custom-Tableware-Dinner-Service-For-4-7-150x150.webp 150w, https:\/\/jinhuaceramic.com\/wp-content\/uploads\/2025\/05\/Japanese-Dinnerware-Set-Custom-Tableware-Dinner-Service-For-4-7-768x768.webp 768w, https:\/\/jinhuaceramic.com\/wp-content\/uploads\/2025\/05\/Japanese-Dinnerware-Set-Custom-Tableware-Dinner-Service-For-4-7-12x12.webp 12w, https:\/\/jinhuaceramic.com\/wp-content\/uploads\/2025\/05\/Japanese-Dinnerware-Set-Custom-Tableware-Dinner-Service-For-4-7-285x285.webp 285w, https:\/\/jinhuaceramic.com\/wp-content\/uploads\/2025\/05\/Japanese-Dinnerware-Set-Custom-Tableware-Dinner-Service-For-4-7-1600x1600.webp 1600w, https:\/\/jinhuaceramic.com\/wp-content\/uploads\/2025\/05\/Japanese-Dinnerware-Set-Custom-Tableware-Dinner-Service-For-4-7-270x270.webp 270w, https:\/\/jinhuaceramic.com\/wp-content\/uploads\/2025\/05\/Japanese-Dinnerware-Set-Custom-Tableware-Dinner-Service-For-4-7-540x540.webp 540w, https:\/\/jinhuaceramic.com\/wp-content\/uploads\/2025\/05\/Japanese-Dinnerware-Set-Custom-Tableware-Dinner-Service-For-4-7-660x660.webp 660w\" sizes=\"(max-width: 2560px) 100vw, 2560px\" \/><\/figure>\n<\/div>\n<\/div>","protected":false},"excerpt":{"rendered":"<p>Willkommen zum Kauf unseres japanischen Essgeschirrs im Gro\u00dfhandel. Diese ma\u00dfgeschneiderten Geschirrsets zeichnen sich durch ein einfaches und vielseitiges japanisches Design aus. Die Keramik ist sicher und gesund, leicht abwaschbar, und die Koordination zwischen den verschiedenen Geschirren ist praktisch. Das Geschirr ist nicht nur sch\u00f6n, sondern auch praktisch und macht das Essen zu einem angenehmen Erlebnis.<\/p>","protected":false},"featured_media":8904,"comment_status":"closed","ping_status":"closed","template":"","meta":{"_acf_changed":false},"product_brand":[],"product_cat":[83,54],"product_tag":[],"class_list":{"0":"post-8901","1":"product","2":"type-product","3":"status-publish","4":"has-post-thumbnail","6":"product_cat-wholesale-dinnerware-sets","7":"product_cat-tableware-wholesale","9":"first","10":"instock","11":"shipping-taxable","12":"product-type-simple"},"acf":[],"_links":{"self":[{"href":"https:\/\/jinhuaceramic.com\/de\/wp-json\/wp\/v2\/product\/8901","targetHints":{"allow":["GET"]}}],"collection":[{"href":"https:\/\/jinhuaceramic.com\/de\/wp-json\/wp\/v2\/product"}],"about":[{"href":"https:\/\/jinhuaceramic.com\/de\/wp-json\/wp\/v2\/types\/product"}],"replies":[{"embeddable":true,"href":"https:\/\/jinhuaceramic.com\/de\/wp-json\/wp\/v2\/comments?post=8901"}],"version-history":[{"count":0,"href":"https:\/\/jinhuaceramic.com\/de\/wp-json\/wp\/v2\/product\/8901\/revisions"}],"wp:featuredmedia":[{"embeddable":true,"href":"https:\/\/jinhuaceramic.com\/de\/wp-json\/wp\/v2\/media\/8904"}],"wp:attachment":[{"href":"https:\/\/jinhuaceramic.com\/de\/wp-json\/wp\/v2\/media?parent=8901"}],"wp:term":[{"taxonomy":"product_brand","embeddable":true,"href":"https:\/\/jinhuaceramic.com\/de\/wp-json\/wp\/v2\/product_brand?post=8901"},{"taxonomy":"product_cat","embeddable":true,"href":"https:\/\/jinhuaceramic.com\/de\/wp-json\/wp\/v2\/product_cat?post=8901"},{"taxonomy":"product_tag","embeddable":true,"href":"https:\/\/jinhuaceramic.com\/de\/wp-json\/wp\/v2\/product_tag?post=8901"}],"curies":[{"name":"wp","href":"https:\/\/api.w.org\/{rel}","templated":true}]}}