{"id":8931,"date":"2025-05-10T02:57:28","date_gmt":"2025-05-10T02:57:28","guid":{"rendered":"https:\/\/jinhuaceramic.com\/?post_type=product&#038;p=8931"},"modified":"2025-05-10T02:57:30","modified_gmt":"2025-05-10T02:57:30","slug":"plates-and-bowls-wholesale","status":"publish","type":"product","link":"https:\/\/jinhuaceramic.com\/de\/product\/plates-and-bowls-wholesale\/","title":{"rendered":"Pastoral Teller und Schalen Gro\u00dfhandel, Geschirr-Sets in Bulk"},"content":{"rendered":"<div class=\"wp-block-columns is-layout-flex wp-container-core-columns-is-layout-9d6595d7 wp-block-columns-is-layout-flex\">\n<div class=\"wp-block-column is-layout-flow wp-block-column-is-layout-flow\">\n<h3 class=\"wp-block-heading\">Premium Teller und Schalen Gro\u00dfhandel Merkmale:<\/h3>\n\n\n\n<ul class=\"wp-block-list\">\n<li><strong>Off-white Hintergrund mit Pflanzenmotiven:<\/strong> Diese Keramikteller und -schalen im Gro\u00dfhandel basieren auf einem warmen Off-White, das durch handgemalte braune Pflanzenmuster erg\u00e4nzt wird und eine nat\u00fcrliche und warme Essatmosph\u00e4re schafft.<\/li>\n\n\n\n<li><strong>Eine Vielzahl von Gr\u00f6\u00dfen, um den Anforderungen an ein Essen in allen Situationen gerecht zu werden:<\/strong> Unsere Geschirrsets in loser Sch\u00fcttung umfassen eine Vielzahl von Teller- und Sch\u00fcsselgr\u00f6\u00dfen, die sich f\u00fcr Hauptmahlzeiten, Salate, Desserts, Suppen und andere verschiedene Gerichte eignen und sich flexibel kombinieren lassen.<\/li>\n\n\n\n<li><strong>Mattierte Keramiktextur, warm und rutschfest: <\/strong>Die Oberfl\u00e4che dieser Keramikteller und -sch\u00fcsseln hat im Gro\u00dfhandel einen zarten, gefrosteten Touch, der die Textur des Produkts verbessert und gleichzeitig die Rutschfestigkeit erh\u00f6ht und sowohl sch\u00f6n als auch sicher ist.<\/li>\n\n\n\n<li><strong>Geeignet f\u00fcr Gro\u00dfeink\u00e4ufe in mehreren Szenarien: <\/strong>Unsere keramischen Geschirrsets in gro\u00dfen Mengen unterst\u00fctzen OEM\/ODM-Kundenanpassungsdienste und eignen sich f\u00fcr verschiedene Kan\u00e4le, wie z. B. den Einzelhandel zu Hause, Gastfamilien, Restaurants und Geschenkanpassungen.<\/li>\n<\/ul>\n<\/div>\n\n\n\n<div class=\"wp-block-column is-layout-flow wp-block-column-is-layout-flow\">\n<figure class=\"wp-block-image size-full\"><img fetchpriority=\"high\" decoding=\"async\" width=\"800\" height=\"800\" src=\"https:\/\/jinhuaceramic.com\/wp-content\/uploads\/2025\/05\/A-Variety-of-Ceramic-Bowl-and-Plate-Combinations-Custom-Tableware-Set-3.webp\" alt=\"Pastoral Teller und Schalen Gro\u00dfhandel, Geschirr-Sets in Bulk-1\" class=\"wp-image-8933\" srcset=\"https:\/\/jinhuaceramic.com\/wp-content\/uploads\/2025\/05\/A-Variety-of-Ceramic-Bowl-and-Plate-Combinations-Custom-Tableware-Set-3.webp 800w, https:\/\/jinhuaceramic.com\/wp-content\/uploads\/2025\/05\/A-Variety-of-Ceramic-Bowl-and-Plate-Combinations-Custom-Tableware-Set-3-300x300.webp 300w, https:\/\/jinhuaceramic.com\/wp-content\/uploads\/2025\/05\/A-Variety-of-Ceramic-Bowl-and-Plate-Combinations-Custom-Tableware-Set-3-150x150.webp 150w, https:\/\/jinhuaceramic.com\/wp-content\/uploads\/2025\/05\/A-Variety-of-Ceramic-Bowl-and-Plate-Combinations-Custom-Tableware-Set-3-768x768.webp 768w, https:\/\/jinhuaceramic.com\/wp-content\/uploads\/2025\/05\/A-Variety-of-Ceramic-Bowl-and-Plate-Combinations-Custom-Tableware-Set-3-12x12.webp 12w, https:\/\/jinhuaceramic.com\/wp-content\/uploads\/2025\/05\/A-Variety-of-Ceramic-Bowl-and-Plate-Combinations-Custom-Tableware-Set-3-285x285.webp 285w, https:\/\/jinhuaceramic.com\/wp-content\/uploads\/2025\/05\/A-Variety-of-Ceramic-Bowl-and-Plate-Combinations-Custom-Tableware-Set-3-270x270.webp 270w, https:\/\/jinhuaceramic.com\/wp-content\/uploads\/2025\/05\/A-Variety-of-Ceramic-Bowl-and-Plate-Combinations-Custom-Tableware-Set-3-540x540.webp 540w, https:\/\/jinhuaceramic.com\/wp-content\/uploads\/2025\/05\/A-Variety-of-Ceramic-Bowl-and-Plate-Combinations-Custom-Tableware-Set-3-660x660.webp 660w\" sizes=\"(max-width: 800px) 100vw, 800px\" \/><\/figure>\n<\/div>\n<\/div>","protected":false},"excerpt":{"rendered":"<p>Willkommen zum Kauf von Geschirrsets in gro\u00dfen Mengen. Unsere pastorale Stil Keramik Teller und Schalen Gro\u00dfhandel verf\u00fcgt \u00fcber einen off-wei\u00dfem Hintergrund und braunen Pflanzenmuster, mit einer Vielzahl von Teller und Sch\u00fcssel Gr\u00f6\u00dfen und eine zarte matte Textur, pr\u00e4sentiert eine nat\u00fcrliche und warme Esstisch \u00c4sthetik.<\/p>","protected":false},"featured_media":8932,"comment_status":"closed","ping_status":"closed","template":"","meta":{"_acf_changed":false},"product_brand":[],"product_cat":[83,54],"product_tag":[],"class_list":{"0":"post-8931","1":"product","2":"type-product","3":"status-publish","4":"has-post-thumbnail","6":"product_cat-wholesale-dinnerware-sets","7":"product_cat-tableware-wholesale","9":"first","10":"instock","11":"shipping-taxable","12":"product-type-simple"},"acf":[],"_links":{"self":[{"href":"https:\/\/jinhuaceramic.com\/de\/wp-json\/wp\/v2\/product\/8931","targetHints":{"allow":["GET"]}}],"collection":[{"href":"https:\/\/jinhuaceramic.com\/de\/wp-json\/wp\/v2\/product"}],"about":[{"href":"https:\/\/jinhuaceramic.com\/de\/wp-json\/wp\/v2\/types\/product"}],"replies":[{"embeddable":true,"href":"https:\/\/jinhuaceramic.com\/de\/wp-json\/wp\/v2\/comments?post=8931"}],"version-history":[{"count":0,"href":"https:\/\/jinhuaceramic.com\/de\/wp-json\/wp\/v2\/product\/8931\/revisions"}],"wp:featuredmedia":[{"embeddable":true,"href":"https:\/\/jinhuaceramic.com\/de\/wp-json\/wp\/v2\/media\/8932"}],"wp:attachment":[{"href":"https:\/\/jinhuaceramic.com\/de\/wp-json\/wp\/v2\/media?parent=8931"}],"wp:term":[{"taxonomy":"product_brand","embeddable":true,"href":"https:\/\/jinhuaceramic.com\/de\/wp-json\/wp\/v2\/product_brand?post=8931"},{"taxonomy":"product_cat","embeddable":true,"href":"https:\/\/jinhuaceramic.com\/de\/wp-json\/wp\/v2\/product_cat?post=8931"},{"taxonomy":"product_tag","embeddable":true,"href":"https:\/\/jinhuaceramic.com\/de\/wp-json\/wp\/v2\/product_tag?post=8931"}],"curies":[{"name":"wp","href":"https:\/\/api.w.org\/{rel}","templated":true}]}}