{"id":8950,"date":"2025-05-10T02:45:30","date_gmt":"2025-05-10T02:45:30","guid":{"rendered":"https:\/\/jinhuaceramic.com\/?post_type=product&#038;p=8950"},"modified":"2025-05-10T02:45:31","modified_gmt":"2025-05-10T02:45:31","slug":"modern-bathroom-accessories-wholesale","status":"publish","type":"product","link":"https:\/\/jinhuaceramic.com\/de\/product\/modern-bathroom-accessories-wholesale\/","title":{"rendered":"Moderne Bad-Accessoires Gro\u00dfhandel mit Gesicht-Muster"},"content":{"rendered":"<div class=\"wp-block-columns is-layout-flex wp-container-core-columns-is-layout-9d6595d7 wp-block-columns-is-layout-flex\">\n<div class=\"wp-block-column is-layout-flow wp-block-column-is-layout-flow\">\n<h3 class=\"wp-block-heading\">Premium-Badezimmer-Accessoires Gro\u00dfhandel Features:<\/h3>\n\n\n\n<ul class=\"wp-block-list\">\n<li><strong>Personalisierte Gesichtslinienmuster, voller Kunstsinn: <\/strong>Unsere modernen Bad-Accessoires Gro\u00dfhandel nimmt modernen minimalistischen Stil menschliches Gesicht Linie Design, brechen die traditionellen Bad-Accessoires Form, das Hinzuf\u00fcgen k\u00fcnstlerische Atmosph\u00e4re, um das Bad Raum.<\/li>\n\n\n\n<li><strong>Keramisches Material, hochwertige Beschaffenheit und Haltbarkeit: <\/strong>Unsere keramischen Badesets in gro\u00dfen Mengen werden bei hoher Temperatur gebrannt, die glatte Glasur ist fleckenunempfindlich, feuchtigkeitsbest\u00e4ndig und antibakteriell, und sie ist praktisch und sch\u00f6n zugleich.<\/li>\n\n\n\n<li><strong>Komplette Set-Kombination, praktisch und bequem: <\/strong>Unser modernes Badezimmerzubeh\u00f6r im Gro\u00dfhandel umfasst Zahnb\u00fcrstenhalter, Mundsp\u00fclbecher, Seifenspender, Seifenschalen und andere Accessoires, die den t\u00e4glichen Wasch- und Aufbewahrungsbedarf decken und das Badezimmer ordentlicher und aufger\u00e4umter machen.<\/li>\n\n\n\n<li><strong>Unterst\u00fctzung von Massenanpassungen, geeignet f\u00fcr mehrere Vertriebskan\u00e4le: <\/strong>Wir bieten Muster-, Farb-, Logo- und Verpackungsanpassungen f\u00fcr keramische Badesets in gro\u00dfen Mengen, die sich f\u00fcr Markenwerbung, E-Commerce-Verk\u00e4ufe, Geschenkprojekte und den Offline-Handel eignen.<\/li>\n<\/ul>\n<\/div>\n\n\n\n<div class=\"wp-block-column is-layout-flow wp-block-column-is-layout-flow\">\n<figure class=\"wp-block-image size-full\"><img fetchpriority=\"high\" decoding=\"async\" width=\"800\" height=\"800\" src=\"https:\/\/jinhuaceramic.com\/wp-content\/uploads\/2025\/05\/Unique-Bathroom-Set-with-Face-Pattern-Bathroom-Accessories-Supplies-5.webp\" alt=\"Moderne Bad-Accessoires Gro\u00dfhandel mit Gesicht Muster-1\" class=\"wp-image-8954\" srcset=\"https:\/\/jinhuaceramic.com\/wp-content\/uploads\/2025\/05\/Unique-Bathroom-Set-with-Face-Pattern-Bathroom-Accessories-Supplies-5.webp 800w, https:\/\/jinhuaceramic.com\/wp-content\/uploads\/2025\/05\/Unique-Bathroom-Set-with-Face-Pattern-Bathroom-Accessories-Supplies-5-300x300.webp 300w, https:\/\/jinhuaceramic.com\/wp-content\/uploads\/2025\/05\/Unique-Bathroom-Set-with-Face-Pattern-Bathroom-Accessories-Supplies-5-150x150.webp 150w, https:\/\/jinhuaceramic.com\/wp-content\/uploads\/2025\/05\/Unique-Bathroom-Set-with-Face-Pattern-Bathroom-Accessories-Supplies-5-768x768.webp 768w, https:\/\/jinhuaceramic.com\/wp-content\/uploads\/2025\/05\/Unique-Bathroom-Set-with-Face-Pattern-Bathroom-Accessories-Supplies-5-12x12.webp 12w, https:\/\/jinhuaceramic.com\/wp-content\/uploads\/2025\/05\/Unique-Bathroom-Set-with-Face-Pattern-Bathroom-Accessories-Supplies-5-285x285.webp 285w, https:\/\/jinhuaceramic.com\/wp-content\/uploads\/2025\/05\/Unique-Bathroom-Set-with-Face-Pattern-Bathroom-Accessories-Supplies-5-270x270.webp 270w, https:\/\/jinhuaceramic.com\/wp-content\/uploads\/2025\/05\/Unique-Bathroom-Set-with-Face-Pattern-Bathroom-Accessories-Supplies-5-540x540.webp 540w, https:\/\/jinhuaceramic.com\/wp-content\/uploads\/2025\/05\/Unique-Bathroom-Set-with-Face-Pattern-Bathroom-Accessories-Supplies-5-660x660.webp 660w\" sizes=\"(max-width: 800px) 100vw, 800px\" \/><\/figure>\n<\/div>\n<\/div>","protected":false},"excerpt":{"rendered":"<p>Willkommen zum Kauf von keramischen Badesets in gro\u00dfen Mengen. Diese moderne Bad-Accessoires Gro\u00dfhandel kombiniert k\u00fcnstlerisches Design und praktische Funktionen, einfach und einzigartig, geeignet f\u00fcr Familien und High-End-R\u00e4ume verfolgt Leben \u00c4sthetik, und ist eine beliebte Wahl f\u00fcr den Einzelhandel und Gro\u00dfhandel.<\/p>","protected":false},"featured_media":8955,"comment_status":"closed","ping_status":"closed","template":"","meta":{"_acf_changed":false},"product_brand":[],"product_cat":[51],"product_tag":[74],"class_list":{"0":"post-8950","1":"product","2":"type-product","3":"status-publish","4":"has-post-thumbnail","6":"product_cat-bathroom-accessories-wholesale","7":"product_tag-ceramic-bath-accessories-wholesale","9":"first","10":"instock","11":"shipping-taxable","12":"product-type-simple"},"acf":[],"_links":{"self":[{"href":"https:\/\/jinhuaceramic.com\/de\/wp-json\/wp\/v2\/product\/8950","targetHints":{"allow":["GET"]}}],"collection":[{"href":"https:\/\/jinhuaceramic.com\/de\/wp-json\/wp\/v2\/product"}],"about":[{"href":"https:\/\/jinhuaceramic.com\/de\/wp-json\/wp\/v2\/types\/product"}],"replies":[{"embeddable":true,"href":"https:\/\/jinhuaceramic.com\/de\/wp-json\/wp\/v2\/comments?post=8950"}],"version-history":[{"count":0,"href":"https:\/\/jinhuaceramic.com\/de\/wp-json\/wp\/v2\/product\/8950\/revisions"}],"wp:featuredmedia":[{"embeddable":true,"href":"https:\/\/jinhuaceramic.com\/de\/wp-json\/wp\/v2\/media\/8955"}],"wp:attachment":[{"href":"https:\/\/jinhuaceramic.com\/de\/wp-json\/wp\/v2\/media?parent=8950"}],"wp:term":[{"taxonomy":"product_brand","embeddable":true,"href":"https:\/\/jinhuaceramic.com\/de\/wp-json\/wp\/v2\/product_brand?post=8950"},{"taxonomy":"product_cat","embeddable":true,"href":"https:\/\/jinhuaceramic.com\/de\/wp-json\/wp\/v2\/product_cat?post=8950"},{"taxonomy":"product_tag","embeddable":true,"href":"https:\/\/jinhuaceramic.com\/de\/wp-json\/wp\/v2\/product_tag?post=8950"}],"curies":[{"name":"wp","href":"https:\/\/api.w.org\/{rel}","templated":true}]}}