{"id":8995,"date":"2025-05-10T02:23:45","date_gmt":"2025-05-10T02:23:45","guid":{"rendered":"https:\/\/jinhuaceramic.com\/?post_type=product&#038;p=8995"},"modified":"2025-05-10T02:23:46","modified_gmt":"2025-05-10T02:23:46","slug":"ceramic-candle-vessels-wholesale","status":"publish","type":"product","link":"https:\/\/jinhuaceramic.com\/de\/product\/ceramic-candle-vessels-wholesale\/","title":{"rendered":"Geometrische Textur keramische Kerze Gef\u00e4\u00dfe Gro\u00dfhandel in Bulk"},"content":{"rendered":"<div class=\"wp-block-columns is-layout-flex wp-container-core-columns-is-layout-9d6595d7 wp-block-columns-is-layout-flex\">\n<div class=\"wp-block-column is-layout-flow wp-block-column-is-layout-flow\">\n<h3 class=\"wp-block-heading\">Premium-Keramik-Kerze Gef\u00e4\u00dfe Gro\u00dfhandel Features:<\/h3>\n\n\n\n<ul class=\"wp-block-list\">\n<li><strong>Geometrisches Reliefdesign, starke dreidimensionale Sch\u00f6nheit: <\/strong>Unsere keramische Kerze Schiffe Gro\u00dfhandel Oberfl\u00e4che mit exquisiten geometrischen Textur, reiches Gef\u00fchl, einzigartige Form, verbessern die gesamte Kerze Produkt visuelle Schichtung und Grad.<\/li>\n\n\n\n<li><strong>Keramisches Material, sichere W\u00e4rmed\u00e4mmung ohne Leckage: <\/strong>Unsere Kerze Gl\u00e4ser in loser Sch\u00fcttung verwenden Hochtemperatur gebrannt Keramik, stabile Struktur, nicht leicht zu durchdringen Wachs, mit guter Hitzebest\u00e4ndigkeit, geeignet f\u00fcr alle Arten von Aromatherapie Kerze f\u00fcllen.<\/li>\n\n\n\n<li><strong>Optional mehrfarbig, geeignet f\u00fcr eine Vielzahl von Stilen: <\/strong>Wir bieten keramische Kerze Gef\u00e4\u00dfe Gro\u00dfhandel mit einer Vielzahl von Farb-Optionen, um die einfache, Nordic, Retro und andere verschiedene Haus oder Geschenk-Stil passend.<\/li>\n\n\n\n<li><strong>Unterst\u00fctzung von Massenanpassungen und OEM-Produktion: <\/strong>Diese keramischen Kerzengl\u00e4ser in loser Sch\u00fcttung k\u00f6nnen je nach Kundenwunsch in Gr\u00f6\u00dfe, Logo, Farbe und Verpackung angepasst werden und eignen sich f\u00fcr Marken, gro\u00dfe Einzelh\u00e4ndler und Geschenkprojektbeschaffung.<\/li>\n<\/ul>\n<\/div>\n\n\n\n<div class=\"wp-block-column is-layout-flow wp-block-column-is-layout-flow\">\n<figure class=\"wp-block-image size-full\"><img fetchpriority=\"high\" decoding=\"async\" width=\"800\" height=\"800\" src=\"https:\/\/jinhuaceramic.com\/wp-content\/uploads\/2025\/05\/Wholesale-Candle-Jars-With-Geometric-Texture-Candle-Vessels-In-Bulk-4.webp\" alt=\"Geometrische Textur keramische Kerze Gef\u00e4\u00dfe Gro\u00dfhandel in Bulk-1\" class=\"wp-image-8998\" srcset=\"https:\/\/jinhuaceramic.com\/wp-content\/uploads\/2025\/05\/Wholesale-Candle-Jars-With-Geometric-Texture-Candle-Vessels-In-Bulk-4.webp 800w, https:\/\/jinhuaceramic.com\/wp-content\/uploads\/2025\/05\/Wholesale-Candle-Jars-With-Geometric-Texture-Candle-Vessels-In-Bulk-4-300x300.webp 300w, https:\/\/jinhuaceramic.com\/wp-content\/uploads\/2025\/05\/Wholesale-Candle-Jars-With-Geometric-Texture-Candle-Vessels-In-Bulk-4-150x150.webp 150w, https:\/\/jinhuaceramic.com\/wp-content\/uploads\/2025\/05\/Wholesale-Candle-Jars-With-Geometric-Texture-Candle-Vessels-In-Bulk-4-768x768.webp 768w, https:\/\/jinhuaceramic.com\/wp-content\/uploads\/2025\/05\/Wholesale-Candle-Jars-With-Geometric-Texture-Candle-Vessels-In-Bulk-4-12x12.webp 12w, https:\/\/jinhuaceramic.com\/wp-content\/uploads\/2025\/05\/Wholesale-Candle-Jars-With-Geometric-Texture-Candle-Vessels-In-Bulk-4-285x285.webp 285w, https:\/\/jinhuaceramic.com\/wp-content\/uploads\/2025\/05\/Wholesale-Candle-Jars-With-Geometric-Texture-Candle-Vessels-In-Bulk-4-270x270.webp 270w, https:\/\/jinhuaceramic.com\/wp-content\/uploads\/2025\/05\/Wholesale-Candle-Jars-With-Geometric-Texture-Candle-Vessels-In-Bulk-4-540x540.webp 540w, https:\/\/jinhuaceramic.com\/wp-content\/uploads\/2025\/05\/Wholesale-Candle-Jars-With-Geometric-Texture-Candle-Vessels-In-Bulk-4-660x660.webp 660w\" sizes=\"(max-width: 800px) 100vw, 800px\" \/><\/figure>\n<\/div>\n<\/div>","protected":false},"excerpt":{"rendered":"<p>Willkommen zu kaufen Kerze Gl\u00e4ser in loser Sch\u00fcttung. Diese geometrische Textur Keramik Kerze Gef\u00e4\u00dfe Gro\u00dfhandel sind sowohl praktisch als auch sch\u00f6n, und ist eine ideale Wahl f\u00fcr Aromatherapie Marken, Geschenke f\u00fcr zu Hause und kundenspezifische Projekte, unterst\u00fctzt Gro\u00dfbestellung und personalisierte Anpassung.<\/p>","protected":false},"featured_media":9000,"comment_status":"closed","ping_status":"closed","template":"","meta":{"_acf_changed":false},"product_brand":[],"product_cat":[52],"product_tag":[66],"class_list":{"0":"post-8995","1":"product","2":"type-product","3":"status-publish","4":"has-post-thumbnail","6":"product_cat-wholesale-candle-containers","7":"product_tag-candle-jars-wholesale","9":"first","10":"instock","11":"shipping-taxable","12":"product-type-simple"},"acf":[],"_links":{"self":[{"href":"https:\/\/jinhuaceramic.com\/de\/wp-json\/wp\/v2\/product\/8995","targetHints":{"allow":["GET"]}}],"collection":[{"href":"https:\/\/jinhuaceramic.com\/de\/wp-json\/wp\/v2\/product"}],"about":[{"href":"https:\/\/jinhuaceramic.com\/de\/wp-json\/wp\/v2\/types\/product"}],"replies":[{"embeddable":true,"href":"https:\/\/jinhuaceramic.com\/de\/wp-json\/wp\/v2\/comments?post=8995"}],"version-history":[{"count":0,"href":"https:\/\/jinhuaceramic.com\/de\/wp-json\/wp\/v2\/product\/8995\/revisions"}],"wp:featuredmedia":[{"embeddable":true,"href":"https:\/\/jinhuaceramic.com\/de\/wp-json\/wp\/v2\/media\/9000"}],"wp:attachment":[{"href":"https:\/\/jinhuaceramic.com\/de\/wp-json\/wp\/v2\/media?parent=8995"}],"wp:term":[{"taxonomy":"product_brand","embeddable":true,"href":"https:\/\/jinhuaceramic.com\/de\/wp-json\/wp\/v2\/product_brand?post=8995"},{"taxonomy":"product_cat","embeddable":true,"href":"https:\/\/jinhuaceramic.com\/de\/wp-json\/wp\/v2\/product_cat?post=8995"},{"taxonomy":"product_tag","embeddable":true,"href":"https:\/\/jinhuaceramic.com\/de\/wp-json\/wp\/v2\/product_tag?post=8995"}],"curies":[{"name":"wp","href":"https:\/\/api.w.org\/{rel}","templated":true}]}}