{"id":9039,"date":"2025-05-16T07:55:52","date_gmt":"2025-05-16T07:55:52","guid":{"rendered":"https:\/\/jinhuaceramic.com\/?post_type=product&#038;p=9039"},"modified":"2025-05-16T07:55:53","modified_gmt":"2025-05-16T07:55:53","slug":"wholesale-bath-accessory-set","status":"publish","type":"product","link":"https:\/\/jinhuaceramic.com\/de\/product\/wholesale-bath-accessory-set\/","title":{"rendered":"6-teiliges Gro\u00dfhandels-Badezubeh\u00f6r-Set, lila Keramik-Badezimmer-Set"},"content":{"rendered":"<div class=\"wp-block-columns is-layout-flex wp-container-core-columns-is-layout-9d6595d7 wp-block-columns-is-layout-flex\">\n<div class=\"wp-block-column is-layout-flow wp-block-column-is-layout-flow\">\n<h3 class=\"wp-block-heading\">Premium-Gro\u00dfhandel Bad Accessoire Set Features:<\/h3>\n\n\n\n<ul class=\"wp-block-list\">\n<li><strong>Stilvolles Design: <\/strong>Diese Badaccessoires im Gro\u00dfhandel haben einen violetten Farbverlauf mit nat\u00fcrlichen \u00dcberg\u00e4ngen von hellen zu dunklen Farben von oben nach unten, was einen weichen und geschichteten visuellen Effekt erzeugt. Alle Accessoires haben unregelm\u00e4\u00dfige und subtile Fleckentexturen auf ihren Oberfl\u00e4chen, die den Produkten einen Hauch von Raffinesse verleihen.<\/li>\n\n\n\n<li><strong>Langlebiges Material: <\/strong>Diese bei hohen Temperaturen gebrannten keramischen Badezimmersets in loser Sch\u00fcttung haben eine hohe H\u00e4rte und Festigkeit, sind nicht anf\u00e4llig f\u00fcr Verschlei\u00df und Besch\u00e4digungen und haben eine lange Lebensdauer. Und die Oberfl\u00e4che der Keramik ist glatt, leicht zu reinigen und zu pflegen.<\/li>\n\n\n\n<li><strong>Vollst\u00e4ndiger Satz: <\/strong>Unsere 6-teiligen Bad-Accessoire-Sets umfassen einen Seifenspender, eine Seifenschale, ein Watted\u00f6schen, einen Zahnb\u00fcrstenhalter, einen Mundwasserbecher und einen Toilettenb\u00fcrstenhalter und vereinen mehrere Badfunktionen wie Waschen, Reinigen und Aufbewahren.<\/li>\n\n\n\n<li><strong>Harmonie und Einigkeit: <\/strong>Diese keramischen Badezimmersets in gro\u00dfen Mengen bieten Konsistenz in Designstil und Farbe f\u00fcr jedes St\u00fcck, so dass die B\u00e4der nicht in Unordnung mit kombinierten Einzelteilen, sondern eher in Harmonie und Einheit, bilden eine ganzheitliche Dekoration f\u00fcr das Bad, die die allgemeine Sch\u00f6nheit erh\u00f6ht.<\/li>\n<\/ul>\n<\/div>\n\n\n\n<div class=\"wp-block-column is-layout-flow wp-block-column-is-layout-flow\">\n<figure class=\"wp-block-image size-full\"><img fetchpriority=\"high\" decoding=\"async\" width=\"1600\" height=\"1600\" src=\"https:\/\/jinhuaceramic.com\/wp-content\/uploads\/2025\/05\/6-Piece-Purple-Ceramic-Bathroom-Set-Wholesale-Custom-Bath-Accessories-2.webp\" alt=\"6-teilige Gro\u00dfhandel Bad-Accessoire-Set, lila Keramik Bad Set-7\" class=\"wp-image-9040\" srcset=\"https:\/\/jinhuaceramic.com\/wp-content\/uploads\/2025\/05\/6-Piece-Purple-Ceramic-Bathroom-Set-Wholesale-Custom-Bath-Accessories-2.webp 1600w, https:\/\/jinhuaceramic.com\/wp-content\/uploads\/2025\/05\/6-Piece-Purple-Ceramic-Bathroom-Set-Wholesale-Custom-Bath-Accessories-2-300x300.webp 300w, https:\/\/jinhuaceramic.com\/wp-content\/uploads\/2025\/05\/6-Piece-Purple-Ceramic-Bathroom-Set-Wholesale-Custom-Bath-Accessories-2-150x150.webp 150w, https:\/\/jinhuaceramic.com\/wp-content\/uploads\/2025\/05\/6-Piece-Purple-Ceramic-Bathroom-Set-Wholesale-Custom-Bath-Accessories-2-768x768.webp 768w, https:\/\/jinhuaceramic.com\/wp-content\/uploads\/2025\/05\/6-Piece-Purple-Ceramic-Bathroom-Set-Wholesale-Custom-Bath-Accessories-2-12x12.webp 12w, https:\/\/jinhuaceramic.com\/wp-content\/uploads\/2025\/05\/6-Piece-Purple-Ceramic-Bathroom-Set-Wholesale-Custom-Bath-Accessories-2-285x285.webp 285w, https:\/\/jinhuaceramic.com\/wp-content\/uploads\/2025\/05\/6-Piece-Purple-Ceramic-Bathroom-Set-Wholesale-Custom-Bath-Accessories-2-270x270.webp 270w, https:\/\/jinhuaceramic.com\/wp-content\/uploads\/2025\/05\/6-Piece-Purple-Ceramic-Bathroom-Set-Wholesale-Custom-Bath-Accessories-2-540x540.webp 540w, https:\/\/jinhuaceramic.com\/wp-content\/uploads\/2025\/05\/6-Piece-Purple-Ceramic-Bathroom-Set-Wholesale-Custom-Bath-Accessories-2-660x660.webp 660w\" sizes=\"(max-width: 1600px) 100vw, 1600px\" \/><\/figure>\n<\/div>\n<\/div>","protected":false},"excerpt":{"rendered":"<p>Willkommen im Gro\u00dfhandel Bad-Accessoire-Sets zu kaufen. Diese keramischen Badezimmersets in gro\u00dfen Mengen sind stilvoll gestaltet und k\u00f6nnen dem Badezimmer eine elegante und warme Atmosph\u00e4re verleihen. Inzwischen ist Keramik Material langlebig und leicht zu reinigen, so dass es sehr praktisch.<\/p>","protected":false},"featured_media":9044,"comment_status":"closed","ping_status":"closed","template":"","meta":{"_acf_changed":false},"product_brand":[],"product_cat":[51],"product_tag":[74],"class_list":{"0":"post-9039","1":"product","2":"type-product","3":"status-publish","4":"has-post-thumbnail","6":"product_cat-bathroom-accessories-wholesale","7":"product_tag-ceramic-bath-accessories-wholesale","9":"first","10":"instock","11":"shipping-taxable","12":"product-type-simple"},"acf":[],"_links":{"self":[{"href":"https:\/\/jinhuaceramic.com\/de\/wp-json\/wp\/v2\/product\/9039","targetHints":{"allow":["GET"]}}],"collection":[{"href":"https:\/\/jinhuaceramic.com\/de\/wp-json\/wp\/v2\/product"}],"about":[{"href":"https:\/\/jinhuaceramic.com\/de\/wp-json\/wp\/v2\/types\/product"}],"replies":[{"embeddable":true,"href":"https:\/\/jinhuaceramic.com\/de\/wp-json\/wp\/v2\/comments?post=9039"}],"version-history":[{"count":0,"href":"https:\/\/jinhuaceramic.com\/de\/wp-json\/wp\/v2\/product\/9039\/revisions"}],"wp:featuredmedia":[{"embeddable":true,"href":"https:\/\/jinhuaceramic.com\/de\/wp-json\/wp\/v2\/media\/9044"}],"wp:attachment":[{"href":"https:\/\/jinhuaceramic.com\/de\/wp-json\/wp\/v2\/media?parent=9039"}],"wp:term":[{"taxonomy":"product_brand","embeddable":true,"href":"https:\/\/jinhuaceramic.com\/de\/wp-json\/wp\/v2\/product_brand?post=9039"},{"taxonomy":"product_cat","embeddable":true,"href":"https:\/\/jinhuaceramic.com\/de\/wp-json\/wp\/v2\/product_cat?post=9039"},{"taxonomy":"product_tag","embeddable":true,"href":"https:\/\/jinhuaceramic.com\/de\/wp-json\/wp\/v2\/product_tag?post=9039"}],"curies":[{"name":"wp","href":"https:\/\/api.w.org\/{rel}","templated":true}]}}