{"id":9054,"date":"2025-05-16T07:49:52","date_gmt":"2025-05-16T07:49:52","guid":{"rendered":"https:\/\/jinhuaceramic.com\/?post_type=product&#038;p=9054"},"modified":"2025-05-16T07:49:54","modified_gmt":"2025-05-16T07:49:54","slug":"wholesale-candle-vessel","status":"publish","type":"product","link":"https:\/\/jinhuaceramic.com\/de\/product\/wholesale-candle-vessel\/","title":{"rendered":"Leere Gro\u00dfhandel Kerze Gef\u00e4\u00df, benutzerdefinierte keramische Kerze Gl\u00e4ser"},"content":{"rendered":"<div class=\"wp-block-columns is-layout-flex wp-container-core-columns-is-layout-9d6595d7 wp-block-columns-is-layout-flex\">\n<div class=\"wp-block-column is-layout-flow wp-block-column-is-layout-flow\">\n<h3 class=\"wp-block-heading\">Premium-Gro\u00dfhandel Kerze Vessel Merkmale:<\/h3>\n\n\n\n<ul class=\"wp-block-list\">\n<li><strong>Gradient Farbe: <\/strong>Diese Gro\u00dfhandelskerzengef\u00e4\u00dfe sind mit einem Farbverlauf versehen, der sich allm\u00e4hlich von hellgr\u00fcn nach oben zu dunkelgr\u00fcn nach unten hin ver\u00e4ndert. Der \u00dcbergang der Farbe ist nat\u00fcrlich und voller Schichten, so dass die Menschen zu f\u00fchlen, nat\u00fcrlich und frisch.<\/li>\n\n\n\n<li><strong>Einzigartige Form:<\/strong> Diese individuellen Keramik-Kerzengl\u00e4ser haben eine einfache, aber innovative Form. Sie sind zylindrisch mit einer verengten mittleren Taille und einem kreisf\u00f6rmigen Muster aus Textur, das an Bambusknoten auf der Au\u00dfenseite erinnert, was sowohl Textur verleiht als auch Einzigartigkeit f\u00f6rdert.<\/li>\n\n\n\n<li><strong>Langlebigkeit:<\/strong> Diese Gro\u00dfhandelskerzengef\u00e4\u00dfe haben eine hohe thermische Stabilit\u00e4t, die durch die Kerzenhitze nicht ver\u00e4ndert wird, und sind rissfest und nicht verformbar f\u00fcr einen sicheren Gebrauch.<\/li>\n\n\n\n<li><strong>Verschiedene Farben: <\/strong>Diese individuellen Keramik-Kerzengl\u00e4ser sind in zwei Farben erh\u00e4ltlich: braun und gr\u00fcn. Die Kunden k\u00f6nnen je nach ihren Anforderungen und Vorlieben f\u00fcr die Inneneinrichtung w\u00e4hlen. Wir sind auch in der Lage, andere Farben auf der Grundlage der Kundenanforderungen als Hersteller zu \u00e4ndern.<\/li>\n<\/ul>\n<\/div>\n\n\n\n<div class=\"wp-block-column is-layout-flow wp-block-column-is-layout-flow\">\n<figure class=\"wp-block-image size-full\"><img fetchpriority=\"high\" decoding=\"async\" width=\"800\" height=\"800\" src=\"https:\/\/jinhuaceramic.com\/wp-content\/uploads\/2025\/05\/Custom-Empty-Candle-Vessel-Wholesale-Ceramic-Candle-Jar-for-Candle-Making.webp\" alt=\"Leere Gro\u00dfhandel Kerze Gef\u00e4\u00df, benutzerdefinierte keramische Kerze Jars-4\" class=\"wp-image-9058\" srcset=\"https:\/\/jinhuaceramic.com\/wp-content\/uploads\/2025\/05\/Custom-Empty-Candle-Vessel-Wholesale-Ceramic-Candle-Jar-for-Candle-Making.webp 800w, https:\/\/jinhuaceramic.com\/wp-content\/uploads\/2025\/05\/Custom-Empty-Candle-Vessel-Wholesale-Ceramic-Candle-Jar-for-Candle-Making-300x300.webp 300w, https:\/\/jinhuaceramic.com\/wp-content\/uploads\/2025\/05\/Custom-Empty-Candle-Vessel-Wholesale-Ceramic-Candle-Jar-for-Candle-Making-150x150.webp 150w, https:\/\/jinhuaceramic.com\/wp-content\/uploads\/2025\/05\/Custom-Empty-Candle-Vessel-Wholesale-Ceramic-Candle-Jar-for-Candle-Making-768x768.webp 768w, https:\/\/jinhuaceramic.com\/wp-content\/uploads\/2025\/05\/Custom-Empty-Candle-Vessel-Wholesale-Ceramic-Candle-Jar-for-Candle-Making-12x12.webp 12w, https:\/\/jinhuaceramic.com\/wp-content\/uploads\/2025\/05\/Custom-Empty-Candle-Vessel-Wholesale-Ceramic-Candle-Jar-for-Candle-Making-285x285.webp 285w, https:\/\/jinhuaceramic.com\/wp-content\/uploads\/2025\/05\/Custom-Empty-Candle-Vessel-Wholesale-Ceramic-Candle-Jar-for-Candle-Making-270x270.webp 270w, https:\/\/jinhuaceramic.com\/wp-content\/uploads\/2025\/05\/Custom-Empty-Candle-Vessel-Wholesale-Ceramic-Candle-Jar-for-Candle-Making-540x540.webp 540w, https:\/\/jinhuaceramic.com\/wp-content\/uploads\/2025\/05\/Custom-Empty-Candle-Vessel-Wholesale-Ceramic-Candle-Jar-for-Candle-Making-660x660.webp 660w\" sizes=\"(max-width: 800px) 100vw, 800px\" \/><\/figure>\n<\/div>\n<\/div>","protected":false},"excerpt":{"rendered":"<p>Willkommen auf benutzerdefinierte Keramik Kerze Gl\u00e4ser kaufen. Diese Gro\u00dfhandel Kerze Gef\u00e4\u00dfe sind aus hochwertigen Textur, langlebig und umweltfreundliche Materialien gebaut. Ihre schlanken Linien und minimalistisches Design machen sie nicht nur funktionale Kerze Gl\u00e4ser, sondern auch Dekorationen, die ein Gef\u00fchl von Raffinesse und Gem\u00fctlichkeit in der Innenatmosph\u00e4re zu schaffen.<\/p>","protected":false},"featured_media":9056,"comment_status":"closed","ping_status":"closed","template":"","meta":{"_acf_changed":false},"product_brand":[],"product_cat":[52],"product_tag":[66],"class_list":{"0":"post-9054","1":"product","2":"type-product","3":"status-publish","4":"has-post-thumbnail","6":"product_cat-wholesale-candle-containers","7":"product_tag-candle-jars-wholesale","9":"first","10":"instock","11":"shipping-taxable","12":"product-type-simple"},"acf":[],"_links":{"self":[{"href":"https:\/\/jinhuaceramic.com\/de\/wp-json\/wp\/v2\/product\/9054","targetHints":{"allow":["GET"]}}],"collection":[{"href":"https:\/\/jinhuaceramic.com\/de\/wp-json\/wp\/v2\/product"}],"about":[{"href":"https:\/\/jinhuaceramic.com\/de\/wp-json\/wp\/v2\/types\/product"}],"replies":[{"embeddable":true,"href":"https:\/\/jinhuaceramic.com\/de\/wp-json\/wp\/v2\/comments?post=9054"}],"version-history":[{"count":0,"href":"https:\/\/jinhuaceramic.com\/de\/wp-json\/wp\/v2\/product\/9054\/revisions"}],"wp:featuredmedia":[{"embeddable":true,"href":"https:\/\/jinhuaceramic.com\/de\/wp-json\/wp\/v2\/media\/9056"}],"wp:attachment":[{"href":"https:\/\/jinhuaceramic.com\/de\/wp-json\/wp\/v2\/media?parent=9054"}],"wp:term":[{"taxonomy":"product_brand","embeddable":true,"href":"https:\/\/jinhuaceramic.com\/de\/wp-json\/wp\/v2\/product_brand?post=9054"},{"taxonomy":"product_cat","embeddable":true,"href":"https:\/\/jinhuaceramic.com\/de\/wp-json\/wp\/v2\/product_cat?post=9054"},{"taxonomy":"product_tag","embeddable":true,"href":"https:\/\/jinhuaceramic.com\/de\/wp-json\/wp\/v2\/product_tag?post=9054"}],"curies":[{"name":"wp","href":"https:\/\/api.w.org\/{rel}","templated":true}]}}