{"id":9061,"date":"2025-05-16T07:42:09","date_gmt":"2025-05-16T07:42:09","guid":{"rendered":"https:\/\/jinhuaceramic.com\/?post_type=product&#038;p=9061"},"modified":"2025-09-22T08:25:53","modified_gmt":"2025-09-22T08:25:53","slug":"wholesale-essential-oil-diffusers","status":"publish","type":"product","link":"https:\/\/jinhuaceramic.com\/de\/product\/wholesale-essential-oil-diffusers\/","title":{"rendered":"Gro\u00dfhandel \u00e4therisches \u00d6l Diffusoren, keramische Duft Diffusor Bulk"},"content":{"rendered":"<div class=\"wp-block-columns is-layout-flex wp-container-core-columns-is-layout-9d6595d7 wp-block-columns-is-layout-flex\">\n<div class=\"wp-block-column is-layout-flow wp-block-column-is-layout-flow\">\n<h3 class=\"wp-block-heading\">Premium Gro\u00dfhandel \u00e4therisches \u00d6l Diffusoren Eigenschaften:<\/h3>\n\n\n\n<ul class=\"wp-block-list\">\n<li><strong>Handwerkliche Qualit\u00e4t aus Keramik:<\/strong> Unsere Gro\u00dfhandel \u00e4therisches \u00d6l Diffusoren verf\u00fcgt \u00fcber die h\u00f6chste Qualit\u00e4t Keramik, verwendet sorgt f\u00fcr die Langlebigkeit des Produkts zu erhitzen und gibt es eine seidige, spiegelnde Oberfl\u00e4che zu jedem decor.Additionally, die Kerzen sind am Boden des Beh\u00e4lters platziert, so dass die Flamme nicht ausgesetzt ist, die das Risiko von Feuer reduziert.<\/li>\n\n\n\n<li><strong>Einfach zu benutzen und zu reinigen: <\/strong>Die geringe Gr\u00f6\u00dfe des Keramik-Wachsw\u00e4rmers macht es einfach, Wachsschmelzen oder eine Kerze darin zu platzieren, w\u00e4hrend das keramische Material die Reinigung nach dem Gebrauch einfach macht.<\/li>\n\n\n\n<li><strong>Verschiedene Farben: <\/strong>Diese Gro\u00dfhandel \u00e4therisches \u00d6l Diffusoren kommen in verschiedenen Farben wie reine wei\u00dfe Farbe, reine schwarze Farbe, gr\u00fcn und schwarze Flecken, wei\u00dfe und schwarze Flecken, und farbige Flecken und wei\u00df. Sie sind stilvoll modern gestaltet und kann verwendet werden, um abwechslungsreiche Wohnkultur Designs passen.<\/li>\n\n\n\n<li><strong>Praktische Struktur:<\/strong> Diese Keramik-Duftdiffusoren in loser Sch\u00fcttung bestehen aus drei Teilen. Der obere Teil ist ein schalenf\u00f6rmiger Beh\u00e4lter f\u00fcr \u00e4therische \u00d6le, w\u00e4hrend der untere Teil eine runde Vertiefung und eine kleine l\u00f6ffelartige Schale mit einem Griff zum Aufstellen von Teelichtern aufweist.<\/li>\n\n\n\n<li><strong>Sanfte Dufterweiterung:<\/strong> Diese Gro\u00dfhandelsdiffusoren f\u00fcr \u00e4therische \u00d6le sind einfach zu bedienen. F\u00fcllen Sie einfach \u00e4therisches \u00d6l in die obere Schale und z\u00fcnden Sie die Teelichtkerze darunter an. Die W\u00e4rme der Kerze verdampft das \u00e4therische \u00d6l und dehnt es aus, wodurch sich der Duft langsam verbreitet und eine entspannende Atmosph\u00e4re entsteht.<\/li>\n<\/ul>\n<\/div>\n\n\n\n<div class=\"wp-block-column is-layout-flow wp-block-column-is-layout-flow\">\n<figure class=\"wp-block-image size-full\"><img fetchpriority=\"high\" decoding=\"async\" width=\"800\" height=\"800\" src=\"https:\/\/jinhuaceramic.com\/wp-content\/uploads\/2025\/05\/Ceramic-Essential-Oil-Burner-with-Tealight-Candle-Holder-for-Home-Decor-8.webp\" alt=\"Gro\u00dfhandel \u00e4therisches \u00d6l Diffusoren, keramische Duft Diffusor Bulk-1\" class=\"wp-image-9068\" srcset=\"https:\/\/jinhuaceramic.com\/wp-content\/uploads\/2025\/05\/Ceramic-Essential-Oil-Burner-with-Tealight-Candle-Holder-for-Home-Decor-8.webp 800w, https:\/\/jinhuaceramic.com\/wp-content\/uploads\/2025\/05\/Ceramic-Essential-Oil-Burner-with-Tealight-Candle-Holder-for-Home-Decor-8-300x300.webp 300w, https:\/\/jinhuaceramic.com\/wp-content\/uploads\/2025\/05\/Ceramic-Essential-Oil-Burner-with-Tealight-Candle-Holder-for-Home-Decor-8-150x150.webp 150w, https:\/\/jinhuaceramic.com\/wp-content\/uploads\/2025\/05\/Ceramic-Essential-Oil-Burner-with-Tealight-Candle-Holder-for-Home-Decor-8-768x768.webp 768w, https:\/\/jinhuaceramic.com\/wp-content\/uploads\/2025\/05\/Ceramic-Essential-Oil-Burner-with-Tealight-Candle-Holder-for-Home-Decor-8-12x12.webp 12w, https:\/\/jinhuaceramic.com\/wp-content\/uploads\/2025\/05\/Ceramic-Essential-Oil-Burner-with-Tealight-Candle-Holder-for-Home-Decor-8-285x285.webp 285w, https:\/\/jinhuaceramic.com\/wp-content\/uploads\/2025\/05\/Ceramic-Essential-Oil-Burner-with-Tealight-Candle-Holder-for-Home-Decor-8-270x270.webp 270w, https:\/\/jinhuaceramic.com\/wp-content\/uploads\/2025\/05\/Ceramic-Essential-Oil-Burner-with-Tealight-Candle-Holder-for-Home-Decor-8-540x540.webp 540w, https:\/\/jinhuaceramic.com\/wp-content\/uploads\/2025\/05\/Ceramic-Essential-Oil-Burner-with-Tealight-Candle-Holder-for-Home-Decor-8-660x660.webp 660w\" sizes=\"(max-width: 800px) 100vw, 800px\" \/><\/figure>\n<\/div>\n<\/div>","protected":false},"excerpt":{"rendered":"<p>Willkommen zu kaufen Keramik Duft Diffusoren in der Masse. Diese Gro\u00dfhandel \u00e4therisches \u00d6l Diffusoren haben praktische Designs, sicher und einfach zu bedienen. Sie sind sowohl exquisit als auch praktisch, und kann kleine Heimdekorationen sein, um Ihr Zimmer warm und intim zu machen, um zu entspannen und Stress abzubauen.<\/p>","protected":false},"featured_media":9066,"comment_status":"closed","ping_status":"closed","template":"","meta":{"_acf_changed":false},"product_brand":[],"product_cat":[52],"product_tag":[79],"class_list":{"0":"post-9061","1":"product","2":"type-product","3":"status-publish","4":"has-post-thumbnail","6":"product_cat-wholesale-candle-containers","7":"product_tag-tea-light-candle-holders-bulk","9":"first","10":"instock","11":"shipping-taxable","12":"product-type-simple"},"acf":[],"_links":{"self":[{"href":"https:\/\/jinhuaceramic.com\/de\/wp-json\/wp\/v2\/product\/9061","targetHints":{"allow":["GET"]}}],"collection":[{"href":"https:\/\/jinhuaceramic.com\/de\/wp-json\/wp\/v2\/product"}],"about":[{"href":"https:\/\/jinhuaceramic.com\/de\/wp-json\/wp\/v2\/types\/product"}],"replies":[{"embeddable":true,"href":"https:\/\/jinhuaceramic.com\/de\/wp-json\/wp\/v2\/comments?post=9061"}],"version-history":[{"count":0,"href":"https:\/\/jinhuaceramic.com\/de\/wp-json\/wp\/v2\/product\/9061\/revisions"}],"wp:featuredmedia":[{"embeddable":true,"href":"https:\/\/jinhuaceramic.com\/de\/wp-json\/wp\/v2\/media\/9066"}],"wp:attachment":[{"href":"https:\/\/jinhuaceramic.com\/de\/wp-json\/wp\/v2\/media?parent=9061"}],"wp:term":[{"taxonomy":"product_brand","embeddable":true,"href":"https:\/\/jinhuaceramic.com\/de\/wp-json\/wp\/v2\/product_brand?post=9061"},{"taxonomy":"product_cat","embeddable":true,"href":"https:\/\/jinhuaceramic.com\/de\/wp-json\/wp\/v2\/product_cat?post=9061"},{"taxonomy":"product_tag","embeddable":true,"href":"https:\/\/jinhuaceramic.com\/de\/wp-json\/wp\/v2\/product_tag?post=9061"}],"curies":[{"name":"wp","href":"https:\/\/api.w.org\/{rel}","templated":true}]}}