{"id":9098,"date":"2025-05-22T03:32:55","date_gmt":"2025-05-22T03:32:55","guid":{"rendered":"https:\/\/jinhuaceramic.com\/?post_type=product&#038;p=9098"},"modified":"2025-05-22T03:32:57","modified_gmt":"2025-05-22T03:32:57","slug":"white-bathroom-set-wholesale","status":"publish","type":"product","link":"https:\/\/jinhuaceramic.com\/de\/product\/white-bathroom-set-wholesale\/","title":{"rendered":"Modernes wei\u00dfes Badezimmerset Gro\u00dfhandel, keramisches Bad-Accessoire"},"content":{"rendered":"<div class=\"wp-block-columns is-layout-flex wp-container-core-columns-is-layout-9d6595d7 wp-block-columns-is-layout-flex\">\n<div class=\"wp-block-column is-layout-flow wp-block-column-is-layout-flow\">\n<h3 class=\"wp-block-heading\">Premium White Bathroom Set Gro\u00dfhandel Eigenschaften:<\/h3>\n\n\n\n<ul class=\"wp-block-list\">\n<li><strong>Modernes Design: <\/strong>Unser wei\u00dfer Badezimmer-Gro\u00dfhandel hat eine moderne quadratische Form mit einer breiten Oberseite und einer schmalen Unterseite. Wei\u00df ist rein und anpassungsf\u00e4hig; es passt gut zu verschiedenen Badezimmer-Design-Ideen, so dass die allgemeine Sch\u00f6nheit des Badezimmers verbessert und eine entspannte und angenehme Umgebung gef\u00f6rdert wird.<\/li>\n\n\n\n<li><strong>Langlebiges Material: <\/strong>Diese hochwertigen keramischen Badaccessoires in loser Sch\u00fcttung werden nicht leicht von Toilettenartikeln im Bad angegriffen, haben eine gro\u00dfe H\u00e4rte, Verschlei\u00dffestigkeit, Korrosionsbest\u00e4ndigkeit und eine lange Lebensdauer.<\/li>\n\n\n\n<li><strong>Vollst\u00e4ndiger Satz: <\/strong>Dieses wei\u00dfe Badezimmerset f\u00fcr den Gro\u00dfhandel umfasst Seifenschalen, Mundsp\u00fclbecher, Zahnb\u00fcrstenhalter und Seifenspender. Um die Hygiene zu gew\u00e4hrleisten, hat der Zahnb\u00fcrstenhalter Unterteilungen, in die mehrere Zahnb\u00fcrsten gleichzeitig passen. Der Seifenspender l\u00e4sst sich leicht eindr\u00fccken und bietet eine gleichm\u00e4\u00dfige Fl\u00fcssigkeit.<\/li>\n\n\n\n<li><strong>Vielseitigkeit:<\/strong> Diese keramischen Badaccessoires in gro\u00dfen Mengen eignen sich nicht nur f\u00fcr Privathaushalte, sondern auch f\u00fcr Gesch\u00e4ftsr\u00e4ume wie Hotels und Wohnungen \u00fcberall. Gleichzeitig sind sie ideale Geschenke f\u00fcr neue H\u00e4user oder Hochzeiten.<\/li>\n<\/ul>\n<\/div>\n\n\n\n<div class=\"wp-block-column is-layout-flow wp-block-column-is-layout-flow\">\n<figure class=\"wp-block-image size-full\"><img fetchpriority=\"high\" decoding=\"async\" width=\"1430\" height=\"1334\" src=\"https:\/\/jinhuaceramic.com\/wp-content\/uploads\/2025\/05\/Modern-White-Bathroom-Set-Wholesale-Custom-Bath-Accessories-Supplies-2.webp\" alt=\"Modernes wei\u00dfes Badezimmer-Set Gro\u00dfhandel, keramisches Bad-Accessoire-6\" class=\"wp-image-9099\" srcset=\"https:\/\/jinhuaceramic.com\/wp-content\/uploads\/2025\/05\/Modern-White-Bathroom-Set-Wholesale-Custom-Bath-Accessories-Supplies-2.webp 1430w, https:\/\/jinhuaceramic.com\/wp-content\/uploads\/2025\/05\/Modern-White-Bathroom-Set-Wholesale-Custom-Bath-Accessories-Supplies-2-300x280.webp 300w, https:\/\/jinhuaceramic.com\/wp-content\/uploads\/2025\/05\/Modern-White-Bathroom-Set-Wholesale-Custom-Bath-Accessories-Supplies-2-768x716.webp 768w, https:\/\/jinhuaceramic.com\/wp-content\/uploads\/2025\/05\/Modern-White-Bathroom-Set-Wholesale-Custom-Bath-Accessories-Supplies-2-13x12.webp 13w, https:\/\/jinhuaceramic.com\/wp-content\/uploads\/2025\/05\/Modern-White-Bathroom-Set-Wholesale-Custom-Bath-Accessories-Supplies-2-285x266.webp 285w, https:\/\/jinhuaceramic.com\/wp-content\/uploads\/2025\/05\/Modern-White-Bathroom-Set-Wholesale-Custom-Bath-Accessories-Supplies-2-660x616.webp 660w, https:\/\/jinhuaceramic.com\/wp-content\/uploads\/2025\/05\/Modern-White-Bathroom-Set-Wholesale-Custom-Bath-Accessories-Supplies-2-150x140.webp 150w\" sizes=\"(max-width: 1430px) 100vw, 1430px\" \/><\/figure>\n<\/div>\n<\/div>","protected":false},"excerpt":{"rendered":"<p>Willkommen zum Kauf von keramischen Bad-Accessoires in gro\u00dfen Mengen. Dieses wei\u00dfe Bad-Set Gro\u00dfhandel ist komplett mit Zubeh\u00f6r und voll funktionsf\u00e4hig, die das Bad in guter Ordnung halten kann. Die vielseitige wei\u00dfe Farbe und modernes Design machen diese Bad-Sets nicht nur praktische Bad Werkzeuge, sondern auch Heimdekorationen, die eine saubere und komfortable Atmosph\u00e4re zu schaffen.<\/p>","protected":false},"featured_media":9103,"comment_status":"closed","ping_status":"closed","template":"","meta":{"_acf_changed":false},"product_brand":[],"product_cat":[51],"product_tag":[74],"class_list":{"0":"post-9098","1":"product","2":"type-product","3":"status-publish","4":"has-post-thumbnail","6":"product_cat-bathroom-accessories-wholesale","7":"product_tag-ceramic-bath-accessories-wholesale","9":"first","10":"instock","11":"shipping-taxable","12":"product-type-simple"},"acf":[],"_links":{"self":[{"href":"https:\/\/jinhuaceramic.com\/de\/wp-json\/wp\/v2\/product\/9098","targetHints":{"allow":["GET"]}}],"collection":[{"href":"https:\/\/jinhuaceramic.com\/de\/wp-json\/wp\/v2\/product"}],"about":[{"href":"https:\/\/jinhuaceramic.com\/de\/wp-json\/wp\/v2\/types\/product"}],"replies":[{"embeddable":true,"href":"https:\/\/jinhuaceramic.com\/de\/wp-json\/wp\/v2\/comments?post=9098"}],"version-history":[{"count":0,"href":"https:\/\/jinhuaceramic.com\/de\/wp-json\/wp\/v2\/product\/9098\/revisions"}],"wp:featuredmedia":[{"embeddable":true,"href":"https:\/\/jinhuaceramic.com\/de\/wp-json\/wp\/v2\/media\/9103"}],"wp:attachment":[{"href":"https:\/\/jinhuaceramic.com\/de\/wp-json\/wp\/v2\/media?parent=9098"}],"wp:term":[{"taxonomy":"product_brand","embeddable":true,"href":"https:\/\/jinhuaceramic.com\/de\/wp-json\/wp\/v2\/product_brand?post=9098"},{"taxonomy":"product_cat","embeddable":true,"href":"https:\/\/jinhuaceramic.com\/de\/wp-json\/wp\/v2\/product_cat?post=9098"},{"taxonomy":"product_tag","embeddable":true,"href":"https:\/\/jinhuaceramic.com\/de\/wp-json\/wp\/v2\/product_tag?post=9098"}],"curies":[{"name":"wp","href":"https:\/\/api.w.org\/{rel}","templated":true}]}}