{"id":9107,"date":"2025-05-22T03:15:09","date_gmt":"2025-05-22T03:15:09","guid":{"rendered":"https:\/\/jinhuaceramic.com\/?post_type=product&#038;p=9107"},"modified":"2025-05-22T03:15:10","modified_gmt":"2025-05-22T03:15:10","slug":"bulk-baking-pans","status":"publish","type":"product","link":"https:\/\/jinhuaceramic.com\/de\/product\/bulk-baking-pans\/","title":{"rendered":"Antihaft-Keramik-Backformen in gro\u00dfen Mengen, ma\u00dfgeschneiderte Backformen"},"content":{"rendered":"<div class=\"wp-block-columns is-layout-flex wp-container-core-columns-is-layout-9d6595d7 wp-block-columns-is-layout-flex\">\n<div class=\"wp-block-column is-layout-flow wp-block-column-is-layout-flow\">\n<h3 class=\"wp-block-heading\">Premium Bulk-Backformen Merkmale:<\/h3>\n\n\n\n<ul class=\"wp-block-list\">\n<li><strong>Einfach und elegant:<\/strong> Die zweifarbige Optik dieser keramischen Auflaufformen in wei\u00dfer Farbe, abgestimmt auf den braunen Boden, bringt Raffinesse in die K\u00fcche und erh\u00f6ht das Kochvergn\u00fcgen. Sie k\u00f6nnen auch direkt auf den Esstisch gestellt werden.<\/li>\n\n\n\n<li><strong>Bequeme Griffe: <\/strong>Diese speziell angefertigten Backformen verf\u00fcgen \u00fcber Griffe an beiden Seiten, die einen schnellen Zugriff und eine schnelle Bewegung erm\u00f6glichen, insbesondere wenn die Backformen erhitzt werden, um Verbrennungen zu vermeiden und die Sicherheit beim Gebrauch zu erh\u00f6hen.<\/li>\n\n\n\n<li><strong>Hochwertiges Material:<\/strong> Diese Premium-Keramik-Backformen werden bei extrem hohen Temperaturen hergestellt und bestehen aus hervorragendem Keramikmaterial. Sie garantieren Lebensmittelsicherheit, da sie hitzebest\u00e4ndig sind, keine giftigen Chemikalien enthalten und w\u00e4hrend des Hochtemperatur-Backvorgangs keine sch\u00e4dlichen Verbindungen austreten k\u00f6nnen.<\/li>\n\n\n\n<li><strong>Leicht zu reinigen: <\/strong>An den glatten Oberfl\u00e4chen dieser ma\u00dfgefertigten Backformen aus Keramik bleiben Speisereste nur schwer haften, daher sind sie leicht zu reinigen. Keramische Materialien nehmen nur schwer Lebensmittelpigmente und Ger\u00fcche auf. Die Backform kann auch nach mehrmaligem Gebrauch noch ordentlich und sauber sein.<\/li>\n<\/ul>\n<\/div>\n\n\n\n<div class=\"wp-block-column is-layout-flow wp-block-column-is-layout-flow\">\n<figure class=\"wp-block-image size-full\"><img fetchpriority=\"high\" decoding=\"async\" width=\"640\" height=\"640\" src=\"https:\/\/jinhuaceramic.com\/wp-content\/uploads\/2025\/05\/Nonstick-Two-Tone-Custom-Bakeware-Wholesale-Ceramic-Baking-Dishes-4.webp\" alt=\"Antihaft-Keramik-Backformen, ma\u00dfgeschneiderte Backformen-2\" class=\"wp-image-9110\" srcset=\"https:\/\/jinhuaceramic.com\/wp-content\/uploads\/2025\/05\/Nonstick-Two-Tone-Custom-Bakeware-Wholesale-Ceramic-Baking-Dishes-4.webp 640w, https:\/\/jinhuaceramic.com\/wp-content\/uploads\/2025\/05\/Nonstick-Two-Tone-Custom-Bakeware-Wholesale-Ceramic-Baking-Dishes-4-300x300.webp 300w, https:\/\/jinhuaceramic.com\/wp-content\/uploads\/2025\/05\/Nonstick-Two-Tone-Custom-Bakeware-Wholesale-Ceramic-Baking-Dishes-4-150x150.webp 150w, https:\/\/jinhuaceramic.com\/wp-content\/uploads\/2025\/05\/Nonstick-Two-Tone-Custom-Bakeware-Wholesale-Ceramic-Baking-Dishes-4-12x12.webp 12w, https:\/\/jinhuaceramic.com\/wp-content\/uploads\/2025\/05\/Nonstick-Two-Tone-Custom-Bakeware-Wholesale-Ceramic-Baking-Dishes-4-285x285.webp 285w, https:\/\/jinhuaceramic.com\/wp-content\/uploads\/2025\/05\/Nonstick-Two-Tone-Custom-Bakeware-Wholesale-Ceramic-Baking-Dishes-4-270x270.webp 270w, https:\/\/jinhuaceramic.com\/wp-content\/uploads\/2025\/05\/Nonstick-Two-Tone-Custom-Bakeware-Wholesale-Ceramic-Baking-Dishes-4-540x540.webp 540w\" sizes=\"(max-width: 640px) 100vw, 640px\" \/><\/figure>\n<\/div>\n<\/div>","protected":false},"excerpt":{"rendered":"<p>Willkommen beim Kauf von Keramik-Backformen. Diese ma\u00dfgefertigten Backformen zeichnen sich durch ein sch\u00f6nes und elegantes Aussehen, sichere und bequeme Griffe, hochwertige keramische Materialien und eine einfache Reinigung aus und verbinden Funktionalit\u00e4t und \u00c4sthetik.<\/p>","protected":false},"featured_media":9111,"comment_status":"closed","ping_status":"closed","template":"","meta":{"_acf_changed":false},"product_brand":[],"product_cat":[53],"product_tag":[71],"class_list":{"0":"post-9107","1":"product","2":"type-product","3":"status-publish","4":"has-post-thumbnail","6":"product_cat-bakeware-in-bulk","7":"product_tag-wholesale-baking-pans","9":"first","10":"instock","11":"shipping-taxable","12":"product-type-simple"},"acf":[],"_links":{"self":[{"href":"https:\/\/jinhuaceramic.com\/de\/wp-json\/wp\/v2\/product\/9107","targetHints":{"allow":["GET"]}}],"collection":[{"href":"https:\/\/jinhuaceramic.com\/de\/wp-json\/wp\/v2\/product"}],"about":[{"href":"https:\/\/jinhuaceramic.com\/de\/wp-json\/wp\/v2\/types\/product"}],"replies":[{"embeddable":true,"href":"https:\/\/jinhuaceramic.com\/de\/wp-json\/wp\/v2\/comments?post=9107"}],"version-history":[{"count":0,"href":"https:\/\/jinhuaceramic.com\/de\/wp-json\/wp\/v2\/product\/9107\/revisions"}],"wp:featuredmedia":[{"embeddable":true,"href":"https:\/\/jinhuaceramic.com\/de\/wp-json\/wp\/v2\/media\/9111"}],"wp:attachment":[{"href":"https:\/\/jinhuaceramic.com\/de\/wp-json\/wp\/v2\/media?parent=9107"}],"wp:term":[{"taxonomy":"product_brand","embeddable":true,"href":"https:\/\/jinhuaceramic.com\/de\/wp-json\/wp\/v2\/product_brand?post=9107"},{"taxonomy":"product_cat","embeddable":true,"href":"https:\/\/jinhuaceramic.com\/de\/wp-json\/wp\/v2\/product_cat?post=9107"},{"taxonomy":"product_tag","embeddable":true,"href":"https:\/\/jinhuaceramic.com\/de\/wp-json\/wp\/v2\/product_tag?post=9107"}],"curies":[{"name":"wp","href":"https:\/\/api.w.org\/{rel}","templated":true}]}}