{"id":9114,"date":"2025-05-22T02:58:21","date_gmt":"2025-05-22T02:58:21","guid":{"rendered":"https:\/\/jinhuaceramic.com\/?post_type=product&#038;p=9114"},"modified":"2025-05-22T02:58:23","modified_gmt":"2025-05-22T02:58:23","slug":"custom-made-ceramic-bakeware","status":"publish","type":"product","link":"https:\/\/jinhuaceramic.com\/de\/product\/custom-made-ceramic-bakeware\/","title":{"rendered":"Quadratische ma\u00dfgeschneiderte keramische Backformen, Gro\u00dfhandel Backen Pfannen"},"content":{"rendered":"<div class=\"wp-block-columns is-layout-flex wp-container-core-columns-is-layout-9d6595d7 wp-block-columns-is-layout-flex\">\n<div class=\"wp-block-column is-layout-flow wp-block-column-is-layout-flow\">\n<h3 class=\"wp-block-heading\">Premium Custom Made Keramik-Backformen Merkmale:<\/h3>\n\n\n\n<ul class=\"wp-block-list\">\n<li><strong>Stilvolles Design: <\/strong>Diese ma\u00dfgefertigten Keramik-Backformen haben eine hellblaue Au\u00dfenseite und eine hellgr\u00fcne Innenseite, so dass ihr modernes Design und ihre helle Farbgebung dazu beitragen, die K\u00fcche aufzuhellen. Die Au\u00dfenseite der Backform ist mit wei\u00dfen Sternen und Linienmustern verziert, die zwischen den Linien verstreut sind und so zu Lebendigkeit und Mode inspirieren.<\/li>\n\n\n\n<li><strong>Hochwertiges Material: <\/strong>Diese Backformen f\u00fcr den Gro\u00dfhandel werden aus hochwertigen Keramikmaterialien hergestellt, die bei hohen Temperaturen gebrannt werden. Dank ihrer guten thermischen Stabilit\u00e4t k\u00f6nnen sie im Ofen gleichm\u00e4\u00dfig erhitzt werden, was die Backergebnisse verbessert und das Risiko des Anbrennens oder Untergarens verringert.<\/li>\n\n\n\n<li><strong>Durchf\u00fchrbarkeit: <\/strong>Mit ihrer besonders tiefen, quadratischen Form eignen sich diese ma\u00dfgefertigten Keramik-Backformen zum Grillen von Hauptgerichten wie Fleisch und Fisch sowie zum Grillen von Gem\u00fcse und erf\u00fcllen so verschiedene Anforderungen an das Backen mit gebackenem Reis usw.<\/li>\n\n\n\n<li><strong>Antihaftbeschichtet und leicht zu reinigen: <\/strong>Diese keramischen Gro\u00dfhandels-Backformen haben eine glatte, nicht haftende Oberfl\u00e4che, an der Lebensmittel nicht so leicht anhaften. Zur Reinigung gen\u00fcgt es, Flecken mit Wasser oder etwas Sp\u00fclmittel abzusp\u00fclen. Um Zeit und Arbeit zu sparen, k\u00f6nnen sie auch in der Sp\u00fclmaschine gereinigt werden.<\/li>\n<\/ul>\n<\/div>\n\n\n\n<div class=\"wp-block-column is-layout-flow wp-block-column-is-layout-flow\">\n<figure class=\"wp-block-image size-full\"><img fetchpriority=\"high\" decoding=\"async\" width=\"640\" height=\"640\" src=\"https:\/\/jinhuaceramic.com\/wp-content\/uploads\/2025\/05\/Square-Custom-Baking-Dishes-Wholesale-Custom-Ceramic-Bakeware-4.webp\" alt=\"Quadratische benutzerdefinierte keramische Backformen, Gro\u00dfhandel Backen Pfannen-1\" class=\"wp-image-9117\" srcset=\"https:\/\/jinhuaceramic.com\/wp-content\/uploads\/2025\/05\/Square-Custom-Baking-Dishes-Wholesale-Custom-Ceramic-Bakeware-4.webp 640w, https:\/\/jinhuaceramic.com\/wp-content\/uploads\/2025\/05\/Square-Custom-Baking-Dishes-Wholesale-Custom-Ceramic-Bakeware-4-300x300.webp 300w, https:\/\/jinhuaceramic.com\/wp-content\/uploads\/2025\/05\/Square-Custom-Baking-Dishes-Wholesale-Custom-Ceramic-Bakeware-4-150x150.webp 150w, https:\/\/jinhuaceramic.com\/wp-content\/uploads\/2025\/05\/Square-Custom-Baking-Dishes-Wholesale-Custom-Ceramic-Bakeware-4-12x12.webp 12w, https:\/\/jinhuaceramic.com\/wp-content\/uploads\/2025\/05\/Square-Custom-Baking-Dishes-Wholesale-Custom-Ceramic-Bakeware-4-285x285.webp 285w, https:\/\/jinhuaceramic.com\/wp-content\/uploads\/2025\/05\/Square-Custom-Baking-Dishes-Wholesale-Custom-Ceramic-Bakeware-4-270x270.webp 270w, https:\/\/jinhuaceramic.com\/wp-content\/uploads\/2025\/05\/Square-Custom-Baking-Dishes-Wholesale-Custom-Ceramic-Bakeware-4-540x540.webp 540w\" sizes=\"(max-width: 640px) 100vw, 640px\" \/><\/figure>\n<\/div>\n<\/div>\n\n\n\n<p><\/p>","protected":false},"excerpt":{"rendered":"<p>Willkommen zum Kauf von ma\u00dfgeschneiderten Keramik-Backformen. Diese Gro\u00dfhandels-Backformen sind aufgrund ihres frischen und stilvollen Aussehens beliebt, mit einem blauen Boden gepaart mit einem wei\u00dfen Sternenlinienmuster, das sch\u00f6n und auff\u00e4llig ist.<\/p>","protected":false},"featured_media":9118,"comment_status":"closed","ping_status":"closed","template":"","meta":{"_acf_changed":false},"product_brand":[],"product_cat":[53],"product_tag":[71],"class_list":{"0":"post-9114","1":"product","2":"type-product","3":"status-publish","4":"has-post-thumbnail","6":"product_cat-bakeware-in-bulk","7":"product_tag-wholesale-baking-pans","9":"first","10":"instock","11":"shipping-taxable","12":"product-type-simple"},"acf":[],"_links":{"self":[{"href":"https:\/\/jinhuaceramic.com\/de\/wp-json\/wp\/v2\/product\/9114","targetHints":{"allow":["GET"]}}],"collection":[{"href":"https:\/\/jinhuaceramic.com\/de\/wp-json\/wp\/v2\/product"}],"about":[{"href":"https:\/\/jinhuaceramic.com\/de\/wp-json\/wp\/v2\/types\/product"}],"replies":[{"embeddable":true,"href":"https:\/\/jinhuaceramic.com\/de\/wp-json\/wp\/v2\/comments?post=9114"}],"version-history":[{"count":0,"href":"https:\/\/jinhuaceramic.com\/de\/wp-json\/wp\/v2\/product\/9114\/revisions"}],"wp:featuredmedia":[{"embeddable":true,"href":"https:\/\/jinhuaceramic.com\/de\/wp-json\/wp\/v2\/media\/9118"}],"wp:attachment":[{"href":"https:\/\/jinhuaceramic.com\/de\/wp-json\/wp\/v2\/media?parent=9114"}],"wp:term":[{"taxonomy":"product_brand","embeddable":true,"href":"https:\/\/jinhuaceramic.com\/de\/wp-json\/wp\/v2\/product_brand?post=9114"},{"taxonomy":"product_cat","embeddable":true,"href":"https:\/\/jinhuaceramic.com\/de\/wp-json\/wp\/v2\/product_cat?post=9114"},{"taxonomy":"product_tag","embeddable":true,"href":"https:\/\/jinhuaceramic.com\/de\/wp-json\/wp\/v2\/product_tag?post=9114"}],"curies":[{"name":"wp","href":"https:\/\/api.w.org\/{rel}","templated":true}]}}