{"id":9132,"date":"2025-05-26T02:47:31","date_gmt":"2025-05-26T02:47:31","guid":{"rendered":"https:\/\/jinhuaceramic.com\/?post_type=product&#038;p=9132"},"modified":"2025-05-26T02:47:32","modified_gmt":"2025-05-26T02:47:32","slug":"customized-baking-dishes","status":"publish","type":"product","link":"https:\/\/jinhuaceramic.com\/de\/product\/customized-baking-dishes\/","title":{"rendered":"Kleine Gr\u00f6\u00dfe ma\u00dfgeschneiderte Backformen Gro\u00dfhandel Pie Pfannen"},"content":{"rendered":"<div class=\"wp-block-columns is-layout-flex wp-container-core-columns-is-layout-9d6595d7 wp-block-columns-is-layout-flex\">\n<div class=\"wp-block-column is-layout-flow wp-block-column-is-layout-flow\">\n<h3 class=\"wp-block-heading\">Premium-Backformen nach Ma\u00df Merkmal:<\/h3>\n\n\n\n<ul class=\"wp-block-list\">\n<li><strong>Elegantes Design: <\/strong>Diese ma\u00dfgefertigten Backformen sind schlicht und elegant, und die schwarzen Linien an den R\u00e4ndern verleihen ihnen optische Tiefe und Anmut. Das vertikale Streifendesign auf der Au\u00dfenfl\u00e4che sorgt f\u00fcr mehr Griffigkeit und verleiht dem Backblech eine sch\u00f6ne Textur und ein Muster.<\/li>\n\n\n\n<li><strong>Bequeme Griffe:<\/strong> An beiden Seiten der Gro\u00dfhandelskuchenformen befinden sich praktische Griffe, deren Form den R\u00e4ndern der Backformen in einer gebogenen, kontinuierlichen Weise entspricht. Die Griffe erm\u00f6glichen ein bequemes Bewegen der Backformen, ohne den Gesamtrahmen zu ver\u00e4ndern.<\/li>\n\n\n\n<li><strong>Hochwertiges Material:<\/strong> Diese ma\u00dfgeschneiderten Backformen werden aus nat\u00fcrlichem Keramikmaterial hergestellt, das bei hohen Temperaturen erhitzt wird und keine sch\u00e4dlichen Chemikalien freisetzt und daher sicher f\u00fcr Lebensmittel ist.<\/li>\n\n\n\n<li><strong>Praktikabilit\u00e4t: <\/strong>Diese Gro\u00dfhandelskuchenformen sind kompakt und perfekt f\u00fcr die Zubereitung kleiner Desserts oder Mahlzeiten, z. B. kleine Kuchen, einzelne Pizzen oder Gem\u00fcse vom Grill. Die kompakte Gr\u00f6\u00dfe ist \u00e4u\u00dferst praktisch f\u00fcr das Kochen oder Backen von Junggesellen zu Hause.<\/li>\n<\/ul>\n<\/div>\n\n\n\n<div class=\"wp-block-column is-layout-flow wp-block-column-is-layout-flow\">\n<figure class=\"wp-block-image size-full\"><img fetchpriority=\"high\" decoding=\"async\" width=\"1600\" height=\"1600\" src=\"https:\/\/jinhuaceramic.com\/wp-content\/uploads\/2025\/05\/High-Quality-Custom-Baking-Dishes-Pans-Ceramic-Bakeware-Set-In-Bulk-5.webp\" alt=\"Kleine Gr\u00f6\u00dfe ma\u00dfgeschneiderte Backformen Gro\u00dfhandel Pie Pfannen-1\" class=\"wp-image-9136\" srcset=\"https:\/\/jinhuaceramic.com\/wp-content\/uploads\/2025\/05\/High-Quality-Custom-Baking-Dishes-Pans-Ceramic-Bakeware-Set-In-Bulk-5.webp 1600w, https:\/\/jinhuaceramic.com\/wp-content\/uploads\/2025\/05\/High-Quality-Custom-Baking-Dishes-Pans-Ceramic-Bakeware-Set-In-Bulk-5-300x300.webp 300w, https:\/\/jinhuaceramic.com\/wp-content\/uploads\/2025\/05\/High-Quality-Custom-Baking-Dishes-Pans-Ceramic-Bakeware-Set-In-Bulk-5-150x150.webp 150w, https:\/\/jinhuaceramic.com\/wp-content\/uploads\/2025\/05\/High-Quality-Custom-Baking-Dishes-Pans-Ceramic-Bakeware-Set-In-Bulk-5-768x768.webp 768w, https:\/\/jinhuaceramic.com\/wp-content\/uploads\/2025\/05\/High-Quality-Custom-Baking-Dishes-Pans-Ceramic-Bakeware-Set-In-Bulk-5-12x12.webp 12w, https:\/\/jinhuaceramic.com\/wp-content\/uploads\/2025\/05\/High-Quality-Custom-Baking-Dishes-Pans-Ceramic-Bakeware-Set-In-Bulk-5-285x285.webp 285w, https:\/\/jinhuaceramic.com\/wp-content\/uploads\/2025\/05\/High-Quality-Custom-Baking-Dishes-Pans-Ceramic-Bakeware-Set-In-Bulk-5-270x270.webp 270w, https:\/\/jinhuaceramic.com\/wp-content\/uploads\/2025\/05\/High-Quality-Custom-Baking-Dishes-Pans-Ceramic-Bakeware-Set-In-Bulk-5-540x540.webp 540w, https:\/\/jinhuaceramic.com\/wp-content\/uploads\/2025\/05\/High-Quality-Custom-Baking-Dishes-Pans-Ceramic-Bakeware-Set-In-Bulk-5-660x660.webp 660w\" sizes=\"(max-width: 1600px) 100vw, 1600px\" \/><\/figure>\n<\/div>\n<\/div>","protected":false},"excerpt":{"rendered":"<p>Willkommen im Gro\u00dfhandel Kuchenformen zu kaufen. Diese klassischen schwarz-wei\u00dfen Backformen sind vielseitig und elegant, mit einem doppelten Ohr-Design f\u00fcr einfachen Zugang und Keramikmaterial, das sicher und langlebig ist.<\/p>","protected":false},"featured_media":9135,"comment_status":"closed","ping_status":"closed","template":"","meta":{"_acf_changed":false},"product_brand":[],"product_cat":[53],"product_tag":[71],"class_list":{"0":"post-9132","1":"product","2":"type-product","3":"status-publish","4":"has-post-thumbnail","6":"product_cat-bakeware-in-bulk","7":"product_tag-wholesale-baking-pans","9":"first","10":"instock","11":"shipping-taxable","12":"product-type-simple"},"acf":[],"_links":{"self":[{"href":"https:\/\/jinhuaceramic.com\/de\/wp-json\/wp\/v2\/product\/9132","targetHints":{"allow":["GET"]}}],"collection":[{"href":"https:\/\/jinhuaceramic.com\/de\/wp-json\/wp\/v2\/product"}],"about":[{"href":"https:\/\/jinhuaceramic.com\/de\/wp-json\/wp\/v2\/types\/product"}],"replies":[{"embeddable":true,"href":"https:\/\/jinhuaceramic.com\/de\/wp-json\/wp\/v2\/comments?post=9132"}],"version-history":[{"count":0,"href":"https:\/\/jinhuaceramic.com\/de\/wp-json\/wp\/v2\/product\/9132\/revisions"}],"wp:featuredmedia":[{"embeddable":true,"href":"https:\/\/jinhuaceramic.com\/de\/wp-json\/wp\/v2\/media\/9135"}],"wp:attachment":[{"href":"https:\/\/jinhuaceramic.com\/de\/wp-json\/wp\/v2\/media?parent=9132"}],"wp:term":[{"taxonomy":"product_brand","embeddable":true,"href":"https:\/\/jinhuaceramic.com\/de\/wp-json\/wp\/v2\/product_brand?post=9132"},{"taxonomy":"product_cat","embeddable":true,"href":"https:\/\/jinhuaceramic.com\/de\/wp-json\/wp\/v2\/product_cat?post=9132"},{"taxonomy":"product_tag","embeddable":true,"href":"https:\/\/jinhuaceramic.com\/de\/wp-json\/wp\/v2\/product_tag?post=9132"}],"curies":[{"name":"wp","href":"https:\/\/api.w.org\/{rel}","templated":true}]}}