{"id":9143,"date":"2025-05-26T02:28:10","date_gmt":"2025-05-26T02:28:10","guid":{"rendered":"https:\/\/jinhuaceramic.com\/?post_type=product&#038;p=9143"},"modified":"2025-05-26T02:28:11","modified_gmt":"2025-05-26T02:28:11","slug":"cake-baking-pans-wholesale","status":"publish","type":"product","link":"https:\/\/jinhuaceramic.com\/de\/product\/cake-baking-pans-wholesale\/","title":{"rendered":"Blaue keramische Kuchenbackformen Gro\u00dfhandel, benutzerdefinierte Backformen"},"content":{"rendered":"<div class=\"wp-block-columns is-layout-flex wp-container-core-columns-is-layout-9d6595d7 wp-block-columns-is-layout-flex\">\n<div class=\"wp-block-column is-layout-flow wp-block-column-is-layout-flow\">\n<h3 class=\"wp-block-heading\">Premium-Kuchen-Backformen Gro\u00dfhandel Merkmale:<\/h3>\n\n\n\n<ul class=\"wp-block-list\">\n<li><strong>Elegantes Design: <\/strong>Die Au\u00dfenseite dieser Kuchenbackformen ist dunkelblau und mit horizontalen Wellenstreifen verziert, die reich an Textur und Schichtung sind. Die Innenseite ist rein wei\u00df, wodurch ein auff\u00e4lliger Farbkontrast entsteht, der optisch beeindruckend und bequem ist, um den Backzustand der Lebensmittel zu beobachten.<\/li>\n\n\n\n<li><strong>Langlebiges Material: <\/strong>Diese kundenspezifischen Backformen werden bei hohen Temperaturen gebrannt und zeichnen sich durch hohe H\u00e4rte, gute Stabilit\u00e4t, hohe Temperaturbest\u00e4ndigkeit, Verformungsfestigkeit und lange Lebensdauer aus.<\/li>\n\n\n\n<li><strong>Verschiedene Gr\u00f6\u00dfen: <\/strong>Diese Kuchenbackformen Gro\u00dfhandel hat 3 verschiedene Gr\u00f6\u00dfen von Backformen, um mehrere Kochen Bed\u00fcrfnisse zu erf\u00fcllen, wie Backen kleinen Teig, Gem\u00fcse oder gro\u00dfe Fleisch, ganze H\u00fchner, etc.<\/li>\n\n\n\n<li><strong>Praktikabilit\u00e4t: <\/strong>Diese ma\u00dfgeschneiderten Backformen-Sets in verschiedenen Gr\u00f6\u00dfen k\u00f6nnen ineinander geschachtelt werden, um Stauraum zu sparen. Die Backformen haben auf beiden Seiten wei\u00dfe Griffe, so dass sie gut in der Hand liegen, was Verbrennungen beim Herausnehmen aus dem Ofen vermeiden kann und die Benutzung stabiler macht.<\/li>\n<\/ul>\n<\/div>\n\n\n\n<div class=\"wp-block-column is-layout-flow wp-block-column-is-layout-flow\">\n<figure class=\"wp-block-image size-full\"><img fetchpriority=\"high\" decoding=\"async\" width=\"2400\" height=\"2400\" src=\"https:\/\/jinhuaceramic.com\/wp-content\/uploads\/2025\/05\/Wholesale-Blue-Bakeware-Set-Custom-Ceramic-Baking-Dishes-Pans-in-Bulk-4.webp\" alt=\"Blaue keramische Kuchenbackformen Gro\u00dfhandel, benutzerdefinierte Bakeware-1\" class=\"wp-image-9146\" srcset=\"https:\/\/jinhuaceramic.com\/wp-content\/uploads\/2025\/05\/Wholesale-Blue-Bakeware-Set-Custom-Ceramic-Baking-Dishes-Pans-in-Bulk-4.webp 2400w, https:\/\/jinhuaceramic.com\/wp-content\/uploads\/2025\/05\/Wholesale-Blue-Bakeware-Set-Custom-Ceramic-Baking-Dishes-Pans-in-Bulk-4-300x300.webp 300w, https:\/\/jinhuaceramic.com\/wp-content\/uploads\/2025\/05\/Wholesale-Blue-Bakeware-Set-Custom-Ceramic-Baking-Dishes-Pans-in-Bulk-4-150x150.webp 150w, https:\/\/jinhuaceramic.com\/wp-content\/uploads\/2025\/05\/Wholesale-Blue-Bakeware-Set-Custom-Ceramic-Baking-Dishes-Pans-in-Bulk-4-768x768.webp 768w, https:\/\/jinhuaceramic.com\/wp-content\/uploads\/2025\/05\/Wholesale-Blue-Bakeware-Set-Custom-Ceramic-Baking-Dishes-Pans-in-Bulk-4-12x12.webp 12w, https:\/\/jinhuaceramic.com\/wp-content\/uploads\/2025\/05\/Wholesale-Blue-Bakeware-Set-Custom-Ceramic-Baking-Dishes-Pans-in-Bulk-4-285x285.webp 285w, https:\/\/jinhuaceramic.com\/wp-content\/uploads\/2025\/05\/Wholesale-Blue-Bakeware-Set-Custom-Ceramic-Baking-Dishes-Pans-in-Bulk-4-1600x1600.webp 1600w, https:\/\/jinhuaceramic.com\/wp-content\/uploads\/2025\/05\/Wholesale-Blue-Bakeware-Set-Custom-Ceramic-Baking-Dishes-Pans-in-Bulk-4-270x270.webp 270w, https:\/\/jinhuaceramic.com\/wp-content\/uploads\/2025\/05\/Wholesale-Blue-Bakeware-Set-Custom-Ceramic-Baking-Dishes-Pans-in-Bulk-4-540x540.webp 540w, https:\/\/jinhuaceramic.com\/wp-content\/uploads\/2025\/05\/Wholesale-Blue-Bakeware-Set-Custom-Ceramic-Baking-Dishes-Pans-in-Bulk-4-660x660.webp 660w\" sizes=\"(max-width: 2400px) 100vw, 2400px\" \/><\/figure>\n<\/div>\n<\/div>","protected":false},"excerpt":{"rendered":"<p>Willkommen zum Kauf benutzerdefinierter Backformen-Sets. Diese blauen Kuchenbackformen Gro\u00dfhandel sind weithin beliebt wegen ihrer eleganten Design, langlebige Keramik-Material, mehrere Gr\u00f6\u00dfen, um verschiedene Backen Bed\u00fcrfnisse zu erf\u00fcllen, und praktisch stapelbar und Doppel-Ohr-Design.<\/p>","protected":false},"featured_media":9147,"comment_status":"closed","ping_status":"closed","template":"","meta":{"_acf_changed":false},"product_brand":[],"product_cat":[53],"product_tag":[71],"class_list":{"0":"post-9143","1":"product","2":"type-product","3":"status-publish","4":"has-post-thumbnail","6":"product_cat-bakeware-in-bulk","7":"product_tag-wholesale-baking-pans","9":"first","10":"instock","11":"shipping-taxable","12":"product-type-simple"},"acf":[],"_links":{"self":[{"href":"https:\/\/jinhuaceramic.com\/de\/wp-json\/wp\/v2\/product\/9143","targetHints":{"allow":["GET"]}}],"collection":[{"href":"https:\/\/jinhuaceramic.com\/de\/wp-json\/wp\/v2\/product"}],"about":[{"href":"https:\/\/jinhuaceramic.com\/de\/wp-json\/wp\/v2\/types\/product"}],"replies":[{"embeddable":true,"href":"https:\/\/jinhuaceramic.com\/de\/wp-json\/wp\/v2\/comments?post=9143"}],"version-history":[{"count":0,"href":"https:\/\/jinhuaceramic.com\/de\/wp-json\/wp\/v2\/product\/9143\/revisions"}],"wp:featuredmedia":[{"embeddable":true,"href":"https:\/\/jinhuaceramic.com\/de\/wp-json\/wp\/v2\/media\/9147"}],"wp:attachment":[{"href":"https:\/\/jinhuaceramic.com\/de\/wp-json\/wp\/v2\/media?parent=9143"}],"wp:term":[{"taxonomy":"product_brand","embeddable":true,"href":"https:\/\/jinhuaceramic.com\/de\/wp-json\/wp\/v2\/product_brand?post=9143"},{"taxonomy":"product_cat","embeddable":true,"href":"https:\/\/jinhuaceramic.com\/de\/wp-json\/wp\/v2\/product_cat?post=9143"},{"taxonomy":"product_tag","embeddable":true,"href":"https:\/\/jinhuaceramic.com\/de\/wp-json\/wp\/v2\/product_tag?post=9143"}],"curies":[{"name":"wp","href":"https:\/\/api.w.org\/{rel}","templated":true}]}}