{"id":9164,"date":"2025-06-03T02:17:46","date_gmt":"2025-06-03T02:17:46","guid":{"rendered":"https:\/\/jinhuaceramic.com\/?post_type=product&#038;p=9164"},"modified":"2025-06-03T03:20:26","modified_gmt":"2025-06-03T03:20:26","slug":"ceramic-ramekin-bulk","status":"publish","type":"product","link":"https:\/\/jinhuaceramic.com\/de\/product\/ceramic-ramekin-bulk\/","title":{"rendered":"Kleine Backen keramische Ramekin bulk, Keramik Souffle Tassen Gro\u00dfhandel f\u00fcr K\u00fcche"},"content":{"rendered":"<div class=\"wp-block-columns is-layout-flex wp-container-core-columns-is-layout-9d6595d7 wp-block-columns-is-layout-flex\">\n<div class=\"wp-block-column is-layout-flow wp-block-column-is-layout-flow\">\n<h3 class=\"wp-block-heading\">Premium Backen Keramik Ramekin bulk Merkmale:<\/h3>\n\n\n\n<ul class=\"wp-block-list\">\n<li><strong>Rustikales Design: <\/strong>Die Keramiksch\u00fcssel hat einen h\u00fcbschen zweifarbigen Look, wobei die obere H\u00e4lfte in einem sauberen Wei\u00df und die untere H\u00e4lfte in einem warmen, rustikalen Hellbraun gehalten ist. Die einfachen horizontalen Strukturen auf der Oberfl\u00e4che sorgen f\u00fcr visuelles Interesse und bieten eine leichte Textur f\u00fcr besseren Halt, damit sie in der Hand bleibt.<\/li>\n\n\n\n<li><strong>Hochwertige Keramiken:<\/strong> Die Keramik-Auflaufformen sind aus hochwertiger Keramik gefertigt, die auch gro\u00dfer Hitze standh\u00e4lt, und ein vielseitiges und langlebiges Produkt. Sie sind so konzipiert, dass sie nicht nur ihre Form, sondern auch ihre Unversehrtheit bei wiederholter Verwendung in Back\u00f6fen, Mikrowellen und mehr behalten. Die Kochgef\u00e4\u00dfe zeugen von Qualit\u00e4t, da sie sich auch bei hohen Temperaturen nicht verformen.<\/li>\n\n\n\n<li><strong>Vielseitigkeit: <\/strong>Mit einem Fassungsverm\u00f6gen von 4 Unzen eignen sich diese keramischen Auflaufformen perfekt f\u00fcr die Zubereitung individueller Desserts wie Cupcakes, Karamellpudding, Puddinggeb\u00e4ck und Souffles. Sie k\u00f6nnen f\u00fcr viel mehr als Dessert, wie Fr\u00fcchte, Geb\u00e4ck verwendet werden, und sogar Dips sind perfekt zum Servieren.<\/li>\n\n\n\n<li><strong>Stapelbar und leicht zu reinigen: <\/strong>Diese Keramik-Auflaufformen f\u00fcr den Gro\u00dfhandel sind stapelbar, was in Ihrer K\u00fcche eine echte Platzersparnis bedeutet. Die glatte Oberfl\u00e4che macht es au\u00dferdem schwer, dass Speisereste haften bleiben, sodass die Reinigung ein Kinderspiel ist.<\/li>\n<\/ul>\n<\/div>\n\n\n\n<div class=\"wp-block-column is-layout-flow wp-block-column-is-layout-flow\">\n<figure class=\"wp-block-image size-full\"><img fetchpriority=\"high\" decoding=\"async\" width=\"1500\" height=\"1500\" src=\"https:\/\/jinhuaceramic.com\/wp-content\/uploads\/2025\/05\/Bulk-Small-Baking-Ramekin-Ceramic-Wholesale-Souffle-Cups-for-Kitchen-4.webp\" alt=\"kleine-backende-keramische-ramekin-gro\u00dfe-keramische-muffel-tassen-gro\u00dfhandel-4\" class=\"wp-image-9167\" srcset=\"https:\/\/jinhuaceramic.com\/wp-content\/uploads\/2025\/05\/Bulk-Small-Baking-Ramekin-Ceramic-Wholesale-Souffle-Cups-for-Kitchen-4.webp 1500w, https:\/\/jinhuaceramic.com\/wp-content\/uploads\/2025\/05\/Bulk-Small-Baking-Ramekin-Ceramic-Wholesale-Souffle-Cups-for-Kitchen-4-300x300.webp 300w, https:\/\/jinhuaceramic.com\/wp-content\/uploads\/2025\/05\/Bulk-Small-Baking-Ramekin-Ceramic-Wholesale-Souffle-Cups-for-Kitchen-4-150x150.webp 150w, https:\/\/jinhuaceramic.com\/wp-content\/uploads\/2025\/05\/Bulk-Small-Baking-Ramekin-Ceramic-Wholesale-Souffle-Cups-for-Kitchen-4-768x768.webp 768w, https:\/\/jinhuaceramic.com\/wp-content\/uploads\/2025\/05\/Bulk-Small-Baking-Ramekin-Ceramic-Wholesale-Souffle-Cups-for-Kitchen-4-12x12.webp 12w, https:\/\/jinhuaceramic.com\/wp-content\/uploads\/2025\/05\/Bulk-Small-Baking-Ramekin-Ceramic-Wholesale-Souffle-Cups-for-Kitchen-4-285x285.webp 285w, https:\/\/jinhuaceramic.com\/wp-content\/uploads\/2025\/05\/Bulk-Small-Baking-Ramekin-Ceramic-Wholesale-Souffle-Cups-for-Kitchen-4-270x270.webp 270w, https:\/\/jinhuaceramic.com\/wp-content\/uploads\/2025\/05\/Bulk-Small-Baking-Ramekin-Ceramic-Wholesale-Souffle-Cups-for-Kitchen-4-540x540.webp 540w, https:\/\/jinhuaceramic.com\/wp-content\/uploads\/2025\/05\/Bulk-Small-Baking-Ramekin-Ceramic-Wholesale-Souffle-Cups-for-Kitchen-4-660x660.webp 660w\" sizes=\"(max-width: 1500px) 100vw, 1500px\" \/><\/figure>\n<\/div>\n<\/div>","protected":false},"excerpt":{"rendered":"<p>Willkommen zum Kauf unserer Keramik Auflaufformen Gro\u00dfhandel. Das kleine Backen Keramik Auflaufform bulk verf\u00fcgt \u00fcber eine unglaublich nette rustikalen Look, ist aus langlebigen Hochtemperatur-Keramik, ist vielseitig, stapelbar und leicht zu reinigen. Sie kombinieren Stil und Zweckm\u00e4\u00dfigkeit zu einem hervorragenden Produkt.<\/p>","protected":false},"featured_media":9169,"comment_status":"closed","ping_status":"closed","template":"","meta":{"_acf_changed":false},"product_brand":[],"product_cat":[53],"product_tag":[69],"class_list":{"0":"post-9164","1":"product","2":"type-product","3":"status-publish","4":"has-post-thumbnail","6":"product_cat-bakeware-in-bulk","7":"product_tag-bulk-ramekins","9":"first","10":"instock","11":"shipping-taxable","12":"product-type-simple"},"acf":[],"_links":{"self":[{"href":"https:\/\/jinhuaceramic.com\/de\/wp-json\/wp\/v2\/product\/9164","targetHints":{"allow":["GET"]}}],"collection":[{"href":"https:\/\/jinhuaceramic.com\/de\/wp-json\/wp\/v2\/product"}],"about":[{"href":"https:\/\/jinhuaceramic.com\/de\/wp-json\/wp\/v2\/types\/product"}],"replies":[{"embeddable":true,"href":"https:\/\/jinhuaceramic.com\/de\/wp-json\/wp\/v2\/comments?post=9164"}],"version-history":[{"count":0,"href":"https:\/\/jinhuaceramic.com\/de\/wp-json\/wp\/v2\/product\/9164\/revisions"}],"wp:featuredmedia":[{"embeddable":true,"href":"https:\/\/jinhuaceramic.com\/de\/wp-json\/wp\/v2\/media\/9169"}],"wp:attachment":[{"href":"https:\/\/jinhuaceramic.com\/de\/wp-json\/wp\/v2\/media?parent=9164"}],"wp:term":[{"taxonomy":"product_brand","embeddable":true,"href":"https:\/\/jinhuaceramic.com\/de\/wp-json\/wp\/v2\/product_brand?post=9164"},{"taxonomy":"product_cat","embeddable":true,"href":"https:\/\/jinhuaceramic.com\/de\/wp-json\/wp\/v2\/product_cat?post=9164"},{"taxonomy":"product_tag","embeddable":true,"href":"https:\/\/jinhuaceramic.com\/de\/wp-json\/wp\/v2\/product_tag?post=9164"}],"curies":[{"name":"wp","href":"https:\/\/api.w.org\/{rel}","templated":true}]}}