{"id":9173,"date":"2025-06-03T02:34:15","date_gmt":"2025-06-03T02:34:15","guid":{"rendered":"https:\/\/jinhuaceramic.com\/?post_type=product&#038;p=9173"},"modified":"2025-06-03T02:34:17","modified_gmt":"2025-06-03T02:34:17","slug":"custom-design-dinnerware","status":"publish","type":"product","link":"https:\/\/jinhuaceramic.com\/de\/product\/custom-design-dinnerware\/","title":{"rendered":"Zweifarbiges individuelles Geschirr, Teller und Sch\u00fcsseln im Gro\u00dfhandel"},"content":{"rendered":"<div class=\"wp-block-columns is-layout-flex wp-container-core-columns-is-layout-9d6595d7 wp-block-columns-is-layout-flex\">\n<div class=\"wp-block-column is-layout-flow wp-block-column-is-layout-flow\">\n<h3 class=\"wp-block-heading\">Premium Two-Tone Custom Design Essgeschirr Merkmale:<\/h3>\n\n\n\n<ul class=\"wp-block-list\">\n<li><strong>Elegantes Design:<\/strong> Die Kombination aus hellbeigem Innengeschirr und hellblauem Au\u00dfengeschirr vermittelt ein frisches und nat\u00fcrliches Gef\u00fchl, wobei die braunen Kantenlinien einen Hauch von Zartheit verleihen. Das gesamte Design unterstreicht die Schlichtheit und verleiht dem Ganzen eine Eleganz, mit der Sie Ihr Esserlebnis noch mehr genie\u00dfen k\u00f6nnen.<\/li>\n\n\n\n<li><strong>Langlebiges Material: <\/strong>Diese Teller und Sch\u00fcsseln werden im Gro\u00dfhandel aus hochwertigen keramischen Materialien hergestellt, die nach dem Brennen bei hohen Temperaturen hinzugef\u00fcgt werden. Sie sind m\u00e4\u00dfig hart, bekommen nicht so leicht Risse oder Kratzer und k\u00f6nnen t\u00e4glich gereinigt werden und haben eine lange Lebensdauer.<\/li>\n\n\n\n<li><strong>Sehr praktisch: <\/strong>Diese individuell gestalteten Geschirrsets werden in verschiedenen Tellern und Sch\u00fcsseln angeboten, um verschiedene Gr\u00f6\u00dfenoptionen zu bieten, die verschiedene Essensbed\u00fcrfnisse erf\u00fcllen k\u00f6nnen, wie z. B. das Servieren von Hauptgerichten, Suppen, Salaten usw. Sie sind voll funktionsf\u00e4hig und eignen sich f\u00fcr das t\u00e4gliche Essen mit der Familie oder f\u00fcr kleine Zusammenk\u00fcnfte.<\/li>\n\n\n\n<li><strong>Leicht zu reinigen: <\/strong>Diese Keramikteller und -sch\u00fcsseln im Gro\u00dfhandel haben eine glatte, flache Oberfl\u00e4che, in die sich keine Lebensmittel einbetten, was bei t\u00e4glichem Gebrauch zu einer erneuten Verschmutzung f\u00fchren kann, da sie funktionell f\u00fcr eine einfache Reinigung konzipiert wurden. Sie k\u00f6nnen auch in der Sp\u00fclmaschine gereinigt werden, die Sie mit einer einfachen Reinigung Zeit bieten wird, wodurch die Chance des Bakterienwachstums zu reduzieren, um Ihr Geschirr hygienisch zu halten.<\/li>\n<\/ul>\n<\/div>\n\n\n\n<div class=\"wp-block-column is-layout-flow wp-block-column-is-layout-flow\">\n<figure class=\"wp-block-image size-full\"><img fetchpriority=\"high\" decoding=\"async\" width=\"800\" height=\"800\" src=\"https:\/\/jinhuaceramic.com\/wp-content\/uploads\/2025\/05\/Custom-Two-Tone-Tableware-Set-Ceramic-Dinner-Plates-Bowls-Set-in-Bulk-2.webp\" alt=\"zweifarbiges-individuelles-design-geschirr-teller-und-schalen-grosshandel-2\" class=\"wp-image-9174\" srcset=\"https:\/\/jinhuaceramic.com\/wp-content\/uploads\/2025\/05\/Custom-Two-Tone-Tableware-Set-Ceramic-Dinner-Plates-Bowls-Set-in-Bulk-2.webp 800w, https:\/\/jinhuaceramic.com\/wp-content\/uploads\/2025\/05\/Custom-Two-Tone-Tableware-Set-Ceramic-Dinner-Plates-Bowls-Set-in-Bulk-2-300x300.webp 300w, https:\/\/jinhuaceramic.com\/wp-content\/uploads\/2025\/05\/Custom-Two-Tone-Tableware-Set-Ceramic-Dinner-Plates-Bowls-Set-in-Bulk-2-150x150.webp 150w, https:\/\/jinhuaceramic.com\/wp-content\/uploads\/2025\/05\/Custom-Two-Tone-Tableware-Set-Ceramic-Dinner-Plates-Bowls-Set-in-Bulk-2-768x768.webp 768w, https:\/\/jinhuaceramic.com\/wp-content\/uploads\/2025\/05\/Custom-Two-Tone-Tableware-Set-Ceramic-Dinner-Plates-Bowls-Set-in-Bulk-2-12x12.webp 12w, https:\/\/jinhuaceramic.com\/wp-content\/uploads\/2025\/05\/Custom-Two-Tone-Tableware-Set-Ceramic-Dinner-Plates-Bowls-Set-in-Bulk-2-285x285.webp 285w, https:\/\/jinhuaceramic.com\/wp-content\/uploads\/2025\/05\/Custom-Two-Tone-Tableware-Set-Ceramic-Dinner-Plates-Bowls-Set-in-Bulk-2-270x270.webp 270w, https:\/\/jinhuaceramic.com\/wp-content\/uploads\/2025\/05\/Custom-Two-Tone-Tableware-Set-Ceramic-Dinner-Plates-Bowls-Set-in-Bulk-2-540x540.webp 540w, https:\/\/jinhuaceramic.com\/wp-content\/uploads\/2025\/05\/Custom-Two-Tone-Tableware-Set-Ceramic-Dinner-Plates-Bowls-Set-in-Bulk-2-660x660.webp 660w\" sizes=\"(max-width: 800px) 100vw, 800px\" \/><\/figure>\n<\/div>\n<\/div>\n\n\n\n<p><\/p>","protected":false},"excerpt":{"rendered":"<p>Willkommen im Gro\u00dfhandel f\u00fcr unsere Keramikteller und -schalen. Diese individuell gestalteten Geschirrteile sind so elegant gestaltet, dass sie sich in verschiedene Esstischstile und Wohnumgebungen einf\u00fcgen. Keramische Materialien sind langlebig und leicht zu reinigen, und die Kombination von mehreren Gr\u00f6\u00dfen von Geschirr erf\u00fcllt verschiedene Bed\u00fcrfnisse Essen, so dass diese Geschirr-Sets sowohl \u00e4sthetisch ansprechend und praktisch.<\/p>","protected":false},"featured_media":9177,"comment_status":"closed","ping_status":"closed","template":"","meta":{"_acf_changed":false},"product_brand":[],"product_cat":[83,54],"product_tag":[],"class_list":{"0":"post-9173","1":"product","2":"type-product","3":"status-publish","4":"has-post-thumbnail","6":"product_cat-wholesale-dinnerware-sets","7":"product_cat-tableware-wholesale","9":"first","10":"instock","11":"shipping-taxable","12":"product-type-simple"},"acf":[],"_links":{"self":[{"href":"https:\/\/jinhuaceramic.com\/de\/wp-json\/wp\/v2\/product\/9173","targetHints":{"allow":["GET"]}}],"collection":[{"href":"https:\/\/jinhuaceramic.com\/de\/wp-json\/wp\/v2\/product"}],"about":[{"href":"https:\/\/jinhuaceramic.com\/de\/wp-json\/wp\/v2\/types\/product"}],"replies":[{"embeddable":true,"href":"https:\/\/jinhuaceramic.com\/de\/wp-json\/wp\/v2\/comments?post=9173"}],"version-history":[{"count":0,"href":"https:\/\/jinhuaceramic.com\/de\/wp-json\/wp\/v2\/product\/9173\/revisions"}],"wp:featuredmedia":[{"embeddable":true,"href":"https:\/\/jinhuaceramic.com\/de\/wp-json\/wp\/v2\/media\/9177"}],"wp:attachment":[{"href":"https:\/\/jinhuaceramic.com\/de\/wp-json\/wp\/v2\/media?parent=9173"}],"wp:term":[{"taxonomy":"product_brand","embeddable":true,"href":"https:\/\/jinhuaceramic.com\/de\/wp-json\/wp\/v2\/product_brand?post=9173"},{"taxonomy":"product_cat","embeddable":true,"href":"https:\/\/jinhuaceramic.com\/de\/wp-json\/wp\/v2\/product_cat?post=9173"},{"taxonomy":"product_tag","embeddable":true,"href":"https:\/\/jinhuaceramic.com\/de\/wp-json\/wp\/v2\/product_tag?post=9173"}],"curies":[{"name":"wp","href":"https:\/\/api.w.org\/{rel}","templated":true}]}}