{"id":9181,"date":"2025-06-03T04:03:25","date_gmt":"2025-06-03T04:03:25","guid":{"rendered":"https:\/\/jinhuaceramic.com\/?post_type=product&#038;p=9181"},"modified":"2025-06-03T04:03:28","modified_gmt":"2025-06-03T04:03:28","slug":"candlestick-bulk","status":"publish","type":"product","link":"https:\/\/jinhuaceramic.com\/de\/product\/candlestick-bulk\/","title":{"rendered":"Niedliche Kerzenst\u00e4nder Bulk mit Pilzform, Keramik-Kerzenst\u00e4nder Customized"},"content":{"rendered":"<div class=\"wp-block-columns is-layout-flex wp-container-core-columns-is-layout-9d6595d7 wp-block-columns-is-layout-flex\">\n<div class=\"wp-block-column is-layout-flow wp-block-column-is-layout-flow\">\n<h3 class=\"wp-block-heading\">Premium Cute Candlestick Bulk\u00a0Features:<\/h3>\n\n\n\n<ul class=\"wp-block-list\">\n<li><strong>Niedliches Design: <\/strong>The majority of the candlestick bulk is mushroom-shaped, minimalist and playful in design, which can create a lively atmosphere in the home. The candle holders are available in Morandi color options, light green, off white, light pink, and light yellow, all of which are soothing and therapeutic colours that, therefore, make people feel warm and cozy.<\/li>\n\n\n\n<li><strong>Langlebiges Material: <\/strong>This customized candle holder is made from high-grade ceramic materials that have been fired at high temperatures, possess some level of hardness and high-temperature resistance, and are safe for holding a live candle.<\/li>\n\n\n\n<li><strong>Verschiedene Gr\u00f6\u00dfen: <\/strong>The majority candlestick bulk in two sizes and has differing diameter candle holes; therefore can also be considered for placing candles of differing sizes. They have more compatible options and can be combined interchangeably and placed according to need.<\/li>\n\n\n\n<li><strong>Starke Praktikabilit\u00e4t: <\/strong>The uniquely designed candle holder customized can catch the wax drips that result from lighting candles so that they do not fall straight onto the tabletop and are protected. The bottom framework is functional, and when candles are put there, they are sturdy and will not tip over.<\/li>\n<\/ul>\n<\/div>\n\n\n\n<div class=\"wp-block-column is-layout-flow wp-block-column-is-layout-flow\">\n<figure class=\"wp-block-image size-full\"><img fetchpriority=\"high\" decoding=\"async\" width=\"800\" height=\"800\" src=\"https:\/\/jinhuaceramic.com\/wp-content\/uploads\/2025\/05\/Cute-Candle-Stick-with-Mushroom-Shape-Wholesale-Candle-Holders-Bulk-7.webp\" alt=\"S\u00fc\u00dfer Kerzenhalter im Pilzdesign, Keramik, individuell gestaltbar, 7 St\u00fcck\" class=\"wp-image-9187\" srcset=\"https:\/\/jinhuaceramic.com\/wp-content\/uploads\/2025\/05\/Cute-Candle-Stick-with-Mushroom-Shape-Wholesale-Candle-Holders-Bulk-7.webp 800w, https:\/\/jinhuaceramic.com\/wp-content\/uploads\/2025\/05\/Cute-Candle-Stick-with-Mushroom-Shape-Wholesale-Candle-Holders-Bulk-7-300x300.webp 300w, https:\/\/jinhuaceramic.com\/wp-content\/uploads\/2025\/05\/Cute-Candle-Stick-with-Mushroom-Shape-Wholesale-Candle-Holders-Bulk-7-150x150.webp 150w, https:\/\/jinhuaceramic.com\/wp-content\/uploads\/2025\/05\/Cute-Candle-Stick-with-Mushroom-Shape-Wholesale-Candle-Holders-Bulk-7-768x768.webp 768w, https:\/\/jinhuaceramic.com\/wp-content\/uploads\/2025\/05\/Cute-Candle-Stick-with-Mushroom-Shape-Wholesale-Candle-Holders-Bulk-7-12x12.webp 12w, https:\/\/jinhuaceramic.com\/wp-content\/uploads\/2025\/05\/Cute-Candle-Stick-with-Mushroom-Shape-Wholesale-Candle-Holders-Bulk-7-285x285.webp 285w, https:\/\/jinhuaceramic.com\/wp-content\/uploads\/2025\/05\/Cute-Candle-Stick-with-Mushroom-Shape-Wholesale-Candle-Holders-Bulk-7-270x270.webp 270w, https:\/\/jinhuaceramic.com\/wp-content\/uploads\/2025\/05\/Cute-Candle-Stick-with-Mushroom-Shape-Wholesale-Candle-Holders-Bulk-7-540x540.webp 540w, https:\/\/jinhuaceramic.com\/wp-content\/uploads\/2025\/05\/Cute-Candle-Stick-with-Mushroom-Shape-Wholesale-Candle-Holders-Bulk-7-660x660.webp 660w\" sizes=\"(max-width: 800px) 100vw, 800px\" \/><\/figure>\n<\/div>\n<\/div>","protected":false},"excerpt":{"rendered":"<p>Welcome to purchase our ceramic candle holder customized. This candlestick bulk is popular mainly because of its interesting mushroom-like shape and soft colors that blend nicely within diverse home styles and generate warmth. At the same time, the durable ceramic material is high-quality, heat-resistant, and combines practicality and decoration.<\/p>","protected":false},"featured_media":9182,"comment_status":"closed","ping_status":"closed","template":"","meta":{"_acf_changed":false},"product_brand":[],"product_cat":[52],"product_tag":[68],"class_list":{"0":"post-9181","1":"product","2":"type-product","3":"status-publish","4":"has-post-thumbnail","6":"product_cat-wholesale-candle-containers","7":"product_tag-ceramic-candlesticks-bulk","9":"first","10":"instock","11":"shipping-taxable","12":"product-type-simple"},"acf":[],"_links":{"self":[{"href":"https:\/\/jinhuaceramic.com\/de\/wp-json\/wp\/v2\/product\/9181","targetHints":{"allow":["GET"]}}],"collection":[{"href":"https:\/\/jinhuaceramic.com\/de\/wp-json\/wp\/v2\/product"}],"about":[{"href":"https:\/\/jinhuaceramic.com\/de\/wp-json\/wp\/v2\/types\/product"}],"replies":[{"embeddable":true,"href":"https:\/\/jinhuaceramic.com\/de\/wp-json\/wp\/v2\/comments?post=9181"}],"version-history":[{"count":0,"href":"https:\/\/jinhuaceramic.com\/de\/wp-json\/wp\/v2\/product\/9181\/revisions"}],"wp:featuredmedia":[{"embeddable":true,"href":"https:\/\/jinhuaceramic.com\/de\/wp-json\/wp\/v2\/media\/9182"}],"wp:attachment":[{"href":"https:\/\/jinhuaceramic.com\/de\/wp-json\/wp\/v2\/media?parent=9181"}],"wp:term":[{"taxonomy":"product_brand","embeddable":true,"href":"https:\/\/jinhuaceramic.com\/de\/wp-json\/wp\/v2\/product_brand?post=9181"},{"taxonomy":"product_cat","embeddable":true,"href":"https:\/\/jinhuaceramic.com\/de\/wp-json\/wp\/v2\/product_cat?post=9181"},{"taxonomy":"product_tag","embeddable":true,"href":"https:\/\/jinhuaceramic.com\/de\/wp-json\/wp\/v2\/product_tag?post=9181"}],"curies":[{"name":"wp","href":"https:\/\/api.w.org\/{rel}","templated":true}]}}