{"id":9192,"date":"2025-06-03T03:18:32","date_gmt":"2025-06-03T03:18:32","guid":{"rendered":"https:\/\/jinhuaceramic.com\/?post_type=product&#038;p=9192"},"modified":"2025-06-03T03:18:34","modified_gmt":"2025-06-03T03:18:34","slug":"candle-vessels-in-bulk","status":"publish","type":"product","link":"https:\/\/jinhuaceramic.com\/de\/product\/candle-vessels-in-bulk\/","title":{"rendered":"Kerze Gef\u00e4\u00dfe in Bulk mit verschiedenen Farben, benutzerdefinierte Keramik-Kerze Gl\u00e4ser"},"content":{"rendered":"<div class=\"wp-block-columns is-layout-flex wp-container-core-columns-is-layout-9d6595d7 wp-block-columns-is-layout-flex\">\n<div class=\"wp-block-column is-layout-flow wp-block-column-is-layout-flow\">\n<h3 class=\"wp-block-heading\">Premium-Kerzengef\u00e4\u00dfe in Bulk Eigenschaften:<\/h3>\n\n\n\n<ul class=\"wp-block-list\">\n<li><strong>Raffiniertes Design: <\/strong>Schlicht und doch raffiniert im Design, diese benutzerdefinierten Keramik-Kerzengl\u00e4ser mit unregelm\u00e4\u00dfigen konkaven und konvexen Texturen auf der Oberfl\u00e4che, visuell geschichtetes Design und taktile Spa\u00df, so dass sie einzigartig im Design und einfach, um die allgemeine Sch\u00f6nheit des Raumes zu verbessern.<\/li>\n\n\n\n<li><strong>Verschiedene Farben: <\/strong>Diese Kerzengef\u00e4\u00dfe in loser Sch\u00fcttung werden in verschiedenen sanften Farben wie blau, gr\u00fcn, rosa, lila, grau, wei\u00df, cremefarben usw. hergestellt, die ein warmes Ambiente verbreiten. Die Kunden k\u00f6nnen nach ihren W\u00fcnschen oder nach der Einrichtung ihres Hauses w\u00e4hlen.<\/li>\n\n\n\n<li><strong>Hohe Qualit\u00e4t: <\/strong>Diese keramischen Kerzengef\u00e4\u00dfe in loser Sch\u00fcttung bestehen aus hochwertigem keramischem Ton, der eine hohe H\u00e4rte und gute Hitzebest\u00e4ndigkeit aufweist. Diese Gef\u00e4\u00dfe wurden bei hohen Temperaturen gebrannt, so dass sie sich bei normalem Betrieb w\u00e4hrend des Brennvorgangs der Kerze nicht so leicht verformen oder zerbrechen, was eine sichere Verwendung erm\u00f6glicht!<\/li>\n\n\n\n<li><strong>Wiederverwendbar:<\/strong> Diese individuellen Keramik-Kerzengl\u00e4ser k\u00f6nnen wiederverwendet werden. Nach dem Ausbrennen der Kerze kann der Kerzenhalter gereinigt und als Stifthalter oder als kleiner Blumentopf f\u00fcr einen zweiten Zweck verwendet werden.<\/li>\n<\/ul>\n<\/div>\n\n\n\n<div class=\"wp-block-column is-layout-flow wp-block-column-is-layout-flow\">\n<figure class=\"wp-block-image size-full\"><img fetchpriority=\"high\" decoding=\"async\" width=\"527\" height=\"564\" src=\"https:\/\/jinhuaceramic.com\/wp-content\/uploads\/2025\/05\/Wholesale-Candle-Vessel-With-Various-Colors-Ceramic-Candle-Jar-In-Bulk-5.webp\" alt=\"kerzengef\u00e4\u00dfe-im-massengut-mit-verschiedenen-farben-individuelle-keramik-kerzen-gl\u00e4ser-5\" class=\"wp-image-9196\" srcset=\"https:\/\/jinhuaceramic.com\/wp-content\/uploads\/2025\/05\/Wholesale-Candle-Vessel-With-Various-Colors-Ceramic-Candle-Jar-In-Bulk-5.webp 527w, https:\/\/jinhuaceramic.com\/wp-content\/uploads\/2025\/05\/Wholesale-Candle-Vessel-With-Various-Colors-Ceramic-Candle-Jar-In-Bulk-5-280x300.webp 280w, https:\/\/jinhuaceramic.com\/wp-content\/uploads\/2025\/05\/Wholesale-Candle-Vessel-With-Various-Colors-Ceramic-Candle-Jar-In-Bulk-5-11x12.webp 11w, https:\/\/jinhuaceramic.com\/wp-content\/uploads\/2025\/05\/Wholesale-Candle-Vessel-With-Various-Colors-Ceramic-Candle-Jar-In-Bulk-5-285x305.webp 285w, https:\/\/jinhuaceramic.com\/wp-content\/uploads\/2025\/05\/Wholesale-Candle-Vessel-With-Various-Colors-Ceramic-Candle-Jar-In-Bulk-5-140x150.webp 140w\" sizes=\"(max-width: 527px) 100vw, 527px\" \/><\/figure>\n<\/div>\n<\/div>","protected":false},"excerpt":{"rendered":"<p>Willkommen zum Kauf unserer Kerzengef\u00e4\u00dfe in gro\u00dfen Mengen. Individuelle Keramik-Kerzengef\u00e4\u00dfe mit einem einfachen, aber eleganten Design! Mit vielen sanften Farben, die zu vielen Einrichtungsstilen passen. Dar\u00fcber hinaus ist Keramik haltbar und hitzebest\u00e4ndig; Keramik-Kerzengef\u00e4\u00dfe k\u00f6nnen wiederverwendet werden, was sie zu einer sch\u00f6nen Heimdekoration mit einem praktischen Element macht.<\/p>","protected":false},"featured_media":9193,"comment_status":"closed","ping_status":"closed","template":"","meta":{"_acf_changed":false},"product_brand":[],"product_cat":[52],"product_tag":[66],"class_list":{"0":"post-9192","1":"product","2":"type-product","3":"status-publish","4":"has-post-thumbnail","6":"product_cat-wholesale-candle-containers","7":"product_tag-candle-jars-wholesale","9":"first","10":"instock","11":"shipping-taxable","12":"product-type-simple"},"acf":[],"_links":{"self":[{"href":"https:\/\/jinhuaceramic.com\/de\/wp-json\/wp\/v2\/product\/9192","targetHints":{"allow":["GET"]}}],"collection":[{"href":"https:\/\/jinhuaceramic.com\/de\/wp-json\/wp\/v2\/product"}],"about":[{"href":"https:\/\/jinhuaceramic.com\/de\/wp-json\/wp\/v2\/types\/product"}],"replies":[{"embeddable":true,"href":"https:\/\/jinhuaceramic.com\/de\/wp-json\/wp\/v2\/comments?post=9192"}],"version-history":[{"count":0,"href":"https:\/\/jinhuaceramic.com\/de\/wp-json\/wp\/v2\/product\/9192\/revisions"}],"wp:featuredmedia":[{"embeddable":true,"href":"https:\/\/jinhuaceramic.com\/de\/wp-json\/wp\/v2\/media\/9193"}],"wp:attachment":[{"href":"https:\/\/jinhuaceramic.com\/de\/wp-json\/wp\/v2\/media?parent=9192"}],"wp:term":[{"taxonomy":"product_brand","embeddable":true,"href":"https:\/\/jinhuaceramic.com\/de\/wp-json\/wp\/v2\/product_brand?post=9192"},{"taxonomy":"product_cat","embeddable":true,"href":"https:\/\/jinhuaceramic.com\/de\/wp-json\/wp\/v2\/product_cat?post=9192"},{"taxonomy":"product_tag","embeddable":true,"href":"https:\/\/jinhuaceramic.com\/de\/wp-json\/wp\/v2\/product_tag?post=9192"}],"curies":[{"name":"wp","href":"https:\/\/api.w.org\/{rel}","templated":true}]}}