{"id":9203,"date":"2025-06-03T03:09:26","date_gmt":"2025-06-03T03:09:26","guid":{"rendered":"https:\/\/jinhuaceramic.com\/?post_type=product&#038;p=9203"},"modified":"2025-06-03T03:09:27","modified_gmt":"2025-06-03T03:09:27","slug":"custom-soap-dish","status":"publish","type":"product","link":"https:\/\/jinhuaceramic.com\/de\/product\/custom-soap-dish\/","title":{"rendered":"Custom Soap Dish Double-Layer, Keramik Badezimmer Zubeh\u00f6r Bulk"},"content":{"rendered":"<div class=\"wp-block-columns is-layout-flex wp-container-core-columns-is-layout-9d6595d7 wp-block-columns-is-layout-flex\">\n<div class=\"wp-block-column is-layout-flow wp-block-column-is-layout-flow\">\n<h3 class=\"wp-block-heading\">Premium Double-Layer Custom Seifenschale Merkmale:<\/h3>\n\n\n\n<ul class=\"wp-block-list\">\n<li><strong>Doppellagige Struktur: <\/strong>Die Seifenschalen im Gro\u00dfhandel haben eine saubere und schlichte Form mit einer zweischichtigen Struktur und einem langen Wasserabflussloch in der Mitte, das das Wasser auf der Seifenoberfl\u00e4che schnell abflie\u00dfen l\u00e4sst und verhindert, dass die Seife durch langes Einweichen im Wasser aufweicht und ihre Lebensdauer verl\u00e4ngert.<\/li>\n\n\n\n<li><strong>Mehrfarbig:<\/strong> Diese individuellen Seifenschalen gibt es in einer breiten Palette von Farben, darunter rot, gr\u00fcn, gelb, wei\u00df usw., die den optischen Anforderungen verschiedener Kunden gerecht werden und sich leicht an verschiedene Badezimmerdekorationen anpassen lassen.<\/li>\n\n\n\n<li><strong>Hochwertiges Material: <\/strong>F\u00fcr die ma\u00dfgefertigten Seifenschalen wird hochwertiges Keramikmaterial verwendet, das wasser- und feuchtigkeitsbest\u00e4ndig ist und in Feuchtr\u00e4umen wie Badezimmern gut verwendet werden kann. Die keramischen Materialien sind stark und z\u00e4h, daher nicht spr\u00f6de und infolgedessen leicht zerbrechlich, und diese Produkte haben eine viel l\u00e4ngere Lebensdauer.<\/li>\n\n\n\n<li><strong>Leicht zu reinigen: <\/strong>Gro\u00dfhandelskeramikseifenschalen sind glatt und leicht zu reinigen. Mit frischem Wasser abwaschen oder mit einem feuchten Tuch abwischen und alle Seifenreste und Flecken werden entfernt.<\/li>\n<\/ul>\n<\/div>\n\n\n\n<div class=\"wp-block-column is-layout-flow wp-block-column-is-layout-flow\">\n<figure class=\"wp-block-image size-full\"><img fetchpriority=\"high\" decoding=\"async\" width=\"800\" height=\"800\" src=\"https:\/\/jinhuaceramic.com\/wp-content\/uploads\/2025\/06\/Double-Layer-Wholesale-Soap-Dishes-Ceramic-Bathroom-Accessories-Bulk-5.webp\" alt=\"benutzerdefinierte-Seifenschale-Doppelschicht-Keramik-Bad-Accessoires-Gro\u00dfpackung-5\" class=\"wp-image-9207\" srcset=\"https:\/\/jinhuaceramic.com\/wp-content\/uploads\/2025\/06\/Double-Layer-Wholesale-Soap-Dishes-Ceramic-Bathroom-Accessories-Bulk-5.webp 800w, https:\/\/jinhuaceramic.com\/wp-content\/uploads\/2025\/06\/Double-Layer-Wholesale-Soap-Dishes-Ceramic-Bathroom-Accessories-Bulk-5-300x300.webp 300w, https:\/\/jinhuaceramic.com\/wp-content\/uploads\/2025\/06\/Double-Layer-Wholesale-Soap-Dishes-Ceramic-Bathroom-Accessories-Bulk-5-150x150.webp 150w, https:\/\/jinhuaceramic.com\/wp-content\/uploads\/2025\/06\/Double-Layer-Wholesale-Soap-Dishes-Ceramic-Bathroom-Accessories-Bulk-5-768x768.webp 768w, https:\/\/jinhuaceramic.com\/wp-content\/uploads\/2025\/06\/Double-Layer-Wholesale-Soap-Dishes-Ceramic-Bathroom-Accessories-Bulk-5-12x12.webp 12w, https:\/\/jinhuaceramic.com\/wp-content\/uploads\/2025\/06\/Double-Layer-Wholesale-Soap-Dishes-Ceramic-Bathroom-Accessories-Bulk-5-285x285.webp 285w, https:\/\/jinhuaceramic.com\/wp-content\/uploads\/2025\/06\/Double-Layer-Wholesale-Soap-Dishes-Ceramic-Bathroom-Accessories-Bulk-5-270x270.webp 270w, https:\/\/jinhuaceramic.com\/wp-content\/uploads\/2025\/06\/Double-Layer-Wholesale-Soap-Dishes-Ceramic-Bathroom-Accessories-Bulk-5-540x540.webp 540w, https:\/\/jinhuaceramic.com\/wp-content\/uploads\/2025\/06\/Double-Layer-Wholesale-Soap-Dishes-Ceramic-Bathroom-Accessories-Bulk-5-660x660.webp 660w\" sizes=\"(max-width: 800px) 100vw, 800px\" \/><\/figure>\n<\/div>\n<\/div>","protected":false},"excerpt":{"rendered":"<p>Wir begr\u00fc\u00dfen Sie zum Kauf unserer benutzerdefinierten Seifenschalen. Unsere Gro\u00dfhandel Seifenschalen sind zweischichtige Designs f\u00fcr die Entw\u00e4sserung, und die Keramik ist stark, langlebig und leicht zu reinigen; die Farben werden auch verwendet werden, um einige Helligkeit und Vitalit\u00e4t in das Bad zu bringen. Diese Gro\u00dfhandel Seifenschalen sind praktisch Bad-Accessoires und sch\u00f6ne Bad Dekorationen.<\/p>","protected":false},"featured_media":9206,"comment_status":"closed","ping_status":"closed","template":"","meta":{"_acf_changed":false},"product_brand":[],"product_cat":[51],"product_tag":[72],"class_list":{"0":"post-9203","1":"product","2":"type-product","3":"status-publish","4":"has-post-thumbnail","6":"product_cat-bathroom-accessories-wholesale","7":"product_tag-wholesale-soap-dishes","9":"first","10":"instock","11":"shipping-taxable","12":"product-type-simple"},"acf":[],"_links":{"self":[{"href":"https:\/\/jinhuaceramic.com\/de\/wp-json\/wp\/v2\/product\/9203","targetHints":{"allow":["GET"]}}],"collection":[{"href":"https:\/\/jinhuaceramic.com\/de\/wp-json\/wp\/v2\/product"}],"about":[{"href":"https:\/\/jinhuaceramic.com\/de\/wp-json\/wp\/v2\/types\/product"}],"replies":[{"embeddable":true,"href":"https:\/\/jinhuaceramic.com\/de\/wp-json\/wp\/v2\/comments?post=9203"}],"version-history":[{"count":0,"href":"https:\/\/jinhuaceramic.com\/de\/wp-json\/wp\/v2\/product\/9203\/revisions"}],"wp:featuredmedia":[{"embeddable":true,"href":"https:\/\/jinhuaceramic.com\/de\/wp-json\/wp\/v2\/media\/9206"}],"wp:attachment":[{"href":"https:\/\/jinhuaceramic.com\/de\/wp-json\/wp\/v2\/media?parent=9203"}],"wp:term":[{"taxonomy":"product_brand","embeddable":true,"href":"https:\/\/jinhuaceramic.com\/de\/wp-json\/wp\/v2\/product_brand?post=9203"},{"taxonomy":"product_cat","embeddable":true,"href":"https:\/\/jinhuaceramic.com\/de\/wp-json\/wp\/v2\/product_cat?post=9203"},{"taxonomy":"product_tag","embeddable":true,"href":"https:\/\/jinhuaceramic.com\/de\/wp-json\/wp\/v2\/product_tag?post=9203"}],"curies":[{"name":"wp","href":"https:\/\/api.w.org\/{rel}","templated":true}]}}