{"id":9236,"date":"2025-06-06T07:56:45","date_gmt":"2025-06-06T07:56:45","guid":{"rendered":"https:\/\/jinhuaceramic.com\/?post_type=product&#038;p=9236"},"modified":"2025-06-06T07:56:46","modified_gmt":"2025-06-06T07:56:46","slug":"unique-candle-containers-bulk","status":"publish","type":"product","link":"https:\/\/jinhuaceramic.com\/de\/product\/unique-candle-containers-bulk\/","title":{"rendered":"Einzigartige Kerzenbeh\u00e4lter Bulk, keramische leere Kerze Gef\u00e4\u00dfe Gro\u00dfhandel"},"content":{"rendered":"<div class=\"wp-block-columns is-layout-flex wp-container-core-columns-is-layout-9d6595d7 wp-block-columns-is-layout-flex\">\n<div class=\"wp-block-column is-layout-flow wp-block-column-is-layout-flow\">\n<h3 class=\"wp-block-heading\">Premium Unique Candle Containers Bulk Eigenschaften:<\/h3>\n\n\n\n<ul class=\"wp-block-list\">\n<li><strong>Einzigartige Form: <\/strong>Diese ma\u00dfgefertigten Kerzengl\u00e4ser sind zylindrisch und haben eine konkave und konvexe transparente W\u00f6lbung am Boden, die eine \"k\u00fcrbisartige\" W\u00f6lbung verursacht, die die Kerzengl\u00e4ser einzigartig und interessanter macht und einen besseren Halt bietet, so dass sie nicht so leicht verrutschen.<\/li>\n\n\n\n<li><strong>Vielseitiges Off-White:<\/strong> Diese einzigartigen Kerzenbeh\u00e4lter sind in gebrochenem Wei\u00df gehalten, einer beruhigenden und \u00fcberkonfessionellen Farbe, die sich leicht in jedes Einrichtungskonzept einf\u00fcgt, von modern bis nordisch, japanisch oder minimalistisch.<\/li>\n\n\n\n<li><strong>Langlebiges Material:<\/strong> Diese einzigartigen Kerzengef\u00e4\u00dfe werden aus hochwertigem Keramikmaterial hergestellt und bei hoher Temperatur gebrannt, wodurch sie hart, haltbar und hitzebest\u00e4ndig sind. Sie werden nicht mit der brennenden Hitze von Kerzen zu knacken und sind sicher zu bedienen.<\/li>\n\n\n\n<li><strong>Wiederverwendbar: <\/strong>Diese keramischen Kerzengef\u00e4\u00dfe k\u00f6nnen wiederverwendet werden, und nachdem die Kerze ausgeblasen wurde, k\u00f6nnen diese einzigartigen Keramikhalter gewaschen und als Mini-Vasen, Stifthalter, Schminkpinselhalter, Zahnb\u00fcrstenhalter usw. wiederverwendet werden, die umweltfreundlich und multifunktional sind.<\/li>\n<\/ul>\n<\/div>\n\n\n\n<div class=\"wp-block-column is-layout-flow wp-block-column-is-layout-flow\">\n<figure class=\"wp-block-image size-full\"><img fetchpriority=\"high\" decoding=\"async\" width=\"800\" height=\"800\" src=\"https:\/\/jinhuaceramic.com\/wp-content\/uploads\/2025\/06\/Unique-Bulk-Empty-Candle-Jars-Ceramic-Candle-Vessels-Wholesale-7.webp\" alt=\"Unikat-Kerzenbeh\u00e4lter-Gro\u00dfpackung-Keramik-Leerkerzen-Gef\u00e4\u00dfe-Gro\u00dfhandel-7\" class=\"wp-image-9242\" srcset=\"https:\/\/jinhuaceramic.com\/wp-content\/uploads\/2025\/06\/Unique-Bulk-Empty-Candle-Jars-Ceramic-Candle-Vessels-Wholesale-7.webp 800w, https:\/\/jinhuaceramic.com\/wp-content\/uploads\/2025\/06\/Unique-Bulk-Empty-Candle-Jars-Ceramic-Candle-Vessels-Wholesale-7-300x300.webp 300w, https:\/\/jinhuaceramic.com\/wp-content\/uploads\/2025\/06\/Unique-Bulk-Empty-Candle-Jars-Ceramic-Candle-Vessels-Wholesale-7-150x150.webp 150w, https:\/\/jinhuaceramic.com\/wp-content\/uploads\/2025\/06\/Unique-Bulk-Empty-Candle-Jars-Ceramic-Candle-Vessels-Wholesale-7-768x768.webp 768w, https:\/\/jinhuaceramic.com\/wp-content\/uploads\/2025\/06\/Unique-Bulk-Empty-Candle-Jars-Ceramic-Candle-Vessels-Wholesale-7-12x12.webp 12w, https:\/\/jinhuaceramic.com\/wp-content\/uploads\/2025\/06\/Unique-Bulk-Empty-Candle-Jars-Ceramic-Candle-Vessels-Wholesale-7-285x285.webp 285w, https:\/\/jinhuaceramic.com\/wp-content\/uploads\/2025\/06\/Unique-Bulk-Empty-Candle-Jars-Ceramic-Candle-Vessels-Wholesale-7-270x270.webp 270w, https:\/\/jinhuaceramic.com\/wp-content\/uploads\/2025\/06\/Unique-Bulk-Empty-Candle-Jars-Ceramic-Candle-Vessels-Wholesale-7-540x540.webp 540w, https:\/\/jinhuaceramic.com\/wp-content\/uploads\/2025\/06\/Unique-Bulk-Empty-Candle-Jars-Ceramic-Candle-Vessels-Wholesale-7-660x660.webp 660w\" sizes=\"(max-width: 800px) 100vw, 800px\" \/><\/figure>\n<\/div>\n<\/div>","protected":false},"excerpt":{"rendered":"<p>Willkommen auf unsere einzigartige Kerze Container bulk kaufen. Die Vorteile dieser Gro\u00dfhandel Keramik Kerze Gl\u00e4ser sind ihre Form ergonomisch und einzigartige Form, schlicht und universelle Farbe, Keramik-Material Textur, und Wiederverwendbarkeit und Universalit\u00e4t. Mit gleichem Fokus auf Funktionalit\u00e4t und \u00c4sthetik, diese Gl\u00e4ser f\u00fcr Kerzen k\u00f6nnen einige Kunst und W\u00e4rme in die h\u00e4usliche Umgebung zu vermitteln.<\/p>","protected":false},"featured_media":9243,"comment_status":"closed","ping_status":"closed","template":"","meta":{"_acf_changed":false},"product_brand":[],"product_cat":[52],"product_tag":[66],"class_list":{"0":"post-9236","1":"product","2":"type-product","3":"status-publish","4":"has-post-thumbnail","6":"product_cat-wholesale-candle-containers","7":"product_tag-candle-jars-wholesale","9":"first","10":"instock","11":"shipping-taxable","12":"product-type-simple"},"acf":[],"_links":{"self":[{"href":"https:\/\/jinhuaceramic.com\/de\/wp-json\/wp\/v2\/product\/9236","targetHints":{"allow":["GET"]}}],"collection":[{"href":"https:\/\/jinhuaceramic.com\/de\/wp-json\/wp\/v2\/product"}],"about":[{"href":"https:\/\/jinhuaceramic.com\/de\/wp-json\/wp\/v2\/types\/product"}],"replies":[{"embeddable":true,"href":"https:\/\/jinhuaceramic.com\/de\/wp-json\/wp\/v2\/comments?post=9236"}],"version-history":[{"count":0,"href":"https:\/\/jinhuaceramic.com\/de\/wp-json\/wp\/v2\/product\/9236\/revisions"}],"wp:featuredmedia":[{"embeddable":true,"href":"https:\/\/jinhuaceramic.com\/de\/wp-json\/wp\/v2\/media\/9243"}],"wp:attachment":[{"href":"https:\/\/jinhuaceramic.com\/de\/wp-json\/wp\/v2\/media?parent=9236"}],"wp:term":[{"taxonomy":"product_brand","embeddable":true,"href":"https:\/\/jinhuaceramic.com\/de\/wp-json\/wp\/v2\/product_brand?post=9236"},{"taxonomy":"product_cat","embeddable":true,"href":"https:\/\/jinhuaceramic.com\/de\/wp-json\/wp\/v2\/product_cat?post=9236"},{"taxonomy":"product_tag","embeddable":true,"href":"https:\/\/jinhuaceramic.com\/de\/wp-json\/wp\/v2\/product_tag?post=9236"}],"curies":[{"name":"wp","href":"https:\/\/api.w.org\/{rel}","templated":true}]}}