{"id":9249,"date":"2025-06-06T08:24:24","date_gmt":"2025-06-06T08:24:24","guid":{"rendered":"https:\/\/jinhuaceramic.com\/?post_type=product&#038;p=9249"},"modified":"2025-06-06T08:24:26","modified_gmt":"2025-06-06T08:24:26","slug":"modern-candle-jars-wholesale","status":"publish","type":"product","link":"https:\/\/jinhuaceramic.com\/de\/product\/modern-candle-jars-wholesale\/","title":{"rendered":"Gl\u00e4nzende moderne Kerze Jars Gro\u00dfhandel, Gro\u00dfhandel Kerze Schiffe in verschiedenen Farben"},"content":{"rendered":"<div class=\"wp-block-columns is-layout-flex wp-container-core-columns-is-layout-9d6595d7 wp-block-columns-is-layout-flex\">\n<div class=\"wp-block-column is-layout-flow wp-block-column-is-layout-flow\">\n<h3 class=\"wp-block-heading\">Premium Modern Candle Jars Gro\u00dfhandel Features:<\/h3>\n\n\n\n<ul class=\"wp-block-list\">\n<li><strong>Besondere Form: <\/strong>Diese individuellen Kerzenhalter haben die besondere Form von drei \u00fcbereinander gestapelten Donuts. Diese Kerzengl\u00e4ser heben sich von den \u00fcblichen geradlinigen Designs ab; sie sind k\u00fcnstlerisch und dekorativ und bringen Sch\u00f6nheit in jeden Raum.<\/li>\n\n\n\n<li><strong>Eine Reihe von leuchtenden Farben: <\/strong>Diese modernen Kerzengl\u00e4ser im Gro\u00dfhandel sind in verschiedenen Farben erh\u00e4ltlich, darunter Schwarz, Rosa, Gold, Silber und mehr. Die Kunden k\u00f6nnen ihre Favoriten auf der Grundlage ihres pers\u00f6nlichen Stils oder ihrer Wohnungseinrichtung ausw\u00e4hlen. Die Gl\u00e4ser haben eine gl\u00e4nzende Oberfl\u00e4che, so dass sie ein luxuri\u00f6ses und elegantes Aussehen.<\/li>\n\n\n\n<li><strong>Hochwertiges keramisches Material: <\/strong>Diese hochwertigen Keramikkerzenhalter im Gro\u00dfhandel sind leicht hart, kratz- und bruchfest und \u00fcber einen l\u00e4ngeren Zeitraum haltbar. Das keramische Material ist au\u00dferdem hitzebest\u00e4ndig und kann zum sicheren und perfekten Abbrennen von Kerzen verwendet werden.<\/li>\n\n\n\n<li><strong>Vielseitigkeit: <\/strong>Diese modernen Kerzengl\u00e4ser im Gro\u00dfhandel k\u00f6nnen als Kerzenhalter, als Stifthalter, als Zahnb\u00fcrstenhalter oder als Gl\u00e4ser f\u00fcr andere kleine Gegenst\u00e4nde verwendet werden, nachdem die Kerzen abgebrannt sind, und es ist ein sehr umweltfreundlicher Gedanke.<\/li>\n<\/ul>\n<\/div>\n\n\n\n<div class=\"wp-block-column is-layout-flow wp-block-column-is-layout-flow\">\n<figure class=\"wp-block-image size-full\"><img fetchpriority=\"high\" decoding=\"async\" width=\"800\" height=\"800\" src=\"https:\/\/jinhuaceramic.com\/wp-content\/uploads\/2025\/06\/Wholesale-Shiny-Candle-Vessels-Custom-Candle-Jars-in-Various-Colors-5.webp\" alt=\"Gl\u00e4nzend-moderne-Kerzengl\u00e4ser-Gro\u00dfhandel-Gro\u00dfhandel-Kerzengef\u00e4\u00dfe-in-verschiedenen-Farben-5\" class=\"wp-image-9253\" srcset=\"https:\/\/jinhuaceramic.com\/wp-content\/uploads\/2025\/06\/Wholesale-Shiny-Candle-Vessels-Custom-Candle-Jars-in-Various-Colors-5.webp 800w, https:\/\/jinhuaceramic.com\/wp-content\/uploads\/2025\/06\/Wholesale-Shiny-Candle-Vessels-Custom-Candle-Jars-in-Various-Colors-5-300x300.webp 300w, https:\/\/jinhuaceramic.com\/wp-content\/uploads\/2025\/06\/Wholesale-Shiny-Candle-Vessels-Custom-Candle-Jars-in-Various-Colors-5-150x150.webp 150w, https:\/\/jinhuaceramic.com\/wp-content\/uploads\/2025\/06\/Wholesale-Shiny-Candle-Vessels-Custom-Candle-Jars-in-Various-Colors-5-768x768.webp 768w, https:\/\/jinhuaceramic.com\/wp-content\/uploads\/2025\/06\/Wholesale-Shiny-Candle-Vessels-Custom-Candle-Jars-in-Various-Colors-5-12x12.webp 12w, https:\/\/jinhuaceramic.com\/wp-content\/uploads\/2025\/06\/Wholesale-Shiny-Candle-Vessels-Custom-Candle-Jars-in-Various-Colors-5-285x285.webp 285w, https:\/\/jinhuaceramic.com\/wp-content\/uploads\/2025\/06\/Wholesale-Shiny-Candle-Vessels-Custom-Candle-Jars-in-Various-Colors-5-270x270.webp 270w, https:\/\/jinhuaceramic.com\/wp-content\/uploads\/2025\/06\/Wholesale-Shiny-Candle-Vessels-Custom-Candle-Jars-in-Various-Colors-5-540x540.webp 540w, https:\/\/jinhuaceramic.com\/wp-content\/uploads\/2025\/06\/Wholesale-Shiny-Candle-Vessels-Custom-Candle-Jars-in-Various-Colors-5-660x660.webp 660w\" sizes=\"(max-width: 800px) 100vw, 800px\" \/><\/figure>\n<\/div>\n<\/div>","protected":false},"excerpt":{"rendered":"<p>Willkommen in unserer modernen Kerze Gl\u00e4ser Gro\u00dfhandel zu kaufen. Diese Gro\u00dfhandel Kerzengef\u00e4\u00dfe sind aus langlebigem keramischem Material und sind sehr funktionell. Zugleich haben sie einzigartige Formen, gl\u00e4nzende Oberfl\u00e4chen und eine Vielzahl von Farben zur Auswahl. Diese Kerzengef\u00e4\u00dfe sind nicht nur praktisch, sondern k\u00f6nnen auch als Heimdekoration verwendet werden und verleihen dem Raum eine warme, k\u00fcnstlerische Atmosph\u00e4re.<\/p>","protected":false},"featured_media":9255,"comment_status":"closed","ping_status":"closed","template":"","meta":{"_acf_changed":false},"product_brand":[],"product_cat":[52],"product_tag":[66],"class_list":{"0":"post-9249","1":"product","2":"type-product","3":"status-publish","4":"has-post-thumbnail","6":"product_cat-wholesale-candle-containers","7":"product_tag-candle-jars-wholesale","9":"first","10":"instock","11":"shipping-taxable","12":"product-type-simple"},"acf":[],"_links":{"self":[{"href":"https:\/\/jinhuaceramic.com\/de\/wp-json\/wp\/v2\/product\/9249","targetHints":{"allow":["GET"]}}],"collection":[{"href":"https:\/\/jinhuaceramic.com\/de\/wp-json\/wp\/v2\/product"}],"about":[{"href":"https:\/\/jinhuaceramic.com\/de\/wp-json\/wp\/v2\/types\/product"}],"replies":[{"embeddable":true,"href":"https:\/\/jinhuaceramic.com\/de\/wp-json\/wp\/v2\/comments?post=9249"}],"version-history":[{"count":0,"href":"https:\/\/jinhuaceramic.com\/de\/wp-json\/wp\/v2\/product\/9249\/revisions"}],"wp:featuredmedia":[{"embeddable":true,"href":"https:\/\/jinhuaceramic.com\/de\/wp-json\/wp\/v2\/media\/9255"}],"wp:attachment":[{"href":"https:\/\/jinhuaceramic.com\/de\/wp-json\/wp\/v2\/media?parent=9249"}],"wp:term":[{"taxonomy":"product_brand","embeddable":true,"href":"https:\/\/jinhuaceramic.com\/de\/wp-json\/wp\/v2\/product_brand?post=9249"},{"taxonomy":"product_cat","embeddable":true,"href":"https:\/\/jinhuaceramic.com\/de\/wp-json\/wp\/v2\/product_cat?post=9249"},{"taxonomy":"product_tag","embeddable":true,"href":"https:\/\/jinhuaceramic.com\/de\/wp-json\/wp\/v2\/product_tag?post=9249"}],"curies":[{"name":"wp","href":"https:\/\/api.w.org\/{rel}","templated":true}]}}