{"id":9273,"date":"2025-06-10T03:31:54","date_gmt":"2025-06-10T03:31:54","guid":{"rendered":"https:\/\/jinhuaceramic.com\/?post_type=product&#038;p=9273"},"modified":"2025-06-10T03:31:55","modified_gmt":"2025-06-10T03:31:55","slug":"custom-baking-dishes","status":"publish","type":"product","link":"https:\/\/jinhuaceramic.com\/de\/product\/custom-baking-dishes\/","title":{"rendered":"Benutzerdefinierte Backformen rot Quadrat, Keramik-Backformen Gro\u00dfhandel"},"content":{"rendered":"<div class=\"wp-block-columns is-layout-flex wp-container-core-columns-is-layout-9d6595d7 wp-block-columns-is-layout-flex\">\n<div class=\"wp-block-column is-layout-flow wp-block-column-is-layout-flow\">\n<h3 class=\"wp-block-heading\">Premium Custom-Backformen Merkmale:<\/h3>\n\n\n\n<ul class=\"wp-block-list\">\n<li><strong>Landhausstil: <\/strong>Diese ma\u00dfgeschneiderten Backformen sind au\u00dfen rot mit h\u00fcbschen und bunten Blumenmustern, aber innen wei\u00df mit einem atemberaubenden Blumen- und gr\u00fcnen Blattmuster in der Mitte. Sie sind voll von Land und Vintage W\u00e4rme, die Energie auf den Esstisch und K\u00fcche bringen kann.<\/li>\n\n\n\n<li><strong>Hochwertiges Material:<\/strong> Diese hochwertigen Keramik-Backformen im Gro\u00dfhandel sind backofenfreundlich, hitzebest\u00e4ndig, verteilen die Hitze gleichm\u00e4\u00dfig und f\u00f6rdern das Garen von Speisen in der richtigen Konsistenz. Keramik erweist sich auch als guter W\u00e4rmespeicher, so dass die gebackenen Speisen l\u00e4nger warm bleiben.<\/li>\n\n\n\n<li><strong>Starke Praktikabilit\u00e4t: <\/strong>Diese quadratischen Backformen im Gro\u00dfhandel sind ideal f\u00fcr die Zubereitung von Aufl\u00e4ufen, Lasagne, gebratenem Gem\u00fcse und vielem mehr. Die gro\u00dfen Griffe an beiden Seiten erleichtern das Herausnehmen aus dem Ofen oder vom Tisch und bieten auch mit Ofenhandschuhen einen festen Halt.<\/li>\n\n\n\n<li><strong>Perfektes Geschenk:<\/strong> Diese attraktiven und n\u00fctzlichen Backformen eignen sich perfekt als Einweihungsgeschenke, Hochzeitsgeschenke oder als Geschenke f\u00fcr B\u00e4cker.<\/li>\n<\/ul>\n<\/div>\n\n\n\n<div class=\"wp-block-column is-layout-flow wp-block-column-is-layout-flow\">\n<figure class=\"wp-block-image size-full\"><img fetchpriority=\"high\" decoding=\"async\" width=\"640\" height=\"640\" src=\"https:\/\/jinhuaceramic.com\/wp-content\/uploads\/2025\/06\/Wholesale-Red-Square-Baking-Pan-Ceramic-Baking-Dish-Custom-Bakeware.webp\" alt=\"custom-baking-dishes-red-square-ceramic-baking-pans-wholesale-6\" class=\"wp-image-9278\" srcset=\"https:\/\/jinhuaceramic.com\/wp-content\/uploads\/2025\/06\/Wholesale-Red-Square-Baking-Pan-Ceramic-Baking-Dish-Custom-Bakeware.webp 640w, https:\/\/jinhuaceramic.com\/wp-content\/uploads\/2025\/06\/Wholesale-Red-Square-Baking-Pan-Ceramic-Baking-Dish-Custom-Bakeware-300x300.webp 300w, https:\/\/jinhuaceramic.com\/wp-content\/uploads\/2025\/06\/Wholesale-Red-Square-Baking-Pan-Ceramic-Baking-Dish-Custom-Bakeware-150x150.webp 150w, https:\/\/jinhuaceramic.com\/wp-content\/uploads\/2025\/06\/Wholesale-Red-Square-Baking-Pan-Ceramic-Baking-Dish-Custom-Bakeware-12x12.webp 12w, https:\/\/jinhuaceramic.com\/wp-content\/uploads\/2025\/06\/Wholesale-Red-Square-Baking-Pan-Ceramic-Baking-Dish-Custom-Bakeware-285x285.webp 285w, https:\/\/jinhuaceramic.com\/wp-content\/uploads\/2025\/06\/Wholesale-Red-Square-Baking-Pan-Ceramic-Baking-Dish-Custom-Bakeware-270x270.webp 270w, https:\/\/jinhuaceramic.com\/wp-content\/uploads\/2025\/06\/Wholesale-Red-Square-Baking-Pan-Ceramic-Baking-Dish-Custom-Bakeware-540x540.webp 540w\" sizes=\"(max-width: 640px) 100vw, 640px\" \/><\/figure>\n<\/div>\n<\/div>","protected":false},"excerpt":{"rendered":"<p>Willkommen zum Kauf unserer benutzerdefinierten Backformen. Diese roten quadratischen Backformen Gro\u00dfhandel sind aus harten keramischen Material und haben eine gute Hitzebest\u00e4ndigkeit, so dass sie f\u00fcr das Backen verschiedener Gerichte verwendet werden k\u00f6nnen. Zur gleichen Zeit, das einzigartige Aussehen der Backformen macht sie nicht nur praktische Kochutensilien, sondern auch Tischdekorationen, die Menschen mehr Freude am Essen machen wird.<\/p>","protected":false},"featured_media":9275,"comment_status":"closed","ping_status":"closed","template":"","meta":{"_acf_changed":false},"product_brand":[],"product_cat":[53],"product_tag":[71],"class_list":{"0":"post-9273","1":"product","2":"type-product","3":"status-publish","4":"has-post-thumbnail","6":"product_cat-bakeware-in-bulk","7":"product_tag-wholesale-baking-pans","9":"first","10":"instock","11":"shipping-taxable","12":"product-type-simple"},"acf":[],"_links":{"self":[{"href":"https:\/\/jinhuaceramic.com\/de\/wp-json\/wp\/v2\/product\/9273","targetHints":{"allow":["GET"]}}],"collection":[{"href":"https:\/\/jinhuaceramic.com\/de\/wp-json\/wp\/v2\/product"}],"about":[{"href":"https:\/\/jinhuaceramic.com\/de\/wp-json\/wp\/v2\/types\/product"}],"replies":[{"embeddable":true,"href":"https:\/\/jinhuaceramic.com\/de\/wp-json\/wp\/v2\/comments?post=9273"}],"version-history":[{"count":0,"href":"https:\/\/jinhuaceramic.com\/de\/wp-json\/wp\/v2\/product\/9273\/revisions"}],"wp:featuredmedia":[{"embeddable":true,"href":"https:\/\/jinhuaceramic.com\/de\/wp-json\/wp\/v2\/media\/9275"}],"wp:attachment":[{"href":"https:\/\/jinhuaceramic.com\/de\/wp-json\/wp\/v2\/media?parent=9273"}],"wp:term":[{"taxonomy":"product_brand","embeddable":true,"href":"https:\/\/jinhuaceramic.com\/de\/wp-json\/wp\/v2\/product_brand?post=9273"},{"taxonomy":"product_cat","embeddable":true,"href":"https:\/\/jinhuaceramic.com\/de\/wp-json\/wp\/v2\/product_cat?post=9273"},{"taxonomy":"product_tag","embeddable":true,"href":"https:\/\/jinhuaceramic.com\/de\/wp-json\/wp\/v2\/product_tag?post=9273"}],"curies":[{"name":"wp","href":"https:\/\/api.w.org\/{rel}","templated":true}]}}