{"id":9282,"date":"2025-06-10T03:58:47","date_gmt":"2025-06-10T03:58:47","guid":{"rendered":"https:\/\/jinhuaceramic.com\/?post_type=product&#038;p=9282"},"modified":"2025-06-10T03:58:48","modified_gmt":"2025-06-10T03:58:48","slug":"bulk-candle-vessels","status":"publish","type":"product","link":"https:\/\/jinhuaceramic.com\/de\/product\/bulk-candle-vessels\/","title":{"rendered":"Bulk-Kerze Gef\u00e4\u00dfe, gepr\u00e4gte Engel Gedenk Kerze Jars Gro\u00dfhandel"},"content":{"rendered":"<div class=\"wp-block-columns is-layout-flex wp-container-core-columns-is-layout-9d6595d7 wp-block-columns-is-layout-flex\">\n<div class=\"wp-block-column is-layout-flow wp-block-column-is-layout-flow\">\n<h3 class=\"wp-block-heading\">Premium Bulk-Kerzengef\u00e4\u00dfe Merkmale:<\/h3>\n\n\n\n<ul class=\"wp-block-list\">\n<li><strong>Emotionale Unterst\u00fctzung: <\/strong>Diese individuellen Kerzengl\u00e4ser sind mit Worten bedruckt: \"Ich habe einen Engel, der vom Himmel aus \u00fcber mich wacht\" oder \"Weil jemand, den wir lieben, im Himmel ist... gibt es ein St\u00fcckchen Himmel in unserem Haus\", die direkt die Sehnsucht nach verstorbenen Angeh\u00f6rigen ausdr\u00fccken und den Nutzern psychologischen Trost und Kraft bringen k\u00f6nnen.<\/li>\n\n\n\n<li><strong>Individuelles Design:<\/strong> Der cremefarbene Farbton mit der minimalen, sanften Textur und der tropfenf\u00f6rmigen, abgerundeten Form der Massenkerzengef\u00e4\u00dfe eignet sich hervorragend f\u00fcr die Gestaltung des Gedenkthemas. Die Oberfl\u00e4che des Gef\u00e4\u00dfes ist mit einem leichten Relief Schmetterling und Blume Textur, die eine elegante Note zu dem Kerzenglas gibt ausgestattet.<\/li>\n\n\n\n<li><strong>Langlebiges Material:<\/strong> Die gro\u00dfen Kerzengef\u00e4\u00dfe werden aus hochwertigem Keramikmaterial hergestellt und bei hohen Temperaturen gebrannt, so dass sie hohen Temperaturen standhalten und die Kerzen sicher brennen k\u00f6nnen. Keramisches Material ist dichter und st\u00e4rker als Metall und Glas.<\/li>\n\n\n\n<li><strong>Bedeutungsvolles Geschenk: <\/strong>Diese Gro\u00dfhandelskerzengl\u00e4ser sind \u00e4u\u00dferst sinnvolle und menschliche Geschenke, die man einer Person schenken kann, die etwas verloren hat, um Unterst\u00fctzung und Anteilnahme zu zeigen.<\/li>\n<\/ul>\n<\/div>\n\n\n\n<div class=\"wp-block-column is-layout-flow wp-block-column-is-layout-flow\">\n<figure class=\"wp-block-image size-full\"><img fetchpriority=\"high\" decoding=\"async\" width=\"1024\" height=\"1024\" src=\"https:\/\/jinhuaceramic.com\/wp-content\/uploads\/2025\/06\/Embossed-Angel-Memorial-Candle-Jar-Ceramic-Candle-Vessels-Wholesale-4.webp\" alt=\"Bulk-Kerzengef\u00e4\u00dfe-gepr\u00e4gte-Engel-Gedenk-Kerzengl\u00e4ser-Gro\u00dfhandel-4\" class=\"wp-image-9285\" srcset=\"https:\/\/jinhuaceramic.com\/wp-content\/uploads\/2025\/06\/Embossed-Angel-Memorial-Candle-Jar-Ceramic-Candle-Vessels-Wholesale-4.webp 1024w, https:\/\/jinhuaceramic.com\/wp-content\/uploads\/2025\/06\/Embossed-Angel-Memorial-Candle-Jar-Ceramic-Candle-Vessels-Wholesale-4-300x300.webp 300w, https:\/\/jinhuaceramic.com\/wp-content\/uploads\/2025\/06\/Embossed-Angel-Memorial-Candle-Jar-Ceramic-Candle-Vessels-Wholesale-4-150x150.webp 150w, https:\/\/jinhuaceramic.com\/wp-content\/uploads\/2025\/06\/Embossed-Angel-Memorial-Candle-Jar-Ceramic-Candle-Vessels-Wholesale-4-768x768.webp 768w, https:\/\/jinhuaceramic.com\/wp-content\/uploads\/2025\/06\/Embossed-Angel-Memorial-Candle-Jar-Ceramic-Candle-Vessels-Wholesale-4-12x12.webp 12w, https:\/\/jinhuaceramic.com\/wp-content\/uploads\/2025\/06\/Embossed-Angel-Memorial-Candle-Jar-Ceramic-Candle-Vessels-Wholesale-4-285x285.webp 285w, https:\/\/jinhuaceramic.com\/wp-content\/uploads\/2025\/06\/Embossed-Angel-Memorial-Candle-Jar-Ceramic-Candle-Vessels-Wholesale-4-270x270.webp 270w, https:\/\/jinhuaceramic.com\/wp-content\/uploads\/2025\/06\/Embossed-Angel-Memorial-Candle-Jar-Ceramic-Candle-Vessels-Wholesale-4-540x540.webp 540w, https:\/\/jinhuaceramic.com\/wp-content\/uploads\/2025\/06\/Embossed-Angel-Memorial-Candle-Jar-Ceramic-Candle-Vessels-Wholesale-4-660x660.webp 660w\" sizes=\"(max-width: 1024px) 100vw, 1024px\" \/><\/figure>\n<\/div>\n<\/div>\n\n\n\n<p><\/p>","protected":false},"excerpt":{"rendered":"<p>Willkommen zum Kauf von Kerzengef\u00e4\u00dfen in gro\u00dfen Mengen. Diese ma\u00dfgeschneiderten Kerzengef\u00e4\u00dfe sind aus hochwertigem, haltbarem Keramikmaterial hergestellt und \u00e4u\u00dferst praktisch. Die sch\u00f6ne Form und die gef\u00fchlvollen Worte dieser Kerzengef\u00e4\u00dfe machen sie nicht nur zu Kerzenbeh\u00e4ltern, sondern auch zu Gef\u00e4\u00dfen, die Gef\u00fchle vermitteln, Frieden bringen und Liebe ausdr\u00fccken.<\/p>","protected":false},"featured_media":9288,"comment_status":"closed","ping_status":"closed","template":"","meta":{"_acf_changed":false},"product_brand":[],"product_cat":[52],"product_tag":[66],"class_list":{"0":"post-9282","1":"product","2":"type-product","3":"status-publish","4":"has-post-thumbnail","6":"product_cat-wholesale-candle-containers","7":"product_tag-candle-jars-wholesale","9":"first","10":"instock","11":"shipping-taxable","12":"product-type-simple"},"acf":[],"_links":{"self":[{"href":"https:\/\/jinhuaceramic.com\/de\/wp-json\/wp\/v2\/product\/9282","targetHints":{"allow":["GET"]}}],"collection":[{"href":"https:\/\/jinhuaceramic.com\/de\/wp-json\/wp\/v2\/product"}],"about":[{"href":"https:\/\/jinhuaceramic.com\/de\/wp-json\/wp\/v2\/types\/product"}],"replies":[{"embeddable":true,"href":"https:\/\/jinhuaceramic.com\/de\/wp-json\/wp\/v2\/comments?post=9282"}],"version-history":[{"count":0,"href":"https:\/\/jinhuaceramic.com\/de\/wp-json\/wp\/v2\/product\/9282\/revisions"}],"wp:featuredmedia":[{"embeddable":true,"href":"https:\/\/jinhuaceramic.com\/de\/wp-json\/wp\/v2\/media\/9288"}],"wp:attachment":[{"href":"https:\/\/jinhuaceramic.com\/de\/wp-json\/wp\/v2\/media?parent=9282"}],"wp:term":[{"taxonomy":"product_brand","embeddable":true,"href":"https:\/\/jinhuaceramic.com\/de\/wp-json\/wp\/v2\/product_brand?post=9282"},{"taxonomy":"product_cat","embeddable":true,"href":"https:\/\/jinhuaceramic.com\/de\/wp-json\/wp\/v2\/product_cat?post=9282"},{"taxonomy":"product_tag","embeddable":true,"href":"https:\/\/jinhuaceramic.com\/de\/wp-json\/wp\/v2\/product_tag?post=9282"}],"curies":[{"name":"wp","href":"https:\/\/api.w.org\/{rel}","templated":true}]}}