{"id":9295,"date":"2025-06-11T10:09:30","date_gmt":"2025-06-11T10:09:30","guid":{"rendered":"https:\/\/jinhuaceramic.com\/?post_type=product&#038;p=9295"},"modified":"2025-06-11T10:09:31","modified_gmt":"2025-06-11T10:09:31","slug":"bulk-pie-pans-with-lids","status":"publish","type":"product","link":"https:\/\/jinhuaceramic.com\/de\/product\/bulk-pie-pans-with-lids\/","title":{"rendered":"Pumpkin Bulk Pie Pans mit Deckeln, Custom Bakeware Serving"},"content":{"rendered":"<div class=\"wp-block-columns is-layout-flex wp-container-core-columns-is-layout-9d6595d7 wp-block-columns-is-layout-flex\">\n<div class=\"wp-block-column is-layout-flow wp-block-column-is-layout-flow\">\n<h3 class=\"wp-block-heading\">Premium Pumpkin Bulk Pie Pans mit Deckeln Eigenschaften:<\/h3>\n\n\n\n<ul class=\"wp-block-list\">\n<li><strong>Einzigartige K\u00fcrbisform:<\/strong> Die realistisch wie ein K\u00fcrbis geformten Kuchenformen mit Deckel sind in zwei Farbnuancen erh\u00e4ltlich: in praktischem und elegantem Wei\u00df und sattem Orange. Die geschwungenen Griffe aus goldenen K\u00fcrbisranken an der Oberseite leuchten und verleihen den Backbeh\u00e4ltern Raffinesse und Reichtum.<\/li>\n\n\n\n<li><strong>Langlebiges Steingut:<\/strong> Diese K\u00fcrbiskuchenformen mit Deckel bestehen aus langlebigem Steinzeug, das verschlei\u00dffest ist und eine lange Lebensdauer hat. Die glatte Oberfl\u00e4che des Steinzeugs ist sehr leicht zu reinigen.<\/li>\n\n\n\n<li><strong>Starke Praktikabilit\u00e4t:<\/strong> Die Deckel dieser individuellen Backformen sind nicht nur sch\u00f6n, sondern auch sehr praktisch. Die Deckel halten die Speisen feucht und verhindern, dass sie beim Backen anbrennen, und halten die Speisen bis zum Servieren warm und frisch. Die beiden Griffe an beiden Seiten der Backform erleichtern das Herausnehmen aus dem Ofen und den Transport zum Tisch.<\/li>\n\n\n\n<li><strong>Schaffung einer festlichen Atmosph\u00e4re: <\/strong>Die K\u00fcrbisform dieser ma\u00dfgefertigten Backformen ist am besten geeignet, um die Atmosph\u00e4re von Herbst, Halloween und Thanksgiving zu erg\u00e4nzen. Wenn man w\u00e4hrend der Feiertage Speisen in dieser Auflaufform serviert, kann man in der Tat eine festliche Atmosph\u00e4re schaffen und die Freude am Essen steigern.<\/li>\n<\/ul>\n<\/div>\n\n\n\n<div class=\"wp-block-column is-layout-flow wp-block-column-is-layout-flow\">\n<figure class=\"wp-block-image size-full\"><img fetchpriority=\"high\" decoding=\"async\" width=\"717\" height=\"717\" src=\"https:\/\/jinhuaceramic.com\/wp-content\/uploads\/2025\/06\/Pumpkin-Pie-Baking-Dish-with-Lid-Custom-Stoneware-Serving-Bakeware-6.webp\" alt=\"k\u00fcrbiskuchenpfannen-mit-deckel-individuelles-backgeschirr-serving-6\" class=\"wp-image-9300\" srcset=\"https:\/\/jinhuaceramic.com\/wp-content\/uploads\/2025\/06\/Pumpkin-Pie-Baking-Dish-with-Lid-Custom-Stoneware-Serving-Bakeware-6.webp 717w, https:\/\/jinhuaceramic.com\/wp-content\/uploads\/2025\/06\/Pumpkin-Pie-Baking-Dish-with-Lid-Custom-Stoneware-Serving-Bakeware-6-300x300.webp 300w, https:\/\/jinhuaceramic.com\/wp-content\/uploads\/2025\/06\/Pumpkin-Pie-Baking-Dish-with-Lid-Custom-Stoneware-Serving-Bakeware-6-150x150.webp 150w, https:\/\/jinhuaceramic.com\/wp-content\/uploads\/2025\/06\/Pumpkin-Pie-Baking-Dish-with-Lid-Custom-Stoneware-Serving-Bakeware-6-12x12.webp 12w, https:\/\/jinhuaceramic.com\/wp-content\/uploads\/2025\/06\/Pumpkin-Pie-Baking-Dish-with-Lid-Custom-Stoneware-Serving-Bakeware-6-285x285.webp 285w, https:\/\/jinhuaceramic.com\/wp-content\/uploads\/2025\/06\/Pumpkin-Pie-Baking-Dish-with-Lid-Custom-Stoneware-Serving-Bakeware-6-270x270.webp 270w, https:\/\/jinhuaceramic.com\/wp-content\/uploads\/2025\/06\/Pumpkin-Pie-Baking-Dish-with-Lid-Custom-Stoneware-Serving-Bakeware-6-540x540.webp 540w, https:\/\/jinhuaceramic.com\/wp-content\/uploads\/2025\/06\/Pumpkin-Pie-Baking-Dish-with-Lid-Custom-Stoneware-Serving-Bakeware-6-660x660.webp 660w\" sizes=\"(max-width: 717px) 100vw, 717px\" \/><\/figure>\n<\/div>\n<\/div>","protected":false},"excerpt":{"rendered":"<p>Willkommen zum Kauf unserer gro\u00dfen Backformen mit Deckel. Unsere Deckel und Griffe f\u00fcr Backformen sind aus Steingut, und das feine Muster der Deckel und Griffe ist sehr praktisch; sie sind wesentliche Backutensilien im Haus. Dar\u00fcber hinaus ist die K\u00fcrbisform voller Urlaubsstimmung, so dass diese Backformen nicht nur praktisch sind, sondern auch als Dekoration auf dem Esstisch dienen und den Menschen ein Gef\u00fchl von Essensritual vermitteln.<\/p>","protected":false},"featured_media":9298,"comment_status":"closed","ping_status":"closed","template":"","meta":{"_acf_changed":false},"product_brand":[],"product_cat":[53],"product_tag":[70],"class_list":{"0":"post-9295","1":"product","2":"type-product","3":"status-publish","4":"has-post-thumbnail","6":"product_cat-bakeware-in-bulk","7":"product_tag-custom-pie-pans","9":"first","10":"instock","11":"shipping-taxable","12":"product-type-simple"},"acf":[],"_links":{"self":[{"href":"https:\/\/jinhuaceramic.com\/de\/wp-json\/wp\/v2\/product\/9295","targetHints":{"allow":["GET"]}}],"collection":[{"href":"https:\/\/jinhuaceramic.com\/de\/wp-json\/wp\/v2\/product"}],"about":[{"href":"https:\/\/jinhuaceramic.com\/de\/wp-json\/wp\/v2\/types\/product"}],"replies":[{"embeddable":true,"href":"https:\/\/jinhuaceramic.com\/de\/wp-json\/wp\/v2\/comments?post=9295"}],"version-history":[{"count":0,"href":"https:\/\/jinhuaceramic.com\/de\/wp-json\/wp\/v2\/product\/9295\/revisions"}],"wp:featuredmedia":[{"embeddable":true,"href":"https:\/\/jinhuaceramic.com\/de\/wp-json\/wp\/v2\/media\/9298"}],"wp:attachment":[{"href":"https:\/\/jinhuaceramic.com\/de\/wp-json\/wp\/v2\/media?parent=9295"}],"wp:term":[{"taxonomy":"product_brand","embeddable":true,"href":"https:\/\/jinhuaceramic.com\/de\/wp-json\/wp\/v2\/product_brand?post=9295"},{"taxonomy":"product_cat","embeddable":true,"href":"https:\/\/jinhuaceramic.com\/de\/wp-json\/wp\/v2\/product_cat?post=9295"},{"taxonomy":"product_tag","embeddable":true,"href":"https:\/\/jinhuaceramic.com\/de\/wp-json\/wp\/v2\/product_tag?post=9295"}],"curies":[{"name":"wp","href":"https:\/\/api.w.org\/{rel}","templated":true}]}}