{"id":9310,"date":"2025-06-11T10:37:52","date_gmt":"2025-06-11T10:37:52","guid":{"rendered":"https:\/\/jinhuaceramic.com\/?post_type=product&#038;p=9310"},"modified":"2025-06-11T10:37:53","modified_gmt":"2025-06-11T10:37:53","slug":"custom-stoneware","status":"publish","type":"product","link":"https:\/\/jinhuaceramic.com\/de\/product\/custom-stoneware\/","title":{"rendered":"Benutzerdefinierte Steingut Teller und Schalen Set mit reaktiven Glasur, Gro\u00dfhandel Geschirr"},"content":{"rendered":"<div class=\"wp-block-columns is-layout-flex wp-container-core-columns-is-layout-9d6595d7 wp-block-columns-is-layout-flex\">\n<div class=\"wp-block-column is-layout-flow wp-block-column-is-layout-flow\">\n<h3 class=\"wp-block-heading\">Premium Custom Stoneware Teller und Schalen Set Eigenschaften:<\/h3>\n\n\n\n<ul class=\"wp-block-list\">\n<li><strong>Reaktive Glasur: <\/strong>Bei den Geschirrsets f\u00fcr den Gro\u00dfhandel wird reaktive Glasur verwendet, die w\u00e4hrend des Brennvorgangs nat\u00fcrliche und einzigartige Farbvariationen und Texturen erzeugt. Jedes Geschirr ist etwas anders und strahlt eine exklusive k\u00fcnstlerische Atmosph\u00e4re aus, die die Eint\u00f6nigkeit der industriellen Massenproduktion vertreibt. Die warmen braunen Teller und Sch\u00fcsseln sind mit verschiedenen gesprenkelten Mustern versehen, die eine Retro- und rustikale Atmosph\u00e4re schaffen.<\/li>\n\n\n\n<li><strong>Hochwertiges Steingut:<\/strong> Diese Gro\u00dfhandelsteller und -schalen sind aus hochwertigem Steinzeug gefertigt, das dichter und fester ist als normale Keramik, so dass sie nicht leicht zerbrechen oder zerkratzen und jeden Tag ohne Gefahr verwendet werden k\u00f6nnen. Das lebensmittelechte Steinzeug ist frei von sch\u00e4dlichen Chemikalien wie Cadmium und Blei und ist sicher im Gebrauch.<\/li>\n\n\n\n<li><strong>Vollst\u00e4ndiger Satz: <\/strong>Das komplette Set von Tellern und Sch\u00fcsseln aus Steinzeug nach Ma\u00df umfasst gro\u00dfe und kleine Teller und Sch\u00fcsseln, die je nach Menge der zu verwendenden Teller und Sch\u00fcsseln f\u00fcr verschiedene Zwecke wie das Servieren von einfachen Speisen, Beilagen, Suppen, Desserts usw. ausgew\u00e4hlt werden k\u00f6nnen.<\/li>\n\n\n\n<li><strong>Leicht zu reinigen: <\/strong>Das individuelle Steingut-Set hat eine glatte Textur, die nicht so leicht mit Speiseresten verschmutzt und einfach zu reinigen ist. Sie sind sp\u00fclmaschinenfest, was Zeit spart und den Aufwand reduziert.<\/li>\n<\/ul>\n<\/div>\n\n\n\n<div class=\"wp-block-column is-layout-flow wp-block-column-is-layout-flow\">\n<figure class=\"wp-block-image size-full\"><img fetchpriority=\"high\" decoding=\"async\" width=\"2000\" height=\"2000\" src=\"https:\/\/jinhuaceramic.com\/wp-content\/uploads\/2025\/06\/Stoneware-Plates-and-Bowls-Set-with-Reactive-Glaze-Wholesale-Tableware-Set.webp\" alt=\"Steingut-Teller-und-Schalen-Set-mit-reaktivem-Glasur-Gro\u00dfhandel-Geschirr\" class=\"wp-image-9317\" srcset=\"https:\/\/jinhuaceramic.com\/wp-content\/uploads\/2025\/06\/Stoneware-Plates-and-Bowls-Set-with-Reactive-Glaze-Wholesale-Tableware-Set.webp 2000w, https:\/\/jinhuaceramic.com\/wp-content\/uploads\/2025\/06\/Stoneware-Plates-and-Bowls-Set-with-Reactive-Glaze-Wholesale-Tableware-Set-300x300.webp 300w, https:\/\/jinhuaceramic.com\/wp-content\/uploads\/2025\/06\/Stoneware-Plates-and-Bowls-Set-with-Reactive-Glaze-Wholesale-Tableware-Set-150x150.webp 150w, https:\/\/jinhuaceramic.com\/wp-content\/uploads\/2025\/06\/Stoneware-Plates-and-Bowls-Set-with-Reactive-Glaze-Wholesale-Tableware-Set-768x768.webp 768w, https:\/\/jinhuaceramic.com\/wp-content\/uploads\/2025\/06\/Stoneware-Plates-and-Bowls-Set-with-Reactive-Glaze-Wholesale-Tableware-Set-12x12.webp 12w, https:\/\/jinhuaceramic.com\/wp-content\/uploads\/2025\/06\/Stoneware-Plates-and-Bowls-Set-with-Reactive-Glaze-Wholesale-Tableware-Set-285x285.webp 285w, https:\/\/jinhuaceramic.com\/wp-content\/uploads\/2025\/06\/Stoneware-Plates-and-Bowls-Set-with-Reactive-Glaze-Wholesale-Tableware-Set-1600x1600.webp 1600w, https:\/\/jinhuaceramic.com\/wp-content\/uploads\/2025\/06\/Stoneware-Plates-and-Bowls-Set-with-Reactive-Glaze-Wholesale-Tableware-Set-270x270.webp 270w, https:\/\/jinhuaceramic.com\/wp-content\/uploads\/2025\/06\/Stoneware-Plates-and-Bowls-Set-with-Reactive-Glaze-Wholesale-Tableware-Set-540x540.webp 540w, https:\/\/jinhuaceramic.com\/wp-content\/uploads\/2025\/06\/Stoneware-Plates-and-Bowls-Set-with-Reactive-Glaze-Wholesale-Tableware-Set-660x660.webp 660w\" sizes=\"(max-width: 2000px) 100vw, 2000px\" \/><\/figure>\n<\/div>\n<\/div>\n\n\n\n<p><\/p>","protected":false},"excerpt":{"rendered":"<p>Herzlich willkommen zum Kauf unseres hochwertigen, individuell gestalteten Steingut-Sets. Zu den Highlights der Essteller und Schalen im Gro\u00dfhandel geh\u00f6ren die einzigartige reaktive Glasur, das solide und langlebige Material und die praktischen und vielf\u00e4ltigen Kombinationsm\u00f6glichkeiten, die die Qualit\u00e4t und das Erlebnis des t\u00e4glichen Essens deutlich verbessern k\u00f6nnen.<\/p>","protected":false},"featured_media":9312,"comment_status":"closed","ping_status":"closed","template":"","meta":{"_acf_changed":false},"product_brand":[],"product_cat":[83],"product_tag":[],"class_list":{"0":"post-9310","1":"product","2":"type-product","3":"status-publish","4":"has-post-thumbnail","6":"product_cat-wholesale-dinnerware-sets","8":"first","9":"instock","10":"shipping-taxable","11":"product-type-simple"},"acf":[],"_links":{"self":[{"href":"https:\/\/jinhuaceramic.com\/de\/wp-json\/wp\/v2\/product\/9310","targetHints":{"allow":["GET"]}}],"collection":[{"href":"https:\/\/jinhuaceramic.com\/de\/wp-json\/wp\/v2\/product"}],"about":[{"href":"https:\/\/jinhuaceramic.com\/de\/wp-json\/wp\/v2\/types\/product"}],"replies":[{"embeddable":true,"href":"https:\/\/jinhuaceramic.com\/de\/wp-json\/wp\/v2\/comments?post=9310"}],"version-history":[{"count":0,"href":"https:\/\/jinhuaceramic.com\/de\/wp-json\/wp\/v2\/product\/9310\/revisions"}],"wp:featuredmedia":[{"embeddable":true,"href":"https:\/\/jinhuaceramic.com\/de\/wp-json\/wp\/v2\/media\/9312"}],"wp:attachment":[{"href":"https:\/\/jinhuaceramic.com\/de\/wp-json\/wp\/v2\/media?parent=9310"}],"wp:term":[{"taxonomy":"product_brand","embeddable":true,"href":"https:\/\/jinhuaceramic.com\/de\/wp-json\/wp\/v2\/product_brand?post=9310"},{"taxonomy":"product_cat","embeddable":true,"href":"https:\/\/jinhuaceramic.com\/de\/wp-json\/wp\/v2\/product_cat?post=9310"},{"taxonomy":"product_tag","embeddable":true,"href":"https:\/\/jinhuaceramic.com\/de\/wp-json\/wp\/v2\/product_tag?post=9310"}],"curies":[{"name":"wp","href":"https:\/\/api.w.org\/{rel}","templated":true}]}}