{"id":9333,"date":"2025-06-13T01:56:05","date_gmt":"2025-06-13T01:56:05","guid":{"rendered":"https:\/\/jinhuaceramic.com\/?post_type=product&#038;p=9333"},"modified":"2025-06-13T01:56:07","modified_gmt":"2025-06-13T01:56:07","slug":"sage-burner-wholesale","status":"publish","type":"product","link":"https:\/\/jinhuaceramic.com\/de\/product\/sage-burner-wholesale\/","title":{"rendered":"Keramische Palo Santo Salbei Brenner Gro\u00dfhandel, Smudge Halter Bulk"},"content":{"rendered":"<div class=\"wp-block-columns is-layout-flex wp-container-core-columns-is-layout-9d6595d7 wp-block-columns-is-layout-flex\">\n<div class=\"wp-block-column is-layout-flow wp-block-column-is-layout-flow\">\n<h3 class=\"wp-block-heading\">Premium Salbei Brenner Gro\u00dfhandel Merkmale:<\/h3>\n\n\n\n<ul class=\"wp-block-list\">\n<li><strong>Modernes Design:<\/strong> Diese Palo Santo und Salbei Brenner Gro\u00dfhandel verf\u00fcgt \u00fcber eine einfache runde Basis und eine runde Steckdose in der Mitte. Die abgerundete Rille Form wird in der Lage sein, die Asche zu akkumulieren versch\u00fcttet nach dem Anz\u00fcnden des Palo Santo. Diese Palo Santo Halter kommen in verschiedenen Farben, die Farbe in jedes Heim Atmosph\u00e4re bringen wird.<\/li>\n\n\n\n<li><strong>Hochwertiges Material: <\/strong>Diese Keramik-R\u00e4ucherst\u00e4bchenhalter sind hitzebest\u00e4ndig und k\u00f6nnen die Hitze des brennenden Palo Santo sicher aushalten. Die glatte Keramikoberfl\u00e4che macht die Reinigung der Asche einfach mit einem sanften Wischen.<\/li>\n\n\n\n<li><strong>Vielseitigkeit: <\/strong>Unser Salbeibrenner Gro\u00dfhandel hat mehrere Verwendungen. Erstens ist Palo Santo ein nat\u00fcrliches, duftendes Holz, das zur Reinigung und Meditation verwendet wird. Es kann angez\u00fcndet und in das zentrale Loch gesteckt werden, damit sich der Rauch nat\u00fcrlich verteilen kann. Diese Palo Santo Halter k\u00f6nnen auch Kerzenhalter sein, um brennende Kerzenst\u00f6cke zu halten.<\/li>\n\n\n\n<li><strong>Perfektes Geschenk: <\/strong>Diese R\u00e4ucherst\u00e4bchenhalter in gro\u00dfen Mengen k\u00f6nnen den Nutzern helfen, die beruhigende und reinigende Wirkung von Palo Santo w\u00e4hrend der Meditation, Yoga oder der t\u00e4glichen Entspannung zu genie\u00dfen. Sie sind perfekte Geschenke f\u00fcr Freunde, die Aromatherapie, Meditation oder verfolgen Lebensqualit\u00e4t m\u00f6gen.<\/li>\n<\/ul>\n<\/div>\n\n\n\n<div class=\"wp-block-column is-layout-flow wp-block-column-is-layout-flow\">\n<figure class=\"wp-block-image size-full\"><img fetchpriority=\"high\" decoding=\"async\" width=\"1001\" height=\"1001\" src=\"https:\/\/jinhuaceramic.com\/wp-content\/uploads\/2025\/06\/Various-Colors-Palo-Santo-Burner-Wholesale-Ceramic-Smudge-Candle-Holder-8.webp\" alt=\"Keramische Palo Santo Salbei Brenner Gro\u00dfhandel, Smudge Halter Bulk-1\" class=\"wp-image-9340\" srcset=\"https:\/\/jinhuaceramic.com\/wp-content\/uploads\/2025\/06\/Various-Colors-Palo-Santo-Burner-Wholesale-Ceramic-Smudge-Candle-Holder-8.webp 1001w, https:\/\/jinhuaceramic.com\/wp-content\/uploads\/2025\/06\/Various-Colors-Palo-Santo-Burner-Wholesale-Ceramic-Smudge-Candle-Holder-8-300x300.webp 300w, https:\/\/jinhuaceramic.com\/wp-content\/uploads\/2025\/06\/Various-Colors-Palo-Santo-Burner-Wholesale-Ceramic-Smudge-Candle-Holder-8-150x150.webp 150w, https:\/\/jinhuaceramic.com\/wp-content\/uploads\/2025\/06\/Various-Colors-Palo-Santo-Burner-Wholesale-Ceramic-Smudge-Candle-Holder-8-768x768.webp 768w, https:\/\/jinhuaceramic.com\/wp-content\/uploads\/2025\/06\/Various-Colors-Palo-Santo-Burner-Wholesale-Ceramic-Smudge-Candle-Holder-8-12x12.webp 12w, https:\/\/jinhuaceramic.com\/wp-content\/uploads\/2025\/06\/Various-Colors-Palo-Santo-Burner-Wholesale-Ceramic-Smudge-Candle-Holder-8-285x285.webp 285w, https:\/\/jinhuaceramic.com\/wp-content\/uploads\/2025\/06\/Various-Colors-Palo-Santo-Burner-Wholesale-Ceramic-Smudge-Candle-Holder-8-270x270.webp 270w, https:\/\/jinhuaceramic.com\/wp-content\/uploads\/2025\/06\/Various-Colors-Palo-Santo-Burner-Wholesale-Ceramic-Smudge-Candle-Holder-8-540x540.webp 540w, https:\/\/jinhuaceramic.com\/wp-content\/uploads\/2025\/06\/Various-Colors-Palo-Santo-Burner-Wholesale-Ceramic-Smudge-Candle-Holder-8-660x660.webp 660w\" sizes=\"(max-width: 1001px) 100vw, 1001px\" \/><\/figure>\n<\/div>\n<\/div>","protected":false},"excerpt":{"rendered":"<p>Willkommen zu kaufen R\u00e4ucherst\u00e4bchenhalter in der Masse. Die Vorteile dieser Palo Santo Salbei Brenner Gro\u00dfhandel sind modernes Design, verschiedene Farben, langlebige Keramik-Material und Vielseitigkeit. Sie kombinieren Sch\u00f6nheit, Praktikabilit\u00e4t und Vielseitigkeit, kann die Atmosph\u00e4re der h\u00e4uslichen Umgebung zu verbessern.<\/p>","protected":false},"featured_media":9339,"comment_status":"closed","ping_status":"closed","template":"","meta":{"_acf_changed":false},"product_brand":[],"product_cat":[52],"product_tag":[68],"class_list":{"0":"post-9333","1":"product","2":"type-product","3":"status-publish","4":"has-post-thumbnail","6":"product_cat-wholesale-candle-containers","7":"product_tag-ceramic-candlesticks-bulk","9":"first","10":"instock","11":"shipping-taxable","12":"product-type-simple"},"acf":[],"_links":{"self":[{"href":"https:\/\/jinhuaceramic.com\/de\/wp-json\/wp\/v2\/product\/9333","targetHints":{"allow":["GET"]}}],"collection":[{"href":"https:\/\/jinhuaceramic.com\/de\/wp-json\/wp\/v2\/product"}],"about":[{"href":"https:\/\/jinhuaceramic.com\/de\/wp-json\/wp\/v2\/types\/product"}],"replies":[{"embeddable":true,"href":"https:\/\/jinhuaceramic.com\/de\/wp-json\/wp\/v2\/comments?post=9333"}],"version-history":[{"count":0,"href":"https:\/\/jinhuaceramic.com\/de\/wp-json\/wp\/v2\/product\/9333\/revisions"}],"wp:featuredmedia":[{"embeddable":true,"href":"https:\/\/jinhuaceramic.com\/de\/wp-json\/wp\/v2\/media\/9339"}],"wp:attachment":[{"href":"https:\/\/jinhuaceramic.com\/de\/wp-json\/wp\/v2\/media?parent=9333"}],"wp:term":[{"taxonomy":"product_brand","embeddable":true,"href":"https:\/\/jinhuaceramic.com\/de\/wp-json\/wp\/v2\/product_brand?post=9333"},{"taxonomy":"product_cat","embeddable":true,"href":"https:\/\/jinhuaceramic.com\/de\/wp-json\/wp\/v2\/product_cat?post=9333"},{"taxonomy":"product_tag","embeddable":true,"href":"https:\/\/jinhuaceramic.com\/de\/wp-json\/wp\/v2\/product_tag?post=9333"}],"curies":[{"name":"wp","href":"https:\/\/api.w.org\/{rel}","templated":true}]}}